{"id":9859,"date":"2019-02-24T18:56:47","date_gmt":"2019-02-24T18:56:47","guid":{"rendered":"http:\/\/www.78o.c08.mywebsitetransfer.com\/?page_id=9859"},"modified":"2019-02-24T19:09:12","modified_gmt":"2019-02-24T19:09:12","slug":"gestion-eficaz-de-las-baterias","status":"publish","type":"page","link":"https:\/\/gtspower.com\/es\/quienes-somos\/recursos\/gestion-eficaz-de-las-baterias\/","title":{"rendered":"Gesti\u00f3n Eficaz de las Bater\u00edas"},"content":{"rendered":"<p><div class=\"fusion-fullwidth fullwidth-box fusion-builder-row-1 fusion-parallax-fixed nonhundred-percent-fullwidth non-hundred-percent-height-scrolling fusion-no-small-visibility\" style=\"--awb-background-repeat:repeat;--awb-border-radius-top-left:0px;--awb-border-radius-top-right:0px;--awb-border-radius-bottom-right:0px;--awb-border-radius-bottom-left:0px;--awb-padding-top:40px;--awb-padding-bottom:0px;--awb-background-image:url(&quot;https:\/\/www.gtspower.com\/wp-content\/uploads\/patterns\/grey_wash_wall.png&quot;);--awb-flex-wrap:wrap;background-attachment:fixed;\" ><div class=\"fusion-builder-row fusion-row\"><div class=\"fusion-layout-column fusion_builder_column fusion-builder-column-0 fusion_builder_column_1_1 1_1 fusion-one-full fusion-column-first fusion-column-last\" style=\"--awb-bg-size:cover;--awb-border-color:#ffffff;--awb-border-style:solid;\"><div class=\"fusion-column-wrapper fusion-flex-column-wrapper-legacy\"><div class=\"fusion-text fusion-text-1\"><div class=\"fusion-text\">\n<h1 style=\"text-align: center;\" data-fontsize=\"34\" data-lineheight=\"47\"><span style=\"color: #ffffff;\">Fomento del rendimiento de inversi\u00f3n de la movilidad fundamental para la empresa<br \/>\nGesti\u00f3n eficaz de las bater\u00edas<\/span><\/h1>\n<\/div>\n<\/div><div class=\"fusion-section-separator section-separator slant fusion-section-separator-1\" style=\"--awb-spacer-height:99px;--awb-svg-margin-left:0;--awb-svg-margin-right:0;--awb-divider-height:99px;--awb-spacer-padding-top:inherit;--awb-sep-padding:0;--awb-svg-padding:0;--awb-svg-tag-margin-bottom:-3px;--awb-sep-svg-display:block;\"><div class=\"fusion-section-separator-svg\"><svg class=\"fusion-slant-candy\" xmlns=\"http:\/\/www.w3.org\/2000\/svg\" version=\"1.1\" width=\"100%\" height=\"100\" viewBox=\"0 0 100 100\" preserveAspectRatio=\"none\" fill=\"rgba(255,255,255,1)\"><path d=\"M0 0 L0 100 L100 100 Z\"><\/path><\/svg><\/div><div class=\"fusion-section-separator-spacer\"><div class=\"fusion-section-separator-spacer-height\"><\/div><\/div><\/div><div class=\"fusion-clearfix\"><\/div><\/div><\/div><\/div><\/div><div class=\"fusion-fullwidth fullwidth-box fusion-builder-row-2 nonhundred-percent-fullwidth non-hundred-percent-height-scrolling\" style=\"--awb-border-radius-top-left:0px;--awb-border-radius-top-right:0px;--awb-border-radius-bottom-right:0px;--awb-border-radius-bottom-left:0px;--awb-padding-top:20px;--awb-padding-right:75px;--awb-padding-bottom:0px;--awb-padding-left:75px;--awb-flex-wrap:wrap;\" ><div class=\"fusion-builder-row fusion-row\"><div class=\"fusion-layout-column fusion_builder_column fusion-builder-column-1 fusion_builder_column_1_3 1_3 fusion-one-third fusion-column-first\" style=\"--awb-bg-size:cover;width:33.333333333333%;width:calc(33.333333333333% - ( ( 4% ) * 0.33333333333333 ) );margin-right: 4%;\"><div class=\"fusion-column-wrapper fusion-flex-column-wrapper-legacy\"><div class=\"fusion-image-element fusion-image-align-center in-legacy-container\" style=\"text-align:center;--awb-liftup-border-radius:0px;--awb-caption-title-font-family:var(--h2_typography-font-family);--awb-caption-title-font-weight:var(--h2_typography-font-weight);--awb-caption-title-font-style:var(--h2_typography-font-style);--awb-caption-title-size:var(--h2_typography-font-size);--awb-caption-title-transform:var(--h2_typography-text-transform);--awb-caption-title-line-height:var(--h2_typography-line-height);--awb-caption-title-letter-spacing:var(--h2_typography-letter-spacing);\"><div class=\"imageframe-align-center\"><div class=\"awb-image-frame awb-image-frame-1 imageframe-liftup\" style=\"max-width:400px;\"><span class=\" fusion-imageframe imageframe-dropshadow imageframe-1\" style=\"-webkit-box-shadow: 3px 3px 7px rgba(0,0,0,0.3);box-shadow: 3px 3px 7px rgba(0,0,0,0.3);\"><img decoding=\"async\" width=\"237\" height=\"300\" title=\"informe-ES\" src=\"https:\/\/www.gtspower.com\/wp-content\/uploads\/graphics\/informe-ES-237x300.png\" alt class=\"img-responsive wp-image-9826\" srcset=\"https:\/\/gtspower.com\/wp-content\/uploads\/graphics\/informe-ES-200x253.png 200w, https:\/\/gtspower.com\/wp-content\/uploads\/graphics\/informe-ES-400x506.png 400w, https:\/\/gtspower.com\/wp-content\/uploads\/graphics\/informe-ES-600x759.png 600w, https:\/\/gtspower.com\/wp-content\/uploads\/graphics\/informe-ES-800x1012.png 800w, https:\/\/gtspower.com\/wp-content\/uploads\/graphics\/informe-ES.png 1118w\" sizes=\"(max-width: 800px) 100vw, 400px\" \/><\/span><\/div><\/div><\/div><div class=\"fusion-sep-clear\"><\/div><div class=\"fusion-separator fusion-full-width-sep\" style=\"margin-left: auto;margin-right: auto;margin-top:10px;margin-bottom:10px;width:100%;\"><\/div><div class=\"fusion-sep-clear\"><\/div><div class=\"fusion-button-wrapper fusion-aligncenter\"><a class=\"fusion-button button-flat fusion-button-default-size button-default fusion-button-default button-1 fusion-button-default-span fusion-button-default-type\" target=\"_self\" href=\"#report-form\"><i class=\"fa-file-alt fas awb-button__icon awb-button__icon--default button-icon-left\" aria-hidden=\"true\"><\/i><span class=\"fusion-button-text awb-button__text awb-button__text--default\">descargar<\/span><\/a><\/div><div class=\"fusion-clearfix\"><\/div><\/div><\/div><div class=\"fusion-layout-column fusion_builder_column fusion-builder-column-2 fusion_builder_column_2_3 2_3 fusion-two-third fusion-column-last\" style=\"--awb-bg-size:cover;width:66.666666666667%;width:calc(66.666666666667% - ( ( 4% ) * 0.66666666666667 ) );\"><div class=\"fusion-column-wrapper fusion-flex-column-wrapper-legacy\"><div class=\"fusion-text fusion-text-2\"><h3>Resumen del informe<\/h3>\n<p>A fines de 2018, GTS patrocin\u00f3 un estudio por parte de VDC Research. VDC, una respetada organizaci\u00f3n de investigaci\u00f3n independiente, llev\u00f3 a cabo una investigaci\u00f3n exhaustiva, realiz\u00f3 una encuesta entre los Principales 200 encargados de tomar decisiones sobre movilidad empresarial dentro de organizaciones de ventas y, por \u00faltimo, compil\u00f3 cuidadosamente los resultados con los an\u00e1lisis para el presente informe.<\/p>\n<p>Los encuestados pertenec\u00edan a Tiendas de departamentos (36\u00a0%), Mayoristas (20\u00a0%), Tiendas especializadas (17\u00a0%), Supermercados (12%) y Otros sectores de venta minorista (15\u00a0%). Cada encuestado operaba, en promedio, 355 tiendas, lo que signific\u00f3 un total de 71\u00a0000 tiendas representadas. Los altos ejecutivos y l\u00edderes de TI respondieron la encuesta.<\/p>\n<h3 style=\"padding-top: 15px;\">\u00bfA qui\u00e9n va dirigido el informe?<\/h3>\n<p>A profesionales en operaciones m\u00f3viles, miembros de equipos de log\u00edstica, administradores de TI, gerentes altos gerentes financieros y juntas ejecutivas.<\/p>\n<h3 style=\"padding-top: 15px;\">Aspectos destacados del informe<\/h3>\n<ul>\n<li>\u00bfCu\u00e1les son los factores que impulsan el 80\u00a0% de los costos totales de propiedad de un dispositivo m\u00f3vil en el sector minorista? \u00bfC\u00f3mo se pueden reducir los costos?<\/li>\n<li>\u00bfCu\u00e1les son las principales causas que identific\u00f3 el 78,6\u00a0% de encuestados que experimenta interrupciones en la mitad de un turno?<\/li>\n<li>\u00bfPor qu\u00e9 el 89\u00a0% de los encuestados considerar\u00eda soluciones de gesti\u00f3n de energ\u00eda para dispositivos m\u00f3viles?<\/li>\n<\/ul>\n<h3 style=\"padding-top: 15px;\">El informe incluye<\/h3>\n<ul>\n<li>Los comerciantes recurren a soluciones m\u00f3viles con el fin de atraer clientes de manera m\u00e1s eficaz\n<ul>\n<li>Prioridades principales que impulsan las inversiones de la organizaci\u00f3n en soluciones m\u00f3viles (ventas)<\/li>\n<li>Criterios principales de selecci\u00f3n de dispositivos m\u00f3viles<\/li>\n<\/ul>\n<\/li>\n<li>Cuando se producen inconvenientes: Minimizar el tiempo de inactividad y la interrupci\u00f3n del flujo de trabajo\n<ul>\n<li>Principales causas de falla de una soluci\u00f3n m\u00f3vil<\/li>\n<\/ul>\n<\/li>\n<li>Soluciones de gesti\u00f3n de energ\u00eda para dispositivos m\u00f3viles<\/li>\n<\/ul>\n<p><img decoding=\"async\" class=\"alignright wp-image-9648\" src=\"https:\/\/www.gtspower.com\/wp-content\/uploads\/images\/david.png\" alt=\"David Krebs\" width=\"150\" height=\"147\" srcset=\"https:\/\/gtspower.com\/wp-content\/uploads\/images\/david-66x66.png 66w, https:\/\/gtspower.com\/wp-content\/uploads\/images\/david-200x196.png 200w, https:\/\/gtspower.com\/wp-content\/uploads\/images\/david.png 221w\" sizes=\"(max-width: 150px) 100vw, 150px\" \/><\/p>\n<h3 style=\"padding-top: 15px;\">Acerca del autor<\/h3>\n<p>David Krebs posee m\u00e1s de 10 a\u00f1os de experiencia en los mercados de soluciones de movilidad empresarial y gubernamental, tecnolog\u00edas de la comunicaci\u00f3n de datos inal\u00e1mbricos e investigaci\u00f3n y consultor\u00eda sobre captura autom\u00e1tica de datos. David se concentra en identificar los impulsores y propiciadores clave para la adopci\u00f3n de soluciones m\u00f3viles e inal\u00e1mbricas entre los trabajadores m\u00f3viles de la empresa extendida.<\/p>\n<h3 style=\"padding-top: 15px;\">Acerca de VDC Research<\/h3>\n<p><img decoding=\"async\" class=\"alignright wp-image-9650\" src=\"https:\/\/www.gtspower.com\/wp-content\/uploads\/images\/vdc-research.png\" alt=\"\" width=\"300\" height=\"102\" srcset=\"https:\/\/gtspower.com\/wp-content\/uploads\/images\/vdc-research-200x68.png 200w, https:\/\/gtspower.com\/wp-content\/uploads\/images\/vdc-research-300x102.png 300w, https:\/\/gtspower.com\/wp-content\/uploads\/images\/vdc-research-400x136.png 400w, https:\/\/gtspower.com\/wp-content\/uploads\/images\/vdc-research.png 576w\" sizes=\"(max-width: 300px) 100vw, 300px\" \/><\/p>\n<p>VDC Research, una empresa fundada en 1971, brinda estudios detallados a proveedores de tecnolog\u00eda, usuarios finales e inversionistas en todo el mundo. Como empresa de investigaci\u00f3n y consultor\u00eda de mercado, la cobertura de AutoID, movilidad empresarial, automatizaci\u00f3n industrial e IoT y tecnolog\u00edas integradas de VDC est\u00e1 entre las m\u00e1s avanzadas de la industria y ayuda a nuestros clientes a tomar decisiones importantes con seguridad. Gracias a los informes sindicados y consultor\u00edas personalizadas que brindamos, nuestras metodolog\u00edas ofrecen de manera consistente proyecciones precisas y un liderazgo intelectual inigualable a mercados sumamente t\u00e9cnicos. VDC, con sede en Natick, Massachussets, se enorgullece de su estrecha relaci\u00f3n personal con sus clientes, prestando atenci\u00f3n al detalle y adoptando una perspectiva \u00fanica e insuperable.<\/p>\n<\/div><div class=\"fusion-clearfix\"><\/div><\/div><\/div><\/div><\/div><div class=\"fusion-fullwidth fullwidth-box fusion-builder-row-3 nonhundred-percent-fullwidth non-hundred-percent-height-scrolling\" style=\"--awb-border-radius-top-left:0px;--awb-border-radius-top-right:0px;--awb-border-radius-bottom-right:0px;--awb-border-radius-bottom-left:0px;--awb-padding-top:45px;--awb-padding-right:30px;--awb-padding-bottom:45px;--awb-padding-left:30px;--awb-background-color:#d8d8d8;--awb-flex-wrap:wrap;\" ><div class=\"fusion-builder-row fusion-row\"><div class=\"fusion-layout-column fusion_builder_column fusion-builder-column-3 fusion_builder_column_1_5 1_5 fusion-one-fifth fusion-column-first\" style=\"--awb-bg-size:cover;width:20%;width:calc(20% - ( ( 4% + 4% ) * 0.2 ) );margin-right: 4%;\"><div class=\"fusion-column-wrapper fusion-flex-column-wrapper-legacy\"><div class=\"fusion-clearfix\"><\/div><\/div><\/div><div class=\"fusion-layout-column fusion_builder_column fusion-builder-column-4 fusion_builder_column_3_5 3_5 fusion-three-fifth\" style=\"--awb-bg-size:cover;width:60%;width:calc(60% - ( ( 4% + 4% ) * 0.6 ) );margin-right: 4%;\"><div class=\"fusion-column-wrapper fusion-flex-column-wrapper-legacy\"><div class=\"fusion-menu-anchor\" id=\"report-form\"><\/div><div class=\"fusion-text fusion-text-3\"><h2 style=\"text-align: center;\">Descargar el informe gratis<\/h2>\n<p style=\"text-align: center;\">Complete el siguiente formulario para acceder a su copia gratuita de nuestro informe \u00abFomento del rendimiento de inversi\u00f3n de la movilidad fundamental para la empresa a partir de una gesti\u00f3n eficaz de las bater\u00edas.\u00bb<\/p>\n<p style=\"text-align: center;\">\n<div class=\"wpcf7 no-js\" id=\"wpcf7-f9855-o1\" lang=\"en-US\" dir=\"ltr\" data-wpcf7-id=\"9855\">\n<div class=\"screen-reader-response\"><p role=\"status\" aria-live=\"polite\" aria-atomic=\"true\"><\/p> <ul><\/ul><\/div>\n<form action=\"\/es\/wp-json\/wp\/v2\/pages\/9859#wpcf7-f9855-o1\" method=\"post\" class=\"wpcf7-form init\" aria-label=\"Contact form\" novalidate=\"novalidate\" data-status=\"init\">\n<fieldset class=\"hidden-fields-container\"><input type=\"hidden\" name=\"_wpcf7\" value=\"9855\" \/><input type=\"hidden\" name=\"_wpcf7_version\" value=\"6.1.5\" \/><input type=\"hidden\" name=\"_wpcf7_locale\" value=\"en_US\" \/><input type=\"hidden\" name=\"_wpcf7_unit_tag\" value=\"wpcf7-f9855-o1\" \/><input type=\"hidden\" name=\"_wpcf7_container_post\" value=\"0\" \/><input type=\"hidden\" name=\"_wpcf7_posted_data_hash\" value=\"\" \/><input type=\"hidden\" name=\"_wpcf7_recaptcha_response\" value=\"\" \/>\n<\/fieldset>\n<table cellpadding=\"5\" align=\"center\">\n\t<tr>\n\t\t<td>\n\t\t\t<p><label> Nombre&#42;<br \/>\n<span class=\"wpcf7-form-control-wrap\" data-name=\"FirstName\"><input size=\"40\" maxlength=\"400\" class=\"wpcf7-form-control wpcf7-text wpcf7-validates-as-required\" aria-required=\"true\" aria-invalid=\"false\" value=\"\" type=\"text\" name=\"FirstName\" \/><\/span> <\/label>\n\t\t\t<\/p>\n\t\t<\/td>\n\t\t<td>\n\t\t\t<p><label> Apellido&#42;<br \/>\n<span class=\"wpcf7-form-control-wrap\" data-name=\"LastName\"><input size=\"40\" maxlength=\"400\" class=\"wpcf7-form-control wpcf7-text wpcf7-validates-as-required\" aria-required=\"true\" aria-invalid=\"false\" value=\"\" type=\"text\" name=\"LastName\" \/><\/span> <\/label>\n\t\t\t<\/p>\n\t\t<\/td>\n\t<\/tr>\n\t<tr>\n\t\t<td>\n\t\t\t<p><label> Empresa&#42;<br \/>\n<span class=\"wpcf7-form-control-wrap\" data-name=\"Company\"><input size=\"40\" maxlength=\"400\" class=\"wpcf7-form-control wpcf7-text wpcf7-validates-as-required\" aria-required=\"true\" aria-invalid=\"false\" value=\"\" type=\"text\" name=\"Company\" \/><\/span> <\/label>\n\t\t\t<\/p>\n\t\t<\/td>\n\t\t<td>\n\t\t\t<p><label> Puesto de trabajo&#42;<br \/>\n<span class=\"wpcf7-form-control-wrap\" data-name=\"Title\"><input size=\"40\" maxlength=\"400\" class=\"wpcf7-form-control wpcf7-text wpcf7-validates-as-required\" aria-required=\"true\" aria-invalid=\"false\" value=\"\" type=\"text\" name=\"Title\" \/><\/span> <\/label>\n\t\t\t<\/p>\n\t\t<\/td>\n\t<\/tr>\n\t<tr>\n\t\t<td colspan=\"2\">\n\t\t\t<p><label> Correo electr\u00f3nico&#42;<br \/>\n<span class=\"wpcf7-form-control-wrap\" data-name=\"EmailAddress\"><input size=\"40\" maxlength=\"400\" class=\"wpcf7-form-control wpcf7-email wpcf7-validates-as-required wpcf7-text wpcf7-validates-as-email\" aria-required=\"true\" aria-invalid=\"false\" value=\"\" type=\"email\" name=\"EmailAddress\" \/><\/span> <\/label>\n\t\t\t<\/p>\n\t\t<\/td>\n\t<\/tr>\n\t<tr>\n\t\t<td colspan=\"2\">\n\t\t\n\t\t<\/td>\n\t<\/tr>\n\t<tr>\n\t\t<td colspan=\"2\">\n\t\t\t<p><input class=\"wpcf7-form-control wpcf7-submit has-spinner\" type=\"submit\" value=\"enviar\" \/>\n\t\t\t<\/p>\n\t\t<\/td>\n\t<\/tr>\n<\/table>\n<p style=\"font-size:12px;\">&#42;necesario\n<\/p><div class=\"fusion-alert alert custom alert-custom fusion-alert-center wpcf7-response-output fusion-alert-capitalize awb-alert-native-link-color alert-dismissable awb-alert-close-boxed\" style=\"--awb-border-top-left-radius:0px;--awb-border-top-right-radius:0px;--awb-border-bottom-left-radius:0px;--awb-border-bottom-right-radius:0px;\" role=\"alert\"><div class=\"fusion-alert-content-wrapper\"><span class=\"fusion-alert-content\"><\/span><\/div><button type=\"button\" class=\"close toggle-alert\" data-dismiss=\"alert\" aria-label=\"Close\">&times;<\/button><\/div>\n<\/form>\n<\/div>\n<\/p>\n<\/div><div class=\"fusion-clearfix\"><\/div><\/div><\/div><div class=\"fusion-layout-column fusion_builder_column fusion-builder-column-5 fusion_builder_column_1_5 1_5 fusion-one-fifth fusion-column-last\" style=\"--awb-bg-size:cover;width:20%;width:calc(20% - ( ( 4% + 4% ) * 0.2 ) );\"><div class=\"fusion-column-wrapper fusion-flex-column-wrapper-legacy\"><div class=\"fusion-clearfix\"><\/div><\/div><\/div><\/div><\/div><div class=\"fusion-fullwidth fullwidth-box fusion-builder-row-4 nonhundred-percent-fullwidth non-hundred-percent-height-scrolling\" style=\"--awb-border-radius-top-left:0px;--awb-border-radius-top-right:0px;--awb-border-radius-bottom-right:0px;--awb-border-radius-bottom-left:0px;--awb-flex-wrap:wrap;\" ><div class=\"fusion-builder-row fusion-row\"><div class=\"fusion-layout-column fusion_builder_column fusion-builder-column-6 fusion_builder_column_1_1 1_1 fusion-one-full fusion-column-first fusion-column-last\" style=\"--awb-bg-size:cover;\"><div class=\"fusion-column-wrapper fusion-flex-column-wrapper-legacy\"><div class=\"fusion-text fusion-text-4\"><\/div><div class=\"fusion-clearfix\"><\/div><\/div><\/div><\/div><\/div><\/p>\n","protected":false},"excerpt":{"rendered":"","protected":false},"author":1,"featured_media":0,"parent":4275,"menu_order":0,"comment_status":"closed","ping_status":"closed","template":"100-width.php","meta":{"footnotes":""},"class_list":["post-9859","page","type-page","status-publish","hentry"],"_links":{"self":[{"href":"https:\/\/gtspower.com\/es\/wp-json\/wp\/v2\/pages\/9859","targetHints":{"allow":["GET"]}}],"collection":[{"href":"https:\/\/gtspower.com\/es\/wp-json\/wp\/v2\/pages"}],"about":[{"href":"https:\/\/gtspower.com\/es\/wp-json\/wp\/v2\/types\/page"}],"author":[{"embeddable":true,"href":"https:\/\/gtspower.com\/es\/wp-json\/wp\/v2\/users\/1"}],"replies":[{"embeddable":true,"href":"https:\/\/gtspower.com\/es\/wp-json\/wp\/v2\/comments?post=9859"}],"version-history":[{"count":5,"href":"https:\/\/gtspower.com\/es\/wp-json\/wp\/v2\/pages\/9859\/revisions"}],"predecessor-version":[{"id":9868,"href":"https:\/\/gtspower.com\/es\/wp-json\/wp\/v2\/pages\/9859\/revisions\/9868"}],"up":[{"embeddable":true,"href":"https:\/\/gtspower.com\/es\/wp-json\/wp\/v2\/pages\/4275"}],"wp:attachment":[{"href":"https:\/\/gtspower.com\/es\/wp-json\/wp\/v2\/media?parent=9859"}],"curies":[{"name":"wp","href":"https:\/\/api.w.org\/{rel}","templated":true}]}}