{"id":8386,"date":"2018-02-04T21:49:07","date_gmt":"2018-02-04T21:49:07","guid":{"rendered":"http:\/\/www.78o.c08.mywebsitetransfer.com\/productos\/radios-bidireccionales\/baterias\/h4424-li-im\/"},"modified":"2018-11-20T01:41:02","modified_gmt":"2018-11-20T01:41:02","slug":"h4424-li-im","status":"publish","type":"page","link":"https:\/\/gtspower.com\/es\/productos\/radios-bidireccionales\/baterias\/h4424-li-im\/","title":{"rendered":"H4424-LI-IM"},"content":{"rendered":"<div class=\"fusion-fullwidth fullwidth-box fusion-builder-row-1 nonhundred-percent-fullwidth non-hundred-percent-height-scrolling\" style=\"--awb-border-radius-top-left:0px;--awb-border-radius-top-right:0px;--awb-border-radius-bottom-right:0px;--awb-border-radius-bottom-left:0px;--awb-padding-top:10px;--awb-padding-right:10px;--awb-padding-bottom:20px;--awb-padding-left:50px;--awb-flex-wrap:wrap;\" ><div class=\"fusion-builder-row fusion-row\"><div class=\"fusion-layout-column fusion_builder_column fusion-builder-column-0 fusion_builder_column_1_2 1_2 fusion-one-half fusion-column-first\" style=\"--awb-bg-size:cover;width:50%;width:calc(50% - ( ( 4% ) * 0.5 ) );margin-right: 4%;\"><div class=\"fusion-column-wrapper fusion-flex-column-wrapper-legacy\"><div class=\"fusion-text fusion-text-1\"><p><img decoding=\"async\" class=\"aligncenter size-full wp-image-7451\" src=\"https:\/\/www.gtspower.com\/wp-content\/uploads\/products\/H4424-Li-IM-453x309.jpg\" alt=\"H4424-Li-IM\" width=\"453\" height=\"309\" srcset=\"https:\/\/gtspower.com\/wp-content\/uploads\/products\/H4424-Li-IM-453x309-200x136.jpg 200w, https:\/\/gtspower.com\/wp-content\/uploads\/products\/H4424-Li-IM-453x309-300x205.jpg 300w, https:\/\/gtspower.com\/wp-content\/uploads\/products\/H4424-Li-IM-453x309-400x273.jpg 400w, https:\/\/gtspower.com\/wp-content\/uploads\/products\/H4424-Li-IM-453x309.jpg 453w\" sizes=\"(max-width: 453px) 100vw, 453px\" \/><\/p>\n<\/div><div class=\"fusion-text fusion-text-2\"><p><div class=\"fusion-sep-clear\"><\/div><div class=\"fusion-separator fusion-full-width-sep\" style=\"margin-left: auto;margin-right: auto;margin-top:10px;margin-bottom:0px;width:100%;\"><\/div><div class=\"fusion-sep-clear\"><\/div><div class=\"fusion-button-wrapper fusion-aligncenter\"><a class=\"fusion-button button-flat fusion-button-default-size button-default fusion-button-default button-1 fusion-button-default-span fusion-button-default-type\" target=\"_self\" href=\"mailto:sales@gtspower.com?subject=I%27d%20like%20more%20information%20on%20H4424-LI-IM\"><span class=\"fusion-button-text awb-button__text awb-button__text--default\">ENV\u00cdENOS UN CORREO PARA M\u00c1S INFORMACI\u00d3N<\/span><\/a><\/div><div class=\"fusion-sep-clear\"><\/div><div class=\"fusion-separator fusion-full-width-sep\" style=\"margin-left: auto;margin-right: auto;margin-top:10px;margin-bottom:0px;width:100%;\"><\/div><div class=\"fusion-sep-clear\"><\/div><\/p>\n<h3 style=\"text-align: center;\">Ll\u00e1manos para consultar el precio: 800-267-2711<\/h3>\n<\/div><div class=\"fusion-clearfix\"><\/div><\/div><\/div><div class=\"fusion-layout-column fusion_builder_column fusion-builder-column-1 fusion_builder_column_1_2 1_2 fusion-one-half fusion-column-last\" style=\"--awb-bg-size:cover;width:50%;width:calc(50% - ( ( 4% ) * 0.5 ) );\"><div class=\"fusion-column-wrapper fusion-flex-column-wrapper-legacy\"><div class=\"fusion-text fusion-text-3\"><h1>H4424-LI-IM<\/h1>\n<h3>Bater\u00eda IMPRES\u2122* para radios Motorola series APX1000 \/ APX300 \/ APX4000 \/ XPR3000 \/ XPR7000e \/ XPR7350 \/ XPR7550<\/h3>\n<div>\n<p>La H4424-LI-IM es una bater\u00eda recargable utilizada para alimentar las radios Motorola de las series APX1000 \/ APX3000 \/ APX4000 \/ XPR3000 \/ XPR7000e \/ XPR7350 \/ XPR7550. Esta bater\u00eda sustituye a la bater\u00eda PMNN4424 original.<\/p>\n<\/div>\n<p><a href=\"https:\/\/www.gtspower.com\/wp-content\/uploads\/pdf\/H4424-Li-IM-SpecSheet.pdf\">Especificaciones<\/a><\/p>\n<p><em>*IMPRES es una marca registrada de Motorola Solutions, Inc.<\/em><\/p>\n<\/div><div class=\"fusion-text fusion-text-4\"><h2 data-fontsize=\"24\" data-lineheight=\"36\">Especificaciones del Producto<\/h2>\n<hr \/>\n<p><strong>Capacidad<\/strong>: 2500<\/p>\n<p><strong>Composici\u00f3n qu\u00edmica<\/strong>: Iones de litio<\/p>\n<p><strong>Voltaje<\/strong>: 7,4<\/p>\n<p><strong>Dimensiones<\/strong>: 55,2 x 37 x 119,2<\/p>\n<p><strong>Fabricante original<\/strong>: Motorola<\/p>\n<p><strong>Modelos<\/strong>: APX1000 \/ APX3000 \/ APX4000 \/ XPR3000 \/ XPR7000e \/ XPR7350 \/ XPR7550<\/p>\n<p><strong>C\u00f3digo de pieza<\/strong>: PMNN4424<\/p>\n<p><strong>Peso<\/strong>: 180 g<\/p>\n<p><strong>Garant\u00eda<\/strong>: 12 MESES<\/p>\n<\/div><div class=\"fusion-clearfix\"><\/div><\/div><\/div><\/div><\/div>\n","protected":false},"excerpt":{"rendered":"","protected":false},"author":1,"featured_media":8388,"parent":6409,"menu_order":0,"comment_status":"closed","ping_status":"closed","template":"","meta":{"footnotes":""},"class_list":["post-8386","page","type-page","status-publish","has-post-thumbnail","hentry"],"_links":{"self":[{"href":"https:\/\/gtspower.com\/es\/wp-json\/wp\/v2\/pages\/8386","targetHints":{"allow":["GET"]}}],"collection":[{"href":"https:\/\/gtspower.com\/es\/wp-json\/wp\/v2\/pages"}],"about":[{"href":"https:\/\/gtspower.com\/es\/wp-json\/wp\/v2\/types\/page"}],"author":[{"embeddable":true,"href":"https:\/\/gtspower.com\/es\/wp-json\/wp\/v2\/users\/1"}],"replies":[{"embeddable":true,"href":"https:\/\/gtspower.com\/es\/wp-json\/wp\/v2\/comments?post=8386"}],"version-history":[{"count":1,"href":"https:\/\/gtspower.com\/es\/wp-json\/wp\/v2\/pages\/8386\/revisions"}],"predecessor-version":[{"id":8389,"href":"https:\/\/gtspower.com\/es\/wp-json\/wp\/v2\/pages\/8386\/revisions\/8389"}],"up":[{"embeddable":true,"href":"https:\/\/gtspower.com\/es\/wp-json\/wp\/v2\/pages\/6409"}],"wp:featuredmedia":[{"embeddable":true,"href":"https:\/\/gtspower.com\/es\/wp-json\/wp\/v2\/media\/8388"}],"wp:attachment":[{"href":"https:\/\/gtspower.com\/es\/wp-json\/wp\/v2\/media?parent=8386"}],"curies":[{"name":"wp","href":"https:\/\/api.w.org\/{rel}","templated":true}]}}