{"id":5592,"date":"2017-12-17T20:44:00","date_gmt":"2017-12-17T20:44:00","guid":{"rendered":"http:\/\/gtspower.online\/?page_id=5592"},"modified":"2021-03-16T16:40:27","modified_gmt":"2021-03-16T20:40:27","slug":"battery-color-coding","status":"publish","type":"page","link":"https:\/\/gtspower.com\/es\/battery-color-coding\/","title":{"rendered":"Battery Color Coding"},"content":{"rendered":"<p><div class=\"fusion-fullwidth fullwidth-box fusion-builder-row-1 fusion-parallax-none nonhundred-percent-fullwidth non-hundred-percent-height-scrolling\" style=\"--awb-background-repeat:repeat;--awb-border-radius-top-left:0px;--awb-border-radius-top-right:0px;--awb-border-radius-bottom-right:0px;--awb-border-radius-bottom-left:0px;--awb-padding-top:0px;--awb-padding-right:0px;--awb-padding-bottom:0px;--awb-padding-left:0px;--awb-margin-top:0px;--awb-margin-bottom:0px;--awb-background-color:#efeff1;--awb-background-image:url(&quot;https:\/\/www.gtspower.com\/wp-content\/uploads\/patterns\/bg-stiple.png&quot;);--awb-flex-wrap:wrap;\" ><div class=\"fusion-builder-row fusion-row\"><div class=\"fusion-layout-column fusion_builder_column fusion-builder-column-0 fusion_builder_column_1_1 1_1 fusion-one-full fusion-column-first fusion-column-last\" style=\"--awb-bg-size:cover;\"><div class=\"fusion-column-wrapper fusion-flex-column-wrapper-legacy\"><div class=\"fusion-text fusion-text-1\"><p><img decoding=\"async\" class=\"aligncenter size-full wp-image-6229\" src=\"https:\/\/www.gtspower.com\/wp-content\/uploads\/graphics\/BCC-header-web-es.png\" alt=\"\" width=\"1499\" height=\"498\" srcset=\"https:\/\/gtspower.com\/wp-content\/uploads\/graphics\/BCC-header-web-es-200x66.png 200w, https:\/\/gtspower.com\/wp-content\/uploads\/graphics\/BCC-header-web-es-300x100.png 300w, https:\/\/gtspower.com\/wp-content\/uploads\/graphics\/BCC-header-web-es-400x133.png 400w, https:\/\/gtspower.com\/wp-content\/uploads\/graphics\/BCC-header-web-es-600x199.png 600w, https:\/\/gtspower.com\/wp-content\/uploads\/graphics\/BCC-header-web-es-768x255.png 768w, https:\/\/gtspower.com\/wp-content\/uploads\/graphics\/BCC-header-web-es-800x266.png 800w, https:\/\/gtspower.com\/wp-content\/uploads\/graphics\/BCC-header-web-es-1024x340.png 1024w, https:\/\/gtspower.com\/wp-content\/uploads\/graphics\/BCC-header-web-es.png 1200w\" sizes=\"(max-width: 1499px) 100vw, 1499px\" \/><\/p>\n<\/div><div class=\"fusion-clearfix\"><\/div><\/div><\/div><\/div><\/div><div class=\"fusion-fullwidth fullwidth-box fusion-builder-row-2 nonhundred-percent-fullwidth non-hundred-percent-height-scrolling\" style=\"--awb-border-radius-top-left:0px;--awb-border-radius-top-right:0px;--awb-border-radius-bottom-right:0px;--awb-border-radius-bottom-left:0px;--awb-padding-top:20px;--awb-padding-bottom:20px;--awb-flex-wrap:wrap;\" ><div class=\"fusion-builder-row fusion-row\"><div class=\"fusion-layout-column fusion_builder_column fusion-builder-column-1 fusion_builder_column_1_1 1_1 fusion-one-full fusion-column-first fusion-column-last\" style=\"--awb-bg-size:cover;\"><div class=\"fusion-column-wrapper fusion-flex-column-wrapper-legacy\"><div class=\"fusion-title title fusion-title-1 fusion-title-text fusion-title-size-one\" style=\"--awb-margin-top-small:10px;--awb-margin-right-small:0px;--awb-margin-bottom-small:10px;--awb-margin-left-small:0px;\"><h1 class=\"fusion-title-heading title-heading-left fusion-responsive-typography-calculated\" style=\"margin:0;--fontSize:34;line-height:1.4;\">Battery Color Coding\u2122<\/h1><span class=\"awb-title-spacer\"><\/span><div class=\"title-sep-container\"><div class=\"title-sep sep-double sep-solid\" style=\"border-color:#e0dede;\"><\/div><\/div><\/div><div class=\"fusion-clearfix\"><\/div><\/div><\/div><div class=\"fusion-layout-column fusion_builder_column fusion-builder-column-2 fusion_builder_column_2_3 2_3 fusion-two-third fusion-column-first\" style=\"--awb-padding-right:15px;--awb-padding-left:40px;--awb-bg-size:cover;width:66.666666666667%;width:calc(66.666666666667% - ( ( 4% ) * 0.66666666666667 ) );margin-right: 4%;\"><div class=\"fusion-column-wrapper fusion-flex-column-wrapper-legacy\"><div class=\"fusion-text fusion-text-2\"><p>Las bater\u00edas defectuosas causan problemas en tus operaciones m\u00f3viles con costos excesivos y tiempo de inactividad del personal. Hasta ahora, ha sido imposible identificarlas y eliminarlas de tus instalaciones. \u00a1Pero GTS tiene un nuevo servicio que puede reducir tus gastos en movilidad!<\/p>\n<p>Durante casi dos d\u00e9cadas, hemos ofrecido soluciones de energ\u00eda m\u00f3vil para organizaciones como la tuya. Hoy, nos gustar\u00eda presentarte el servicio\u00a0<strong>Battery Color Coding\u2122<\/strong>, que te permitir\u00e1:<\/p>\n<ul>\n<li>Reducir costos de mano de obra<\/li>\n<li>Reducir costos de bater\u00eda<\/li>\n<li>Reducir costos de contratos de servicios<\/li>\n<\/ul>\n<p>GTS es distinta a otras empresas de bater\u00edas y cargadores porque no solamente ofrecemos productos m\u00f3viles sino que tambi\u00e9n los creamos, dise\u00f1amos y fabricamos nosotros mismos. Como fabricante especialista\u00a0en posventa, tenemos mucha flexibilidad en cuanto a la creaci\u00f3n de productos que la industria necesita, de manera r\u00e1pida y accesible para nuestros clientes.<\/p>\n<div class=\"fusion-button-wrapper fusion-aligncenter\"><a class=\"fusion-button button-flat fusion-button-default-size button-default fusion-button-default button-1 fusion-button-default-span fusion-button-default-type\" target=\"_self\" href=\"mailto:sales@gtspower.com?subject=Battery%20Color%20Coding\"><span class=\"fusion-button-text awb-button__text awb-button__text--default\">Cont\u00e1ctanos o solicita una muestra<\/span><\/a><\/div>\n<\/div><div class=\"fusion-clearfix\"><\/div><\/div><\/div><div class=\"fusion-layout-column fusion_builder_column fusion-builder-column-3 fusion_builder_column_1_3 1_3 fusion-one-third fusion-column-last\" style=\"--awb-padding-left:15px;--awb-bg-size:cover;width:33.333333333333%;width:calc(33.333333333333% - ( ( 4% ) * 0.33333333333333 ) );\"><div class=\"fusion-column-wrapper fusion-flex-column-wrapper-legacy\"><div class=\"fusion-text fusion-text-3\"><p><b>Bater\u00edas populares actualmente&#8230;<\/b><\/p>\n<ul>\n<li><a href=\"https:\/\/gtspower.com\/es\/productos\/computadoras-portatiles\/baterias\/producto-h905a-li\/\">Bater\u00edas MC9000\u00a0<\/a><\/li>\n<li><a href=\"https:\/\/gtspower.com\/es\/productos\/computadoras-portatiles\/baterias\/producto-h4090-li\/\">Bater\u00edas WT4090<\/a><\/li>\n<li style=\"font-weight: 400;\"><a href=\"https:\/\/gtspower.com\/es\/productos\/computadoras-portatiles\/baterias\/producto-hcn50-li\/\">Bater\u00edas CN50<\/a><\/li>\n<li style=\"font-weight: 400;\"><a href=\"https:\/\/gtspower.com\/es\/productos\/computadoras-portatiles\/baterias\/producto-hcn51-li\/\">Bater\u00edas CN51<\/a><\/li>\n<li><a href=\"https:\/\/gtspower.com\/es\/productos\/computadoras-portatiles\/baterias\/producto-hmc3x00-lis\/\">Bater\u00edas\u00a0MC3000<\/a><\/li>\n<li><a href=\"https:\/\/gtspower.com\/es\/productos\/computadoras-portatiles\/baterias\/producto-hmc3x00-lih\/\">Bater\u00edas MC3100<\/a><\/li>\n<li style=\"font-weight: 400;\"><a href=\"https:\/\/gtspower.com\/es\/productos\/computadoras-portatiles\/baterias\/producto-hmc70-li36\/\">Bater\u00edas MC70<\/a><\/li>\n<li style=\"font-weight: 400;\"><a href=\"https:\/\/gtspower.com\/es\/productos\/computadoras-portatiles\/baterias\/producto-hmc70-li48\/\">Bater\u00edas MC75<\/a><\/li>\n<li style=\"font-weight: 400;\"><a href=\"https:\/\/gtspower.com\/es\/productos\/computadoras-portatiles\/baterias\/producto-hmt2070-li\/\">Bater\u00edas MT2070<\/a><\/li>\n<li style=\"font-weight: 400;\"><a href=\"https:\/\/gtspower.com\/es\/productos\/computadoras-portatiles\/baterias\/producto-hmt2070-li\/\">Bater\u00edas MT2090<\/a><\/li>\n<li style=\"font-weight: 400;\"><a href=\"https:\/\/gtspower.com\/es\/productos\/computadoras-portatiles\/baterias\/producto-hrs507-li\/\">Bater\u00edas RS507<\/a><\/li>\n<\/ul>\n<\/div><div class=\"fusion-clearfix\"><\/div><\/div><\/div><\/div><\/div><div class=\"fusion-fullwidth fullwidth-box fusion-builder-row-3 nonhundred-percent-fullwidth non-hundred-percent-height-scrolling\" style=\"--awb-border-radius-top-left:0px;--awb-border-radius-top-right:0px;--awb-border-radius-bottom-right:0px;--awb-border-radius-bottom-left:0px;--awb-padding-top:20px;--awb-padding-bottom:20px;--awb-background-color:#e2e2e2;--awb-flex-wrap:wrap;\" ><div class=\"fusion-builder-row fusion-row\"><div class=\"fusion-layout-column fusion_builder_column fusion-builder-column-4 fusion_builder_column_1_2 1_2 fusion-one-half fusion-column-first\" style=\"--awb-bg-size:cover;width:50%;width:calc(50% - ( ( 4% ) * 0.5 ) );margin-right: 4%;\"><div class=\"fusion-column-wrapper fusion-flex-column-wrapper-legacy\"><div class=\"fusion-image-element in-legacy-container\" style=\"--awb-caption-title-font-family:var(--h2_typography-font-family);--awb-caption-title-font-weight:var(--h2_typography-font-weight);--awb-caption-title-font-style:var(--h2_typography-font-style);--awb-caption-title-size:var(--h2_typography-font-size);--awb-caption-title-transform:var(--h2_typography-text-transform);--awb-caption-title-line-height:var(--h2_typography-line-height);--awb-caption-title-letter-spacing:var(--h2_typography-letter-spacing);\"><span class=\" fusion-imageframe imageframe-dropshadow imageframe-1 hover-type-none\" style=\"-webkit-box-shadow: 3px 3px 7px rgba(0,0,0,0.3);box-shadow: 3px 3px 7px rgba(0,0,0,0.3);\"><img decoding=\"async\" width=\"850\" height=\"600\" alt=\"retail inventory\" title=\"retail-inventory-device\" src=\"https:\/\/www.gtspower.com\/wp-content\/uploads\/images\/retail-inventory-device.jpg\" class=\"img-responsive wp-image-2479\" srcset=\"https:\/\/gtspower.com\/wp-content\/uploads\/images\/retail-inventory-device-200x141.jpg 200w, https:\/\/gtspower.com\/wp-content\/uploads\/images\/retail-inventory-device-400x282.jpg 400w, https:\/\/gtspower.com\/wp-content\/uploads\/images\/retail-inventory-device-600x424.jpg 600w, https:\/\/gtspower.com\/wp-content\/uploads\/images\/retail-inventory-device-800x565.jpg 800w, https:\/\/gtspower.com\/wp-content\/uploads\/images\/retail-inventory-device.jpg 850w\" sizes=\"(max-width: 800px) 100vw, 600px\" \/><\/span><\/div><div class=\"fusion-clearfix\"><\/div><\/div><\/div><div class=\"fusion-layout-column fusion_builder_column fusion-builder-column-5 fusion_builder_column_1_2 1_2 fusion-one-half fusion-column-last\" style=\"--awb-bg-size:cover;width:50%;width:calc(50% - ( ( 4% ) * 0.5 ) );\"><div class=\"fusion-column-wrapper fusion-flex-column-wrapper-legacy\"><div class=\"fusion-text fusion-text-4\"><h2><span class=\"red\">\u00bfPor qu\u00e9 Battery Color Coding\u2122?<\/span><\/h2>\n<p>Uno de nuestros clientes, uno de los 10 principales minoristas de los Estados Unidos, estaba perdiendo clientes y dinero porque sus bater\u00edas no dejaban de fallar. Entonces, GTS intervino y encontr\u00f3 una manera simple y rentable para identificar f\u00e1cilmente la edad de sus bater\u00edas y el estado de su garant\u00eda para as\u00ed no tener que enfrentar problemas con un dispositivo debido a una bater\u00eda defectuosa nunca m\u00e1s.<\/p>\n<p>En lugar de las tradicionales bater\u00edas negras a las cuales estaban acostumbrados, les fabricamos bater\u00edas <strong>AZULES<\/strong>. De esa forma pudieron:<\/p>\n<ul>\n<li>Distinguir f\u00e1cilmente la edad de sus bater\u00edas<\/li>\n<li>Determinar de forma r\u00e1pida el estado de la garant\u00eda<\/li>\n<li>Identificar, reemplazar y reciclar las bater\u00edas viejas de forma simple y eficiente<\/li>\n<\/ul>\n<p>Como muestra la imagen que aparece anteriormente, el servicio\u00a0<strong>Battery Color Coding\u2122<\/strong>\u00a0funciona as\u00ed: un cliente puede elegir comprar bater\u00edas azules el primer a\u00f1o, naranjas el segundo, rosas el tercero y as\u00ed sucesivamente. \u00bfLa mejor parte? No hay ning\u00fan costo adicional por las bater\u00edas codificadas con color y podemos hacerlo con cualquier bater\u00eda de GTS.<\/p>\n<\/div><div class=\"fusion-button-wrapper fusion-aligncenter\"><a class=\"fusion-button button-flat fusion-button-default-size button-default fusion-button-default button-2 fusion-button-default-span fusion-button-default-type\" target=\"_self\" href=\"https:\/\/www.gtspower.com\/requestinfo\/case-study-top-10-retailer\/\"><span class=\"fusion-button-icon-divider button-icon-divider-left\"><i class=\" fa fa-file-o awb-button__icon awb-button__icon--default\" aria-hidden=\"true\"><\/i><\/span><span class=\"fusion-button-text awb-button__text awb-button__text--default fusion-button-text-left\">Estudio de caso: los 10 principales minoristas obtienen grandes beneficios de\u00a0attery Color Coding<code>\u2122<\/code><\/span><\/a><\/div><div class=\"fusion-clearfix\"><\/div><\/div><\/div><\/div><\/div><div class=\"fusion-fullwidth fullwidth-box fusion-builder-row-4 nonhundred-percent-fullwidth non-hundred-percent-height-scrolling\" style=\"--awb-border-radius-top-left:0px;--awb-border-radius-top-right:0px;--awb-border-radius-bottom-right:0px;--awb-border-radius-bottom-left:0px;--awb-padding-top:20px;--awb-padding-bottom:20px;--awb-flex-wrap:wrap;\" ><div class=\"fusion-builder-row fusion-row\"><div class=\"fusion-layout-column fusion_builder_column fusion-builder-column-6 fusion_builder_column_1_2 1_2 fusion-one-half fusion-column-first\" style=\"--awb-bg-size:cover;width:50%;width:calc(50% - ( ( 4% ) * 0.5 ) );margin-right: 4%;\"><div class=\"fusion-column-wrapper fusion-flex-column-wrapper-legacy\"><div class=\"fusion-text fusion-text-5\"><h2 style=\"text-align: center;\"><span class=\"red\">Cont\u00e1ctanos para conocer m\u00e1s<\/span><\/h2>\n<p style=\"text-align: center;\">\n<div class=\"wpcf7 no-js\" id=\"wpcf7-f6435-o1\" lang=\"en-US\" dir=\"ltr\" data-wpcf7-id=\"6435\">\n<div class=\"screen-reader-response\"><p role=\"status\" aria-live=\"polite\" aria-atomic=\"true\"><\/p> <ul><\/ul><\/div>\n<form action=\"\/es\/wp-json\/wp\/v2\/pages\/5592#wpcf7-f6435-o1\" method=\"post\" class=\"wpcf7-form init\" aria-label=\"Contact form\" novalidate=\"novalidate\" data-status=\"init\">\n<fieldset class=\"hidden-fields-container\"><input type=\"hidden\" name=\"_wpcf7\" value=\"6435\" \/><input type=\"hidden\" name=\"_wpcf7_version\" value=\"6.1.5\" \/><input type=\"hidden\" name=\"_wpcf7_locale\" value=\"en_US\" \/><input type=\"hidden\" name=\"_wpcf7_unit_tag\" value=\"wpcf7-f6435-o1\" \/><input type=\"hidden\" name=\"_wpcf7_container_post\" value=\"0\" \/><input type=\"hidden\" name=\"_wpcf7_posted_data_hash\" value=\"\" \/><input type=\"hidden\" name=\"_wpcf7_recaptcha_response\" value=\"\" \/>\n<\/fieldset>\n<table cellpadding=\"5\" align=\"center\">\n\t<tr>\n\t\t<td>\n\t\t\t<p><label> Nombre&#42;<br \/>\n<span class=\"wpcf7-form-control-wrap\" data-name=\"FirstName\"><input size=\"40\" maxlength=\"400\" class=\"wpcf7-form-control wpcf7-text wpcf7-validates-as-required\" aria-required=\"true\" aria-invalid=\"false\" value=\"\" type=\"text\" name=\"FirstName\" \/><\/span> <\/label>\n\t\t\t<\/p>\n\t\t<\/td>\n\t\t<td>\n\t\t\t<p><label> Apellido&#42;<br \/>\n<span class=\"wpcf7-form-control-wrap\" data-name=\"LastName\"><input size=\"40\" maxlength=\"400\" class=\"wpcf7-form-control wpcf7-text wpcf7-validates-as-required\" aria-required=\"true\" aria-invalid=\"false\" value=\"\" type=\"text\" name=\"LastName\" \/><\/span> <\/label>\n\t\t\t<\/p>\n\t\t<\/td>\n\t<\/tr>\n\t<tr>\n\t\t<td>\n\t\t\t<p><label> Empresa&#42;<br \/>\n<span class=\"wpcf7-form-control-wrap\" data-name=\"Company\"><input size=\"40\" maxlength=\"400\" class=\"wpcf7-form-control wpcf7-text wpcf7-validates-as-required\" aria-required=\"true\" aria-invalid=\"false\" value=\"\" type=\"text\" name=\"Company\" \/><\/span> <\/label>\n\t\t\t<\/p>\n\t\t<\/td>\n\t\t<td>\n\t\t\t<p><label> Puesto de trabajo<br \/>\n<span class=\"wpcf7-form-control-wrap\" data-name=\"Title\"><input size=\"40\" maxlength=\"400\" class=\"wpcf7-form-control wpcf7-text\" aria-invalid=\"false\" value=\"\" type=\"text\" name=\"Title\" \/><\/span><\/label>\n\t\t\t<\/p>\n\t\t<\/td>\n\t<\/tr>\n\t<tr>\n\t\t<td>\n\t\t\t<p><label> Tel\u00e9fono&#42;<br \/>\n<span class=\"wpcf7-form-control-wrap\" data-name=\"Telephone\"><input size=\"40\" maxlength=\"400\" class=\"wpcf7-form-control wpcf7-tel wpcf7-validates-as-required wpcf7-text wpcf7-validates-as-tel\" aria-required=\"true\" aria-invalid=\"false\" value=\"\" type=\"tel\" name=\"Telephone\" \/><\/span> <\/label>\n\t\t\t<\/p>\n\t\t<\/td>\n\t\t<td>\n\t\t\t<p><label> Correo electr\u00f3nico&#42;<br \/>\n<span class=\"wpcf7-form-control-wrap\" data-name=\"EmailAddress\"><input size=\"40\" maxlength=\"400\" class=\"wpcf7-form-control wpcf7-email wpcf7-validates-as-required wpcf7-text wpcf7-validates-as-email\" aria-required=\"true\" aria-invalid=\"false\" value=\"\" type=\"email\" name=\"EmailAddress\" \/><\/span> <\/label>\n\t\t\t<\/p>\n\t\t<\/td>\n\t<\/tr>\n\t<tr>\n\t\t<td colspan=\"2\">\n\t\t\n\t\t<\/td>\n\t<\/tr>\n\t<tr>\n\t\t<td colspan=\"2\">\n\t\t\t<p><input class=\"wpcf7-form-control wpcf7-submit has-spinner\" type=\"submit\" value=\"Enviar\" \/>\n\t\t\t<\/p>\n\t\t<\/td>\n\t<\/tr>\n<\/table>\n<p style=\"font-size:12px;\">&#42;necesario\n<\/p><div class=\"fusion-alert alert custom alert-custom fusion-alert-center wpcf7-response-output fusion-alert-capitalize awb-alert-native-link-color alert-dismissable awb-alert-close-boxed\" style=\"--awb-border-top-left-radius:0px;--awb-border-top-right-radius:0px;--awb-border-bottom-left-radius:0px;--awb-border-bottom-right-radius:0px;\" role=\"alert\"><div class=\"fusion-alert-content-wrapper\"><span class=\"fusion-alert-content\"><\/span><\/div><button type=\"button\" class=\"close toggle-alert\" data-dismiss=\"alert\" aria-label=\"Close\">&times;<\/button><\/div>\n<\/form>\n<\/div>\n<\/p>\n<\/div><div class=\"fusion-clearfix\"><\/div><\/div><\/div><div class=\"fusion-layout-column fusion_builder_column fusion-builder-column-7 fusion_builder_column_1_2 1_2 fusion-one-half fusion-column-last\" style=\"--awb-bg-size:cover;width:50%;width:calc(50% - ( ( 4% ) * 0.5 ) );\"><div class=\"fusion-column-wrapper fusion-flex-column-wrapper-legacy\"><div class=\"fusion-sep-clear\"><\/div><div class=\"fusion-separator fusion-full-width-sep\" style=\"margin-left: auto;margin-right: auto;margin-top:15px;margin-bottom:15px;width:100%;\"><\/div><div class=\"fusion-sep-clear\"><\/div><div class=\"fusion-sep-clear\"><\/div><div class=\"fusion-separator fusion-full-width-sep\" style=\"margin-left: auto;margin-right: auto;margin-top:15px;margin-bottom:15px;width:100%;\"><\/div><div class=\"fusion-sep-clear\"><\/div><div class=\"fusion-text fusion-text-6\"><p class=\"p1\"><em><span class=\"fusion-dropcap dropcap\"><span style=\"font-family: serif;\">\u00ab<\/span><\/span><\/em><\/p>\n<p class=\"p1\"><em><span style=\"font-size: 24px; line-height: 32px:;\">Los dispositivos m\u00f3viles son poderosos y extremadamente efectivos, mientras est\u00e9n alimentados por la bater\u00eda que necesitan para funcionar a su m\u00e1ximo rendimiento.\u201d<\/span><\/em><\/p>\n<h4 class=\"p2\" style=\"text-align: right; color: #ed1c24;\">Las bater\u00edas m\u00f3viles defectuosas causan grandes problemas a los vendedores minoristas<br \/>\nRevista STORES<\/h4>\n<\/div><div class=\"fusion-clearfix\"><\/div><\/div><\/div><\/div><\/div><\/p>\n","protected":false},"excerpt":{"rendered":"","protected":false},"author":1,"featured_media":0,"parent":0,"menu_order":0,"comment_status":"closed","ping_status":"closed","template":"100-width.php","meta":{"footnotes":""},"class_list":["post-5592","page","type-page","status-publish","hentry"],"_links":{"self":[{"href":"https:\/\/gtspower.com\/es\/wp-json\/wp\/v2\/pages\/5592","targetHints":{"allow":["GET"]}}],"collection":[{"href":"https:\/\/gtspower.com\/es\/wp-json\/wp\/v2\/pages"}],"about":[{"href":"https:\/\/gtspower.com\/es\/wp-json\/wp\/v2\/types\/page"}],"author":[{"embeddable":true,"href":"https:\/\/gtspower.com\/es\/wp-json\/wp\/v2\/users\/1"}],"replies":[{"embeddable":true,"href":"https:\/\/gtspower.com\/es\/wp-json\/wp\/v2\/comments?post=5592"}],"version-history":[{"count":10,"href":"https:\/\/gtspower.com\/es\/wp-json\/wp\/v2\/pages\/5592\/revisions"}],"predecessor-version":[{"id":121967,"href":"https:\/\/gtspower.com\/es\/wp-json\/wp\/v2\/pages\/5592\/revisions\/121967"}],"wp:attachment":[{"href":"https:\/\/gtspower.com\/es\/wp-json\/wp\/v2\/media?parent=5592"}],"curies":[{"name":"wp","href":"https:\/\/api.w.org\/{rel}","templated":true}]}}