{"id":5578,"date":"2017-12-17T20:10:17","date_gmt":"2017-12-17T20:10:17","guid":{"rendered":"http:\/\/gtspower.online\/?page_id=5578"},"modified":"2023-01-27T20:39:05","modified_gmt":"2023-01-28T01:39:05","slug":"baas-bateria-como-servicio","status":"publish","type":"page","link":"https:\/\/gtspower.com\/es\/administracion-de-servicios\/baas-bateria-como-servicio\/","title":{"rendered":"BaaS (Bater\u00eda como servicio)"},"content":{"rendered":"<p><div class=\"fusion-fullwidth fullwidth-box fusion-builder-row-1 nonhundred-percent-fullwidth non-hundred-percent-height-scrolling\" style=\"--awb-border-radius-top-left:0px;--awb-border-radius-top-right:0px;--awb-border-radius-bottom-right:0px;--awb-border-radius-bottom-left:0px;--awb-flex-wrap:wrap;\" ><div class=\"fusion-builder-row fusion-row\"><div class=\"fusion-layout-column fusion_builder_column fusion-builder-column-0 fusion_builder_column_1_1 1_1 fusion-one-full fusion-column-first fusion-column-last\" style=\"--awb-bg-size:cover;\"><div class=\"fusion-column-wrapper fusion-flex-column-wrapper-legacy\"><div class=\"fusion-title title fusion-title-1 fusion-title-text fusion-title-size-one\" style=\"--awb-margin-top-small:10px;--awb-margin-right-small:0px;--awb-margin-bottom-small:10px;--awb-margin-left-small:0px;\"><h1 class=\"fusion-title-heading title-heading-left fusion-responsive-typography-calculated\" style=\"margin:0;--fontSize:34;line-height:1.4;\">BaaS \u2013 Bater\u00edas como servicio<\/h1><span class=\"awb-title-spacer\"><\/span><div class=\"title-sep-container\"><div class=\"title-sep sep-double sep-solid\" style=\"border-color:#e0dede;\"><\/div><\/div><\/div><div class=\"fusion-clearfix\"><\/div><\/div><\/div><\/div><\/div><div class=\"fusion-fullwidth fullwidth-box fusion-builder-row-2 fusion-parallax-none nonhundred-percent-fullwidth non-hundred-percent-height-scrolling\" style=\"--awb-background-repeat:repeat;--awb-border-radius-top-left:0px;--awb-border-radius-top-right:0px;--awb-border-radius-bottom-right:0px;--awb-border-radius-bottom-left:0px;--awb-padding-top:10px;--awb-padding-right:0px;--awb-padding-bottom:0px;--awb-padding-left:0px;--awb-margin-top:0px;--awb-margin-bottom:0px;--awb-background-color:#ffffff;--awb-background-image:url(&quot;https:\/\/www.gtspower.com\/wp-content\/uploads\/patterns\/baas-background-2.jpg&quot;);--awb-flex-wrap:wrap;\" ><div class=\"fusion-builder-row fusion-row\"><div class=\"fusion-layout-column fusion_builder_column fusion-builder-column-1 fusion_builder_column_1_1 1_1 fusion-one-full fusion-column-first fusion-column-last\" style=\"--awb-bg-size:cover;\"><div class=\"fusion-column-wrapper fusion-flex-column-wrapper-legacy\"><div class=\"fusion-text fusion-text-1\"><p><img decoding=\"async\" class=\"aligncenter size-full wp-image-6226\" src=\"https:\/\/www.gtspower.com\/wp-content\/uploads\/graphics\/BaaS-web-final-es.png\" alt=\"\" width=\"1100\" height=\"420\" srcset=\"https:\/\/gtspower.com\/wp-content\/uploads\/graphics\/BaaS-web-final-es-200x76.png 200w, https:\/\/gtspower.com\/wp-content\/uploads\/graphics\/BaaS-web-final-es-300x115.png 300w, https:\/\/gtspower.com\/wp-content\/uploads\/graphics\/BaaS-web-final-es-400x153.png 400w, https:\/\/gtspower.com\/wp-content\/uploads\/graphics\/BaaS-web-final-es-600x229.png 600w, https:\/\/gtspower.com\/wp-content\/uploads\/graphics\/BaaS-web-final-es-768x293.png 768w, https:\/\/gtspower.com\/wp-content\/uploads\/graphics\/BaaS-web-final-es-800x305.png 800w, https:\/\/gtspower.com\/wp-content\/uploads\/graphics\/BaaS-web-final-es-1024x391.png 1024w, https:\/\/gtspower.com\/wp-content\/uploads\/graphics\/BaaS-web-final-es.png 1100w\" sizes=\"(max-width: 1100px) 100vw, 1100px\" \/><\/p>\n<\/div><div class=\"fusion-clearfix\"><\/div><\/div><\/div><\/div><\/div><div class=\"fusion-fullwidth fullwidth-box fusion-builder-row-3 nonhundred-percent-fullwidth non-hundred-percent-height-scrolling\" style=\"--awb-border-radius-top-left:0px;--awb-border-radius-top-right:0px;--awb-border-radius-bottom-right:0px;--awb-border-radius-bottom-left:0px;--awb-padding-top:20px;--awb-padding-bottom:20px;--awb-flex-wrap:wrap;\" ><div class=\"fusion-builder-row fusion-row\"><div class=\"fusion-layout-column fusion_builder_column fusion-builder-column-2 fusion_builder_column_2_3 2_3 fusion-two-third fusion-column-first\" style=\"--awb-padding-right:15px;--awb-padding-left:40px;--awb-bg-size:cover;width:66.666666666667%;width:calc(66.666666666667% - ( ( 4% ) * 0.66666666666667 ) );margin-right: 4%;\"><div class=\"fusion-column-wrapper fusion-flex-column-wrapper-legacy\"><div class=\"fusion-text fusion-text-2\"><h2>Las bater\u00edas defectuosas causan grandes problemas.<\/h2>\n<p>A pesar de que las bater\u00edas m\u00f3viles podr\u00edan no ser tu principal preocupaci\u00f3n cuando se trata de tu empresa, s\u00ed pueden causar problemas para tus empleados, clientes y provocar p\u00e9rdidas econ\u00f3micas si no se solucionan.<\/p>\n<p>Las bater\u00edas no duran para toda la vida y, con el tiempo, pierden la capacidad de mantener una carga completa. \u00bfLa parte dif\u00edcil? Diferenciar las bater\u00edas buenas de las malas. Todas lucen iguales y, por lo tanto, generalmente contin\u00faan en tu inventario.<\/p>\n<p>Cuando encontramos bater\u00edas defectuosas en una flota y \u00e9stas se colocan en dispositivos m\u00f3viles que se utilizan en tu empresa, pueden causar alguna de las siguientes complicaciones:<\/p>\n<ul>\n<li><b>Sobrealmacenamiento\u00a0de bater\u00edas:<\/b>\u00a0en un intento por compensar las bater\u00edas defectuosas con las que se encuentran tus empleados, inviertes m\u00e1s en bater\u00edas. Sin embargo, esto es como colocar una curita sobre un problema mayor, que es que las bater\u00edas defectuosas sigan\u00a0 estando en tu inventario.<\/li>\n<li><strong>Fallas en medio de un turno: <\/strong>ir y venir para reemplazar una bater\u00eda que no dur\u00f3 el turno completo implica tiempo de inactividad para el empleado y p\u00e9rdida de productividad. Adem\u00e1s, si un cliente est\u00e1 esperando ser atendido, esto resultar\u00e1 en una mala experiencia de servicio al cliente.<\/li>\n<li><strong>Env\u00edo de dispositivos para su reparaci\u00f3n: <\/strong>en la mayor\u00eda de los casos, cuando un dispositivo m\u00f3vil no funciona correctamente, se debe a un problema con la bater\u00eda. Sin embargo, se tiende a someter a los dispositivos a reparaciones y evaluaciones costosas debido a \u00abfallas\u00bb que no son para nada un problema del dispositivo. Las solicitudes de reparaci\u00f3n y las llamadas al servicio de atenci\u00f3n al cliente acumulan costos y, al final, los dispositivos vuelven a la empresa con el siguiente resultado: no se encontraron problemas.<\/li>\n<\/ul>\n<div class=\"fusion-button-wrapper fusion-aligncenter\"><a class=\"fusion-button button-flat fusion-button-default-size button-default fusion-button-default button-1 fusion-button-default-span fusion-button-default-type\" target=\"_self\" href=\"mailto:sales@gtspower.com?subject=Batteries%20as%20a%20Service\"><span class=\"fusion-button-text awb-button__text awb-button__text--default\">Cont\u00e1ctenos para conocer m\u00e1s <\/span><\/a><\/div>\n<\/div><div class=\"fusion-clearfix\"><\/div><\/div><\/div><div class=\"fusion-layout-column fusion_builder_column fusion-builder-column-3 fusion_builder_column_1_3 1_3 fusion-one-third fusion-column-last\" style=\"--awb-padding-left:15px;--awb-bg-size:cover;width:33.333333333333%;width:calc(33.333333333333% - ( ( 4% ) * 0.33333333333333 ) );\"><div class=\"fusion-column-wrapper fusion-flex-column-wrapper-legacy\"><div class=\"fusion-text fusion-text-3\"><p><b>Bater\u00edas populares actualmente&#8230;<\/b><\/p>\n<ul>\n<li><a href=\"https:\/\/www.gtspower.com\/es\/productos\/computadoras-portatiles\/baterias\/producto-h905a-li\/\">Bater\u00edas MC9000\u00a0<\/a><\/li>\n<li><a href=\"https:\/\/www.gtspower.com\/es\/productos\/computadoras-portatiles\/baterias\/producto-h4090-li\/\">Bater\u00edas WT4090<\/a><\/li>\n<li style=\"font-weight: 400;\"><a href=\"https:\/\/www.gtspower.com\/es\/productos\/computadoras-portatiles\/baterias\/producto-hcn50-li\/\">Bater\u00edas CN50<\/a><\/li>\n<li style=\"font-weight: 400;\"><a href=\"https:\/\/gtspower.com\/es\/productos\/computadoras-portatiles\/baterias\/producto-hcn51-li\/\">Bater\u00edas CN51<\/a><\/li>\n<li><a href=\"https:\/\/www.gtspower.com\/es\/productos\/computadoras-portatiles\/baterias\/producto-hmc3x00-lis\/\">Bater\u00edas\u00a0MC3000<\/a><\/li>\n<li><a href=\"https:\/\/www.gtspower.com\/es\/productos\/computadoras-portatiles\/baterias\/producto-hmc3x00-lih\/\">Bater\u00edas MC3100<\/a><\/li>\n<li style=\"font-weight: 400;\"><a href=\"https:\/\/www.gtspower.com\/es\/productos\/computadoras-portatiles\/baterias\/producto-hmc70-li36\/\">Bater\u00edas MC70<\/a><\/li>\n<li style=\"font-weight: 400;\"><a href=\"https:\/\/www.gtspower.com\/es\/productos\/computadoras-portatiles\/baterias\/producto-hmc70-li48\/\">Bater\u00edas MC75<\/a><\/li>\n<li style=\"font-weight: 400;\"><a href=\"https:\/\/www.gtspower.com\/es\/productos\/computadoras-portatiles\/baterias\/producto-hmt2070-li\/\">Bater\u00edas MT2070<\/a><\/li>\n<li style=\"font-weight: 400;\"><a href=\"https:\/\/www.gtspower.com\/es\/productos\/computadoras-portatiles\/baterias\/producto-hmt2070-li\/\">Bater\u00edas MT2090<\/a><\/li>\n<li style=\"font-weight: 400;\"><a href=\"https:\/\/www.gtspower.com\/es\/productos\/computadoras-portatiles\/baterias\/producto-hrs507-li\/\">Bater\u00edas RS507<\/a><\/li>\n<\/ul>\n<\/div><div class=\"fusion-clearfix\"><\/div><\/div><\/div><\/div><\/div><div class=\"fusion-fullwidth fullwidth-box fusion-builder-row-4 nonhundred-percent-fullwidth non-hundred-percent-height-scrolling\" style=\"--awb-border-radius-top-left:0px;--awb-border-radius-top-right:0px;--awb-border-radius-bottom-right:0px;--awb-border-radius-bottom-left:0px;--awb-padding-top:20px;--awb-padding-bottom:20px;--awb-background-color:#e2e2e2;--awb-flex-wrap:wrap;\" ><div class=\"fusion-builder-row fusion-row\"><div class=\"fusion-layout-column fusion_builder_column fusion-builder-column-4 fusion_builder_column_1_2 1_2 fusion-one-half fusion-column-first\" style=\"--awb-bg-size:cover;width:50%;width:calc(50% - ( ( 4% ) * 0.5 ) );margin-right: 4%;\"><div class=\"fusion-column-wrapper fusion-flex-column-wrapper-legacy\"><div class=\"fusion-image-element in-legacy-container\" style=\"--awb-caption-title-font-family:var(--h2_typography-font-family);--awb-caption-title-font-weight:var(--h2_typography-font-weight);--awb-caption-title-font-style:var(--h2_typography-font-style);--awb-caption-title-size:var(--h2_typography-font-size);--awb-caption-title-transform:var(--h2_typography-text-transform);--awb-caption-title-line-height:var(--h2_typography-line-height);--awb-caption-title-letter-spacing:var(--h2_typography-letter-spacing);\"><span class=\" fusion-imageframe imageframe-dropshadow imageframe-1 hover-type-none\" style=\"-webkit-box-shadow: 3px 3px 7px rgba(0,0,0,0.3);box-shadow: 3px 3px 7px rgba(0,0,0,0.3);\"><img decoding=\"async\" width=\"994\" height=\"576\" alt=\"retail inventory\" title=\"woman-tablet-warehouse\" src=\"https:\/\/www.gtspower.com\/wp-content\/uploads\/images\/woman-tablet-warehouse-e1498785534344.jpg\" class=\"img-responsive wp-image-3566\" srcset=\"https:\/\/gtspower.com\/wp-content\/uploads\/images\/woman-tablet-warehouse-e1498785534344-200x116.jpg 200w, https:\/\/gtspower.com\/wp-content\/uploads\/images\/woman-tablet-warehouse-e1498785534344-400x232.jpg 400w, https:\/\/gtspower.com\/wp-content\/uploads\/images\/woman-tablet-warehouse-e1498785534344-600x348.jpg 600w, https:\/\/gtspower.com\/wp-content\/uploads\/images\/woman-tablet-warehouse-e1498785534344-800x464.jpg 800w, https:\/\/gtspower.com\/wp-content\/uploads\/images\/woman-tablet-warehouse-e1498785534344.jpg 994w\" sizes=\"(max-width: 800px) 100vw, 994px\" \/><\/span><\/div><div class=\"fusion-sep-clear\"><\/div><div class=\"fusion-separator fusion-full-width-sep\" style=\"margin-left: auto;margin-right: auto;margin-top:15px;margin-bottom:15px;width:100%;\"><\/div><div class=\"fusion-sep-clear\"><\/div><div class=\"fusion-reading-box-container reading-box-container-1\" style=\"--awb-title-color:#ed1c24;--awb-margin-top:0px;--awb-margin-bottom:84px;\"><div class=\"reading-box reading-box-center\" style=\"background-color:#ffffff;border-width:1px;border-color:#ff3838;border-style:solid;\"><div class=\"reading-box-additional\">\n<h1>\u00a1No compres bater\u00edas nunca m\u00e1s!<\/h1>\n<\/div><div class=\"fusion-clearfix\"><\/div><\/div><\/div><div class=\"fusion-clearfix\"><\/div><\/div><\/div><div class=\"fusion-layout-column fusion_builder_column fusion-builder-column-5 fusion_builder_column_1_2 1_2 fusion-one-half fusion-column-last\" style=\"--awb-bg-size:cover;width:50%;width:calc(50% - ( ( 4% ) * 0.5 ) );\"><div class=\"fusion-column-wrapper fusion-flex-column-wrapper-legacy\"><div class=\"fusion-text fusion-text-4\"><h2>Deja el manejo de bater\u00edas a los expertos.<\/h2>\n<p>Aqu\u00ed en GTS comemos, dormimos y respiramos bater\u00edas, cargadores para dispositivos e innovaciones en cuanto a servicios de soluciones. Constantemente buscamos nuevas formas de mejorar las bater\u00edas para dispositivos m\u00f3viles para que \u00e9stas funcionen por m\u00e1s tiempo y mucho mejor que antes. Comprendemos que est\u00e1s ocupado y que la gesti\u00f3n de la energ\u00eda m\u00f3vil puede ser una tarea abrumadora. As\u00ed que perm\u00edtenos manejar tus necesidades de energ\u00eda para dispositivos m\u00f3viles, \u00a1y as\u00ed te puedas enfocar en tus actividades principales y nunca m\u00e1s tengas que preocuparte por las bater\u00edas defectuosas ni por comprar bater\u00edas!<\/p>\n<p>Por una cuota mensual fija, GTS se asegurar\u00e1 de que todas las bater\u00edas de tus dispositivos m\u00f3viles est\u00e9n funcionando de manera \u00f3ptima; y autom\u00e1ticamente reemplazaremos y reciclaremos las bater\u00edas defectuosas cuando sea necesario.<\/p>\n<p>Ten un gasto operativo mensual fijo en lugar de comprar bater\u00edas, ad hoc, y contar con un presupuesto de gastos que siempre est\u00e9 cambiando.<\/p>\n<p>Al permitirle a GTS manejar tu energ\u00eda m\u00f3vil, eliminar\u00e1s:<\/p>\n<ul>\n<li>el rastreo de inventario<\/li>\n<li>las previsiones presupuestarias<\/li>\n<li>el rastreo de garant\u00edas<\/li>\n<li>la planificaci\u00f3n de reabastecimiento<\/li>\n<li>la p\u00e9rdida de productividad<\/li>\n<li>las distracciones por reciclaje<\/li>\n<\/ul>\n<\/div><div class=\"fusion-clearfix\"><\/div><\/div><\/div><\/div><\/div><div class=\"fusion-fullwidth fullwidth-box fusion-builder-row-5 nonhundred-percent-fullwidth non-hundred-percent-height-scrolling\" style=\"--awb-border-radius-top-left:0px;--awb-border-radius-top-right:0px;--awb-border-radius-bottom-right:0px;--awb-border-radius-bottom-left:0px;--awb-padding-top:20px;--awb-padding-bottom:20px;--awb-flex-wrap:wrap;\" ><div class=\"fusion-builder-row fusion-row\"><div class=\"fusion-layout-column fusion_builder_column fusion-builder-column-6 fusion_builder_column_1_2 1_2 fusion-one-half fusion-column-first\" style=\"--awb-bg-size:cover;width:50%;width:calc(50% - ( ( 4% ) * 0.5 ) );margin-right: 4%;\"><div class=\"fusion-column-wrapper fusion-flex-column-wrapper-legacy\"><div class=\"fusion-text fusion-text-5\"><h2 style=\"text-align: center;\"><span class=\"red\">Cont\u00e1ctanos para conocer m\u00e1s<\/span><\/h2>\n<p style=\"text-align: center;\">\n<div class=\"wpcf7 no-js\" id=\"wpcf7-f6436-o1\" lang=\"en-US\" dir=\"ltr\" data-wpcf7-id=\"6436\">\n<div class=\"screen-reader-response\"><p role=\"status\" aria-live=\"polite\" aria-atomic=\"true\"><\/p> <ul><\/ul><\/div>\n<form action=\"\/es\/wp-json\/wp\/v2\/pages\/5578#wpcf7-f6436-o1\" method=\"post\" class=\"wpcf7-form init\" aria-label=\"Contact form\" novalidate=\"novalidate\" data-status=\"init\">\n<fieldset class=\"hidden-fields-container\"><input type=\"hidden\" name=\"_wpcf7\" value=\"6436\" \/><input type=\"hidden\" name=\"_wpcf7_version\" value=\"6.1.5\" \/><input type=\"hidden\" name=\"_wpcf7_locale\" value=\"en_US\" \/><input type=\"hidden\" name=\"_wpcf7_unit_tag\" value=\"wpcf7-f6436-o1\" \/><input type=\"hidden\" name=\"_wpcf7_container_post\" value=\"0\" \/><input type=\"hidden\" name=\"_wpcf7_posted_data_hash\" value=\"\" \/><input type=\"hidden\" name=\"_wpcf7_recaptcha_response\" value=\"\" \/>\n<\/fieldset>\n<table cellpadding=\"5\" align=\"center\">\n\t<tr>\n\t\t<td>\n\t\t\t<p><label> Nombre&#42;<br \/>\n<span class=\"wpcf7-form-control-wrap\" data-name=\"FirstName\"><input size=\"40\" maxlength=\"400\" class=\"wpcf7-form-control wpcf7-text wpcf7-validates-as-required\" aria-required=\"true\" aria-invalid=\"false\" value=\"\" type=\"text\" name=\"FirstName\" \/><\/span> <\/label>\n\t\t\t<\/p>\n\t\t<\/td>\n\t\t<td>\n\t\t\t<p><label> Apellido&#42;<br \/>\n<span class=\"wpcf7-form-control-wrap\" data-name=\"LastName\"><input size=\"40\" maxlength=\"400\" class=\"wpcf7-form-control wpcf7-text wpcf7-validates-as-required\" aria-required=\"true\" aria-invalid=\"false\" value=\"\" type=\"text\" name=\"LastName\" \/><\/span> <\/label>\n\t\t\t<\/p>\n\t\t<\/td>\n\t<\/tr>\n\t<tr>\n\t\t<td>\n\t\t\t<p><label> Empresa&#42;<br \/>\n<span class=\"wpcf7-form-control-wrap\" data-name=\"Company\"><input size=\"40\" maxlength=\"400\" class=\"wpcf7-form-control wpcf7-text wpcf7-validates-as-required\" aria-required=\"true\" aria-invalid=\"false\" value=\"\" type=\"text\" name=\"Company\" \/><\/span> <\/label>\n\t\t\t<\/p>\n\t\t<\/td>\n\t\t<td>\n\t\t\t<p><label> Puesto de trabajo<br \/>\n<span class=\"wpcf7-form-control-wrap\" data-name=\"Title\"><input size=\"40\" maxlength=\"400\" class=\"wpcf7-form-control wpcf7-text\" aria-invalid=\"false\" value=\"\" type=\"text\" name=\"Title\" \/><\/span><\/label>\n\t\t\t<\/p>\n\t\t<\/td>\n\t<\/tr>\n\t<tr>\n\t\t<td>\n\t\t\t<p><label> Tel\u00e9fono&#42;<br \/>\n<span class=\"wpcf7-form-control-wrap\" data-name=\"Telephone\"><input size=\"40\" maxlength=\"400\" class=\"wpcf7-form-control wpcf7-tel wpcf7-validates-as-required wpcf7-text wpcf7-validates-as-tel\" aria-required=\"true\" aria-invalid=\"false\" value=\"\" type=\"tel\" name=\"Telephone\" \/><\/span> <\/label>\n\t\t\t<\/p>\n\t\t<\/td>\n\t\t<td>\n\t\t\t<p><label> Correo electr\u00f3nico&#42;<br \/>\n<span class=\"wpcf7-form-control-wrap\" data-name=\"EmailAddress\"><input size=\"40\" maxlength=\"400\" class=\"wpcf7-form-control wpcf7-email wpcf7-validates-as-required wpcf7-text wpcf7-validates-as-email\" aria-required=\"true\" aria-invalid=\"false\" value=\"\" type=\"email\" name=\"EmailAddress\" \/><\/span> <\/label>\n\t\t\t<\/p>\n\t\t<\/td>\n\t<\/tr>\n\t<tr>\n\t\t<td colspan=\"2\">\n\t\t\n\t\t<\/td>\n\t<\/tr>\n\t<tr>\n\t\t<td colspan=\"2\">\n\t\t\t<p><input class=\"wpcf7-form-control wpcf7-submit has-spinner\" type=\"submit\" value=\"Enviar\" \/>\n\t\t\t<\/p>\n\t\t<\/td>\n\t<\/tr>\n<\/table>\n<p style=\"font-size:12px;\">&#42;necesario\n<\/p><div class=\"fusion-alert alert custom alert-custom fusion-alert-center wpcf7-response-output fusion-alert-capitalize awb-alert-native-link-color alert-dismissable awb-alert-close-boxed\" style=\"--awb-border-top-left-radius:0px;--awb-border-top-right-radius:0px;--awb-border-bottom-left-radius:0px;--awb-border-bottom-right-radius:0px;\" role=\"alert\"><div class=\"fusion-alert-content-wrapper\"><span class=\"fusion-alert-content\"><\/span><\/div><button type=\"button\" class=\"close toggle-alert\" data-dismiss=\"alert\" aria-label=\"Close\">&times;<\/button><\/div>\n<\/form>\n<\/div>\n<\/p>\n<\/div><div class=\"fusion-clearfix\"><\/div><\/div><\/div><div class=\"fusion-layout-column fusion_builder_column fusion-builder-column-7 fusion_builder_column_1_2 1_2 fusion-one-half fusion-column-last\" style=\"--awb-bg-size:cover;width:50%;width:calc(50% - ( ( 4% ) * 0.5 ) );\"><div class=\"fusion-column-wrapper fusion-flex-column-wrapper-legacy\"><div class=\"fusion-sep-clear\"><\/div><div class=\"fusion-separator fusion-full-width-sep\" style=\"margin-left: auto;margin-right: auto;margin-top:15px;margin-bottom:15px;width:100%;\"><\/div><div class=\"fusion-sep-clear\"><\/div><div class=\"fusion-sep-clear\"><\/div><div class=\"fusion-separator fusion-full-width-sep\" style=\"margin-left: auto;margin-right: auto;margin-top:15px;margin-bottom:15px;width:100%;\"><\/div><div class=\"fusion-sep-clear\"><\/div><div class=\"fusion-text fusion-text-6\"><p class=\"p1\"><em><span class=\"fusion-dropcap dropcap\"><span style=\"font-family: serif;\">\u00ab<\/span><\/span><\/em><\/p>\n<p class=\"p1\"><em><span style=\"font-size: 24px; line-height: 32px:;\">Las organizaciones que trabajan con dispositivos m\u00f3viles deben implementar un Plan de gesti\u00f3n de energ\u00eda m\u00f3vil.\u201d<\/span><\/em><\/p>\n<h4 class=\"p2\" style=\"text-align: right; color: #ed1c24;\"><a href=\"http:\/\/risnews.edgl.com\/retail-news\/Uncontrolled-Costs-Lurking-in-Your-Mobile-Devices-106931\" target=\"_blank\" rel=\"noopener\">Gastos descontrolados al acecho de tus dispositivos m\u00f3viles<\/a><br \/>\nRIS News<\/h4>\n<\/div><div class=\"fusion-clearfix\"><\/div><\/div><\/div><\/div><\/div><\/p>\n","protected":false},"excerpt":{"rendered":"","protected":false},"author":1,"featured_media":0,"parent":5393,"menu_order":0,"comment_status":"closed","ping_status":"closed","template":"100-width.php","meta":{"footnotes":""},"class_list":["post-5578","page","type-page","status-publish","hentry"],"_links":{"self":[{"href":"https:\/\/gtspower.com\/es\/wp-json\/wp\/v2\/pages\/5578","targetHints":{"allow":["GET"]}}],"collection":[{"href":"https:\/\/gtspower.com\/es\/wp-json\/wp\/v2\/pages"}],"about":[{"href":"https:\/\/gtspower.com\/es\/wp-json\/wp\/v2\/types\/page"}],"author":[{"embeddable":true,"href":"https:\/\/gtspower.com\/es\/wp-json\/wp\/v2\/users\/1"}],"replies":[{"embeddable":true,"href":"https:\/\/gtspower.com\/es\/wp-json\/wp\/v2\/comments?post=5578"}],"version-history":[{"count":15,"href":"https:\/\/gtspower.com\/es\/wp-json\/wp\/v2\/pages\/5578\/revisions"}],"predecessor-version":[{"id":131334,"href":"https:\/\/gtspower.com\/es\/wp-json\/wp\/v2\/pages\/5578\/revisions\/131334"}],"up":[{"embeddable":true,"href":"https:\/\/gtspower.com\/es\/wp-json\/wp\/v2\/pages\/5393"}],"wp:attachment":[{"href":"https:\/\/gtspower.com\/es\/wp-json\/wp\/v2\/media?parent=5578"}],"curies":[{"name":"wp","href":"https:\/\/api.w.org\/{rel}","templated":true}]}}