{"id":5554,"date":"2017-12-17T18:11:02","date_gmt":"2017-12-17T18:11:02","guid":{"rendered":"http:\/\/gtspower.online\/?page_id=5554"},"modified":"2018-08-06T23:08:32","modified_gmt":"2018-08-06T23:08:32","slug":"telefonos-portatiles","status":"publish","type":"page","link":"https:\/\/gtspower.com\/es\/productos\/telefonos-portatiles\/","title":{"rendered":"Tel\u00e9fonos Port\u00e1tiles"},"content":{"rendered":"<p><div class=\"fusion-fullwidth fullwidth-box fusion-builder-row-1 nonhundred-percent-fullwidth non-hundred-percent-height-scrolling\" style=\"--awb-border-radius-top-left:0px;--awb-border-radius-top-right:0px;--awb-border-radius-bottom-right:0px;--awb-border-radius-bottom-left:0px;--awb-padding-top:20px;--awb-padding-bottom:20px;--awb-flex-wrap:wrap;\" ><div class=\"fusion-builder-row fusion-row\"><div class=\"fusion-layout-column fusion_builder_column fusion-builder-column-0 fusion_builder_column_1_1 1_1 fusion-one-full fusion-column-first fusion-column-last\" style=\"--awb-bg-size:cover;\"><div class=\"fusion-column-wrapper fusion-flex-column-wrapper-legacy\"><script type=\"text\/javascript\">jQuery(function() { _initLayerSlider( '#layerslider_27_1ijq03qba7zgg', {sliderVersion: '6.7.6', type: 'fullwidth', allowFullscreen: true, pauseOnHover: 'enabled', skin: 'v6', sliderFadeInDuration: 350, globalBGImage: 'https:\/\/gtspower.com\/wp-content\/uploads\/2017\/02\/pattern10@2x.png', globalBGRepeat: 'repeat', navPrevNext: false, hoverPrevNext: false, navStartStop: false, navButtons: false, showCircleTimer: false, useSrcset: true, skinsPath: 'https:\/\/gtspower.com\/wp-content\/plugins\/LayerSlider\/assets\/static\/layerslider\/skins\/', performanceMode: true}); });<\/script><div id=\"layerslider_27_1ijq03qba7zgg\"  class=\"ls-wp-container fitvidsignore ls-selectable\" style=\"width:1280px;height:300px;margin:0 auto;margin-bottom: 0px;\"><div class=\"ls-slide\" data-ls=\"bgposition:50% 50%;\"><img decoding=\"async\" width=\"1200\" height=\"351\" src=\"https:\/\/gtspower.com\/wp-content\/uploads\/banners\/engineer-phone-oil-refinery.jpg\" class=\"ls-bg\" alt=\"\" srcset=\"https:\/\/gtspower.com\/wp-content\/uploads\/banners\/engineer-phone-oil-refinery-200x59.jpg 200w, https:\/\/gtspower.com\/wp-content\/uploads\/banners\/engineer-phone-oil-refinery-300x88.jpg 300w, https:\/\/gtspower.com\/wp-content\/uploads\/banners\/engineer-phone-oil-refinery-400x117.jpg 400w, https:\/\/gtspower.com\/wp-content\/uploads\/banners\/engineer-phone-oil-refinery-600x176.jpg 600w, https:\/\/gtspower.com\/wp-content\/uploads\/banners\/engineer-phone-oil-refinery-768x225.jpg 768w, https:\/\/gtspower.com\/wp-content\/uploads\/banners\/engineer-phone-oil-refinery-800x234.jpg 800w, https:\/\/gtspower.com\/wp-content\/uploads\/banners\/engineer-phone-oil-refinery-1024x300.jpg 1024w, https:\/\/gtspower.com\/wp-content\/uploads\/banners\/engineer-phone-oil-refinery.jpg 1200w\" sizes=\"(max-width: 1200px) 100vw, 1200px\" \/><div style=\"letter-spacing: 0.08em; -webkit-text-stroke-width: 2px; -webkit-text-stroke-color: white;top:50%;left:70%;text-align:initial;font-weight:400;font-style:normal;text-decoration:none;font-family:Helvetica;color:#ffffff;padding-right:15px;padding-left:15px;font-size:48px;padding-top:15px;padding-bottom:15px;background:rgba(237, 26, 33, 0.38);\" class=\"ls-l ls-html-layer\" data-ls=\"showinfo:1;durationin:1500;position:relative;\">Tel\u00e9fonos Port\u00e1tiles<\/div><\/div><\/div><div class=\"fusion-clearfix\"><\/div><\/div><\/div><\/div><\/div><div class=\"fusion-fullwidth fullwidth-box fusion-builder-row-2 nonhundred-percent-fullwidth non-hundred-percent-height-scrolling\" style=\"--awb-border-radius-top-left:0px;--awb-border-radius-top-right:0px;--awb-border-radius-bottom-right:0px;--awb-border-radius-bottom-left:0px;--awb-padding-top:20px;--awb-padding-bottom:0px;--awb-flex-wrap:wrap;\" ><div class=\"fusion-builder-row fusion-row\"><div class=\"fusion-layout-column fusion_builder_column fusion-builder-column-1 fusion_builder_column_1_1 1_1 fusion-one-full fusion-column-first fusion-column-last\" style=\"--awb-bg-size:cover;\"><div class=\"fusion-column-wrapper fusion-flex-column-wrapper-legacy\"><div class=\"fusion-title title fusion-title-1 fusion-title-text fusion-title-size-one\" style=\"--awb-margin-top-small:10px;--awb-margin-right-small:0px;--awb-margin-bottom-small:10px;--awb-margin-left-small:0px;\"><h1 class=\"fusion-title-heading title-heading-left fusion-responsive-typography-calculated\" style=\"margin:0;--fontSize:34;line-height:1.4;\">Tel\u00e9fonos Port\u00e1tiles<\/h1><span class=\"awb-title-spacer\"><\/span><div class=\"title-sep-container\"><div class=\"title-sep sep-double sep-solid\" style=\"border-color:#e0dede;\"><\/div><\/div><\/div><div class=\"fusion-clearfix\"><\/div><\/div><\/div><\/div><\/div><div class=\"fusion-fullwidth fullwidth-box fusion-builder-row-3 nonhundred-percent-fullwidth non-hundred-percent-height-scrolling\" style=\"--awb-border-radius-top-left:0px;--awb-border-radius-top-right:0px;--awb-border-radius-bottom-right:0px;--awb-border-radius-bottom-left:0px;--awb-padding-top:10px;--awb-padding-bottom:20px;--awb-flex-wrap:wrap;\" ><div class=\"fusion-builder-row fusion-row\"><div class=\"fusion-layout-column fusion_builder_column fusion-builder-column-2 fusion_builder_column_3_4 3_4 fusion-three-fourth fusion-column-first\" style=\"--awb-bg-size:cover;width:75%;width:calc(75% - ( ( 4% ) * 0.75 ) );margin-right: 4%;\"><div class=\"fusion-column-wrapper fusion-flex-column-wrapper-legacy\"><div class=\"fusion-text fusion-text-1\"><h2>Comprendemos el valor de una comunicaci\u00f3n segura y eficiente.<\/h2>\n<p>Perm\u00edtele a tus empleados m\u00f3viles comunicarse m\u00e1s eficientemente con nuestras bater\u00edas de alto desempe\u00f1o para tel\u00e9fonos inal\u00e1mbricos. Garantizamos que nuestras bater\u00edas son compatibles con tus tel\u00e9fonos inal\u00e1mbricos y que contienen celdas de m\u00e1xima calidad, lo que asegura un mayor tiempo de funcionamiento y un mejor desempe\u00f1o.<\/p>\n<\/div><div class=\"fusion-clearfix\"><\/div><\/div><\/div><div class=\"fusion-layout-column fusion_builder_column fusion-builder-column-3 fusion_builder_column_1_4 1_4 fusion-one-fourth fusion-column-last\" style=\"--awb-bg-size:cover;width:25%;width:calc(25% - ( ( 4% ) * 0.25 ) );\"><div class=\"fusion-column-wrapper fusion-flex-column-wrapper-legacy\"><div class=\"fusion-widget-area awb-widget-area-element fusion-widget-area-1 fusion-content-widget-area\" style=\"--awb-title-size:16px;--awb-title-color:#ed1c24;--awb-padding:0px 0px 0px 0px;\"><section id=\"search-10\" class=\"widget widget_search\"><div class=\"heading\"><h4 class=\"widget-title\">Product Search<\/h4><\/div>\t\t<form role=\"search\" class=\"searchform fusion-search-form  fusion-search-form-classic\" method=\"get\" action=\"https:\/\/gtspower.com\/es\/\">\n\t\t\t<div class=\"fusion-search-form-content\">\n\n\t\t\t\t\n\t\t\t\t<div class=\"fusion-search-field search-field\">\n\t\t\t\t\t<label><span class=\"screen-reader-text\">Search for:<\/span>\n\t\t\t\t\t\t\t\t\t\t\t\t\t<input type=\"search\" value=\"\" name=\"s\" class=\"s\" placeholder=\"Search...\" required aria-required=\"true\" aria-label=\"Search...\"\/>\n\t\t\t\t\t\t\t\t\t\t\t<\/label>\n\t\t\t\t<\/div>\n\t\t\t\t<div class=\"fusion-search-button search-button\">\n\t\t\t\t\t<input type=\"submit\" class=\"fusion-search-submit searchsubmit\" aria-label=\"Search\" value=\"&#xf002;\" \/>\n\t\t\t\t\t\t\t\t\t<\/div>\n\n\t\t\t\t\n\t\t\t<\/div>\n\n\n\t\t\t\n\t\t<\/form>\n\t\t<\/section><div class=\"fusion-additional-widget-content\"><\/div><\/div><div class=\"fusion-clearfix\"><\/div><\/div><\/div><\/div><\/div><div class=\"fusion-fullwidth fullwidth-box fusion-builder-row-4 nonhundred-percent-fullwidth non-hundred-percent-height-scrolling\" style=\"--awb-border-radius-top-left:0px;--awb-border-radius-top-right:0px;--awb-border-radius-bottom-right:0px;--awb-border-radius-bottom-left:0px;--awb-padding-top:20px;--awb-padding-bottom:20px;--awb-flex-wrap:wrap;\" ><div class=\"fusion-builder-row fusion-row\"><div class=\"fusion-layout-column fusion_builder_column fusion-builder-column-4 fusion_builder_column_1_1 1_1 fusion-one-full fusion-column-first fusion-column-last fusion-no-small-visibility\" style=\"--awb-bg-size:cover;\"><div class=\"fusion-column-wrapper fusion-flex-column-wrapper-legacy\"><div class=\"fusion-tabs fusion-tabs-1 classic nav-is-justified horizontal-tabs icon-position-left mobile-mode-accordion\" style=\"--awb-title-border-radius-top-left:0px;--awb-title-border-radius-top-right:0px;--awb-title-border-radius-bottom-right:0px;--awb-title-border-radius-bottom-left:0px;--awb-inactive-color:#ebeaea;--awb-background-color:#ffffff;--awb-border-color:#ebeaea;--awb-active-border-color:#ed1c24;\"><div class=\"nav\"><ul class=\"nav-tabs nav-justified\" role=\"tablist\"><li class=\"active\" role=\"presentation\"><a class=\"tab-link\" data-toggle=\"tab\" role=\"tab\" aria-controls=\"tab-675ab7e9708f9836eaa\" aria-selected=\"true\" id=\"fusion-tab-bater\u00edas\" href=\"#tab-675ab7e9708f9836eaa\"><h4 class=\"fusion-tab-heading\">Bater\u00edas<\/h4><\/a><\/li><\/ul><\/div><div class=\"tab-content\"><div class=\"nav fusion-mobile-tab-nav\"><ul class=\"nav-tabs nav-justified\" role=\"tablist\"><li class=\"active\" role=\"presentation\"><a class=\"tab-link\" data-toggle=\"tab\" role=\"tab\" aria-controls=\"tab-675ab7e9708f9836eaa\" aria-selected=\"true\" id=\"mobile-fusion-tab-bater\u00edas\" href=\"#tab-675ab7e9708f9836eaa\"><h4 class=\"fusion-tab-heading\">Bater\u00edas<\/h4><\/a><\/li><\/ul><\/div><div class=\"tab-pane fade fusion-clearfix in active\" role=\"tabpanel\" tabindex=\"0\" aria-labelledby=\"fusion-tab-bater\u00edas\" id=\"tab-675ab7e9708f9836eaa\">\n<table width=\"80%\" cellpadding=\"5px\" align=\"center\">\n<tbody>\n<tr>\n<th width=\"15%\"><\/th>\n<th width=\"15%\">OEM<\/th>\n<th width=\"20%\">Modelo<\/th>\n<th width=\"20%\">N\u00b0 de Parte de GTS<\/th>\n<th width=\"15%\">Qu\u00edmica<\/th>\n<th width=\"15%\">Capacidad<\/th>\n<\/tr>\n<tr style=\"border-top: 1px solid #e5e5e5;\">\n<td class=\"th-thumbnail\"><img decoding=\"async\" class=\"aligncenter wp-image-1481\" src=\"https:\/\/www.gtspower.com\/wp-content\/uploads\/products\/H5705-Li.gif\" alt=\"H5705-LI\" width=\"180\" height=\"123\" \/><\/td>\n<td class=\"th-oem\">NEXTEL<\/td>\n<td class=\"th-model\">iDen i50 \/ 55 \/ 85 \/ 90 \/ 30SX \/ 35S \/ 50SX \/ 155SR \/ 158SR \/ 160C \/ 185S \/ 188S \/ 190C \/ 195<\/td>\n<td class=\"th-part\"><a id=\"p_lt_zoneContent_pageplaceholder_p_lt_zoneRightContent_GTSProductCatalog_repCategories_ctl00_ListView_BrandProducts_ctrl0_HyperLink_Product\" href=\"https:\/\/gtspower.com\/es\/productos\/telefonos-portatiles\/baterias\/h5705-li-2\/\">H5705-LI<\/a><\/td>\n<td class=\"th-chemistry\">LI-ION<\/td>\n<td class=\"th-capacity\">800<\/td>\n<\/tr>\n<tr style=\"border-top: 1px solid #e5e5e5;\">\n<td class=\"th-thumbnail\"><img decoding=\"async\" class=\"aligncenter wp-image-1484\" src=\"https:\/\/www.gtspower.com\/wp-content\/uploads\/products\/H5716-Li.gif\" alt=\"H5716-LI\" width=\"180\" height=\"126\" \/><\/td>\n<td class=\"th-oem\">NEXTEL<\/td>\n<td class=\"th-model\">iDen i50 \/ 55 \/ 85 \/ 90 \/ 30SX \/ 35S \/ 50SX \/ 155SR \/ 158SR \/ 160C \/ 185S \/ 188S \/ 190C \/ 195<\/td>\n<td class=\"th-part\"><a id=\"p_lt_zoneContent_pageplaceholder_p_lt_zoneRightContent_GTSProductCatalog_repCategories_ctl00_ListView_BrandProducts_ctrl1_HyperLink_Product\" href=\"https:\/\/gtspower.com\/es\/productos\/telefonos-portatiles\/baterias\/h5716-li-2\/\">H5716-LI<\/a><\/td>\n<td class=\"th-chemistry\">LI-ION<\/td>\n<td class=\"th-capacity\">1800<\/td>\n<\/tr>\n<tr style=\"border-top: 1px solid #e5e5e5;\">\n<td class=\"th-thumbnail\"><img decoding=\"async\" class=\"aligncenter wp-image-1248\" src=\"https:\/\/www.gtspower.com\/wp-content\/uploads\/products\/HBPL300-Li.jpg\" alt=\"HBPL300-LI\" width=\"180\" height=\"123\" srcset=\"https:\/\/gtspower.com\/wp-content\/uploads\/products\/HBPL300-Li-200x136.jpg 200w, https:\/\/gtspower.com\/wp-content\/uploads\/products\/HBPL300-Li-300x205.jpg 300w, https:\/\/gtspower.com\/wp-content\/uploads\/products\/HBPL300-Li-400x273.jpg 400w, https:\/\/gtspower.com\/wp-content\/uploads\/products\/HBPL300-Li.jpg 453w\" sizes=\"(max-width: 180px) 100vw, 180px\" \/><\/td>\n<td class=\"th-oem\">SPCTRALINK<\/td>\n<td class=\"th-model\">6000<\/td>\n<td class=\"th-part\"><a id=\"p_lt_zoneContent_pageplaceholder_p_lt_zoneRightContent_GTSProductCatalog_repCategories_ctl00_ListView_BrandProducts_ctrl2_HyperLink_Product\" href=\"https:\/\/gtspower.com\/es\/productos\/telefonos-portatiles\/baterias\/hbpl300-li\/\">HBPL300-LI<\/a><\/td>\n<td class=\"th-chemistry\">LI-ION<\/td>\n<td class=\"th-capacity\">2300<\/td>\n<\/tr>\n<tr style=\"border-top: 1px solid #e5e5e5;\">\n<td class=\"th-thumbnail\"><img decoding=\"async\" class=\"aligncenter wp-image-5264\" src=\"https:\/\/www.gtspower.com\/wp-content\/uploads\/products\/HBPL300-Li-B-453x309.png\" alt=\"\" width=\"147\" height=\"100\" srcset=\"https:\/\/gtspower.com\/wp-content\/uploads\/products\/HBPL300-Li-B-453x309-200x136.png 200w, https:\/\/gtspower.com\/wp-content\/uploads\/products\/HBPL300-Li-B-453x309-300x205.png 300w, https:\/\/gtspower.com\/wp-content\/uploads\/products\/HBPL300-Li-B-453x309-400x273.png 400w, https:\/\/gtspower.com\/wp-content\/uploads\/products\/HBPL300-Li-B-453x309.png 453w\" sizes=\"(max-width: 147px) 100vw, 147px\" \/><\/td>\n<td class=\"th-oem\">SPCTRALINK<\/td>\n<td class=\"th-model\">6000<\/td>\n<td class=\"th-part\"><a id=\"p_lt_zoneContent_pageplaceholder_p_lt_zoneRightContent_GTSProductCatalog_repCategories_ctl00_ListView_BrandProducts_ctrl2_HyperLink_Product\" href=\"https:\/\/gtspower.com\/es\/productos\/telefonos-portatiles\/baterias\/hbpl300-li-b\/\">HBPL300-LI-B<\/a><\/td>\n<td class=\"th-chemistry\">LI-ION<\/td>\n<td class=\"th-capacity\">2300<\/td>\n<\/tr>\n<tr style=\"border-top: 1px solid #e5e5e5;\">\n<td class=\"th-thumbnail\"><img decoding=\"async\" class=\"aligncenter wp-image-1920\" src=\"https:\/\/www.gtspower.com\/wp-content\/uploads\/products\/HBPX100-M.gif\" alt=\"HBPX100-M\" width=\"180\" height=\"123\" \/><\/td>\n<td class=\"th-oem\">SPCTRALINK<\/td>\n<td class=\"th-model\">i640<\/td>\n<td class=\"th-part\"><a id=\"p_lt_zoneContent_pageplaceholder_p_lt_zoneRightContent_GTSProductCatalog_repCategories_ctl00_ListView_BrandProducts_ctrl3_HyperLink_Product\" href=\"https:\/\/gtspower.com\/es\/productos\/telefonos-portatiles\/baterias\/hbpx100-m\/\">HBPX100-M<\/a><\/td>\n<td class=\"th-chemistry\">NIMH<\/td>\n<td class=\"th-capacity\">900<\/td>\n<\/tr>\n<tr style=\"border-top: 1px solid #e5e5e5;\">\n<td class=\"th-thumbnail\"><img decoding=\"async\" class=\"aligncenter wp-image-1249\" src=\"https:\/\/www.gtspower.com\/wp-content\/uploads\/products\/HN3050-M.jpg\" alt=\"HN3050-M\" width=\"180\" height=\"180\" srcset=\"https:\/\/gtspower.com\/wp-content\/uploads\/products\/HN3050-M-66x66.jpg 66w, https:\/\/gtspower.com\/wp-content\/uploads\/products\/HN3050-M-150x150.jpg 150w, https:\/\/gtspower.com\/wp-content\/uploads\/products\/HN3050-M-200x200.jpg 200w, https:\/\/gtspower.com\/wp-content\/uploads\/products\/HN3050-M.jpg 300w\" sizes=\"(max-width: 180px) 100vw, 180px\" \/><\/td>\n<td class=\"th-oem\">NORTEL<\/td>\n<td class=\"th-model\">Companion<\/td>\n<td class=\"th-part\"><a id=\"p_lt_zoneContent_pageplaceholder_p_lt_zoneRightContent_GTSProductCatalog_repCategories_ctl00_ListView_BrandProducts_ctrl4_HyperLink_Product\" href=\"https:\/\/gtspower.com\/es\/productos\/telefonos-portatiles\/baterias\/hn3050-m\/\">HN3050-M<\/a><\/td>\n<td class=\"th-chemistry\">NIMH<\/td>\n<td class=\"th-capacity\">850<\/td>\n<\/tr>\n<tr style=\"border-top: 1px solid #e5e5e5;\">\n<td class=\"th-thumbnail\"><img decoding=\"async\" class=\"aligncenter wp-image-1250\" src=\"https:\/\/www.gtspower.com\/wp-content\/uploads\/products\/HPT360-M.gif\" alt=\"HPTS360-M\" width=\"180\" height=\"123\" \/><\/td>\n<td class=\"th-oem\">SPCTRALINK<\/td>\n<td class=\"th-model\">SKPT400<\/td>\n<td class=\"th-part\"><a id=\"p_lt_zoneContent_pageplaceholder_p_lt_zoneRightContent_GTSProductCatalog_repCategories_ctl00_ListView_BrandProducts_ctrl5_HyperLink_Product\" href=\"https:\/\/gtspower.com\/es\/productos\/telefonos-portatiles\/baterias\/hpts360-m\/\">HPTS360-M<\/a><\/td>\n<td class=\"th-chemistry\">NIMH<\/td>\n<td class=\"th-capacity\">800<\/td>\n<\/tr>\n<\/tbody>\n<\/table>\n<\/div><\/div><\/div><div class=\"fusion-clearfix\"><\/div><\/div><\/div><div class=\"fusion-layout-column fusion_builder_column fusion-builder-column-5 fusion_builder_column_1_1 1_1 fusion-one-full fusion-column-first fusion-column-last fusion-no-medium-visibility fusion-no-large-visibility\" style=\"--awb-bg-size:cover;\"><div class=\"fusion-column-wrapper fusion-flex-column-wrapper-legacy\"><div class=\"fusion-tabs fusion-tabs-2 classic nav-is-justified horizontal-tabs icon-position-left mobile-mode-accordion\" style=\"--awb-title-border-radius-top-left:0px;--awb-title-border-radius-top-right:0px;--awb-title-border-radius-bottom-right:0px;--awb-title-border-radius-bottom-left:0px;--awb-inactive-color:#ebeaea;--awb-background-color:#ffffff;--awb-border-color:#ebeaea;--awb-active-border-color:#ed1c24;\"><div class=\"nav\"><ul class=\"nav-tabs nav-justified\" role=\"tablist\"><li class=\"active\" role=\"presentation\"><a class=\"tab-link\" data-toggle=\"tab\" role=\"tab\" aria-controls=\"tab-a9d4ce5fa9b92bb7626\" aria-selected=\"true\" id=\"fusion-tab-batteries\" href=\"#tab-a9d4ce5fa9b92bb7626\"><h4 class=\"fusion-tab-heading\">Batteries<\/h4><\/a><\/li><\/ul><\/div><div class=\"tab-content\"><div class=\"nav fusion-mobile-tab-nav\"><ul class=\"nav-tabs nav-justified\" role=\"tablist\"><li class=\"active\" role=\"presentation\"><a class=\"tab-link\" data-toggle=\"tab\" role=\"tab\" aria-controls=\"tab-a9d4ce5fa9b92bb7626\" aria-selected=\"true\" id=\"mobile-fusion-tab-batteries\" href=\"#tab-a9d4ce5fa9b92bb7626\"><h4 class=\"fusion-tab-heading\">Batteries<\/h4><\/a><\/li><\/ul><\/div><div class=\"tab-pane fade fusion-clearfix in active\" role=\"tabpanel\" tabindex=\"0\" aria-labelledby=\"fusion-tab-batteries\" id=\"tab-a9d4ce5fa9b92bb7626\">\n<p style=\"text-align: center;\"><img decoding=\"async\" class=\"aligncenter wp-image-1481\" src=\"https:\/\/www.gtspower.com\/wp-content\/uploads\/products\/H5705-Li.gif\" alt=\"H5705-LI\" width=\"180\" height=\"123\" \/><br \/>\nNEXTEL iDen i50 \/ 55 \/ 85 \/ 90 \/ 30SX \/ 35S \/ 50SX \/ 155SR \/ 158SR \/ 160C \/ 185S \/ 188S \/ 190C \/ 195<br \/>\n<a id=\"p_lt_zoneContent_pageplaceholder_p_lt_zoneRightContent_GTSProductCatalog_repCategories_ctl00_ListView_BrandProducts_ctrl0_HyperLink_Product\" href=\"https:\/\/gtspower.com\/es\/productos\/telefonos-portatiles\/baterias\/h5705-li-2\/\">N\u00b0 de Parte de GTS: H5705-LI<br \/>\n<\/a>Qu\u00edmica y Capacidad: LI-ION 800<\/p>\n<hr \/>\n<p style=\"text-align: center;\"><img decoding=\"async\" class=\"aligncenter wp-image-1484\" src=\"https:\/\/www.gtspower.com\/wp-content\/uploads\/products\/H5716-Li.gif\" alt=\"H5716-LI\" width=\"180\" height=\"126\" \/><br \/>\nNEXTEL iDen i50 \/ 55 \/ 85 \/ 90 \/ 30SX \/ 35S \/ 50SX \/ 155SR \/ 158SR \/ 160C \/ 185S \/ 188S \/ 190C \/ 195<br \/>\nN\u00b0 de Parte de GTS:<a id=\"p_lt_zoneContent_pageplaceholder_p_lt_zoneRightContent_GTSProductCatalog_repCategories_ctl00_ListView_BrandProducts_ctrl1_HyperLink_Product\" href=\"https:\/\/gtspower.com\/es\/productos\/telefonos-portatiles\/baterias\/h5716-li-2\/\">H5716-LI<\/a><br \/>\nQu\u00edmica y Capacidad: LI-ION 1800<\/p>\n<hr \/>\n<p style=\"text-align: center;\"><img decoding=\"async\" class=\"aligncenter wp-image-1248\" src=\"https:\/\/www.gtspower.com\/wp-content\/uploads\/products\/HBPL300-Li.jpg\" alt=\"HBPL300-LI\" width=\"180\" height=\"123\" srcset=\"https:\/\/gtspower.com\/wp-content\/uploads\/products\/HBPL300-Li-200x136.jpg 200w, https:\/\/gtspower.com\/wp-content\/uploads\/products\/HBPL300-Li-300x205.jpg 300w, https:\/\/gtspower.com\/wp-content\/uploads\/products\/HBPL300-Li-400x273.jpg 400w, https:\/\/gtspower.com\/wp-content\/uploads\/products\/HBPL300-Li.jpg 453w\" sizes=\"(max-width: 180px) 100vw, 180px\" \/>SPCTRALINK 6000<br \/>\nN\u00b0 de Parte de GTS: <a id=\"p_lt_zoneContent_pageplaceholder_p_lt_zoneRightContent_GTSProductCatalog_repCategories_ctl00_ListView_BrandProducts_ctrl2_HyperLink_Product\" href=\"https:\/\/gtspower.com\/es\/productos\/telefonos-portatiles\/baterias\/hbpl300-li\/\">HBPL300-LI<\/a><br \/>\nQu\u00edmica y Capacidad: LI-ION 2300<\/p>\n<hr \/>\n<p style=\"text-align: center;\"><img decoding=\"async\" class=\"aligncenter wp-image-5264\" src=\"https:\/\/www.gtspower.com\/wp-content\/uploads\/products\/HBPL300-Li-B-453x309.png\" alt=\"\" width=\"150\" height=\"102\" srcset=\"https:\/\/gtspower.com\/wp-content\/uploads\/products\/HBPL300-Li-B-453x309-200x136.png 200w, https:\/\/gtspower.com\/wp-content\/uploads\/products\/HBPL300-Li-B-453x309-300x205.png 300w, https:\/\/gtspower.com\/wp-content\/uploads\/products\/HBPL300-Li-B-453x309-400x273.png 400w, https:\/\/gtspower.com\/wp-content\/uploads\/products\/HBPL300-Li-B-453x309.png 453w\" sizes=\"(max-width: 150px) 100vw, 150px\" \/>SPCTRALINK 6000<br \/>\nN\u00b0 de Parte de GTS: <a id=\"p_lt_zoneContent_pageplaceholder_p_lt_zoneRightContent_GTSProductCatalog_repCategories_ctl00_ListView_BrandProducts_ctrl2_HyperLink_Product\" href=\"https:\/\/gtspower.com\/es\/productos\/telefonos-portatiles\/baterias\/hbpl300-li-b\/\">HBPL300-LI-B<\/a><br \/>\nQu\u00edmica y Capacidad: LI-ION 2300<\/p>\n<hr \/>\n<p style=\"text-align: center;\"><img decoding=\"async\" class=\"aligncenter wp-image-1920\" src=\"https:\/\/www.gtspower.com\/wp-content\/uploads\/products\/HBPX100-M.gif\" alt=\"HBPX100-M\" width=\"180\" height=\"123\" \/>SPCTRALINK i640<br \/>\nN\u00b0 de Parte de GTS:\u00a0\u00a0<a id=\"p_lt_zoneContent_pageplaceholder_p_lt_zoneRightContent_GTSProductCatalog_repCategories_ctl00_ListView_BrandProducts_ctrl3_HyperLink_Product\" href=\"https:\/\/gtspower.com\/es\/productos\/telefonos-portatiles\/baterias\/hbpx100-m\/\">HBPX100-M<\/a><br \/>\nQu\u00edmica y Capacidad: NIMH 900<\/p>\n<hr \/>\n<p style=\"text-align: center;\"><img decoding=\"async\" class=\"aligncenter wp-image-1249\" src=\"https:\/\/www.gtspower.com\/wp-content\/uploads\/products\/HN3050-M.jpg\" alt=\"HN3050-M\" width=\"180\" height=\"180\" srcset=\"https:\/\/gtspower.com\/wp-content\/uploads\/products\/HN3050-M-66x66.jpg 66w, https:\/\/gtspower.com\/wp-content\/uploads\/products\/HN3050-M-150x150.jpg 150w, https:\/\/gtspower.com\/wp-content\/uploads\/products\/HN3050-M-200x200.jpg 200w, https:\/\/gtspower.com\/wp-content\/uploads\/products\/HN3050-M.jpg 300w\" sizes=\"(max-width: 180px) 100vw, 180px\" \/>NORTEL Companion<br \/>\nN\u00b0 de Parte de GTS:\u00a0<a id=\"p_lt_zoneContent_pageplaceholder_p_lt_zoneRightContent_GTSProductCatalog_repCategories_ctl00_ListView_BrandProducts_ctrl4_HyperLink_Product\" href=\"https:\/\/gtspower.com\/es\/productos\/telefonos-portatiles\/baterias\/hn3050-m\/\">HN3050-M<\/a><br \/>\nQu\u00edmica y Capacidad: NIMH 850<\/p>\n<hr \/>\n<p style=\"text-align: center;\"><img decoding=\"async\" class=\"aligncenter wp-image-1250\" src=\"https:\/\/www.gtspower.com\/wp-content\/uploads\/products\/HPT360-M.gif\" alt=\"HPTS360-M\" width=\"180\" height=\"123\" \/>SPCTRALINK SKPT400<br \/>\nN\u00b0 de Parte de GTS: <a href=\"https:\/\/gtspower.com\/es\/productos\/telefonos-portatiles\/baterias\/hpts360-m\/\">HPTS360-M<\/a><br \/>\nQu\u00edmica y Capacidad: NIMH 800<\/p>\n<\/div><\/div><\/div><div class=\"fusion-clearfix\"><\/div><\/div><\/div><\/div><\/div><\/p>\n","protected":false},"excerpt":{"rendered":"","protected":false},"author":1,"featured_media":0,"parent":5354,"menu_order":0,"comment_status":"closed","ping_status":"closed","template":"100-width.php","meta":{"footnotes":""},"class_list":["post-5554","page","type-page","status-publish","hentry"],"_links":{"self":[{"href":"https:\/\/gtspower.com\/es\/wp-json\/wp\/v2\/pages\/5554","targetHints":{"allow":["GET"]}}],"collection":[{"href":"https:\/\/gtspower.com\/es\/wp-json\/wp\/v2\/pages"}],"about":[{"href":"https:\/\/gtspower.com\/es\/wp-json\/wp\/v2\/types\/page"}],"author":[{"embeddable":true,"href":"https:\/\/gtspower.com\/es\/wp-json\/wp\/v2\/users\/1"}],"replies":[{"embeddable":true,"href":"https:\/\/gtspower.com\/es\/wp-json\/wp\/v2\/comments?post=5554"}],"version-history":[{"count":6,"href":"https:\/\/gtspower.com\/es\/wp-json\/wp\/v2\/pages\/5554\/revisions"}],"predecessor-version":[{"id":8012,"href":"https:\/\/gtspower.com\/es\/wp-json\/wp\/v2\/pages\/5554\/revisions\/8012"}],"up":[{"embeddable":true,"href":"https:\/\/gtspower.com\/es\/wp-json\/wp\/v2\/pages\/5354"}],"wp:attachment":[{"href":"https:\/\/gtspower.com\/es\/wp-json\/wp\/v2\/media?parent=5554"}],"curies":[{"name":"wp","href":"https:\/\/api.w.org\/{rel}","templated":true}]}}