{"id":5517,"date":"2017-12-17T17:15:25","date_gmt":"2017-12-17T17:15:25","guid":{"rendered":"http:\/\/gtspower.online\/?page_id=5517"},"modified":"2017-12-17T17:15:25","modified_gmt":"2017-12-17T17:15:25","slug":"testimonios","status":"publish","type":"page","link":"https:\/\/gtspower.com\/es\/productos\/radios-bidireccionales\/testimonios\/","title":{"rendered":"Testimonios"},"content":{"rendered":"<div class=\"fusion-fullwidth fullwidth-box fusion-builder-row-1 nonhundred-percent-fullwidth non-hundred-percent-height-scrolling\" style=\"--awb-border-radius-top-left:0px;--awb-border-radius-top-right:0px;--awb-border-radius-bottom-right:0px;--awb-border-radius-bottom-left:0px;--awb-padding-top:20px;--awb-padding-bottom:20px;--awb-flex-wrap:wrap;\" ><div class=\"fusion-builder-row fusion-row\"><div class=\"fusion-layout-column fusion_builder_column fusion-builder-column-0 fusion_builder_column_1_1 1_1 fusion-one-full fusion-column-first fusion-column-last\" style=\"--awb-bg-size:cover;\"><div class=\"fusion-column-wrapper fusion-flex-column-wrapper-legacy\"><div class=\"fusion-title title fusion-title-1 fusion-title-text fusion-title-size-one\" style=\"--awb-margin-top-small:10px;--awb-margin-right-small:0px;--awb-margin-bottom-small:10px;--awb-margin-left-small:0px;\"><h1 class=\"fusion-title-heading title-heading-left fusion-responsive-typography-calculated\" style=\"margin:0;--fontSize:34;line-height:1.4;\">Testimonios sobre productos para radios bidireccionales<\/h1><span class=\"awb-title-spacer\"><\/span><div class=\"title-sep-container\"><div class=\"title-sep sep-double sep-solid\" style=\"border-color:#e0dede;\"><\/div><\/div><\/div><div class=\"fusion-clearfix\"><\/div><\/div><\/div><div class=\"fusion-layout-column fusion_builder_column fusion-builder-column-1 fusion_builder_column_5_6 5_6 fusion-five-sixth fusion-column-first\" style=\"--awb-bg-size:cover;width:83.333333333333%;width:calc(83.333333333333% - ( ( 4% ) * 0.83333333333333 ) );margin-right: 4%;\"><div class=\"fusion-column-wrapper fusion-flex-column-wrapper-legacy\"><div class=\"fusion-reading-box-container reading-box-container-1\" style=\"--awb-title-color:#ed1c24;--awb-margin-top:5px;--awb-margin-bottom:55px;\"><div class=\"reading-box\" style=\"background-color:#f4f4f4;border-width:0px;border-color:#f6f6f6;border-left-width:3px;border-left-color:var(--primary_color);border-style:solid;\"><div class=\"reading-box-additional\">\n<p class=\"p1\"><em><span class=\"fusion-dropcap dropcap\"><span style=\"font-family: serif;\">\u00ab<\/span><\/span><\/em><\/p>\n<p class=\"p1\"><em><span style=\"font-size: 18px; line-height: 26px:;\">\u00abLuego de poco m\u00e1s de dos meses, en el condado de Washoe e<span style=\"font-size: 18px; line-height: 28px:;\"><span style=\"font-size: 18px;\">stamos muy contentos por haber elegido cambiar a las bater\u00edas de Pol\u00edmero de Litio de GTS. Ya notamos que\u00a0<\/span><\/span><strong>estas bater\u00edas duran tres veces m\u00e1s que otras bater\u00edas<\/strong>. Un beneficio adicional es el menor peso de las bater\u00edas de GTS. Nuestro personal de patrulla est\u00e1 muy entusiasmado con nuestra decisi\u00f3n.\u00bb<\/span><\/em><\/p>\n<h4 class=\"p2\" style=\"text-align: right; color: #ed1c24;\">Shawn Tayler, Administrador de las Redes de Radio<br \/>\nSistema de Comunicaci\u00f3n Regional del Condado de Washoe<\/h4>\n<\/div><div class=\"fusion-clearfix\"><\/div><\/div><svg style=\"opacity:0.7;\" xmlns=\"http:\/\/www.w3.org\/2000\/svg\" version=\"1.1\" width=\"100%\" viewBox=\"0 0 600 28\" preserveAspectRatio=\"none\"><g clip-path=\"url(#a)\"><mask id=\"b\" style=\"mask-type:luminance\" maskUnits=\"userSpaceOnUse\" x=\"0\" y=\"0\" width=\"600\" height=\"28\"><path d=\"M0 0h600v28H0V0Z\" fill=\"#fff\"\/><\/mask><g filter=\"url(#c)\" mask=\"url(#b)\"><path d=\"M16.439-18.667h567.123v30.8S438.961-8.4 300-8.4C161.04-8.4 16.438 12.133 16.438 12.133v-30.8Z\" fill=\"#000\"\/><\/g><\/g><defs><clipPath id=\"a\"><path fill=\"#fff\" d=\"M0 0h600v28H0z\"\/><\/clipPath><filter id=\"c\" x=\"5.438\" y=\"-29.667\" width=\"589.123\" height=\"52.8\" filterUnits=\"userSpaceOnUse\" color-interpolation-filters=\"sRGB\"><feFlood flood-opacity=\"0\" result=\"BackgroundImageFix\"\/><feBlend in=\"SourceGraphic\" in2=\"BackgroundImageFix\" result=\"shape\"\/><feGaussianBlur stdDeviation=\"5.5\" result=\"effect1_foregroundBlur_3983_183\"\/><\/filter><\/defs><\/svg><\/div><div class=\"fusion-reading-box-container reading-box-container-2\" style=\"--awb-title-color:#ed1c24;--awb-margin-top:5px;--awb-margin-bottom:55px;\"><div class=\"reading-box\" style=\"background-color:#f4f4f4;border-width:0px;border-color:#f6f6f6;border-right-width:3px;border-right-color:var(--primary_color);border-style:solid;\"><div class=\"reading-box-additional\">\n<p class=\"p1\"><em><span class=\"fusion-dropcap dropcap\"><span style=\"font-family: serif;\">\u00ab<\/span><\/span><\/em><\/p>\n<p class=\"p1\"><em><span style=\"font-size: 18px; line-height: 26px:;\"><span style=\"font-size: 18px;\">Hemos estado utilizando estos productos en el campo durante ya 5 meses y no hemos sufrido fallas con las bater\u00edas. Solamente sufrimos dos fallas con los cargadores que fueron r\u00e1pidamente\u00a0solucionados por GTS. Las bater\u00edas funcionan mucho mejor que como se las promociona y muchos oficiales solamente cargan sus bater\u00edas una vez por semana. Personalmente, yo utilice mi bater\u00eda durante una operaci\u00f3n especial en Las Vegas y trabaje 4 turnos de doce horas sin recargar mi bater\u00eda.<\/span><\/span><\/em><\/p>\n<p><em><span style=\"font-size: 18px; line-height: 26px:;\">Actualmente, tenemos radios 95 &#8211; P7200 y comprar\u00e9 bater\u00edas y cargadores de GTS para estos dispositivos. Sus bater\u00edas lograron que nuestros equipos port\u00e1tiles sean m\u00e1s funcionales en el campo y no enviar\u00e9 una nueva unidad al campo sin bater\u00edas de GTS. Creo que una radio que no funciona es un problema de seguridad para el oficial m\u00e1s serio que un arma que no funciona.\u00bb<\/span><\/em><\/p>\n<h4 class=\"p2\" style=\"text-align: right; color: #ed1c24;\">Sgt. Bradley Smith, Gerente del Programa de Radios<br \/>\nDivisi\u00f3n de Patrulla de Autopistas de Nevada<\/h4>\n<\/div><div class=\"fusion-clearfix\"><\/div><\/div><svg style=\"opacity:0.7;\" xmlns=\"http:\/\/www.w3.org\/2000\/svg\" version=\"1.1\" width=\"100%\" viewBox=\"0 0 600 28\" preserveAspectRatio=\"none\"><g clip-path=\"url(#a)\"><mask id=\"b\" style=\"mask-type:luminance\" maskUnits=\"userSpaceOnUse\" x=\"0\" y=\"0\" width=\"600\" height=\"28\"><path d=\"M0 0h600v28H0V0Z\" fill=\"#fff\"\/><\/mask><g filter=\"url(#c)\" mask=\"url(#b)\"><path d=\"M16.439-18.667h567.123v30.8S438.961-8.4 300-8.4C161.04-8.4 16.438 12.133 16.438 12.133v-30.8Z\" fill=\"#000\"\/><\/g><\/g><defs><clipPath id=\"a\"><path fill=\"#fff\" d=\"M0 0h600v28H0z\"\/><\/clipPath><filter id=\"c\" x=\"5.438\" y=\"-29.667\" width=\"589.123\" height=\"52.8\" filterUnits=\"userSpaceOnUse\" color-interpolation-filters=\"sRGB\"><feFlood flood-opacity=\"0\" result=\"BackgroundImageFix\"\/><feBlend in=\"SourceGraphic\" in2=\"BackgroundImageFix\" result=\"shape\"\/><feGaussianBlur stdDeviation=\"5.5\" result=\"effect1_foregroundBlur_3983_183\"\/><\/filter><\/defs><\/svg><\/div><div class=\"fusion-reading-box-container reading-box-container-3\" style=\"--awb-title-color:#ed1c24;--awb-margin-top:5px;--awb-margin-bottom:55px;\"><div class=\"reading-box\" style=\"background-color:#f4f4f4;border-width:0px;border-color:#f6f6f6;border-left-width:3px;border-left-color:var(--primary_color);border-style:solid;\"><div class=\"reading-box-additional\">\n<p class=\"p1\"><em><span class=\"fusion-dropcap dropcap\"><span style=\"font-family: serif;\">\u00ab<\/span><\/span><\/em><\/p>\n<p class=\"p1\"><em><span style=\"font-size: 18px; line-height: 26px:;\"><span style=\"font-size: 18px;\">\u00abCuando devolvimos otro lote de bater\u00edas de litio, se puso de manifiesto que las bater\u00edas duraban mucho m\u00e1s\u00a0que las bater\u00edas originales de las radios. Las bater\u00edas de litio del \u00faltimo lote de bater\u00edas de de litio de GTS duraban por lo menos entre 24 y 48 horas encendidos. Trabaj\u00e9 durante tres turnos de ocho horas sin recargar la bater\u00eda.\u00bb<\/span><\/span><\/em><\/p>\n<h4 class=\"p2\" style=\"text-align: right; color: #ed1c24;\">Warren Izumigawa<br \/>\nDepartamento de Polic\u00eda de Honolulu<\/h4>\n<\/div><div class=\"fusion-clearfix\"><\/div><\/div><svg style=\"opacity:0.7;\" xmlns=\"http:\/\/www.w3.org\/2000\/svg\" version=\"1.1\" width=\"100%\" viewBox=\"0 0 600 28\" preserveAspectRatio=\"none\"><g clip-path=\"url(#a)\"><mask id=\"b\" style=\"mask-type:luminance\" maskUnits=\"userSpaceOnUse\" x=\"0\" y=\"0\" width=\"600\" height=\"28\"><path d=\"M0 0h600v28H0V0Z\" fill=\"#fff\"\/><\/mask><g filter=\"url(#c)\" mask=\"url(#b)\"><path d=\"M16.439-18.667h567.123v30.8S438.961-8.4 300-8.4C161.04-8.4 16.438 12.133 16.438 12.133v-30.8Z\" fill=\"#000\"\/><\/g><\/g><defs><clipPath id=\"a\"><path fill=\"#fff\" d=\"M0 0h600v28H0z\"\/><\/clipPath><filter id=\"c\" x=\"5.438\" y=\"-29.667\" width=\"589.123\" height=\"52.8\" filterUnits=\"userSpaceOnUse\" color-interpolation-filters=\"sRGB\"><feFlood flood-opacity=\"0\" result=\"BackgroundImageFix\"\/><feBlend in=\"SourceGraphic\" in2=\"BackgroundImageFix\" result=\"shape\"\/><feGaussianBlur stdDeviation=\"5.5\" result=\"effect1_foregroundBlur_3983_183\"\/><\/filter><\/defs><\/svg><\/div><div class=\"fusion-reading-box-container reading-box-container-4\" style=\"--awb-title-color:#ed1c24;--awb-margin-top:5px;--awb-margin-bottom:55px;\"><div class=\"reading-box\" style=\"background-color:#f4f4f4;border-width:0px;border-color:#f6f6f6;border-right-width:3px;border-right-color:var(--primary_color);border-style:solid;\"><div class=\"reading-box-additional\">\n<p class=\"p1\"><em><span class=\"fusion-dropcap dropcap\"><span style=\"font-family: serif;\">\u00ab<\/span><\/span><\/em><\/p>\n<p class=\"p1\"><em><span style=\"font-size: 18px; line-height: 26px:;\"><span style=\"font-size: 18px;\">\u00ab&#8230;los cuatro secretarios del sheriff [que ella hab\u00eda asignado para que utilicen las bater\u00edas] informaron que las bater\u00edas funcionaban por 40 horas antes de necesitar una recarga. Cada\u00a0secretarios del sheriff tambi\u00e9n inform\u00f3 sobre una notoria [sic] diferencia en la capacidad de recibir y transmitir informaci\u00f3n mediante sus radios. Los cuatro secretarios del sheriff comunicaron que sus radios mantuvieron una excelente recepci\u00f3n con las nuevas bater\u00edas y cada vez que reajustaban el micr\u00f3fono, lograban comunicarse con su radio. Ninguno tuvo\u00a0ning\u00fan\u00a0problema con la radio al utilizar las bater\u00edas nuevas. Al final de la prueba, los cuatro\u00a0secretarios del sheriff preguntaron si se pod\u00edan quedar con la bater\u00eda que les hab\u00edan\u00a0dado.\u00bb<\/span><\/span><\/em><\/p>\n<h4 class=\"p2\" style=\"text-align: right; color: #ed1c24;\">Sgt. Jackie Horton<br \/>\nDepartamento del Sheriff del Condado de Riverside<\/h4>\n<\/div><div class=\"fusion-clearfix\"><\/div><\/div><svg style=\"opacity:0.7;\" xmlns=\"http:\/\/www.w3.org\/2000\/svg\" version=\"1.1\" width=\"100%\" viewBox=\"0 0 600 28\" preserveAspectRatio=\"none\"><g clip-path=\"url(#a)\"><mask id=\"b\" style=\"mask-type:luminance\" maskUnits=\"userSpaceOnUse\" x=\"0\" y=\"0\" width=\"600\" height=\"28\"><path d=\"M0 0h600v28H0V0Z\" fill=\"#fff\"\/><\/mask><g filter=\"url(#c)\" mask=\"url(#b)\"><path d=\"M16.439-18.667h567.123v30.8S438.961-8.4 300-8.4C161.04-8.4 16.438 12.133 16.438 12.133v-30.8Z\" fill=\"#000\"\/><\/g><\/g><defs><clipPath id=\"a\"><path fill=\"#fff\" d=\"M0 0h600v28H0z\"\/><\/clipPath><filter id=\"c\" x=\"5.438\" y=\"-29.667\" width=\"589.123\" height=\"52.8\" filterUnits=\"userSpaceOnUse\" color-interpolation-filters=\"sRGB\"><feFlood flood-opacity=\"0\" result=\"BackgroundImageFix\"\/><feBlend in=\"SourceGraphic\" in2=\"BackgroundImageFix\" result=\"shape\"\/><feGaussianBlur stdDeviation=\"5.5\" result=\"effect1_foregroundBlur_3983_183\"\/><\/filter><\/defs><\/svg><\/div><div class=\"fusion-clearfix\"><\/div><\/div><\/div><div class=\"fusion-layout-column fusion_builder_column fusion-builder-column-2 fusion_builder_column_1_6 1_6 fusion-one-sixth fusion-column-last\" style=\"--awb-bg-size:cover;width:16.666666666667%;width:calc(16.666666666667% - ( ( 4% ) * 0.16666666666667 ) );\"><div class=\"fusion-column-wrapper fusion-flex-column-wrapper-legacy\"><div class=\"fusion-widget-area awb-widget-area-element fusion-widget-area-1 fusion-content-widget-area\" style=\"--awb-title-size:16px;--awb-title-color:#ed1c24;--awb-padding:0px 0px 0px 0px;\"><div id=\"text-6\" class=\"widget widget_text\">\t\t\t<div class=\"textwidget\"><div class=\"fusion-sep-clear\"><\/div><div class=\"fusion-separator fusion-full-width-sep\" style=\"margin-left: auto;margin-right: auto;margin-top:10px;margin-bottom:10px;width:100%;\"><\/div><div class=\"fusion-sep-clear\"><\/div><ul style=\"--awb-size:13px;--awb-iconcolor:#ed1c24;--awb-line-height:22.1px;--awb-icon-width:22.1px;--awb-icon-height:22.1px;--awb-icon-margin:9.1px;--awb-content-margin:31.2px;\" class=\"fusion-checklist fusion-checklist-1 fusion-checklist-default type-icons\"><li class=\"fusion-li-item\" style=\"\"><span class=\"icon-wrapper circle-no\"><i class=\"fusion-li-icon fa fa-arrow-circle-right\" aria-hidden=\"true\"><\/i><\/span><div class=\"fusion-li-item-content\">\r\n\r\n<a href=\"https:\/\/gtspower.com\/es\/products\/two-way-radios\/neocell\/\">NEOCELL\u00ae<\/a>\r\n\r\n<\/div><\/li><li class=\"fusion-li-item\" style=\"\"><span class=\"icon-wrapper circle-no\"><i class=\"fusion-li-icon fa fa-arrow-circle-right\" aria-hidden=\"true\"><\/i><\/span><div class=\"fusion-li-item-content\">\r\n\r\n<a href=\"https:\/\/gtspower.com\/es\/products\/two-way-radios\/eocc\/\">EOCCLT<\/a>\r\n\r\n<\/div><\/li><li class=\"fusion-li-item\" style=\"\"><span class=\"icon-wrapper circle-no\"><i class=\"fusion-li-icon fa fa-arrow-circle-right\" aria-hidden=\"true\"><\/i><\/span><div class=\"fusion-li-item-content\">\r\n\r\n<a href=\"https:\/\/gtspower.com\/es\/products\/two-way-radios\/testimonials\/\">Testimonials<\/a>\r\n\r\n<\/div><\/li><li class=\"fusion-li-item\" style=\"\"><span class=\"icon-wrapper circle-no\"><i class=\"fusion-li-icon fa fa-arrow-circle-right\" aria-hidden=\"true\"><\/i><\/span><div class=\"fusion-li-item-content\">\r\n\r\n<a href=\"https:\/\/gtspower.com\/es\/products\/two-way-radios\/gsa-products\/\">GSA Products<\/a>\r\n\r\n<\/div><\/li><li class=\"fusion-li-item\" style=\"\"><span class=\"icon-wrapper circle-no\"><i class=\"fusion-li-icon fa fa-arrow-circle-right\" aria-hidden=\"true\"><\/i><\/span><div class=\"fusion-li-item-content\">\r\n\r\n<a href=\"https:\/\/gtspower.com\/es\/products\/two-way-radios\/intrinsically-safe\/\">Intrinsically Safe<\/a>\r\n\r\n<\/div><\/li><li class=\"fusion-li-item\" style=\"\"><span class=\"icon-wrapper circle-no\"><i class=\"fusion-li-icon fa fa-arrow-circle-right\" aria-hidden=\"true\"><\/i><\/span><div class=\"fusion-li-item-content\">\r\n\r\n<a href=\"https:\/\/gtspower.com\/es\/products\/two-way-radios\/universal-chargers\/\">Universal Chargers<\/a>\r\n\r\n<\/div><\/li><\/ul><\/div>\n\t\t<\/div><div id=\"search-4\" class=\"widget widget_search\"><div class=\"heading\"><h4 class=\"widget-title\">Search<\/h4><\/div>\t\t<form role=\"search\" class=\"searchform fusion-search-form  fusion-search-form-classic\" method=\"get\" action=\"https:\/\/gtspower.com\/es\/\">\n\t\t\t<div class=\"fusion-search-form-content\">\n\n\t\t\t\t\n\t\t\t\t<div class=\"fusion-search-field search-field\">\n\t\t\t\t\t<label><span class=\"screen-reader-text\">Search for:<\/span>\n\t\t\t\t\t\t\t\t\t\t\t\t\t<input type=\"search\" value=\"\" name=\"s\" class=\"s\" placeholder=\"Search...\" required aria-required=\"true\" aria-label=\"Search...\"\/>\n\t\t\t\t\t\t\t\t\t\t\t<\/label>\n\t\t\t\t<\/div>\n\t\t\t\t<div class=\"fusion-search-button search-button\">\n\t\t\t\t\t<input type=\"submit\" class=\"fusion-search-submit searchsubmit\" aria-label=\"Search\" value=\"&#xf002;\" \/>\n\t\t\t\t\t\t\t\t\t<\/div>\n\n\t\t\t\t\n\t\t\t<\/div>\n\n\n\t\t\t\n\t\t<\/form>\n\t\t<\/div><div id=\"text-7\" class=\"widget widget_text\" style=\"border-style: solid;border-color:transparent;border-width:0px;\">\t\t\t<div class=\"textwidget\"><div class=\"brands-list buy\">\r\n<div class=\"buy-holder\">\r\n<div class=\"brand-logo\"><a href=\"https:\/\/gtspower.com\/es\/products\/brands\/motorola\/\"><img decoding=\"async\" src=\"https:\/\/www.gtspower.com\/wp-content\/uploads\/products\/logos\/Motorola-logo.png\" alt=\"\" width=\"100px\" \/><\/a><\/div>\r\n<div class=\"brand-logo\"><a href=\"https:\/\/gtspower.com\/es\/products\/brands\/eads\/\"><img decoding=\"async\" src=\"https:\/\/www.gtspower.com\/wp-content\/uploads\/products\/logos\/EADS-GIF-12-02-17.gif\" alt=\"\" \/><\/a><\/div>\r\n<div class=\"brand-logo\"><a href=\"https:\/\/gtspower.com\/es\/products\/brands\/harris\/\"><img decoding=\"async\" src=\"https:\/\/www.gtspower.com\/wp-content\/uploads\/products\/logos\/L3Harris_Technologies-Logo.wine_.png\" alt=\"\" width=\"100px\" \/><\/a><\/div>\r\n<div class=\"brand-logo\"><a href=\"https:\/\/gtspower.com\/es\/products\/brands\/kenwood\/\"><img decoding=\"async\" src=\"https:\/\/www.gtspower.com\/wp-content\/uploads\/products\/logos\/Kenwood-GIF-12-02-17.gif\" alt=\"\" \/><\/a><\/div>\r\n<div class=\"brand-logo\"><a href=\"https:\/\/gtspower.com\/es\/products\/brands\/relm\/\"><img decoding=\"async\" src=\"https:\/\/www.gtspower.com\/wp-content\/uploads\/products\/logos\/Relm-GIF-12-02-17.gif\" alt=\"\" \/><\/a><\/div>\r\n<div class=\"brand-logo\"><\/div>\r\n<\/div>\r\n<\/div>\r\n&nbsp;\r\n<p style=\"font-size: 10px;\">Trademarks, logos, symbols, product names, etc. are the property of their respective owners. Original part numbers are provided to assist in determining compatibility only.<\/p><\/div>\n\t\t<\/div><div class=\"fusion-additional-widget-content\"><\/div><\/div><div class=\"fusion-clearfix\"><\/div><\/div><\/div><\/div><\/div>\n","protected":false},"excerpt":{"rendered":"","protected":false},"author":1,"featured_media":0,"parent":5492,"menu_order":0,"comment_status":"closed","ping_status":"closed","template":"","meta":{"footnotes":""},"class_list":["post-5517","page","type-page","status-publish","hentry"],"_links":{"self":[{"href":"https:\/\/gtspower.com\/es\/wp-json\/wp\/v2\/pages\/5517","targetHints":{"allow":["GET"]}}],"collection":[{"href":"https:\/\/gtspower.com\/es\/wp-json\/wp\/v2\/pages"}],"about":[{"href":"https:\/\/gtspower.com\/es\/wp-json\/wp\/v2\/types\/page"}],"author":[{"embeddable":true,"href":"https:\/\/gtspower.com\/es\/wp-json\/wp\/v2\/users\/1"}],"replies":[{"embeddable":true,"href":"https:\/\/gtspower.com\/es\/wp-json\/wp\/v2\/comments?post=5517"}],"version-history":[{"count":1,"href":"https:\/\/gtspower.com\/es\/wp-json\/wp\/v2\/pages\/5517\/revisions"}],"predecessor-version":[{"id":5537,"href":"https:\/\/gtspower.com\/es\/wp-json\/wp\/v2\/pages\/5517\/revisions\/5537"}],"up":[{"embeddable":true,"href":"https:\/\/gtspower.com\/es\/wp-json\/wp\/v2\/pages\/5492"}],"wp:attachment":[{"href":"https:\/\/gtspower.com\/es\/wp-json\/wp\/v2\/media?parent=5517"}],"curies":[{"name":"wp","href":"https:\/\/api.w.org\/{rel}","templated":true}]}}