{"id":5515,"date":"2017-12-17T15:31:08","date_gmt":"2017-12-17T15:31:08","guid":{"rendered":"http:\/\/gtspower.online\/?page_id=5515"},"modified":"2021-03-16T16:36:31","modified_gmt":"2021-03-16T20:36:31","slug":"eocc","status":"publish","type":"page","link":"https:\/\/gtspower.com\/es\/productos\/radios-bidireccionales\/eocc\/","title":{"rendered":"EOCC"},"content":{"rendered":"<p><div class=\"fusion-fullwidth fullwidth-box fusion-builder-row-1 fusion-parallax-none nonhundred-percent-fullwidth non-hundred-percent-height-scrolling\" style=\"--awb-border-radius-top-left:0px;--awb-border-radius-top-right:0px;--awb-border-radius-bottom-right:0px;--awb-border-radius-bottom-left:0px;--awb-padding-top:12%;--awb-padding-bottom:12%;--awb-background-image:url(&quot;https:\/\/www.gtspower.com\/wp-content\/uploads\/images\/ambulance-bay.jpg&quot;);--awb-background-size:cover;--awb-flex-wrap:wrap;\" ><div class=\"fusion-builder-row fusion-row\"><div class=\"fusion-layout-column fusion_builder_column fusion-builder-column-0 fusion_builder_column_1_1 1_1 fusion-one-full fusion-column-first fusion-column-last\" style=\"--awb-bg-size:cover;\"><div class=\"fusion-column-wrapper fusion-flex-column-wrapper-legacy\"><div class=\"fusion-clearfix\"><\/div><\/div><\/div><\/div><\/div><div class=\"fusion-fullwidth fullwidth-box fusion-builder-row-2 nonhundred-percent-fullwidth non-hundred-percent-height-scrolling\" style=\"--awb-border-radius-top-left:0px;--awb-border-radius-top-right:0px;--awb-border-radius-bottom-right:0px;--awb-border-radius-bottom-left:0px;--awb-padding-top:20px;--awb-padding-bottom:0px;--awb-flex-wrap:wrap;\" ><div class=\"fusion-builder-row fusion-row\"><div class=\"fusion-layout-column fusion_builder_column fusion-builder-column-1 fusion_builder_column_1_1 1_1 fusion-one-full fusion-column-first fusion-column-last\" style=\"--awb-bg-size:cover;\"><div class=\"fusion-column-wrapper fusion-flex-column-wrapper-legacy\"><div class=\"fusion-title title fusion-title-1 fusion-title-text fusion-title-size-one\" style=\"--awb-margin-top-small:10px;--awb-margin-right-small:0px;--awb-margin-bottom-small:10px;--awb-margin-left-small:0px;\"><h1 class=\"fusion-title-heading title-heading-left fusion-responsive-typography-calculated\" style=\"margin:0;--fontSize:34;line-height:1.4;\"><p>Funda de carga para operaciones de emergencia (EOCC) de GTS<\/p>\n<div id=\"content\"><\/div><\/h1><span class=\"awb-title-spacer\"><\/span><div class=\"title-sep-container\"><div class=\"title-sep sep-double sep-solid\" style=\"border-color:#e0dede;\"><\/div><\/div><\/div><div class=\"fusion-clearfix\"><\/div><\/div><\/div><\/div><\/div><div class=\"fusion-fullwidth fullwidth-box fusion-builder-row-3 nonhundred-percent-fullwidth non-hundred-percent-height-scrolling\" style=\"--awb-border-radius-top-left:0px;--awb-border-radius-top-right:0px;--awb-border-radius-bottom-right:0px;--awb-border-radius-bottom-left:0px;--awb-padding-top:20px;--awb-padding-bottom:20px;--awb-flex-wrap:wrap;\" ><div class=\"fusion-builder-row fusion-row\"><div class=\"fusion-layout-column fusion_builder_column fusion-builder-column-2 fusion_builder_column_1_2 1_2 fusion-one-half fusion-column-first\" style=\"--awb-bg-size:cover;width:50%;width:calc(50% - ( ( 4% + 4% ) * 0.5 ) );margin-right: 4%;\"><div class=\"fusion-column-wrapper fusion-flex-column-wrapper-legacy\"><div class=\"fusion-text fusion-text-1\"><h3>La funda de carga para operaciones de emergencia (EOCC) fue dise\u00f1ada para ofrecer energ\u00eda m\u00f3vil para el personal de campo de forma r\u00e1pida y eficiente, utilizando toda la energ\u00eda disponible.<\/h3>\n<p><b>Ideal para polic\u00edas, bomberos, t\u00e9cnicos de emergencias m\u00e9dicas y militares.<\/b><\/p>\n<ul>\n<li>Dise\u00f1ado con opci\u00f3n de carga CA\/CD y cable esclavo opcional seg\u00fan las normas de la OTAN<\/li>\n<li>Carga simultaneamente 18 radios bidireccionales<\/li>\n<li>Puede cargar bater\u00edas de distintas quimicas en una misma carga<\/li>\n<li>Funda externa Pelican\u00ae :<br \/>\n&#8211; Cumple con la norma MIL-STD 810G de m\u00e1xima durabilidad y resistencia al choque<br \/>\n&#8211; Conforme a la norma IP66 de la Marina para una inmunidad casi total contra los efectos del polvo, arena y agua<\/li>\n<\/ul>\n<\/div><div class=\"fusion-text fusion-text-2\"><p>La EOCC funciona en radios:<\/p>\n<ul>\n<li><a href=\"https:\/\/gtspower.com\/?page_id=7268\">Motorola<\/a><a href=\"https:\/\/gtspower.com\/products\/two-way-radios\/batteries\/h8610-lip41\/\">\u00ae<\/a><a href=\"https:\/\/gtspower.com\/?page_id=7268\">\u00a0APX 6000 \/ 7000 \/ 8000<\/a><\/li>\n<li><a href=\"https:\/\/gtspower.com\/products\/two-way-radios\/batteries\/h8610-lip41\/\">Motorola<\/a><a href=\"https:\/\/gtspower.com\/products\/two-way-radios\/batteries\/h8610-lip41\/\">\u00ae<\/a><a href=\"https:\/\/gtspower.com\/products\/two-way-radios\/batteries\/h8610-lip41\/\">\u00a0XTS5000<\/a><\/li>\n<li><a href=\"\/?page_id=1650\">Motorola<\/a><a href=\"\/?page_id=1650\">\u00ae\u00a0XTS2500<\/a><\/li>\n<li><a href=\"https:\/\/gtspower.com\/products\/two-way-radios\/batteries\/hma2104-lip\/\">Harris P7100 \/ P7200<\/a><\/li>\n<li><a href=\"https:\/\/gtspower.com\/products\/two-way-radios\/batteries\/hnpa9-lip\/\">Harris P7300 \/ XG75<\/a><\/li>\n<\/ul>\n<\/div><div class=\"fusion-clearfix\"><\/div><\/div><\/div><div class=\"fusion-layout-column fusion_builder_column fusion-builder-column-3 fusion_builder_column_1_4 1_4 fusion-one-fourth\" style=\"--awb-bg-size:cover;width:25%;width:calc(25% - ( ( 4% + 4% ) * 0.25 ) );margin-right: 4%;\"><div class=\"fusion-column-wrapper fusion-flex-column-wrapper-legacy\"><div class=\"fusion-text fusion-text-3\"><p><img decoding=\"async\" class=\"aligncenter size-full wp-image-1460\" src=\"https:\/\/www.gtspower.com\/wp-content\/uploads\/images\/EOCC-with-award.jpg\" alt=\"\" width=\"1178\" height=\"1376\" srcset=\"https:\/\/gtspower.com\/wp-content\/uploads\/images\/EOCC-with-award-200x234.jpg 200w, https:\/\/gtspower.com\/wp-content\/uploads\/images\/EOCC-with-award-257x300.jpg 257w, https:\/\/gtspower.com\/wp-content\/uploads\/images\/EOCC-with-award-400x467.jpg 400w, https:\/\/gtspower.com\/wp-content\/uploads\/images\/EOCC-with-award-600x701.jpg 600w, https:\/\/gtspower.com\/wp-content\/uploads\/images\/EOCC-with-award-768x897.jpg 768w, https:\/\/gtspower.com\/wp-content\/uploads\/images\/EOCC-with-award-800x934.jpg 800w, https:\/\/gtspower.com\/wp-content\/uploads\/images\/EOCC-with-award-877x1024.jpg 877w, https:\/\/gtspower.com\/wp-content\/uploads\/images\/EOCC-with-award.jpg 1178w\" sizes=\"(max-width: 1178px) 100vw, 1178px\" \/><\/p>\n<\/div><div class=\"fusion-text fusion-text-4\"><h2><a href=\"https:\/\/gtspower.com\/requestinfo\/eocc\/\" target=\"_blank\" rel=\"noopener noreferrer\"><i class=\"fb-icon-element-1 fb-icon-element fontawesome-icon fa fa-hand-o-right circle-yes fusion-text-flow\" style=\"--awb-circlecolor:red;--awb-circlecolor-hover:red;--awb-circlebordercolor:red;--awb-circlebordercolor-hover:red;--awb-circlebordersize:1px;--awb-font-size:14.08px;--awb-width:28.16px;--awb-height:28.16px;--awb-line-height:26.16px;--awb-margin-right:8px;\"><\/i> Conoce m\u00e1s sobre las ventajas de la EOCC<\/a><\/h2>\n<\/div><div class=\"fusion-clearfix\"><\/div><\/div><\/div><div class=\"fusion-layout-column fusion_builder_column fusion-builder-column-4 fusion_builder_column_1_4 1_4 fusion-one-fourth fusion-column-last\" style=\"--awb-bg-size:cover;width:25%;width:calc(25% - ( ( 4% + 4% ) * 0.25 ) );\"><div class=\"fusion-column-wrapper fusion-flex-column-wrapper-legacy\"><div class=\"fusion-widget-area awb-widget-area-element fusion-widget-area-1 fusion-content-widget-area\" style=\"--awb-title-size:16px;--awb-title-color:#ed1c24;--awb-padding:0px 0px 0px 0px;\"><div id=\"text-6\" class=\"widget widget_text\">\t\t\t<div class=\"textwidget\"><div class=\"fusion-sep-clear\"><\/div><div class=\"fusion-separator fusion-full-width-sep\" style=\"margin-left: auto;margin-right: auto;margin-top:10px;margin-bottom:10px;width:100%;\"><\/div><div class=\"fusion-sep-clear\"><\/div><ul style=\"--awb-size:13px;--awb-iconcolor:#ed1c24;--awb-line-height:22.1px;--awb-icon-width:22.1px;--awb-icon-height:22.1px;--awb-icon-margin:9.1px;--awb-content-margin:31.2px;\" class=\"fusion-checklist fusion-checklist-1 fusion-checklist-default type-icons\"><li class=\"fusion-li-item\" style=\"\"><span class=\"icon-wrapper circle-no\"><i class=\"fusion-li-icon fa fa-arrow-circle-right\" aria-hidden=\"true\"><\/i><\/span><div class=\"fusion-li-item-content\">\r\n\r\n<a href=\"https:\/\/gtspower.com\/es\/products\/two-way-radios\/neocell\/\">NEOCELL\u00ae<\/a>\r\n\r\n<\/div><\/li><li class=\"fusion-li-item\" style=\"\"><span class=\"icon-wrapper circle-no\"><i class=\"fusion-li-icon fa fa-arrow-circle-right\" aria-hidden=\"true\"><\/i><\/span><div class=\"fusion-li-item-content\">\r\n\r\n<a href=\"https:\/\/gtspower.com\/es\/products\/two-way-radios\/eocc\/\">EOCCLT<\/a>\r\n\r\n<\/div><\/li><li class=\"fusion-li-item\" style=\"\"><span class=\"icon-wrapper circle-no\"><i class=\"fusion-li-icon fa fa-arrow-circle-right\" aria-hidden=\"true\"><\/i><\/span><div class=\"fusion-li-item-content\">\r\n\r\n<a href=\"https:\/\/gtspower.com\/es\/products\/two-way-radios\/testimonials\/\">Testimonials<\/a>\r\n\r\n<\/div><\/li><li class=\"fusion-li-item\" style=\"\"><span class=\"icon-wrapper circle-no\"><i class=\"fusion-li-icon fa fa-arrow-circle-right\" aria-hidden=\"true\"><\/i><\/span><div class=\"fusion-li-item-content\">\r\n\r\n<a href=\"https:\/\/gtspower.com\/es\/products\/two-way-radios\/gsa-products\/\">GSA Products<\/a>\r\n\r\n<\/div><\/li><li class=\"fusion-li-item\" style=\"\"><span class=\"icon-wrapper circle-no\"><i class=\"fusion-li-icon fa fa-arrow-circle-right\" aria-hidden=\"true\"><\/i><\/span><div class=\"fusion-li-item-content\">\r\n\r\n<a href=\"https:\/\/gtspower.com\/es\/products\/two-way-radios\/intrinsically-safe\/\">Intrinsically Safe<\/a>\r\n\r\n<\/div><\/li><li class=\"fusion-li-item\" style=\"\"><span class=\"icon-wrapper circle-no\"><i class=\"fusion-li-icon fa fa-arrow-circle-right\" aria-hidden=\"true\"><\/i><\/span><div class=\"fusion-li-item-content\">\r\n\r\n<a href=\"https:\/\/gtspower.com\/es\/products\/two-way-radios\/universal-chargers\/\">Universal Chargers<\/a>\r\n\r\n<\/div><\/li><\/ul><\/div>\n\t\t<\/div><div id=\"search-4\" class=\"widget widget_search\"><div class=\"heading\"><h4 class=\"widget-title\">Search<\/h4><\/div>\t\t<form role=\"search\" class=\"searchform fusion-search-form  fusion-search-form-classic\" method=\"get\" action=\"https:\/\/gtspower.com\/es\/\">\n\t\t\t<div class=\"fusion-search-form-content\">\n\n\t\t\t\t\n\t\t\t\t<div class=\"fusion-search-field search-field\">\n\t\t\t\t\t<label><span class=\"screen-reader-text\">Search for:<\/span>\n\t\t\t\t\t\t\t\t\t\t\t\t\t<input type=\"search\" value=\"\" name=\"s\" class=\"s\" placeholder=\"Search...\" required aria-required=\"true\" aria-label=\"Search...\"\/>\n\t\t\t\t\t\t\t\t\t\t\t<\/label>\n\t\t\t\t<\/div>\n\t\t\t\t<div class=\"fusion-search-button search-button\">\n\t\t\t\t\t<input type=\"submit\" class=\"fusion-search-submit searchsubmit\" aria-label=\"Search\" value=\"&#xf002;\" \/>\n\t\t\t\t\t\t\t\t\t<\/div>\n\n\t\t\t\t\n\t\t\t<\/div>\n\n\n\t\t\t\n\t\t<\/form>\n\t\t<\/div><div id=\"text-7\" class=\"widget widget_text\" style=\"border-style: solid;border-color:transparent;border-width:0px;\">\t\t\t<div class=\"textwidget\"><div class=\"brands-list buy\">\r\n<div class=\"buy-holder\">\r\n<div class=\"brand-logo\"><a href=\"https:\/\/gtspower.com\/es\/products\/brands\/motorola\/\"><img decoding=\"async\" src=\"https:\/\/www.gtspower.com\/wp-content\/uploads\/products\/logos\/Motorola-logo.png\" alt=\"\" width=\"100px\" \/><\/a><\/div>\r\n<div class=\"brand-logo\"><a href=\"https:\/\/gtspower.com\/es\/products\/brands\/eads\/\"><img decoding=\"async\" src=\"https:\/\/www.gtspower.com\/wp-content\/uploads\/products\/logos\/EADS-GIF-12-02-17.gif\" alt=\"\" \/><\/a><\/div>\r\n<div class=\"brand-logo\"><a href=\"https:\/\/gtspower.com\/es\/products\/brands\/harris\/\"><img decoding=\"async\" src=\"https:\/\/www.gtspower.com\/wp-content\/uploads\/products\/logos\/L3Harris_Technologies-Logo.wine_.png\" alt=\"\" width=\"100px\" \/><\/a><\/div>\r\n<div class=\"brand-logo\"><a href=\"https:\/\/gtspower.com\/es\/products\/brands\/kenwood\/\"><img decoding=\"async\" src=\"https:\/\/www.gtspower.com\/wp-content\/uploads\/products\/logos\/Kenwood-GIF-12-02-17.gif\" alt=\"\" \/><\/a><\/div>\r\n<div class=\"brand-logo\"><a href=\"https:\/\/gtspower.com\/es\/products\/brands\/relm\/\"><img decoding=\"async\" src=\"https:\/\/www.gtspower.com\/wp-content\/uploads\/products\/logos\/Relm-GIF-12-02-17.gif\" alt=\"\" \/><\/a><\/div>\r\n<div class=\"brand-logo\"><\/div>\r\n<\/div>\r\n<\/div>\r\n&nbsp;\r\n<p style=\"font-size: 10px;\">Trademarks, logos, symbols, product names, etc. are the property of their respective owners. Original part numbers are provided to assist in determining compatibility only.<\/p><\/div>\n\t\t<\/div><div class=\"fusion-additional-widget-content\"><\/div><\/div><div class=\"fusion-clearfix\"><\/div><\/div><\/div><\/div><\/div><div class=\"fusion-fullwidth fullwidth-box fusion-builder-row-4 fusion-parallax-fixed nonhundred-percent-fullwidth non-hundred-percent-height-scrolling\" style=\"--awb-background-repeat:repeat;--awb-border-radius-top-left:0px;--awb-border-radius-top-right:0px;--awb-border-radius-bottom-right:0px;--awb-border-radius-bottom-left:0px;--awb-padding-top:40px;--awb-padding-right:70px;--awb-padding-bottom:40px;--awb-padding-left:70px;--awb-background-color:#d6d6d6;--awb-background-image:url(&quot;https:\/\/www.gtspower.com\/wp-content\/uploads\/patterns\/grey_wash_wall.png&quot;);--awb-flex-wrap:wrap;background-attachment:fixed;\" ><div class=\"fusion-builder-row fusion-row\"><div class=\"fusion-layout-column fusion_builder_column fusion-builder-column-5 fusion_builder_column_1_1 1_1 fusion-one-full fusion-column-first fusion-column-last\" style=\"--awb-bg-size:cover;\"><div class=\"fusion-column-wrapper fusion-flex-column-wrapper-legacy\"><div class=\"fusion-text fusion-text-5\"><p><img decoding=\"async\" class=\"aligncenter size-full wp-image-1461\" src=\"https:\/\/www.gtspower.com\/wp-content\/uploads\/graphics\/EOCC-Benefit-Table.jpg\" alt=\"\" width=\"3198\" height=\"1154\" srcset=\"https:\/\/gtspower.com\/wp-content\/uploads\/graphics\/EOCC-Benefit-Table-200x72.jpg 200w, https:\/\/gtspower.com\/wp-content\/uploads\/graphics\/EOCC-Benefit-Table-300x108.jpg 300w, https:\/\/gtspower.com\/wp-content\/uploads\/graphics\/EOCC-Benefit-Table-400x144.jpg 400w, https:\/\/gtspower.com\/wp-content\/uploads\/graphics\/EOCC-Benefit-Table-600x217.jpg 600w, https:\/\/gtspower.com\/wp-content\/uploads\/graphics\/EOCC-Benefit-Table-768x277.jpg 768w, https:\/\/gtspower.com\/wp-content\/uploads\/graphics\/EOCC-Benefit-Table-800x289.jpg 800w, https:\/\/gtspower.com\/wp-content\/uploads\/graphics\/EOCC-Benefit-Table-1024x370.jpg 1024w, https:\/\/gtspower.com\/wp-content\/uploads\/graphics\/EOCC-Benefit-Table.jpg 1200w\" sizes=\"(max-width: 3198px) 100vw, 3198px\" \/><\/p>\n<\/div><div class=\"fusion-clearfix\"><\/div><\/div><\/div><\/div><\/div><\/p>\n","protected":false},"excerpt":{"rendered":"","protected":false},"author":1,"featured_media":0,"parent":5492,"menu_order":0,"comment_status":"closed","ping_status":"closed","template":"100-width.php","meta":{"footnotes":""},"class_list":["post-5515","page","type-page","status-publish","hentry"],"_links":{"self":[{"href":"https:\/\/gtspower.com\/es\/wp-json\/wp\/v2\/pages\/5515","targetHints":{"allow":["GET"]}}],"collection":[{"href":"https:\/\/gtspower.com\/es\/wp-json\/wp\/v2\/pages"}],"about":[{"href":"https:\/\/gtspower.com\/es\/wp-json\/wp\/v2\/types\/page"}],"author":[{"embeddable":true,"href":"https:\/\/gtspower.com\/es\/wp-json\/wp\/v2\/users\/1"}],"replies":[{"embeddable":true,"href":"https:\/\/gtspower.com\/es\/wp-json\/wp\/v2\/comments?post=5515"}],"version-history":[{"count":4,"href":"https:\/\/gtspower.com\/es\/wp-json\/wp\/v2\/pages\/5515\/revisions"}],"predecessor-version":[{"id":121946,"href":"https:\/\/gtspower.com\/es\/wp-json\/wp\/v2\/pages\/5515\/revisions\/121946"}],"up":[{"embeddable":true,"href":"https:\/\/gtspower.com\/es\/wp-json\/wp\/v2\/pages\/5492"}],"wp:attachment":[{"href":"https:\/\/gtspower.com\/es\/wp-json\/wp\/v2\/media?parent=5515"}],"curies":[{"name":"wp","href":"https:\/\/api.w.org\/{rel}","templated":true}]}}