{"id":5510,"date":"2017-12-17T15:02:58","date_gmt":"2017-12-17T15:02:58","guid":{"rendered":"http:\/\/gtspower.online\/?page_id=5510"},"modified":"2018-01-15T19:25:35","modified_gmt":"2018-01-15T19:25:35","slug":"neocell","status":"publish","type":"page","link":"https:\/\/gtspower.com\/es\/productos\/radios-bidireccionales\/neocell\/","title":{"rendered":"Neocell"},"content":{"rendered":"<p><div class=\"fusion-fullwidth fullwidth-box fusion-builder-row-1 fusion-parallax-none nonhundred-percent-fullwidth non-hundred-percent-height-scrolling\" style=\"--awb-border-radius-top-left:0px;--awb-border-radius-top-right:0px;--awb-border-radius-bottom-right:0px;--awb-border-radius-bottom-left:0px;--awb-padding-top:12%;--awb-padding-right:0px;--awb-padding-bottom:12%;--awb-padding-left:0px;--awb-margin-top:0px;--awb-margin-bottom:0px;--awb-background-color:#efeff1;--awb-background-image:url(&quot;https:\/\/www.gtspower.com\/wp-content\/uploads\/images\/Police-officer-with-radio-car-crash.jpg&quot;);--awb-background-size:cover;--awb-flex-wrap:wrap;\" ><div class=\"fusion-builder-row fusion-row\"><div class=\"fusion-layout-column fusion_builder_column fusion-builder-column-0 fusion_builder_column_1_1 1_1 fusion-one-full fusion-column-first fusion-column-last\" style=\"--awb-bg-size:cover;\"><div class=\"fusion-column-wrapper fusion-flex-column-wrapper-legacy\"><div class=\"fusion-clearfix\"><\/div><\/div><\/div><\/div><\/div><div class=\"fusion-fullwidth fullwidth-box fusion-builder-row-2 nonhundred-percent-fullwidth non-hundred-percent-height-scrolling\" style=\"--awb-border-radius-top-left:0px;--awb-border-radius-top-right:0px;--awb-border-radius-bottom-right:0px;--awb-border-radius-bottom-left:0px;--awb-padding-top:20px;--awb-padding-bottom:0px;--awb-flex-wrap:wrap;\" ><div class=\"fusion-builder-row fusion-row\"><div class=\"fusion-layout-column fusion_builder_column fusion-builder-column-1 fusion_builder_column_1_1 1_1 fusion-one-full fusion-column-first fusion-column-last\" style=\"--awb-bg-size:cover;\"><div class=\"fusion-column-wrapper fusion-flex-column-wrapper-legacy\"><div class=\"fusion-title title fusion-title-1 fusion-title-text fusion-title-size-one\" style=\"--awb-margin-top-small:10px;--awb-margin-right-small:0px;--awb-margin-bottom-small:10px;--awb-margin-left-small:0px;\"><h1 class=\"fusion-title-heading title-heading-left fusion-responsive-typography-calculated\" style=\"margin:0;--fontSize:34;line-height:1.4;\">Tecnolog\u00eda NEOCELL de GTS<sup>\u00a0<\/sup><\/h1><span class=\"awb-title-spacer\"><\/span><div class=\"title-sep-container\"><div class=\"title-sep sep-double sep-solid\" style=\"border-color:#e0dede;\"><\/div><\/div><\/div><div class=\"fusion-clearfix\"><\/div><\/div><\/div><\/div><\/div><div class=\"fusion-fullwidth fullwidth-box fusion-builder-row-3 nonhundred-percent-fullwidth non-hundred-percent-height-scrolling\" style=\"--awb-border-radius-top-left:0px;--awb-border-radius-top-right:0px;--awb-border-radius-bottom-right:0px;--awb-border-radius-bottom-left:0px;--awb-padding-top:0px;--awb-padding-right:20px;--awb-padding-bottom:20px;--awb-padding-left:60px;--awb-flex-wrap:wrap;\" ><div class=\"fusion-builder-row fusion-row\"><div class=\"fusion-layout-column fusion_builder_column fusion-builder-column-2 fusion_builder_column_4_5 4_5 fusion-four-fifth fusion-column-first\" style=\"--awb-bg-size:cover;width:80%;width:calc(80% - ( ( 4% ) * 0.8 ) );margin-right: 4%;\"><div class=\"fusion-column-wrapper fusion-flex-column-wrapper-legacy\"><div class=\"fusion-text fusion-text-1\"><h3>Las bater\u00edas de Pol\u00edmero de Litio NEOCELL<sup>\u00ae<\/sup>\u00a0est\u00e1n dise\u00f1adas para ofrecerle a los usuarios energ\u00eda fiable y a largo plazo en los entornos industriales y de seguridad p\u00fablica m\u00e1s duros. Est\u00e1 comprobado que NEOCELL superar\u00e1 el desempe\u00f1o de otras qu\u00edmicas de bater\u00edas.<\/h3>\n<p>Las bater\u00edas de Pol\u00edmero de Litio NEOCELL ofrecen:\u00a0<img decoding=\"async\" class=\"alignright wp-image-658 size-medium\" src=\"https:\/\/www.gtspower.com\/wp-content\/uploads\/products\/H8610-LiP41-453x309-300x205.png\" alt=\"neocell battery\" width=\"300\" height=\"205\" srcset=\"https:\/\/gtspower.com\/wp-content\/uploads\/products\/H8610-LiP41-453x309-200x136.png 200w, https:\/\/gtspower.com\/wp-content\/uploads\/products\/H8610-LiP41-453x309-300x205.png 300w, https:\/\/gtspower.com\/wp-content\/uploads\/products\/H8610-LiP41-453x309-400x273.png 400w, https:\/\/gtspower.com\/wp-content\/uploads\/products\/H8610-LiP41-453x309.png 453w\" sizes=\"(max-width: 300px) 100vw, 300px\" \/><\/p>\n<ul>\n<li>Mayor vida \u00fatil<\/li>\n<li>Mayor tiempo de funcionamiento<\/li>\n<li>Menor peso<\/li>\n<li>Mayor tolerancia a la temperatura<\/li>\n<li>Mayor seguridad en la qu\u00edmica de la bater\u00eda<\/li>\n<li>Menor tasa de autodescarga<\/li>\n<li>Garant\u00eda l\u00edder en el mercado<\/li>\n<\/ul>\n<p><div class=\"fusion-button-wrapper fusion-alignleft\"><a class=\"fusion-button button-flat button-large button-default fusion-button-default button-1 fusion-button-default-span fusion-button-default-type\" target=\"_self\" href=\"https:\/\/www.gtspower.com\/wp-content\/uploads\/pdf\/Testimonial-with-Advantages-of-Li-Poly-Sell-Sheet-13-07-17-US.pdf\"><span class=\"fusion-button-icon-divider button-icon-divider-left\"><i class=\" fa fa-file-text-o awb-button__icon awb-button__icon--default\" aria-hidden=\"true\"><\/i><\/span><span class=\"fusion-button-text awb-button__text awb-button__text--default fusion-button-text-left\">Advantages of Neocell<\/span><\/a><\/div> \u00a0 \u00a0<div class=\"fusion-button-wrapper\"><a class=\"fusion-button button-flat button-large button-default fusion-button-default button-2 fusion-button-default-span fusion-button-default-type\" target=\"_self\" href=\"https:\/\/www.gtspower.com\/products\/two-way-radios\/neocell-products\"><span class=\"fusion-button-icon-divider button-icon-divider-left\"><i class=\" fa fa-battery-full awb-button__icon awb-button__icon--default\" aria-hidden=\"true\"><\/i><\/span><span class=\"fusion-button-text awb-button__text awb-button__text--default fusion-button-text-left\">all neocell products<\/span><\/a><\/div><\/p>\n<\/div><div class=\"fusion-clearfix\"><\/div><\/div><\/div><div class=\"fusion-layout-column fusion_builder_column fusion-builder-column-3 fusion_builder_column_1_5 1_5 fusion-one-fifth fusion-column-last\" style=\"--awb-bg-size:cover;width:20%;width:calc(20% - ( ( 4% ) * 0.2 ) );\"><div class=\"fusion-column-wrapper fusion-flex-column-wrapper-legacy\"><ul style=\"--awb-size:13px;--awb-iconcolor:#ed1c24;--awb-line-height:22.1px;--awb-icon-width:22.1px;--awb-icon-height:22.1px;--awb-icon-margin:9.1px;--awb-content-margin:31.2px;\" class=\"fusion-checklist fusion-checklist-1 fusion-checklist-default type-icons\"><li class=\"fusion-li-item\" style=\"\"><span class=\"icon-wrapper circle-no\"><i class=\"fusion-li-icon fa fa-arrow-circle-right\" aria-hidden=\"true\"><\/i><\/span><div class=\"fusion-li-item-content\">\n<p><a href=\"https:\/\/www.gtspower.com\/es\/productos\/radios-bidireccionales\/neocell\/\">NEOCELL\u00ae<\/a><\/p>\n<\/div><\/li><li class=\"fusion-li-item\" style=\"\"><span class=\"icon-wrapper circle-no\"><i class=\"fusion-li-icon fa fa-arrow-circle-right\" aria-hidden=\"true\"><\/i><\/span><div class=\"fusion-li-item-content\">\n<p><a href=\"https:\/\/www.gtspower.com\/es\/productos\/radios-bidireccionales\/eocc\/\">EOCC<\/a><\/p>\n<\/div><\/li><li class=\"fusion-li-item\" style=\"\"><span class=\"icon-wrapper circle-no\"><i class=\"fusion-li-icon fa fa-arrow-circle-right\" aria-hidden=\"true\"><\/i><\/span><div class=\"fusion-li-item-content\">\n<p><a href=\"https:\/\/www.gtspower.com\/es\/productos\/radios-bidireccionales\/testimonios\/\">Testimonios<\/a><\/p>\n<\/div><\/li><li class=\"fusion-li-item\" style=\"\"><span class=\"icon-wrapper circle-no\"><i class=\"fusion-li-icon fa fa-arrow-circle-right\" aria-hidden=\"true\"><\/i><\/span><div class=\"fusion-li-item-content\"><a href=\"https:\/\/www.gtspower.com\/es\/productos\/radios-bidireccionales\/intrinsecamente-seguros\/\">Intr\u00ednsecamente Seguros<\/a><\/div><\/li><li class=\"fusion-li-item\" style=\"\"><span class=\"icon-wrapper circle-no\"><i class=\"fusion-li-icon fa fa-arrow-circle-right\" aria-hidden=\"true\"><\/i><\/span><div class=\"fusion-li-item-content\">\n<div id=\"text-6\" class=\"widget widget_text\">\n<div class=\"textwidget\">\n<div class=\"fusion-li-item-content\"><a href=\"https:\/\/www.gtspower.com\/es\/productos\/radios-bidireccionales\/cargadores-universales\/\">Cargadores Universales<\/a><\/div>\n<\/div>\n<\/div>\n<\/div><\/li><\/ul><div class=\"fusion-clearfix\"><\/div><\/div><\/div><div class=\"fusion-layout-column fusion_builder_column fusion-builder-column-4 fusion_builder_column_1_1 1_1 fusion-one-full fusion-column-first fusion-column-last\" style=\"--awb-bg-size:cover;--awb-margin-top:20px;--awb-margin-bottom:10px;\"><div class=\"fusion-column-wrapper fusion-flex-column-wrapper-legacy\"><div class=\"fusion-sep-clear\"><\/div><div class=\"fusion-separator fusion-full-width-sep\" style=\"margin-left: auto;margin-right: auto;margin-top:15px;margin-bottom:15px;width:100%;\"><\/div><div class=\"fusion-sep-clear\"><\/div><div class=\"fusion-section-separator section-separator triangle fusion-section-separator-1\" style=\"--awb-border-bottom:1px solid #cccccc;--awb-spacer-height:1px;--awb-svg-margin-left:0;--awb-svg-margin-right:0;--awb-icon-color:#ffffff;\"><div class=\"fusion-section-separator-svg\"><div class=\"divider-candy-arrow bottom\" style=\"top:0px;border-top-color: #f6f6f6;\"><\/div><div class=\"divider-candy bottom\" style=\"bottom:-21px;border-bottom:1px solid #cccccc;border-left:1px solid #cccccc;\"><\/div><\/div><div class=\"fusion-section-separator-spacer\"><div class=\"fusion-section-separator-spacer-height\"><\/div><\/div><\/div><div class=\"fusion-clearfix\"><\/div><\/div><\/div><\/div><\/div><div class=\"fusion-fullwidth fullwidth-box fusion-builder-row-4 nonhundred-percent-fullwidth non-hundred-percent-height-scrolling\" style=\"--awb-border-radius-top-left:0px;--awb-border-radius-top-right:0px;--awb-border-radius-bottom-right:0px;--awb-border-radius-bottom-left:0px;--awb-padding-top:30px;--awb-padding-right:60px;--awb-padding-bottom:20px;--awb-padding-left:60px;--awb-background-color:#ffffff;--awb-flex-wrap:wrap;\" ><div class=\"fusion-builder-row fusion-row\"><div class=\"fusion-layout-column fusion_builder_column fusion-builder-column-5 fusion_builder_column_1_1 1_1 fusion-one-full fusion-column-first fusion-column-last\" style=\"--awb-bg-size:cover;\"><div class=\"fusion-column-wrapper fusion-flex-column-wrapper-legacy\"><div class=\"fusion-text fusion-text-2\"><p><img decoding=\"async\" class=\"aligncenter size-full wp-image-660\" src=\"https:\/\/www.gtspower.com\/wp-content\/uploads\/neocell-logo.png\" alt=\"\" width=\"230\" height=\"50\" srcset=\"https:\/\/gtspower.com\/wp-content\/uploads\/neocell-logo-200x43.png 200w, https:\/\/gtspower.com\/wp-content\/uploads\/neocell-logo.png 230w\" sizes=\"(max-width: 230px) 100vw, 230px\" \/><\/p>\n<h3 style=\"text-align: center;\">Testimonios de los clientes<\/h3>\n<div class=\"fusion-sep-clear\"><\/div><div class=\"fusion-separator fusion-full-width-sep\" style=\"margin-left: auto;margin-right: auto;margin-bottom:20px;width:100%;\"><div class=\"fusion-separator-border sep-shadow\" style=\"--awb-height:20px;--awb-amount:20px;background:radial-gradient(ellipse at 50% -50% , #e0dede 0px, rgba(255, 255, 255, 0) 80%) repeat scroll 0 0 rgba(0, 0, 0, 0);background:-webkit-radial-gradient(ellipse at 50% -50% , #e0dede 0px, rgba(255, 255, 255, 0) 80%) repeat scroll 0 0 rgba(0, 0, 0, 0);background:-moz-radial-gradient(ellipse at 50% -50% , #e0dede 0px, rgba(255, 255, 255, 0) 80%) repeat scroll 0 0 rgba(0, 0, 0, 0);background:-o-radial-gradient(ellipse at 50% -50% , #e0dede 0px, rgba(255, 255, 255, 0) 80%) repeat scroll 0 0 rgba(0, 0, 0, 0);\"><\/div><\/div><div class=\"fusion-sep-clear\"><\/div>\n<\/div><div class=\"fusion-clearfix\"><\/div><\/div><\/div><div class=\"fusion-layout-column fusion_builder_column fusion-builder-column-6 fusion_builder_column_1_2 1_2 fusion-one-half fusion-column-first\" style=\"--awb-bg-size:cover;width:50%;width:calc(50% - ( ( 4% ) * 0.5 ) );margin-right: 4%;\"><div class=\"fusion-column-wrapper fusion-flex-column-wrapper-legacy\"><div class=\"fusion-text fusion-text-3\"><p><em><span class=\"fusion-dropcap dropcap\"><span style=\"font-family: serif;\">\u00ab<\/span><\/span><\/em><\/p>\n<p><em><span style=\"font-size: 18px; line-height: 28px:;\"><span style=\"font-size: 18px;\">\u00abEstamos muy contentos por haber elegido cambiar a las bater\u00edas\u00a0NEOCELL de GTS. Nuestros oficiales y personal de\u00a0la estaci\u00f3n de bomberos han gozado de que sus bater\u00edas duren tres veces m\u00e1s. Nuestras radios ahora funcionan por turnos extendidos de hasta 18 horas sin problemas.\u201d<\/span><\/span><\/em><\/p>\n<h4 class=\"p2\" style=\"text-align: right; color: #ed1c24;\">Shawn Taylor<br \/>\nWashoe County, NV<\/h4>\n<\/div><div class=\"fusion-clearfix\"><\/div><\/div><\/div><div class=\"fusion-layout-column fusion_builder_column fusion-builder-column-7 fusion_builder_column_1_2 1_2 fusion-one-half fusion-column-last\" style=\"--awb-bg-size:cover;width:50%;width:calc(50% - ( ( 4% ) * 0.5 ) );\"><div class=\"fusion-column-wrapper fusion-flex-column-wrapper-legacy\"><div class=\"fusion-text fusion-text-4\"><p><em><span class=\"fusion-dropcap dropcap\"><span style=\"font-family: serif;\">\u00ab<\/span><\/span><\/em><\/p>\n<p><em><span style=\"font-size: 18px; line-height: 28px:;\">\u00abDecidimos llevar a cabo una prueba de vida \u00fatil en una bater\u00eda NEOCELL utilizando un analizador y los resultados muestran que la bater\u00eda puede ser cargada y descargada 1200 veces antes de que el deterioro alcance el 80%. Nuestros resultados exceden las pruebas de GTS.\u201d<\/span><\/em><\/p>\n<h4 class=\"p2\" style=\"text-align: right; color: #ed1c24;\">Jeff Kludy<br \/>\nLansing, MI<\/h4>\n<\/div><div class=\"fusion-clearfix\"><\/div><\/div><\/div><\/div><\/div><div class=\"fusion-fullwidth fullwidth-box fusion-builder-row-5 nonhundred-percent-fullwidth non-hundred-percent-height-scrolling\" style=\"--awb-border-radius-top-left:0px;--awb-border-radius-top-right:0px;--awb-border-radius-bottom-right:0px;--awb-border-radius-bottom-left:0px;--awb-padding-top:50px;--awb-padding-bottom:20px;--awb-background-color:#eaeaea;--awb-flex-wrap:wrap;\" ><div class=\"fusion-builder-row fusion-row\"><div class=\"fusion-layout-column fusion_builder_column fusion-builder-column-8 fusion_builder_column_1_2 1_2 fusion-one-half fusion-column-first\" style=\"--awb-bg-size:cover;width:50%;width:calc(50% - ( ( 4% ) * 0.5 ) );margin-right: 4%;\"><div class=\"fusion-column-wrapper fusion-flex-column-wrapper-legacy\"><div class=\"fusion-image-element in-legacy-container\" style=\"--awb-caption-title-font-family:var(--h2_typography-font-family);--awb-caption-title-font-weight:var(--h2_typography-font-weight);--awb-caption-title-font-style:var(--h2_typography-font-style);--awb-caption-title-size:var(--h2_typography-font-size);--awb-caption-title-transform:var(--h2_typography-text-transform);--awb-caption-title-line-height:var(--h2_typography-line-height);--awb-caption-title-letter-spacing:var(--h2_typography-letter-spacing);\"><span class=\" fusion-imageframe imageframe-dropshadow imageframe-1 hover-type-none\" style=\"-webkit-box-shadow: 3px 3px 7px rgba(0,0,0,0.3);box-shadow: 3px 3px 7px rgba(0,0,0,0.3);\"><img decoding=\"async\" width=\"600\" height=\"431\" alt=\"Officer holding Neocell battery\" title=\"Neocell-GTS-officer\" src=\"https:\/\/www.gtspower.com\/wp-content\/uploads\/images\/Neocell-GTS-officer.jpg\" class=\"img-responsive wp-image-1986\" srcset=\"https:\/\/gtspower.com\/wp-content\/uploads\/images\/Neocell-GTS-officer-200x144.jpg 200w, https:\/\/gtspower.com\/wp-content\/uploads\/images\/Neocell-GTS-officer-400x287.jpg 400w, https:\/\/gtspower.com\/wp-content\/uploads\/images\/Neocell-GTS-officer.jpg 600w\" sizes=\"(max-width: 800px) 100vw, 600px\" \/><\/span><\/div><div class=\"fusion-clearfix\"><\/div><\/div><\/div><div class=\"fusion-layout-column fusion_builder_column fusion-builder-column-9 fusion_builder_column_1_2 1_2 fusion-one-half fusion-column-last\" style=\"--awb-bg-size:cover;width:50%;width:calc(50% - ( ( 4% ) * 0.5 ) );\"><div class=\"fusion-column-wrapper fusion-flex-column-wrapper-legacy\"><div class=\"fusion-text fusion-text-5\"><h2><strong>Tecnolog\u00eda NEOCELL<\/strong><\/h2>\n<p>La tecnolog\u00eda NEOCELL<sup>\u00a0<\/sup>de GTS posee una qu\u00edmica \u00fanica de pol\u00edmero de litio que ofrece una alternativa de alto desempe\u00f1o a las bater\u00edas tradicionales de ion de litio. Ideales para ser utilizadas en situaciones cr\u00edticas y de alto estr\u00e9s, estas bater\u00edas livianas mejoran notablemente el desempe\u00f1o de tus principales radios bidireccionales.<\/p>\n<div class=\"fusion-button-wrapper fusion-aligncenter\"><a class=\"fusion-button button-flat fusion-button-default-size button-default fusion-button-default button-3 fusion-button-default-span fusion-button-default-type\" target=\"_self\" href=\"https:\/\/www.gtspower.com\/es\/solicitar-mas-informacion\/neocell\/\"><span class=\"fusion-button-text awb-button__text awb-button__text--default\">Solicita m\u00e1s informaci\u00f3n sobre NEOCELL<\/span><\/a><\/div>\n<\/div><div class=\"fusion-clearfix\"><\/div><\/div><\/div><\/div><\/div><\/p>\n","protected":false},"excerpt":{"rendered":"","protected":false},"author":1,"featured_media":0,"parent":5492,"menu_order":0,"comment_status":"closed","ping_status":"closed","template":"100-width.php","meta":{"footnotes":""},"class_list":["post-5510","page","type-page","status-publish","hentry"],"_links":{"self":[{"href":"https:\/\/gtspower.com\/es\/wp-json\/wp\/v2\/pages\/5510","targetHints":{"allow":["GET"]}}],"collection":[{"href":"https:\/\/gtspower.com\/es\/wp-json\/wp\/v2\/pages"}],"about":[{"href":"https:\/\/gtspower.com\/es\/wp-json\/wp\/v2\/types\/page"}],"author":[{"embeddable":true,"href":"https:\/\/gtspower.com\/es\/wp-json\/wp\/v2\/users\/1"}],"replies":[{"embeddable":true,"href":"https:\/\/gtspower.com\/es\/wp-json\/wp\/v2\/comments?post=5510"}],"version-history":[{"count":10,"href":"https:\/\/gtspower.com\/es\/wp-json\/wp\/v2\/pages\/5510\/revisions"}],"predecessor-version":[{"id":6343,"href":"https:\/\/gtspower.com\/es\/wp-json\/wp\/v2\/pages\/5510\/revisions\/6343"}],"up":[{"embeddable":true,"href":"https:\/\/gtspower.com\/es\/wp-json\/wp\/v2\/pages\/5492"}],"wp:attachment":[{"href":"https:\/\/gtspower.com\/es\/wp-json\/wp\/v2\/media?parent=5510"}],"curies":[{"name":"wp","href":"https:\/\/api.w.org\/{rel}","templated":true}]}}