{"id":5507,"date":"2017-12-16T21:58:04","date_gmt":"2017-12-16T21:58:04","guid":{"rendered":"http:\/\/gtspower.online\/?page_id=5507"},"modified":"2018-01-21T23:01:26","modified_gmt":"2018-01-21T23:01:26","slug":"hch-wallmt-bkt","status":"publish","type":"page","link":"https:\/\/gtspower.com\/es\/productos\/radios-bidireccionales\/cargadores\/hch-wallmt-bkt\/","title":{"rendered":"HCH-WALLMT-BKT"},"content":{"rendered":"<p><div class=\"fusion-fullwidth fullwidth-box fusion-builder-row-1 nonhundred-percent-fullwidth non-hundred-percent-height-scrolling\" style=\"--awb-border-radius-top-left:0px;--awb-border-radius-top-right:0px;--awb-border-radius-bottom-right:0px;--awb-border-radius-bottom-left:0px;--awb-padding-top:10px;--awb-padding-right:10px;--awb-padding-bottom:20px;--awb-padding-left:50px;--awb-flex-wrap:wrap;\" ><div class=\"fusion-builder-row fusion-row\"><div class=\"fusion-layout-column fusion_builder_column fusion-builder-column-0 fusion_builder_column_1_2 1_2 fusion-one-half fusion-column-first\" style=\"--awb-bg-size:cover;width:50%;width:calc(50% - ( ( 4% ) * 0.5 ) );margin-right: 4%;\"><div class=\"fusion-column-wrapper fusion-flex-column-wrapper-legacy\"><div class=\"fusion-text fusion-text-1\"><p><img decoding=\"async\" class=\"aligncenter size-full wp-image-1185\" src=\"https:\/\/www.gtspower.com\/wp-content\/uploads\/products\/PN-HCH-WALLMNT-BKT.gif\" alt=\"HCH-WALLMT-BKT\" width=\"453\" height=\"309\" \/><\/p>\n<\/div><div class=\"fusion-text fusion-text-2\"><p><div class=\"fusion-sep-clear\"><\/div><div class=\"fusion-separator fusion-full-width-sep\" style=\"margin-left: auto;margin-right: auto;margin-top:10px;margin-bottom:0px;width:100%;\"><\/div><div class=\"fusion-sep-clear\"><\/div><div class=\"fusion-button-wrapper fusion-aligncenter\"><a class=\"fusion-button button-flat fusion-button-default-size button-default fusion-button-default button-1 fusion-button-default-span fusion-button-default-type\" target=\"_self\" href=\"mailto:sales@gtspower.com?subject=I%27d%20like%20more%20information%20on%20HCH-WALLMT-BKT\"><span class=\"fusion-button-text awb-button__text awb-button__text--default\">Env\u00edanos un e-mail para recibir m\u00e1s informaci\u00f3n<\/span><\/a><\/div><div class=\"fusion-sep-clear\"><\/div><div class=\"fusion-separator fusion-full-width-sep\" style=\"margin-left: auto;margin-right: auto;margin-top:10px;margin-bottom:0px;width:100%;\"><\/div><div class=\"fusion-sep-clear\"><\/div><\/p>\n<h3 style=\"text-align: center;\">Ll\u00e1manos para consultar el precio: 800-267-2711<\/h3>\n<\/div><div class=\"fusion-clearfix\"><\/div><\/div><\/div><div class=\"fusion-layout-column fusion_builder_column fusion-builder-column-1 fusion_builder_column_1_2 1_2 fusion-one-half fusion-column-last\" style=\"--awb-bg-size:cover;width:50%;width:calc(50% - ( ( 4% ) * 0.5 ) );\"><div class=\"fusion-column-wrapper fusion-flex-column-wrapper-legacy\"><div class=\"fusion-text fusion-text-3\"><h1><span class=\"productSKU\">HCH-WALLMT-BKT<\/span><\/h1>\n<h3>Soporte de pared para P7100<\/h3>\n<div>\n<p>El HCH-WALLMT-BKT es un soporte de pared para HCH-P7104DC-CHG, HCH-P7104-CHG y HCH-P7106-CHG.<\/p>\n<p>N\u00f3tese: Cada paquete incluye un soporte.<\/p>\n<\/div>\n<\/div><div class=\"fusion-clearfix\"><\/div><\/div><\/div><\/div><\/div><div class=\"fusion-fullwidth fullwidth-box fusion-builder-row-2 nonhundred-percent-fullwidth non-hundred-percent-height-scrolling\" style=\"--awb-border-radius-top-left:0px;--awb-border-radius-top-right:0px;--awb-border-radius-bottom-right:0px;--awb-border-radius-bottom-left:0px;--awb-padding-top:0px;--awb-padding-right:10px;--awb-padding-bottom:20px;--awb-padding-left:50px;--awb-flex-wrap:wrap;\" ><div class=\"fusion-builder-row fusion-row\"><div class=\"fusion-layout-column fusion_builder_column fusion-builder-column-2 fusion_builder_column_1_2 1_2 fusion-one-half fusion-column-first\" style=\"--awb-bg-size:cover;width:50%;width:calc(50% - ( ( 4% ) * 0.5 ) );margin-right: 4%;\"><div class=\"fusion-column-wrapper fusion-flex-column-wrapper-legacy\"><div class=\"fusion-text fusion-text-4\"><h2>Productos Relacionados<\/h2>\n<hr \/>\n<\/div><div class=\"fusion-builder-row fusion-builder-row-inner fusion-row\"><div class=\"fusion-layout-column fusion_builder_column_inner fusion-builder-nested-column-0 fusion_builder_column_inner_1_3 1_3 fusion-one-third fusion-column-first\" style=\"--awb-padding-right:5px;--awb-padding-left:5px;--awb-bg-size:cover;width:33.333333333333%;width:calc(33.333333333333% - ( ( 4% + 4% ) * 0.33333333333333 ) );margin-right: 4%;\"><div class=\"fusion-column-wrapper fusion-flex-column-wrapper-legacy\"><div class=\"fusion-text fusion-text-5\"><p><a class=\"nowrap\" href=\"https:\/\/www.gtspower.com\/es\/productos\/radios-bidireccionales\/cargadores\/hch-p7104-chg\/\"><img decoding=\"async\" class=\"aligncenter wp-image-1510\" src=\"https:\/\/www.gtspower.com\/wp-content\/uploads\/products\/HCH-P7104-CHG.gif\" alt=\"HCH-P7104-CHG\" width=\"147\" height=\"100\" \/><\/a><\/p>\n<p style=\"text-align: center;\">HCH-P7104-CHG<\/p>\n<\/div><div class=\"fusion-clearfix\"><\/div><\/div><\/div><div class=\"fusion-layout-column fusion_builder_column_inner fusion-builder-nested-column-1 fusion_builder_column_inner_1_3 1_3 fusion-one-third\" style=\"--awb-padding-right:5px;--awb-padding-left:5px;--awb-bg-size:cover;width:33.333333333333%;width:calc(33.333333333333% - ( ( 4% + 4% ) * 0.33333333333333 ) );margin-right: 4%;\"><div class=\"fusion-column-wrapper fusion-flex-column-wrapper-legacy\"><div class=\"fusion-text fusion-text-6\"><p><a class=\"nowrap\" href=\"https:\/\/www.gtspower.com\/es\/productos\/radios-bidireccionales\/cargadores\/hch-p7106-chg\/\"><img decoding=\"async\" class=\"aligncenter wp-image-1512\" src=\"https:\/\/www.gtspower.com\/wp-content\/uploads\/products\/HCH-P7106-CHG.gif\" alt=\"HCH-P7106-CHG\" width=\"147\" height=\"100\" \/><\/a><\/p>\n<p style=\"text-align: center;\">HCH-P7106-CHG<\/p>\n<\/div><div class=\"fusion-clearfix\"><\/div><\/div><\/div><div class=\"fusion-layout-column fusion_builder_column_inner fusion-builder-nested-column-2 fusion_builder_column_inner_1_3 1_3 fusion-one-third fusion-column-last\" style=\"--awb-padding-right:5px;--awb-padding-left:5px;--awb-bg-size:cover;width:33.333333333333%;width:calc(33.333333333333% - ( ( 4% + 4% ) * 0.33333333333333 ) );\"><div class=\"fusion-column-wrapper fusion-flex-column-wrapper-legacy\"><div class=\"fusion-text fusion-text-7\"><p><a class=\"nowrap\" href=\"https:\/\/www.gtspower.com\/es\/productos\/radios-bidireccionales\/cargadores\/hch-p7104dc-chg\/\"><img decoding=\"async\" class=\"aligncenter wp-image-1508\" src=\"https:\/\/www.gtspower.com\/wp-content\/uploads\/products\/HCH-P7104DC.png\" alt=\"HCH-P7104DC-CHG\" width=\"147\" height=\"100\" srcset=\"https:\/\/gtspower.com\/wp-content\/uploads\/products\/HCH-P7104DC-200x136.png 200w, https:\/\/gtspower.com\/wp-content\/uploads\/products\/HCH-P7104DC-300x205.png 300w, https:\/\/gtspower.com\/wp-content\/uploads\/products\/HCH-P7104DC-400x273.png 400w, https:\/\/gtspower.com\/wp-content\/uploads\/products\/HCH-P7104DC.png 453w\" sizes=\"(max-width: 147px) 100vw, 147px\" \/><\/a><\/p>\n<p style=\"text-align: center;\">HCH-P7104DC-CHG<\/p>\n<\/div><div class=\"fusion-clearfix\"><\/div><\/div><\/div><\/div><div class=\"fusion-clearfix\"><\/div><\/div><\/div><div class=\"fusion-layout-column fusion_builder_column fusion-builder-column-3 fusion_builder_column_1_2 1_2 fusion-one-half fusion-column-last\" style=\"--awb-bg-size:cover;width:50%;width:calc(50% - ( ( 4% ) * 0.5 ) );\"><div class=\"fusion-column-wrapper fusion-flex-column-wrapper-legacy\"><div class=\"fusion-text fusion-text-8\"><h2>Especificaciones del Producto<\/h2>\n<hr \/>\n<p><strong>Dimensiones<\/strong>: 124,07 x 114,32 x 2,60<\/p>\n<p><strong>Fabricante<\/strong>: HARRIS<\/p>\n<p><strong>Modelos:\u00a0<\/strong>P7100 \/ P7200<\/p>\n<\/div><div class=\"fusion-clearfix\"><\/div><\/div><\/div><\/div><\/div><\/p>\n","protected":false},"excerpt":{"rendered":"","protected":false},"author":1,"featured_media":0,"parent":6408,"menu_order":0,"comment_status":"closed","ping_status":"closed","template":"","meta":{"footnotes":""},"class_list":["post-5507","page","type-page","status-publish","hentry"],"_links":{"self":[{"href":"https:\/\/gtspower.com\/es\/wp-json\/wp\/v2\/pages\/5507","targetHints":{"allow":["GET"]}}],"collection":[{"href":"https:\/\/gtspower.com\/es\/wp-json\/wp\/v2\/pages"}],"about":[{"href":"https:\/\/gtspower.com\/es\/wp-json\/wp\/v2\/types\/page"}],"author":[{"embeddable":true,"href":"https:\/\/gtspower.com\/es\/wp-json\/wp\/v2\/users\/1"}],"replies":[{"embeddable":true,"href":"https:\/\/gtspower.com\/es\/wp-json\/wp\/v2\/comments?post=5507"}],"version-history":[{"count":5,"href":"https:\/\/gtspower.com\/es\/wp-json\/wp\/v2\/pages\/5507\/revisions"}],"predecessor-version":[{"id":6723,"href":"https:\/\/gtspower.com\/es\/wp-json\/wp\/v2\/pages\/5507\/revisions\/6723"}],"up":[{"embeddable":true,"href":"https:\/\/gtspower.com\/es\/wp-json\/wp\/v2\/pages\/6408"}],"wp:attachment":[{"href":"https:\/\/gtspower.com\/es\/wp-json\/wp\/v2\/media?parent=5507"}],"curies":[{"name":"wp","href":"https:\/\/api.w.org\/{rel}","templated":true}]}}