{"id":5500,"date":"2017-12-16T21:39:53","date_gmt":"2017-12-16T21:39:53","guid":{"rendered":"http:\/\/gtspower.online\/?page_id=5500"},"modified":"2018-01-21T22:48:34","modified_gmt":"2018-01-21T22:48:34","slug":"hch-p7101-chg","status":"publish","type":"page","link":"https:\/\/gtspower.com\/es\/productos\/radios-bidireccionales\/cargadores\/hch-p7101-chg\/","title":{"rendered":"HCH-P7101-CHG"},"content":{"rendered":"<p><div class=\"fusion-fullwidth fullwidth-box fusion-builder-row-1 nonhundred-percent-fullwidth non-hundred-percent-height-scrolling\" style=\"--awb-border-radius-top-left:0px;--awb-border-radius-top-right:0px;--awb-border-radius-bottom-right:0px;--awb-border-radius-bottom-left:0px;--awb-padding-top:10px;--awb-padding-right:10px;--awb-padding-bottom:20px;--awb-padding-left:50px;--awb-flex-wrap:wrap;\" ><div class=\"fusion-builder-row fusion-row\"><div class=\"fusion-layout-column fusion_builder_column fusion-builder-column-0 fusion_builder_column_1_2 1_2 fusion-one-half fusion-column-first\" style=\"--awb-bg-size:cover;width:50%;width:calc(50% - ( ( 4% ) * 0.5 ) );margin-right: 4%;\"><div class=\"fusion-column-wrapper fusion-flex-column-wrapper-legacy\"><div class=\"fusion-text fusion-text-1\"><p><img decoding=\"async\" class=\"aligncenter size-full wp-image-1182\" src=\"https:\/\/www.gtspower.com\/wp-content\/uploads\/products\/HCH-P7101.png\" alt=\"HCH-P7101-CHG\" width=\"453\" height=\"309\" srcset=\"https:\/\/gtspower.com\/wp-content\/uploads\/products\/HCH-P7101-200x136.png 200w, https:\/\/gtspower.com\/wp-content\/uploads\/products\/HCH-P7101-300x205.png 300w, https:\/\/gtspower.com\/wp-content\/uploads\/products\/HCH-P7101-400x273.png 400w, https:\/\/gtspower.com\/wp-content\/uploads\/products\/HCH-P7101.png 453w\" sizes=\"(max-width: 453px) 100vw, 453px\" \/><\/p>\n<\/div><div class=\"fusion-text fusion-text-2\"><p><div class=\"fusion-sep-clear\"><\/div><div class=\"fusion-separator fusion-full-width-sep\" style=\"margin-left: auto;margin-right: auto;margin-top:10px;margin-bottom:0px;width:100%;\"><\/div><div class=\"fusion-sep-clear\"><\/div><div class=\"fusion-button-wrapper fusion-aligncenter\"><a class=\"fusion-button button-flat fusion-button-default-size button-default fusion-button-default button-1 fusion-button-default-span fusion-button-default-type\" target=\"_self\" href=\"mailto:sales@gtspower.com?subject=I%27d%20like%20more%20information%20on%20HCH-P7101-CHG\"><span class=\"fusion-button-text awb-button__text awb-button__text--default\">Env\u00edanos un e-mail para recibir m\u00e1s informaci\u00f3n<\/span><\/a><\/div><div class=\"fusion-sep-clear\"><\/div><div class=\"fusion-separator fusion-full-width-sep\" style=\"margin-left: auto;margin-right: auto;margin-top:10px;margin-bottom:0px;width:100%;\"><\/div><div class=\"fusion-sep-clear\"><\/div><\/p>\n<h3 style=\"text-align: center;\">Ll\u00e1manos para consultar el precio: 800-267-2711<\/h3>\n<\/div><div class=\"fusion-clearfix\"><\/div><\/div><\/div><div class=\"fusion-layout-column fusion_builder_column fusion-builder-column-1 fusion_builder_column_1_2 1_2 fusion-one-half fusion-column-last\" style=\"--awb-bg-size:cover;width:50%;width:calc(50% - ( ( 4% ) * 0.5 ) );\"><div class=\"fusion-column-wrapper fusion-flex-column-wrapper-legacy\"><div class=\"fusion-text fusion-text-3\"><h1><span class=\"productSKU\">HCH-P7101-CHG<\/span><\/h1>\n<h3>Cargador de bater\u00eda de bah\u00eda \u00fanica<\/h3>\n<div>\n<p align=\"left\"><span style=\"color: #334a4a;\">El cargador HCH-P7107-CHG recarga paquetes de bater\u00eda M\/A Com Ni\/Cd, M\/A Com Ni\/MH\u00a0 y a su vez bater\u00edas\u00a0de Ion de Litio, N\u00edquel- Cadmio, \u00a0N\u00edquel- Hidruro Met\u00e1lico (NiMH) y Pol\u00edmero de Litio para radios series P7100\/P7200. \u00a0<\/span><\/p>\n<\/div>\n<h3>Caracter\u00edsticas del Producto<\/h3>\n<ul>\n<li>Cargador de varias qu\u00edmicas: Funciona con bater\u00edas de Ion de Litio, N\u00edquel- Cadmio, \u00a0N\u00edquel- Hidruro Met\u00e1lico (NiMH) y NEOCELL Pol\u00edmero de Litio<\/li>\n<li>Dise\u00f1o modular \u00fanico: Se pueden adaptar entre uno y seis soportes de carga para radios o bater\u00edas<\/li>\n<li>Indicador de carga de tres colores: Luz LED que indica el estado de la carga<\/li>\n<li>Dise\u00f1o liviano, vers\u00e1til y port\u00e1til para escritorio<\/li>\n<\/ul>\n<\/div><div class=\"fusion-clearfix\"><\/div><\/div><\/div><\/div><\/div><div class=\"fusion-fullwidth fullwidth-box fusion-builder-row-2 nonhundred-percent-fullwidth non-hundred-percent-height-scrolling\" style=\"--awb-border-radius-top-left:0px;--awb-border-radius-top-right:0px;--awb-border-radius-bottom-right:0px;--awb-border-radius-bottom-left:0px;--awb-padding-top:0px;--awb-padding-right:10px;--awb-padding-bottom:20px;--awb-padding-left:50px;--awb-flex-wrap:wrap;\" ><div class=\"fusion-builder-row fusion-row\"><div class=\"fusion-layout-column fusion_builder_column fusion-builder-column-2 fusion_builder_column_1_2 1_2 fusion-one-half fusion-column-first\" style=\"--awb-bg-size:cover;width:50%;width:calc(50% - ( ( 4% ) * 0.5 ) );margin-right: 4%;\"><div class=\"fusion-column-wrapper fusion-flex-column-wrapper-legacy\"><div class=\"fusion-text fusion-text-4\"><h2>Productos Relacionados<\/h2>\n<hr \/>\n<\/div><div class=\"fusion-builder-row fusion-builder-row-inner fusion-row\"><div class=\"fusion-layout-column fusion_builder_column_inner fusion-builder-nested-column-0 fusion_builder_column_inner_1_3 1_3 fusion-one-third fusion-column-first\" style=\"--awb-padding-right:5px;--awb-padding-left:5px;--awb-bg-size:cover;width:33.333333333333%;width:calc(33.333333333333% - ( ( 4% + 4% ) * 0.33333333333333 ) );margin-right: 4%;\"><div class=\"fusion-column-wrapper fusion-flex-column-wrapper-legacy\"><div class=\"fusion-text fusion-text-5\"><p><a href=\"https:\/\/www.gtspower.com\/es\/productos\/radios-bidireccionales\/cargadores\/hch-p7104-chg\/\"><img decoding=\"async\" class=\"aligncenter wp-image-1510\" src=\"https:\/\/www.gtspower.com\/wp-content\/uploads\/products\/HCH-P7104-CHG.gif\" alt=\"HCH-P7104-CHG\" width=\"147\" height=\"100\" \/><\/a><\/p>\n<p style=\"text-align: center;\" data-fontsize=\"20\" data-lineheight=\"30\">HCH-P7104-CHG<\/p>\n<\/div><div class=\"fusion-clearfix\"><\/div><\/div><\/div><div class=\"fusion-layout-column fusion_builder_column_inner fusion-builder-nested-column-1 fusion_builder_column_inner_1_3 1_3 fusion-one-third\" style=\"--awb-padding-right:5px;--awb-padding-left:5px;--awb-bg-size:cover;width:33.333333333333%;width:calc(33.333333333333% - ( ( 4% + 4% ) * 0.33333333333333 ) );margin-right: 4%;\"><div class=\"fusion-column-wrapper fusion-flex-column-wrapper-legacy\"><div class=\"fusion-text fusion-text-6\"><p><a href=\"https:\/\/www.gtspower.com\/es\/productos\/radios-bidireccionales\/cargadores\/hch-p7106-chg\/\"><img decoding=\"async\" class=\"aligncenter wp-image-1512\" src=\"https:\/\/www.gtspower.com\/wp-content\/uploads\/products\/HCH-P7106-CHG.gif\" alt=\"HCH-P7106-CHG\" width=\"147\" height=\"100\" \/><\/a><\/p>\n<p style=\"text-align: center;\" data-fontsize=\"20\" data-lineheight=\"30\">HCH-P7106-CHG<\/p>\n<\/div><div class=\"fusion-clearfix\"><\/div><\/div><\/div><div class=\"fusion-layout-column fusion_builder_column_inner fusion-builder-nested-column-2 fusion_builder_column_inner_1_3 1_3 fusion-one-third fusion-column-last\" style=\"--awb-padding-right:5px;--awb-padding-left:5px;--awb-bg-size:cover;width:33.333333333333%;width:calc(33.333333333333% - ( ( 4% + 4% ) * 0.33333333333333 ) );\"><div class=\"fusion-column-wrapper fusion-flex-column-wrapper-legacy\"><div class=\"fusion-text fusion-text-7\"><p><a href=\"https:\/\/www.gtspower.com\/es\/productos\/radios-bidireccionales\/baterias\/hma2104-lip\/\"><img decoding=\"async\" class=\"aligncenter wp-image-1523\" src=\"https:\/\/www.gtspower.com\/wp-content\/uploads\/products\/HMA2104-LiP.gif\" alt=\"HMA2104-LIP\" width=\"147\" height=\"100\" \/><\/a><\/p>\n<p style=\"text-align: center;\" data-fontsize=\"20\" data-lineheight=\"30\">HMA2104-LIP<\/p>\n<\/div><div class=\"fusion-clearfix\"><\/div><\/div><\/div><\/div><div class=\"fusion-clearfix\"><\/div><\/div><\/div><div class=\"fusion-layout-column fusion_builder_column fusion-builder-column-3 fusion_builder_column_1_2 1_2 fusion-one-half fusion-column-last\" style=\"--awb-bg-size:cover;width:50%;width:calc(50% - ( ( 4% ) * 0.5 ) );\"><div class=\"fusion-column-wrapper fusion-flex-column-wrapper-legacy\"><div class=\"fusion-text fusion-text-8\"><h2>Especificaciones del Producto<\/h2>\n<hr \/>\n<p><strong>Dimensiones<\/strong>: 152,41 x 92,07 x 152,41<\/p>\n<p><strong>Fabricante<\/strong>: HARRIS<\/p>\n<p><strong>Modelos:\u00a0<\/strong>P7100 \/ P7200<\/p>\n<p><b>Peso<\/b>: 0,46 g<\/p>\n<p><strong>Garant\u00eda<\/strong>: 12 meses<\/p>\n<\/div><div class=\"fusion-clearfix\"><\/div><\/div><\/div><\/div><\/div><\/p>\n","protected":false},"excerpt":{"rendered":"","protected":false},"author":1,"featured_media":0,"parent":6408,"menu_order":0,"comment_status":"closed","ping_status":"closed","template":"","meta":{"footnotes":""},"class_list":["post-5500","page","type-page","status-publish","hentry"],"_links":{"self":[{"href":"https:\/\/gtspower.com\/es\/wp-json\/wp\/v2\/pages\/5500","targetHints":{"allow":["GET"]}}],"collection":[{"href":"https:\/\/gtspower.com\/es\/wp-json\/wp\/v2\/pages"}],"about":[{"href":"https:\/\/gtspower.com\/es\/wp-json\/wp\/v2\/types\/page"}],"author":[{"embeddable":true,"href":"https:\/\/gtspower.com\/es\/wp-json\/wp\/v2\/users\/1"}],"replies":[{"embeddable":true,"href":"https:\/\/gtspower.com\/es\/wp-json\/wp\/v2\/comments?post=5500"}],"version-history":[{"count":5,"href":"https:\/\/gtspower.com\/es\/wp-json\/wp\/v2\/pages\/5500\/revisions"}],"predecessor-version":[{"id":6697,"href":"https:\/\/gtspower.com\/es\/wp-json\/wp\/v2\/pages\/5500\/revisions\/6697"}],"up":[{"embeddable":true,"href":"https:\/\/gtspower.com\/es\/wp-json\/wp\/v2\/pages\/6408"}],"wp:attachment":[{"href":"https:\/\/gtspower.com\/es\/wp-json\/wp\/v2\/media?parent=5500"}],"curies":[{"name":"wp","href":"https:\/\/api.w.org\/{rel}","templated":true}]}}