{"id":5478,"date":"2017-12-16T17:44:59","date_gmt":"2017-12-16T17:44:59","guid":{"rendered":"http:\/\/gtspower.online\/?page_id=5478"},"modified":"2017-12-16T17:44:59","modified_gmt":"2017-12-16T17:44:59","slug":"htc75-li","status":"publish","type":"page","link":"https:\/\/gtspower.com\/es\/productos\/impresoras-portatiles\/baterias\/htc75-li\/","title":{"rendered":"HTC75-LI"},"content":{"rendered":"<p><div class=\"fusion-fullwidth fullwidth-box fusion-builder-row-1 nonhundred-percent-fullwidth non-hundred-percent-height-scrolling\" style=\"--awb-border-radius-top-left:0px;--awb-border-radius-top-right:0px;--awb-border-radius-bottom-right:0px;--awb-border-radius-bottom-left:0px;--awb-padding-top:10px;--awb-padding-right:10px;--awb-padding-bottom:20px;--awb-padding-left:50px;--awb-flex-wrap:wrap;\" ><div class=\"fusion-builder-row fusion-row\"><div class=\"fusion-layout-column fusion_builder_column fusion-builder-column-0 fusion_builder_column_1_2 1_2 fusion-one-half fusion-column-first\" style=\"--awb-bg-size:cover;width:50%;width:calc(50% - ( ( 4% ) * 0.5 ) );margin-right: 4%;\"><div class=\"fusion-column-wrapper fusion-flex-column-wrapper-legacy\"><div class=\"fusion-text fusion-text-1\"><p><img decoding=\"async\" class=\"aligncenter size-full wp-image-1831\" src=\"https:\/\/www.gtspower.com\/wp-content\/uploads\/products\/HTC75-Li.jpg\" alt=\"HTC75-LI\" width=\"453\" height=\"309\" srcset=\"https:\/\/gtspower.com\/wp-content\/uploads\/products\/HTC75-Li-200x136.jpg 200w, https:\/\/gtspower.com\/wp-content\/uploads\/products\/HTC75-Li-300x205.jpg 300w, https:\/\/gtspower.com\/wp-content\/uploads\/products\/HTC75-Li-400x273.jpg 400w, https:\/\/gtspower.com\/wp-content\/uploads\/products\/HTC75-Li.jpg 453w\" sizes=\"(max-width: 453px) 100vw, 453px\" \/><\/p>\n<\/div><div class=\"fusion-text fusion-text-2\"><p><div class=\"fusion-sep-clear\"><\/div><div class=\"fusion-separator fusion-full-width-sep\" style=\"margin-left: auto;margin-right: auto;margin-top:10px;margin-bottom:0px;width:100%;\"><\/div><div class=\"fusion-sep-clear\"><\/div><div class=\"fusion-button-wrapper fusion-aligncenter\"><a class=\"fusion-button button-flat fusion-button-default-size button-default fusion-button-default button-1 fusion-button-default-span fusion-button-default-type\" target=\"_self\" href=\"mailto:sales@gtspower.com?subject=I%27d%20like%20more%20information%20on%20HTC75-LI\"><span class=\"fusion-button-text awb-button__text awb-button__text--default\">Env\u00edanos un e-mail para recibir m\u00e1s informaci\u00f3n<\/span><\/a><\/div><div class=\"fusion-sep-clear\"><\/div><div class=\"fusion-separator fusion-full-width-sep\" style=\"margin-left: auto;margin-right: auto;margin-top:10px;margin-bottom:0px;width:100%;\"><\/div><div class=\"fusion-sep-clear\"><\/div><\/p>\n<h3 style=\"text-align: center;\">Ll\u00e1manos para consultar el precio: 800-267-2711<\/h3>\n<\/div><div class=\"fusion-clearfix\"><\/div><\/div><\/div><div class=\"fusion-layout-column fusion_builder_column fusion-builder-column-1 fusion_builder_column_1_2 1_2 fusion-one-half fusion-column-last\" style=\"--awb-bg-size:cover;width:50%;width:calc(50% - ( ( 4% ) * 0.5 ) );\"><div class=\"fusion-column-wrapper fusion-flex-column-wrapper-legacy\"><div class=\"fusion-text fusion-text-3\"><h1><span class=\"productSKU\">HTC75-LI<\/span><\/h1>\n<h3>Bater\u00eda para dispositivos Symbol Series TC70 \/ TC75<\/h3>\n<p>La bater\u00eda HTC75 es una bater\u00eda recargable de repuesto para las bater\u00edas Symbol BTRY-TC7X-46MA2-01.<\/p>\n<h3>Caracter\u00edsticas del Producto<\/h3>\n<ul>\n<li>Contiene celdas de bater\u00eda de m\u00e1xima calidad<\/li>\n<li>Compatible con dispositivos de OEM<\/li>\n<li>Sometida a rigurosas pruebas de temperatura, vibraci\u00f3n, choque, ca\u00edda, cortocircuito y sobrecarga<\/li>\n<li>Ofrece Smart Data (Informaci\u00f3n Inteligente) sobre la vida \u00fatil, el estado de salud y serializaci\u00f3n<\/li>\n<li>Compatible con PowerPrecision<\/li>\n<\/ul>\n<p><a href=\"https:\/\/www.gtspower.com\/wp-content\/uploads\/pdf\/HTC75-Li-BatterySpecSheet.pdf\">Ficha T\u00e9cnica<\/a><\/p>\n<\/div><div class=\"fusion-text fusion-text-4\"><h2>Especificaciones del producto<\/h2>\n<hr \/>\n<p><strong>Capacidad<\/strong>: 4620 mAh<\/p>\n<p><strong>Qu\u00edmica<\/strong>: Ion de Litio<\/p>\n<p><strong>Voltaje<\/strong>: 3,7<\/p>\n<p><strong>Dimensiones<\/strong>: 95,6 x 73 x 14,5<\/p>\n<p><strong>Fabricante de equipo<b class=\"b1\">s\u00a0<\/b><b class=\"b2\">origi<\/b><b class=\"b3\">nal<\/b><b class=\"b4\">es\u00a0<\/b><b class=\"b5\">(OEM)<\/b><\/strong>: SYMBOL<\/p>\n<p><strong>Modelo del fabricante de equipo<b class=\"b1\">s\u00a0<\/b><b class=\"b2\">origi<\/b><b class=\"b3\">nal<\/b><b class=\"b4\">es\u00a0<\/b><b class=\"b5\">(OEM)<\/b>: <\/strong>TC70 \/ TC75<\/p>\n<p><strong>N\u00famero de parte del fabricante de equipo<b class=\"b1\">s\u00a0<\/b><b class=\"b2\">origi<\/b><b class=\"b3\">nal<\/b><b class=\"b4\">es\u00a0<\/b><b class=\"b5\">(OEM):\u00a0<\/b><\/strong>BTRY-TC7X-46MA2-01<\/p>\n<p><b>Peso<\/b>: 124,7 g<\/p>\n<p><b>Garant\u00eda<\/b>: 12 meses<\/p>\n<\/div><div class=\"fusion-clearfix\"><\/div><\/div><\/div><\/div><\/div><div class=\"fusion-fullwidth fullwidth-box fusion-builder-row-2 nonhundred-percent-fullwidth non-hundred-percent-height-scrolling\" style=\"--awb-border-radius-top-left:0px;--awb-border-radius-top-right:0px;--awb-border-radius-bottom-right:0px;--awb-border-radius-bottom-left:0px;--awb-padding-top:0px;--awb-padding-right:10px;--awb-padding-bottom:20px;--awb-padding-left:50px;--awb-flex-wrap:wrap;\" ><div class=\"fusion-builder-row fusion-row\"><div class=\"fusion-layout-column fusion_builder_column fusion-builder-column-2 fusion_builder_column_1_2 1_2 fusion-one-half fusion-column-first\" style=\"--awb-bg-size:cover;width:50%;width:calc(50% - ( ( 4% ) * 0.5 ) );margin-right: 4%;\"><div class=\"fusion-column-wrapper fusion-flex-column-wrapper-legacy\"><div class=\"fusion-clearfix\"><\/div><\/div><\/div><div class=\"fusion-layout-column fusion_builder_column fusion-builder-column-3 fusion_builder_column_1_2 1_2 fusion-one-half fusion-column-last\" style=\"--awb-bg-size:cover;width:50%;width:calc(50% - ( ( 4% ) * 0.5 ) );\"><div class=\"fusion-column-wrapper fusion-flex-column-wrapper-legacy\"><div class=\"fusion-clearfix\"><\/div><\/div><\/div><\/div><\/div><\/p>\n","protected":false},"excerpt":{"rendered":"","protected":false},"author":1,"featured_media":0,"parent":6381,"menu_order":0,"comment_status":"closed","ping_status":"closed","template":"","meta":{"footnotes":""},"class_list":["post-5478","page","type-page","status-publish","hentry"],"_links":{"self":[{"href":"https:\/\/gtspower.com\/es\/wp-json\/wp\/v2\/pages\/5478","targetHints":{"allow":["GET"]}}],"collection":[{"href":"https:\/\/gtspower.com\/es\/wp-json\/wp\/v2\/pages"}],"about":[{"href":"https:\/\/gtspower.com\/es\/wp-json\/wp\/v2\/types\/page"}],"author":[{"embeddable":true,"href":"https:\/\/gtspower.com\/es\/wp-json\/wp\/v2\/users\/1"}],"replies":[{"embeddable":true,"href":"https:\/\/gtspower.com\/es\/wp-json\/wp\/v2\/comments?post=5478"}],"version-history":[{"count":1,"href":"https:\/\/gtspower.com\/es\/wp-json\/wp\/v2\/pages\/5478\/revisions"}],"predecessor-version":[{"id":5480,"href":"https:\/\/gtspower.com\/es\/wp-json\/wp\/v2\/pages\/5478\/revisions\/5480"}],"up":[{"embeddable":true,"href":"https:\/\/gtspower.com\/es\/wp-json\/wp\/v2\/pages\/6381"}],"wp:attachment":[{"href":"https:\/\/gtspower.com\/es\/wp-json\/wp\/v2\/media?parent=5478"}],"curies":[{"name":"wp","href":"https:\/\/api.w.org\/{rel}","templated":true}]}}