{"id":5454,"date":"2017-12-16T13:57:19","date_gmt":"2017-12-16T13:57:19","guid":{"rendered":"http:\/\/gtspower.online\/?page_id=5454"},"modified":"2018-01-25T00:51:05","modified_gmt":"2018-01-25T00:51:05","slug":"hss8146-li","status":"publish","type":"page","link":"https:\/\/gtspower.com\/es\/productos\/computadoras-portatiles\/baterias\/hss8146-li\/","title":{"rendered":"HSS8146-LI"},"content":{"rendered":"<p><div class=\"fusion-fullwidth fullwidth-box fusion-builder-row-1 nonhundred-percent-fullwidth non-hundred-percent-height-scrolling\" style=\"--awb-border-radius-top-left:0px;--awb-border-radius-top-right:0px;--awb-border-radius-bottom-right:0px;--awb-border-radius-bottom-left:0px;--awb-padding-top:10px;--awb-padding-right:10px;--awb-padding-bottom:20px;--awb-padding-left:50px;--awb-flex-wrap:wrap;\" ><div class=\"fusion-builder-row fusion-row\"><div class=\"fusion-layout-column fusion_builder_column fusion-builder-column-0 fusion_builder_column_1_2 1_2 fusion-one-half fusion-column-first\" style=\"--awb-bg-size:cover;width:50%;width:calc(50% - ( ( 4% ) * 0.5 ) );margin-right: 4%;\"><div class=\"fusion-column-wrapper fusion-flex-column-wrapper-legacy\"><div class=\"fusion-text fusion-text-1\"><p><img decoding=\"async\" class=\"aligncenter size-full wp-image-1818\" src=\"https:\/\/www.gtspower.com\/wp-content\/uploads\/products\/HSS8146-Li.png\" alt=\"HSS8146-LI\" width=\"453\" height=\"309\" srcset=\"https:\/\/gtspower.com\/wp-content\/uploads\/products\/HSS8146-Li-200x136.png 200w, https:\/\/gtspower.com\/wp-content\/uploads\/products\/HSS8146-Li-300x205.png 300w, https:\/\/gtspower.com\/wp-content\/uploads\/products\/HSS8146-Li-400x273.png 400w, https:\/\/gtspower.com\/wp-content\/uploads\/products\/HSS8146-Li.png 453w\" sizes=\"(max-width: 453px) 100vw, 453px\" \/><\/p>\n<\/div><div class=\"fusion-text fusion-text-2\"><p><div class=\"fusion-sep-clear\"><\/div><div class=\"fusion-separator fusion-full-width-sep\" style=\"margin-left: auto;margin-right: auto;margin-top:10px;margin-bottom:0px;width:100%;\"><\/div><div class=\"fusion-sep-clear\"><\/div><div class=\"fusion-button-wrapper fusion-aligncenter\"><a class=\"fusion-button button-flat fusion-button-default-size button-default fusion-button-default button-1 fusion-button-default-span fusion-button-default-type\" target=\"_self\" href=\"mailto:sales@gtspower.com?subject=I%27d%20like%20more%20information%20on%20HSS8146-LI\"><span class=\"fusion-button-text awb-button__text awb-button__text--default\">ENV\u00cdENOS UN CORREO PARA M\u00c1S INFORMACI\u00d3N<\/span><\/a><\/div><div class=\"fusion-sep-clear\"><\/div><div class=\"fusion-separator fusion-full-width-sep\" style=\"margin-left: auto;margin-right: auto;margin-top:10px;margin-bottom:0px;width:100%;\"><\/div><div class=\"fusion-sep-clear\"><\/div><\/p>\n<h3 style=\"text-align: center;\">Ll\u00e1manos para consultar el precio: 800-267-2711<\/h3>\n<\/div><div class=\"fusion-clearfix\"><\/div><\/div><\/div><div class=\"fusion-layout-column fusion_builder_column fusion-builder-column-1 fusion_builder_column_1_2 1_2 fusion-one-half fusion-column-last\" style=\"--awb-bg-size:cover;width:50%;width:calc(50% - ( ( 4% ) * 0.5 ) );\"><div class=\"fusion-column-wrapper fusion-flex-column-wrapper-legacy\"><div class=\"fusion-text fusion-text-3\"><h1><span class=\"productSKU\">HSS8146-LI<\/span><\/h1>\n<h3>Bater\u00eda para Symbol Series PDT8146 Xscale &amp; QuickGrip<\/h3>\n<div>\n<p>La bater\u00eda HSS8146-Li es un reemplazo directo para las\u00a0 bater\u00edas de fabricantes de equipos originales (OEM) P\/N 21-58234-02 que se utilizan en los computadoras port\u00e1tiles Symbol PDT8146.<\/p>\n<\/div>\n<\/div><div class=\"fusion-clearfix\"><\/div><\/div><\/div><\/div><\/div><div class=\"fusion-fullwidth fullwidth-box fusion-builder-row-2 nonhundred-percent-fullwidth non-hundred-percent-height-scrolling\" style=\"--awb-border-radius-top-left:0px;--awb-border-radius-top-right:0px;--awb-border-radius-bottom-right:0px;--awb-border-radius-bottom-left:0px;--awb-padding-top:0px;--awb-padding-right:10px;--awb-padding-bottom:20px;--awb-padding-left:50px;--awb-flex-wrap:wrap;\" ><div class=\"fusion-builder-row fusion-row\"><div class=\"fusion-layout-column fusion_builder_column fusion-builder-column-2 fusion_builder_column_1_2 1_2 fusion-one-half fusion-column-first\" style=\"--awb-bg-size:cover;width:50%;width:calc(50% - ( ( 4% ) * 0.5 ) );margin-right: 4%;\"><div class=\"fusion-column-wrapper fusion-flex-column-wrapper-legacy\"><div class=\"fusion-text fusion-text-4\"><h2>Productos Relacionados<\/h2>\n<hr \/>\n<table width=\"100%\">\n<tbody>\n<tr>\n<td align=\"center\"><a href=\"https:\/\/gtspower.com\/es\/productos\/computadoras-portatiles\/baterias\/producto-hs1700-li38\/\"><img decoding=\"async\" class=\"aligncenter wp-image-1027\" src=\"https:\/\/www.gtspower.com\/wp-content\/uploads\/products\/HS1700-Li38-453-x-309.gif\" alt=\"HS1700-LI(38)\" width=\"147\" height=\"100\" \/><\/a><\/p>\n<h3>HS1700-LI(38)<\/h3>\n<\/td>\n<td align=\"center\"><a href=\"https:\/\/gtspower.com\/es\/productos\/computadoras-portatiles\/baterias\/producto-hs7500-li\/\"><img decoding=\"async\" class=\"aligncenter wp-image-1026\" src=\"https:\/\/www.gtspower.com\/wp-content\/uploads\/products\/HS7500-Li.jpg\" alt=\"HS7500-LI\" width=\"147\" height=\"100\" srcset=\"https:\/\/gtspower.com\/wp-content\/uploads\/products\/HS7500-Li-200x136.jpg 200w, https:\/\/gtspower.com\/wp-content\/uploads\/products\/HS7500-Li-300x205.jpg 300w, https:\/\/gtspower.com\/wp-content\/uploads\/products\/HS7500-Li-400x273.jpg 400w, https:\/\/gtspower.com\/wp-content\/uploads\/products\/HS7500-Li.jpg 453w\" sizes=\"(max-width: 147px) 100vw, 147px\" \/><\/a><\/p>\n<h3>HS7500-LI<\/h3>\n<\/td>\n<td align=\"center\"><a href=\"https:\/\/gtspower.com\/es\/productos\/computadoras-portatiles\/baterias\/producto-hs8000-li\/\"><img decoding=\"async\" class=\"aligncenter wp-image-1031\" src=\"https:\/\/www.gtspower.com\/wp-content\/uploads\/products\/HS8000-Li-1.png\" alt=\"HS8000-LI\" width=\"147\" height=\"100\" srcset=\"https:\/\/gtspower.com\/wp-content\/uploads\/products\/HS8000-Li-1-200x136.png 200w, https:\/\/gtspower.com\/wp-content\/uploads\/products\/HS8000-Li-1-300x205.png 300w, https:\/\/gtspower.com\/wp-content\/uploads\/products\/HS8000-Li-1-400x273.png 400w, https:\/\/gtspower.com\/wp-content\/uploads\/products\/HS8000-Li-1.png 453w\" sizes=\"(max-width: 147px) 100vw, 147px\" \/><\/a><\/p>\n<h3>HS8000-LI<\/h3>\n<\/td>\n<\/tr>\n<\/tbody>\n<\/table>\n<\/div><div class=\"fusion-clearfix\"><\/div><\/div><\/div><div class=\"fusion-layout-column fusion_builder_column fusion-builder-column-3 fusion_builder_column_1_2 1_2 fusion-one-half fusion-column-last\" style=\"--awb-bg-size:cover;width:50%;width:calc(50% - ( ( 4% ) * 0.5 ) );\"><div class=\"fusion-column-wrapper fusion-flex-column-wrapper-legacy\"><div class=\"fusion-text fusion-text-5\"><h2>Especificaciones del Producto<\/h2>\n<hr \/>\n<p><strong>Qu\u00edmica:<\/strong>\u00a0Ion de Litio<\/p>\n<p><strong>Voltaje<\/strong>: 3,6<\/p>\n<p><strong>Dimensiones<\/strong>: 36,86&#215;61,47&#215;14,65<\/p>\n<p><strong>Fabricante de equipo<b class=\"b1\">s\u00a0<\/b><b class=\"b2\">origi<\/b><b class=\"b3\">nal<\/b><b class=\"b4\">es\u00a0<\/b><b class=\"b5\">(OEM)<\/b><\/strong>: SYMBOL<\/p>\n<\/div><div class=\"fusion-clearfix\"><\/div><\/div><\/div><\/div><\/div><\/p>\n","protected":false},"excerpt":{"rendered":"","protected":false},"author":1,"featured_media":0,"parent":4386,"menu_order":0,"comment_status":"closed","ping_status":"closed","template":"","meta":{"footnotes":""},"class_list":["post-5454","page","type-page","status-publish","hentry"],"_links":{"self":[{"href":"https:\/\/gtspower.com\/es\/wp-json\/wp\/v2\/pages\/5454","targetHints":{"allow":["GET"]}}],"collection":[{"href":"https:\/\/gtspower.com\/es\/wp-json\/wp\/v2\/pages"}],"about":[{"href":"https:\/\/gtspower.com\/es\/wp-json\/wp\/v2\/types\/page"}],"author":[{"embeddable":true,"href":"https:\/\/gtspower.com\/es\/wp-json\/wp\/v2\/users\/1"}],"replies":[{"embeddable":true,"href":"https:\/\/gtspower.com\/es\/wp-json\/wp\/v2\/comments?post=5454"}],"version-history":[{"count":5,"href":"https:\/\/gtspower.com\/es\/wp-json\/wp\/v2\/pages\/5454\/revisions"}],"predecessor-version":[{"id":7126,"href":"https:\/\/gtspower.com\/es\/wp-json\/wp\/v2\/pages\/5454\/revisions\/7126"}],"up":[{"embeddable":true,"href":"https:\/\/gtspower.com\/es\/wp-json\/wp\/v2\/pages\/4386"}],"wp:attachment":[{"href":"https:\/\/gtspower.com\/es\/wp-json\/wp\/v2\/media?parent=5454"}],"curies":[{"name":"wp","href":"https:\/\/api.w.org\/{rel}","templated":true}]}}