{"id":5395,"date":"2017-12-15T04:23:26","date_gmt":"2017-12-15T04:23:26","guid":{"rendered":"http:\/\/gtspower.online\/?page_id=5395"},"modified":"2018-07-05T23:20:42","modified_gmt":"2018-07-05T23:20:42","slug":"socios","status":"publish","type":"page","link":"https:\/\/gtspower.com\/es\/socios\/","title":{"rendered":"Socios"},"content":{"rendered":"<p><div class=\"fusion-fullwidth fullwidth-box fusion-builder-row-1 nonhundred-percent-fullwidth non-hundred-percent-height-scrolling\" style=\"--awb-border-radius-top-left:0px;--awb-border-radius-top-right:0px;--awb-border-radius-bottom-right:0px;--awb-border-radius-bottom-left:0px;--awb-padding-top:0px;--awb-padding-bottom:0px;--awb-flex-wrap:wrap;\" ><div class=\"fusion-builder-row fusion-row\"><div class=\"fusion-layout-column fusion_builder_column fusion-builder-column-0 fusion_builder_column_1_1 1_1 fusion-one-full fusion-column-first fusion-column-last\" style=\"--awb-bg-size:cover;\"><div class=\"fusion-column-wrapper fusion-flex-column-wrapper-legacy\"><script type=\"text\/javascript\">jQuery(function() { _initLayerSlider( '#layerslider_22_1thkw482av6p6', {sliderVersion: '6.7.6', type: 'fullwidth', allowFullscreen: true, pauseOnHover: 'enabled', skin: 'v6', sliderFadeInDuration: 350, globalBGImage: 'https:\/\/gtspower.com\/wp-content\/uploads\/2017\/02\/pattern10@2x.png', globalBGRepeat: 'repeat', navPrevNext: false, hoverPrevNext: false, navStartStop: false, navButtons: false, showCircleTimer: false, useSrcset: true, skinsPath: 'https:\/\/gtspower.com\/wp-content\/plugins\/LayerSlider\/assets\/static\/layerslider\/skins\/', performanceMode: true}); });<\/script><div id=\"layerslider_22_1thkw482av6p6\"  class=\"ls-wp-container fitvidsignore ls-selectable\" style=\"width:1280px;height:300px;margin:0 auto;margin-bottom: 0px;\"><div class=\"ls-slide\" data-ls=\"bgposition:50% 100%;parallaxevent:scroll;parallaxaxis:x;\"><img decoding=\"async\" width=\"1200\" height=\"621\" src=\"https:\/\/gtspower.com\/wp-content\/uploads\/images\/business-hand-shake.jpg\" class=\"ls-bg\" alt=\"\" srcset=\"https:\/\/gtspower.com\/wp-content\/uploads\/images\/business-hand-shake-200x103.jpg 200w, https:\/\/gtspower.com\/wp-content\/uploads\/images\/business-hand-shake-300x155.jpg 300w, https:\/\/gtspower.com\/wp-content\/uploads\/images\/business-hand-shake-400x207.jpg 400w, https:\/\/gtspower.com\/wp-content\/uploads\/images\/business-hand-shake-600x310.jpg 600w, https:\/\/gtspower.com\/wp-content\/uploads\/images\/business-hand-shake-768x397.jpg 768w, https:\/\/gtspower.com\/wp-content\/uploads\/images\/business-hand-shake-800x414.jpg 800w, https:\/\/gtspower.com\/wp-content\/uploads\/images\/business-hand-shake-1024x530.jpg 1024w, https:\/\/gtspower.com\/wp-content\/uploads\/images\/business-hand-shake.jpg 1200w\" sizes=\"(max-width: 1200px) 100vw, 1200px\" \/><p style=\"letter-spacing: 0.08em; -webkit-text-stroke-width: 2px; -webkit-text-stroke-color: white;top:50%;left:50%;text-align:initial;font-weight:800;font-style:normal;text-decoration:none;font-family:Tahoma;color:rgba(255, 255, 255, 0.8);padding-right:15px;padding-left:15px;font-size:120px;padding-top:15px;padding-bottom:15px;\" class=\"ls-l ls-text-layer\" data-ls=\"showinfo:1;durationin:1500;position:relative;\">Socios<\/p><\/div><\/div><div class=\"fusion-clearfix\"><\/div><\/div><\/div><\/div><\/div><div class=\"fusion-fullwidth fullwidth-box fusion-builder-row-2 nonhundred-percent-fullwidth non-hundred-percent-height-scrolling\" style=\"--awb-border-radius-top-left:0px;--awb-border-radius-top-right:0px;--awb-border-radius-bottom-right:0px;--awb-border-radius-bottom-left:0px;--awb-padding-top:20px;--awb-padding-right:25px;--awb-padding-bottom:20px;--awb-padding-left:25px;--awb-flex-wrap:wrap;\" ><div class=\"fusion-builder-row fusion-row\"><div class=\"fusion-layout-column fusion_builder_column fusion-builder-column-1 fusion_builder_column_1_1 1_1 fusion-one-full fusion-column-first fusion-column-last\" style=\"--awb-bg-size:cover;\"><div class=\"fusion-column-wrapper fusion-flex-column-wrapper-legacy\"><div class=\"fusion-title title fusion-title-1 fusion-title-text fusion-title-size-one\" style=\"--awb-margin-top-small:10px;--awb-margin-right-small:0px;--awb-margin-bottom-small:10px;--awb-margin-left-small:0px;\"><h1 class=\"fusion-title-heading title-heading-left fusion-responsive-typography-calculated\" style=\"margin:0;--fontSize:34;line-height:1.4;\">Asociate con Global Technology Systems<\/h1><span class=\"awb-title-spacer\"><\/span><div class=\"title-sep-container\"><div class=\"title-sep sep-double sep-solid\" style=\"border-color:#e0dede;\"><\/div><\/div><\/div><div class=\"fusion-clearfix\"><\/div><\/div><\/div><div class=\"fusion-layout-column fusion_builder_column fusion-builder-column-2 fusion_builder_column_1_6 1_6 fusion-one-sixth fusion-column-first\" style=\"--awb-bg-size:cover;width:16.666666666667%;width:calc(16.666666666667% - ( ( 4% + 4% ) * 0.16666666666667 ) );margin-right: 4%;\"><div class=\"fusion-column-wrapper fusion-flex-column-wrapper-legacy\"><div class=\"fusion-clearfix\"><\/div><\/div><\/div><div class=\"fusion-layout-column fusion_builder_column fusion-builder-column-3 fusion_builder_column_2_3 2_3 fusion-two-third\" style=\"--awb-bg-size:cover;width:66.666666666667%;width:calc(66.666666666667% - ( ( 4% + 4% ) * 0.66666666666667 ) );margin-right: 4%;\"><div class=\"fusion-column-wrapper fusion-flex-column-wrapper-legacy\"><div class=\"fusion-text fusion-text-1\"><h2 style=\"text-align: center;\">Conf\u00eda en GTS para alimentar de energ\u00eda a los dispositivos de tus clientes y a tus m\u00e1rgenes de ganancias.<\/h2>\n<h3 style=\"text-align: left;\">El \u00e9xito de tus clientes depende de sus dispositivos m\u00f3viles. En GTS, entendemos que esos dispositivos son s\u00f3lo tan buenos como las bater\u00edas que los alimentan. Ofrecemos lo mejor en tecnolog\u00eda de energ\u00eda m\u00f3vil para garantizar que tus clientes puedan trabajar al m\u00e1ximo. Al asociarte con GTS, podr\u00e1s estar seguro de que no s\u00f3lo cumplir\u00e1s con las expectativas de tus clientes, sino que las superar\u00e1s.<\/h3>\n<\/div><div class=\"fusion-clearfix\"><\/div><\/div><\/div><div class=\"fusion-layout-column fusion_builder_column fusion-builder-column-4 fusion_builder_column_1_6 1_6 fusion-one-sixth fusion-column-last\" style=\"--awb-bg-size:cover;width:16.666666666667%;width:calc(16.666666666667% - ( ( 4% + 4% ) * 0.16666666666667 ) );\"><div class=\"fusion-column-wrapper fusion-flex-column-wrapper-legacy\"><div class=\"fusion-clearfix\"><\/div><\/div><\/div><\/div><\/div><div class=\"fusion-fullwidth fullwidth-box fusion-builder-row-3 fusion-parallax-fixed nonhundred-percent-fullwidth non-hundred-percent-height-scrolling\" style=\"--awb-background-position:left top;--awb-background-repeat:repeat;--awb-border-radius-top-left:0px;--awb-border-radius-top-right:0px;--awb-border-radius-bottom-right:0px;--awb-border-radius-bottom-left:0px;--awb-padding-top:20px;--awb-padding-right:30px;--awb-padding-bottom:20px;--awb-padding-left:30px;--awb-margin-top:0px;--awb-margin-bottom:0px;--awb-background-color:#e0e0e0;--awb-background-image:url(&quot;https:\/\/www.gtspower.com\/wp-content\/uploads\/patterns\/pattern10@2x.png&quot;);--awb-flex-wrap:wrap;background-attachment:fixed;\" ><div class=\"fusion-builder-row fusion-row\"><div class=\"fusion-layout-column fusion_builder_column fusion-builder-column-5 fusion_builder_column_1_1 1_1 fusion-one-full fusion-column-first fusion-column-last\" style=\"--awb-bg-size:cover;\"><div class=\"fusion-column-wrapper fusion-flex-column-wrapper-legacy\"><div class=\"fusion-sep-clear\"><\/div><div class=\"fusion-separator fusion-full-width-sep\" style=\"margin-left: auto;margin-right: auto;margin-top:20px;margin-bottom:20px;width:100%;\"><\/div><div class=\"fusion-sep-clear\"><\/div><div class=\"fusion-button-wrapper fusion-aligncenter\"><a class=\"fusion-button button-flat button-xlarge button-custom fusion-button-default button-1 fusion-button-default-span fusion-button-default-type fusion-has-button-gradient\" style=\"--button_accent_color:#ffffff;--button_accent_hover_color:#ffffff;--button_border_hover_color:#ffffff;--button_border_width-top:2px;--button_border_width-right:2px;--button_border_width-bottom:2px;--button_border_width-left:2px;--button_gradient_top_color:rgba(237,28,36,0);--button_gradient_bottom_color:rgba(188,22,28,0);--button_gradient_top_color_hover:rgba(188,22,28,0);--button_gradient_bottom_color_hover:rgba(237,28,36,0);\" target=\"_self\" href=\"https:\/\/www.gtspower.com\/es\/administracion-de-servicios\/prueba-y-reemplaza\/servicios-de-reventa\/\"><span class=\"fusion-button-text awb-button__text awb-button__text--default\">Conoce sobre el servicio Test &amp; Replace\u2122 para bater\u00edas<\/span><\/a><\/div><div class=\"fusion-sep-clear\"><\/div><div class=\"fusion-separator fusion-full-width-sep\" style=\"margin-left: auto;margin-right: auto;margin-top:20px;margin-bottom:20px;width:100%;\"><\/div><div class=\"fusion-sep-clear\"><\/div><div class=\"fusion-clearfix\"><\/div><\/div><\/div><\/div><\/div><div class=\"fusion-fullwidth fullwidth-box fusion-builder-row-4 nonhundred-percent-fullwidth non-hundred-percent-height-scrolling\" style=\"--awb-border-radius-top-left:0px;--awb-border-radius-top-right:0px;--awb-border-radius-bottom-right:0px;--awb-border-radius-bottom-left:0px;--awb-padding-top:20px;--awb-padding-bottom:20px;--awb-flex-wrap:wrap;\" ><div class=\"fusion-builder-row fusion-row\"><div class=\"fusion-layout-column fusion_builder_column fusion-builder-column-6 fusion_builder_column_1_6 1_6 fusion-one-sixth fusion-column-first\" style=\"--awb-bg-size:cover;width:16.666666666667%;width:calc(16.666666666667% - ( ( 4% + 4% ) * 0.16666666666667 ) );margin-right: 4%;\"><div class=\"fusion-column-wrapper fusion-flex-column-wrapper-legacy\"><div class=\"fusion-clearfix\"><\/div><\/div><\/div><div class=\"fusion-layout-column fusion_builder_column fusion-builder-column-7 fusion_builder_column_2_3 2_3 fusion-two-third\" style=\"--awb-bg-size:cover;width:66.666666666667%;width:calc(66.666666666667% - ( ( 4% + 4% ) * 0.66666666666667 ) );margin-right: 4%;\"><div class=\"fusion-column-wrapper fusion-flex-column-wrapper-legacy\"><div class=\"fusion-text fusion-text-2\"><h2 style=\"text-align: center;\">\u00bfPor qu\u00e9 asociarse con Global Technology Systems, Inc?<\/h2>\n<\/div><ul style=\"--awb-size:13px;--awb-line-height:22.1px;--awb-icon-width:22.1px;--awb-icon-height:22.1px;--awb-icon-margin:9.1px;--awb-content-margin:31.2px;--awb-circlecolor:#e10707;--awb-circle-yes-font-size:11.44px;\" class=\"fusion-checklist fusion-checklist-1 fusion-checklist-default type-icons\"><li class=\"fusion-li-item\" style=\"\"><span class=\"icon-wrapper circle-yes\"><i class=\"fusion-li-icon fa fa-check\" aria-hidden=\"true\"><\/i><\/span><div class=\"fusion-li-item-content\">\n<h3><strong>Expertos en energ\u00eda m\u00f3vil<\/strong><\/h3>\n<p>GTS se enfoca en ofrecer la mejor energ\u00eda posible para mejorar el desempe\u00f1o de una gran variedad de dispositivos de fabricantes de equipos originales (OEM). A diferencia de los OEM, que se enfocan en los dispositivos, nuestro equipo de experimentados ingenieros piensa en bater\u00edas las 24 horas del d\u00eda para que t\u00fa no tengas que hacerlo.<\/p>\n<\/div><\/li><li class=\"fusion-li-item\" style=\"\"><span class=\"icon-wrapper circle-yes\"><i class=\"fusion-li-icon fa fa-check\" aria-hidden=\"true\"><\/i><\/span><div class=\"fusion-li-item-content\">\n<h3><strong>Desempe\u00f1o superior y calidad inigualable<\/strong><\/h3>\n<p>Nuestras bater\u00edas de alto desempe\u00f1o cumplen o exceden las especificaciones de los OEM. Est\u00e1 comprobado que tienen mayor tiempo de funcionamiento, mayor capacidad y mayor vida \u00fatil para un desempe\u00f1o de turno completo. Adem\u00e1s, nuestros productos est\u00e1n respaldados por una garant\u00eda l\u00edder en la industria con un \u00edndice de devoluci\u00f3n menor al 0,05%.<\/p>\n<\/div><\/li><li class=\"fusion-li-item\" style=\"\"><span class=\"icon-wrapper circle-yes\"><i class=\"fusion-li-icon fa fa-check\" aria-hidden=\"true\"><\/i><\/span><div class=\"fusion-li-item-content\">\n<h3><strong>Mayores m\u00e1rgenes<\/strong><\/h3>\n<p>Debido a que ofrecemos precios competitivos y productos superiores con un mejor desempe\u00f1o, tus clientes estar\u00e1n felices con la reducci\u00f3n de sus costos y t\u00fa lo estar\u00e1s tambi\u00e9n con m\u00e1rgenes de ganancias m\u00e1s altos.<\/p>\n<\/div><\/li><li class=\"fusion-li-item\" style=\"\"><span class=\"icon-wrapper circle-yes\"><i class=\"fusion-li-icon fa fa-check\" aria-hidden=\"true\"><\/i><\/span><div class=\"fusion-li-item-content\">\n<h3><strong>Independencia de los OEM<\/strong><\/h3>\n<p>Las bater\u00edas GTS est\u00e1n dise\u00f1adas para ser compatibles con dispositivos de OEM, lo que te da a ti y a tus clientes la libertad de elegir la que mejor se adapte a sus necesidades. Adem\u00e1s, tenemos productos disponibles para cuando el OEM no puede ofrecerlos y continuamos dando soporte a productos incluso despu\u00e9s de que los OEM han dado por terminada su vida \u00fatil.<\/p>\n<\/div><\/li><li class=\"fusion-li-item\" style=\"\"><span class=\"icon-wrapper circle-yes\"><i class=\"fusion-li-icon fa fa-check\" aria-hidden=\"true\"><\/i><\/span><div class=\"fusion-li-item-content\">\n<h3><strong>Innovaciones galardonadas<\/strong><\/h3>\n<p>Nuestros ingenieros trabajan constantemente para desarrollar la pr\u00f3xima generaci\u00f3n de tecnolog\u00eda de energ\u00eda m\u00f3vil. Nos asociamos contigo y con tus clientes para desarrollar la soluci\u00f3n exacta para tus desaf\u00edos de energ\u00eda m\u00f3vil m\u00e1s complejos. Podemos mencionar, por ejemplo, nuestras galardonadas celdas de Pol\u00edmero de Litio\u00a0<span style=\"font-weight: 400;\">NEOCELL y nuestras soluciones de gesti\u00f3n de energ\u00eda m\u00f3vil: <a href=\"https:\/\/gtspower.com\/es\/servicios-de-reventa\/\">Test &amp; Replace<\/a><\/span><span style=\"font-weight: 400;\">\u2122<\/span><span style=\"font-weight: 400;\"> and <a href=\"https:\/\/gtspower.com\/es\/battery-color-coding\/\">Battery Color Coding<\/a><\/span><span style=\"font-weight: 400;\">\u2122<\/span><span style=\"font-weight: 400;\">.<\/span><\/p>\n<\/div><\/li><\/ul><div class=\"fusion-button-wrapper fusion-aligncenter\"><a class=\"fusion-button button-flat fusion-button-default-size button-default fusion-button-default button-2 fusion-button-default-span fusion-button-default-type\" target=\"_self\" href=\"mailto: sales@gtspower.com\"><span class=\"fusion-button-text awb-button__text awb-button__text--default\">Cont\u00e1ctanos<\/span><\/a><\/div><div class=\"fusion-clearfix\"><\/div><\/div><\/div><div class=\"fusion-layout-column fusion_builder_column fusion-builder-column-8 fusion_builder_column_1_6 1_6 fusion-one-sixth fusion-column-last\" style=\"--awb-bg-size:cover;width:16.666666666667%;width:calc(16.666666666667% - ( ( 4% + 4% ) * 0.16666666666667 ) );\"><div class=\"fusion-column-wrapper fusion-flex-column-wrapper-legacy\"><div class=\"fusion-clearfix\"><\/div><\/div><\/div><\/div><\/div><\/p>\n","protected":false},"excerpt":{"rendered":"","protected":false},"author":1,"featured_media":0,"parent":0,"menu_order":0,"comment_status":"closed","ping_status":"closed","template":"100-width.php","meta":{"footnotes":""},"class_list":["post-5395","page","type-page","status-publish","hentry"],"_links":{"self":[{"href":"https:\/\/gtspower.com\/es\/wp-json\/wp\/v2\/pages\/5395","targetHints":{"allow":["GET"]}}],"collection":[{"href":"https:\/\/gtspower.com\/es\/wp-json\/wp\/v2\/pages"}],"about":[{"href":"https:\/\/gtspower.com\/es\/wp-json\/wp\/v2\/types\/page"}],"author":[{"embeddable":true,"href":"https:\/\/gtspower.com\/es\/wp-json\/wp\/v2\/users\/1"}],"replies":[{"embeddable":true,"href":"https:\/\/gtspower.com\/es\/wp-json\/wp\/v2\/comments?post=5395"}],"version-history":[{"count":9,"href":"https:\/\/gtspower.com\/es\/wp-json\/wp\/v2\/pages\/5395\/revisions"}],"predecessor-version":[{"id":7912,"href":"https:\/\/gtspower.com\/es\/wp-json\/wp\/v2\/pages\/5395\/revisions\/7912"}],"wp:attachment":[{"href":"https:\/\/gtspower.com\/es\/wp-json\/wp\/v2\/media?parent=5395"}],"curies":[{"name":"wp","href":"https:\/\/api.w.org\/{rel}","templated":true}]}}