{"id":5390,"date":"2017-12-14T21:37:35","date_gmt":"2017-12-14T21:37:35","guid":{"rendered":"http:\/\/gtspower.online\/?page_id=5390"},"modified":"2019-12-30T03:28:16","modified_gmt":"2019-12-30T03:28:16","slug":"fabricantes-de-equipos-originales-oem","status":"publish","type":"page","link":"https:\/\/gtspower.com\/es\/clientes\/fabricantes-de-equipos-originales-oem\/","title":{"rendered":"Fabricantes de Equipos Originales (OEM)"},"content":{"rendered":"<p><div class=\"fusion-fullwidth fullwidth-box fusion-builder-row-1 fusion-parallax-none nonhundred-percent-fullwidth non-hundred-percent-height-scrolling\" style=\"--awb-background-position:center top;--awb-border-radius-top-left:0px;--awb-border-radius-top-right:0px;--awb-border-radius-bottom-right:0px;--awb-border-radius-bottom-left:0px;--awb-padding-top:14%;--awb-padding-right:0px;--awb-padding-bottom:14%;--awb-padding-left:0px;--awb-margin-top:0px;--awb-margin-bottom:0px;--awb-background-color:#efeff1;--awb-background-image:url(&quot;https:\/\/www.gtspower.com\/wp-content\/uploads\/images\/woman-tablet-warehouse-v2.jpg&quot;);--awb-background-size:cover;--awb-flex-wrap:wrap;\" ><div class=\"fusion-builder-row fusion-row\"><div class=\"fusion-layout-column fusion_builder_column fusion-builder-column-0 fusion_builder_column_1_1 1_1 fusion-one-full fusion-column-first fusion-column-last\" style=\"--awb-bg-size:cover;\"><div class=\"fusion-column-wrapper fusion-flex-column-wrapper-legacy\"><div class=\"fusion-clearfix\"><\/div><\/div><\/div><\/div><\/div><div class=\"fusion-fullwidth fullwidth-box fusion-builder-row-2 nonhundred-percent-fullwidth non-hundred-percent-height-scrolling\" style=\"--awb-border-radius-top-left:0px;--awb-border-radius-top-right:0px;--awb-border-radius-bottom-right:0px;--awb-border-radius-bottom-left:0px;--awb-padding-top:30px;--awb-padding-bottom:0px;--awb-margin-top:0px;--awb-margin-bottom:0px;--awb-flex-wrap:wrap;\" ><div class=\"fusion-builder-row fusion-row\"><div class=\"fusion-layout-column fusion_builder_column fusion-builder-column-1 fusion_builder_column_1_1 1_1 fusion-one-full fusion-column-first fusion-column-last\" style=\"--awb-bg-size:cover;\"><div class=\"fusion-column-wrapper fusion-flex-column-wrapper-legacy\"><div class=\"fusion-title title fusion-title-1 fusion-title-text fusion-title-size-one\" style=\"--awb-margin-top-small:10px;--awb-margin-right-small:0px;--awb-margin-bottom-small:10px;--awb-margin-left-small:0px;\"><h1 class=\"fusion-title-heading title-heading-left fusion-responsive-typography-calculated\" style=\"margin:0;--fontSize:34;line-height:1.4;\">Ofreciendo tecnolog\u00eda superior para los dispositivos port\u00e1tiles del ma\u00f1ana<\/h1><span class=\"awb-title-spacer\"><\/span><div class=\"title-sep-container\"><div class=\"title-sep sep-double sep-solid\" style=\"border-color:#e0dede;\"><\/div><\/div><\/div><div class=\"fusion-clearfix\"><\/div><\/div><\/div><\/div><\/div><div class=\"fusion-fullwidth fullwidth-box fusion-builder-row-3 nonhundred-percent-fullwidth non-hundred-percent-height-scrolling\" style=\"--awb-border-radius-top-left:0px;--awb-border-radius-top-right:0px;--awb-border-radius-bottom-right:0px;--awb-border-radius-bottom-left:0px;--awb-padding-top:0px;--awb-padding-bottom:20px;--awb-margin-top:0px;--awb-flex-wrap:wrap;\" ><div class=\"fusion-builder-row fusion-row\"><div class=\"fusion-layout-column fusion_builder_column fusion-builder-column-2 fusion_builder_column_2_3 2_3 fusion-two-third fusion-column-first\" style=\"--awb-bg-size:cover;width:66.666666666667%;width:calc(66.666666666667% - ( ( 4% ) * 0.66666666666667 ) );margin-right: 4%;\"><div class=\"fusion-column-wrapper fusion-flex-column-wrapper-legacy\"><div class=\"fusion-text fusion-text-1\"><h3>Cumpliendo con tus necesidades energ\u00e9ticas \u00fanicas.<\/h3>\n<p>Como el experto confiable en tecnolog\u00eda de energ\u00eda para m\u00f3viles, GTS se compromete a ofrecer productos y servicios de la m\u00e1s alta calidad para proveer de energ\u00eda a tus dispositivos m\u00f3viles. Nuestro equipo de ingenieros expertos trabaja junto con fabricantes de\u00a0dispositivos l\u00edderes para desarrollar tecnolog\u00edas de energ\u00eda personalizadas para la pr\u00f3xima generaci\u00f3n de dispositivos m\u00f3viles.<\/p>\n<p>Los ingenieros de GTS pueden desarrollar cualquier tipo de soluci\u00f3n para cumplir con tus necesidades energ\u00e9ticas. Tanto si tus bater\u00edas necesitan energ\u00eda para funcionar turnos extra como si necesitan soportar condiciones extremas, no hay reto lo suficientemente dif\u00edcil como para que nosotros no lo podamos resolver. Con energ\u00eda confiable y duradera para tus dispositivos, podr\u00e1s mantener felices a tus clientes y estar un paso delante de la competencia.<\/p>\n<\/div><div class=\"fusion-clearfix\"><\/div><\/div><\/div><div class=\"fusion-layout-column fusion_builder_column fusion-builder-column-3 fusion_builder_column_1_3 1_3 fusion-one-third fusion-column-last\" style=\"--awb-bg-size:cover;width:33.333333333333%;width:calc(33.333333333333% - ( ( 4% ) * 0.33333333333333 ) );\"><div class=\"fusion-column-wrapper fusion-flex-column-wrapper-legacy\"><div class=\"fusion-text fusion-text-2\"><h4 class=\"p2\" style=\"text-align: center;\"><em><img decoding=\"async\" class=\"aligncenter size-full wp-image-6227\" src=\"https:\/\/www.gtspower.com\/wp-content\/uploads\/graphics\/development-cycle-es.png\" alt=\"\" width=\"432\" height=\"406\" srcset=\"https:\/\/gtspower.com\/wp-content\/uploads\/graphics\/development-cycle-es-200x188.png 200w, https:\/\/gtspower.com\/wp-content\/uploads\/graphics\/development-cycle-es-300x282.png 300w, https:\/\/gtspower.com\/wp-content\/uploads\/graphics\/development-cycle-es-400x376.png 400w, https:\/\/gtspower.com\/wp-content\/uploads\/graphics\/development-cycle-es.png 432w\" sizes=\"(max-width: 432px) 100vw, 432px\" \/>Ciclo de desarrollo de productos de GTS para una mejora continua<\/em><\/h4>\n<\/div><div class=\"fusion-clearfix\"><\/div><\/div><\/div><\/div><\/div><div class=\"fusion-fullwidth fullwidth-box fusion-builder-row-4 fusion-parallax-fixed hundred-percent-fullwidth non-hundred-percent-height-scrolling\" style=\"--awb-background-position:left top;--awb-background-repeat:repeat;--awb-border-radius-top-left:0px;--awb-border-radius-top-right:0px;--awb-border-radius-bottom-right:0px;--awb-border-radius-bottom-left:0px;--awb-padding-top:50px;--awb-padding-right:30px;--awb-padding-bottom:50px;--awb-padding-left:30px;--awb-background-color:#e5e5e5;--awb-background-image:url(&quot;https:\/\/www.gtspower.com\/wp-content\/uploads\/patterns\/cork-wallet.png&quot;);--awb-flex-wrap:wrap;background-attachment:fixed;\" ><div class=\"fusion-builder-row fusion-row\"><div class=\"fusion-layout-column fusion_builder_column fusion-builder-column-4 fusion_builder_column_1_3 1_3 fusion-one-third fusion-column-first\" style=\"--awb-bg-size:cover;width:33.333333333333%;width:calc(33.333333333333% - ( ( 4% ) * 0.33333333333333 ) );margin-right: 4%;\"><div class=\"fusion-column-wrapper fusion-flex-column-wrapper-legacy\"><div class=\"fusion-reading-box-container reading-box-container-1\" style=\"--awb-title-color:#ed1c24;--awb-margin-top:15px;--awb-margin-bottom:0px;\"><div class=\"reading-box reading-box-center\" style=\"background-color:rgba(255,255,255,0.71);border-width:0px;border-color:#f44336;border-top-width:3px;border-top-color:var(--primary_color);border-style:solid;\"><div class=\"reading-box-additional\">\n<h3 style=\"text-align: center;\">Para ver en qu\u00e9 forma te puede ayudar GTS a desarrollar soluciones \u00f3ptimas de energ\u00eda para la pr\u00f3xima generaci\u00f3n de dispositivos m\u00f3viles, env\u00eda un correo electr\u00f3nico a Douglas Dores a <a href=\"mailto:ddores@gtspower.com\" target=\"_blank\" rel=\"noopener noreferrer\">ddores@gtspower.com<\/a> o llama al +1 508-310-0373.<\/h3>\n<\/div><div class=\"fusion-clearfix\"><\/div><\/div><\/div><div class=\"fusion-clearfix\"><\/div><\/div><\/div><div class=\"fusion-layout-column fusion_builder_column fusion-builder-column-5 fusion_builder_column_2_3 2_3 fusion-two-third fusion-column-last\" style=\"--awb-bg-size:cover;width:66.666666666667%;width:calc(66.666666666667% - ( ( 4% ) * 0.66666666666667 ) );\"><div class=\"fusion-column-wrapper fusion-flex-column-wrapper-legacy\"><div class=\"fusion-text fusion-text-3\"><h2>Entre los beneficios de asociarse con GTS podemos mencionar:<\/h2>\n<ul>\n<li>\n<h3>Gran Experiencia T\u00e9cnica<\/h3>\n<p>El equipo de ingenieros expertos de GTS aporta un gran caudal de conocimientos t\u00e9cnicos para resolver los desaf\u00edos de energ\u00eda m\u00f3vil m\u00e1s complejos. Los ingenieros de GTS trabajar\u00e1n contigo para llevar a tu \u00faltimo dispositivo del concepto al mercado. <a href=\"https:\/\/www.gtspower.com\/wp-content\/uploads\/pdf\/GTS_-Developing-Custom-Solutions-_12-29-16_.pdf\">Conoce m\u00e1s<\/a><\/li>\n<\/ul>\n<ul>\n<li>\n<h3>Calidad Excepcional<\/h3>\n<p>GTS utiliza los mejores materiales y t\u00e9cnicas de fabricaci\u00f3n para ofrecer productos seguros y de alta calidad que te ofrecer\u00e1n energ\u00eda confiable y duradera para tus dispositivos y te ayudar\u00e1n a mantener la reputaci\u00f3n de tu negocio.\u00a0 El equipo de ingenieros expertos de GTS aporta un gran caudal de conocimientos t\u00e9cnicos para resolver los desaf\u00edos de energ\u00eda m\u00f3vil m\u00e1s complejos. Los ingenieros de GTS trabajar\u00e1n contigo para llevar a tu \u00faltimo dispositivo del concepto al mercado. <a href=\"https:\/\/www.gtspower.com\/wp-content\/uploads\/pdf\/GTS-OEM-Brochure-9-29-16-1-1.pdf\">Conoce m\u00e1s<\/a><\/li>\n<\/ul>\n<ul>\n<li>\n<h3>Fabricaci\u00f3n eficiente y flexible<\/h3>\n<p>En GTS, gestionamos nuestras propias f\u00e1bricas, lo que nos permite tener una cadena de producci\u00f3n flexible que se puede adaptar a cualquier tama\u00f1o de orden con r\u00e1pidos tiempos de entrega. Nuestro avanzado proceso de fabricaci\u00f3n nos permite crear los productos m\u00e1s innovadores para cualquier dispositivo m\u00f3vil. Con m\u00e1s de 450 n\u00fameros de parte disponibles actualmente, podemos fabricar las soluciones personalizadas que necesitas.\u00a0<a href=\"https:\/\/www.gtspower.com\/wp-content\/uploads\/pdf\/Manufacturing-Capabilities-13-04-25.pdf\">Conoce m\u00e1s<\/a><\/li>\n<\/ul>\n<ul>\n<li>\n<h3>Innovaci\u00f3n Galardonada<\/h3>\n<p>GTS ha sido reconocido por desarrollar nuevas innovaciones que extienden los l\u00edmites de la energ\u00eda m\u00f3vil. NEOCELL, Test &amp; Replace\u2122, \u00fanicas fundas de carga y la Funda de carga para operaciones de emergencia (EOCC) son tan s\u00f3lo algunos ejemplos de estos avances t\u00e9cnicos.\u00a0<a href=\"https:\/\/gtspower.com\/es\/administracion-de-servicios\/\" target=\"_blank\" rel=\"noopener noreferrer\">Conoce m\u00e1s<\/a><\/li>\n<\/ul>\n<\/div><div class=\"fusion-clearfix\"><\/div><\/div><\/div><\/div><\/div><\/p>\n","protected":false},"excerpt":{"rendered":"","protected":false},"author":1,"featured_media":0,"parent":4278,"menu_order":0,"comment_status":"closed","ping_status":"closed","template":"100-width.php","meta":{"footnotes":""},"class_list":["post-5390","page","type-page","status-publish","hentry"],"_links":{"self":[{"href":"https:\/\/gtspower.com\/es\/wp-json\/wp\/v2\/pages\/5390","targetHints":{"allow":["GET"]}}],"collection":[{"href":"https:\/\/gtspower.com\/es\/wp-json\/wp\/v2\/pages"}],"about":[{"href":"https:\/\/gtspower.com\/es\/wp-json\/wp\/v2\/types\/page"}],"author":[{"embeddable":true,"href":"https:\/\/gtspower.com\/es\/wp-json\/wp\/v2\/users\/1"}],"replies":[{"embeddable":true,"href":"https:\/\/gtspower.com\/es\/wp-json\/wp\/v2\/comments?post=5390"}],"version-history":[{"count":8,"href":"https:\/\/gtspower.com\/es\/wp-json\/wp\/v2\/pages\/5390\/revisions"}],"predecessor-version":[{"id":51284,"href":"https:\/\/gtspower.com\/es\/wp-json\/wp\/v2\/pages\/5390\/revisions\/51284"}],"up":[{"embeddable":true,"href":"https:\/\/gtspower.com\/es\/wp-json\/wp\/v2\/pages\/4278"}],"wp:attachment":[{"href":"https:\/\/gtspower.com\/es\/wp-json\/wp\/v2\/media?parent=5390"}],"curies":[{"name":"wp","href":"https:\/\/api.w.org\/{rel}","templated":true}]}}