{"id":5375,"date":"2017-12-14T19:14:04","date_gmt":"2017-12-14T19:14:04","guid":{"rendered":"http:\/\/gtspower.online\/?page_id=5375"},"modified":"2022-08-31T21:00:00","modified_gmt":"2022-09-01T01:00:00","slug":"contactanos","status":"publish","type":"page","link":"https:\/\/gtspower.com\/es\/quienes-somos\/contactanos\/","title":{"rendered":"Cont\u00e1ctanos"},"content":{"rendered":"<p><div class=\"fusion-fullwidth fullwidth-box fusion-builder-row-1 nonhundred-percent-fullwidth non-hundred-percent-height-scrolling\" style=\"--awb-border-radius-top-left:0px;--awb-border-radius-top-right:0px;--awb-border-radius-bottom-right:0px;--awb-border-radius-bottom-left:0px;--awb-padding-top:20px;--awb-padding-bottom:20px;--awb-flex-wrap:wrap;\" ><div class=\"fusion-builder-row fusion-row\"><div class=\"fusion-layout-column fusion_builder_column fusion-builder-column-0 fusion_builder_column_1_1 1_1 fusion-one-full fusion-column-first fusion-column-last\" style=\"--awb-bg-size:cover;\"><div class=\"fusion-column-wrapper fusion-flex-column-wrapper-legacy\"><div class=\"fusion-title title fusion-title-1 fusion-title-text fusion-title-size-one\" style=\"--awb-margin-top-small:10px;--awb-margin-right-small:0px;--awb-margin-bottom-small:10px;--awb-margin-left-small:0px;\"><h1 class=\"fusion-title-heading title-heading-left fusion-responsive-typography-calculated\" style=\"margin:0;--fontSize:34;line-height:1.4;\">Global Technology Systems, Inc.<\/h1><span class=\"awb-title-spacer\"><\/span><div class=\"title-sep-container\"><div class=\"title-sep sep-double sep-solid\" style=\"border-color:#e0dede;\"><\/div><\/div><\/div><div class=\"fusion-clearfix\"><\/div><\/div><\/div><div class=\"fusion-layout-column fusion_builder_column fusion-builder-column-1 fusion_builder_column_2_5 2_5 fusion-two-fifth fusion-column-first\" style=\"--awb-bg-size:cover;width:40%;width:calc(40% - ( ( 4% + 4% ) * 0.4 ) );margin-right: 4%;\"><div class=\"fusion-column-wrapper fusion-flex-column-wrapper-legacy\"><div class=\"fusion-text fusion-text-1\"><p><code><iframe src=\"https:\/\/www.google.com\/maps\/embed?pb=!1m18!1m12!1m3!1d2950.5057656637887!2d-71.39295188466706!3d42.310410179190164!2m3!1f0!2f0!3f0!3m2!1i1024!2i768!4f13.1!3m3!1m2!1s0x89e38898f99e3d4d%3A0x787c24ba245fc87b!2s3%20Speen%20St%2C%20Framingham%2C%20MA%2001701!5e0!3m2!1sen!2sus!4v1661993960194!5m2!1sen!2sus\" width=\"400\" height=\"450\" style=\"border:0;\" allowfullscreen=\"\" loading=\"lazy\" referrerpolicy=\"no-referrer-when-downgrade\"><\/iframe><\/code><\/p>\n<\/div><div class=\"fusion-clearfix\"><\/div><\/div><\/div><div class=\"fusion-layout-column fusion_builder_column fusion-builder-column-2 fusion_builder_column_1_5 1_5 fusion-one-fifth\" style=\"--awb-bg-size:cover;width:20%;width:calc(20% - ( ( 4% + 4% ) * 0.2 ) );margin-right: 4%;\"><div class=\"fusion-column-wrapper fusion-flex-column-wrapper-legacy\"><div class=\"fusion-text fusion-text-2\"><h3>Sede Mundial<\/h3>\n<p>3 Speen Street, Suite 100<br \/>Framingham, MA 01701<\/p>\n<p>L\u00ednea Gratuita: 800-267-2711<br \/>Tel\u00e9fono (EE.UU.): 508-650-1172<br \/>Fax: 508-650-5472<\/p>\n<\/div><div class=\"fusion-text fusion-text-3\"><h3>Datos Generales<\/h3>\n<\/div><ul style=\"--awb-size:13px;--awb-iconcolor:#ed1c24;--awb-line-height:22.1px;--awb-icon-width:22.1px;--awb-icon-height:22.1px;--awb-icon-margin:9.1px;--awb-content-margin:31.2px;\" class=\"fusion-checklist fusion-checklist-1 fusion-checklist-default type-icons\"><li class=\"fusion-li-item\" style=\"\"><span class=\"icon-wrapper circle-no\"><i class=\"fusion-li-icon fa fa-arrow-circle-right\" aria-hidden=\"true\"><\/i><\/span><div class=\"fusion-li-item-content\">\n<p>CAGE: 1UXK8<\/p>\n<\/div><\/li><li class=\"fusion-li-item\" style=\"\"><span class=\"icon-wrapper circle-no\"><i class=\"fusion-li-icon fa fa-arrow-circle-right\" aria-hidden=\"true\"><\/i><\/span><div class=\"fusion-li-item-content\">\n<p>DUNS: 145964743<\/p>\n<\/div><\/li><li class=\"fusion-li-item\" style=\"\"><span class=\"icon-wrapper circle-no\"><i class=\"fusion-li-icon fa fa-arrow-circle-right\" aria-hidden=\"true\"><\/i><\/span><div class=\"fusion-li-item-content\">\n<p>Contrato AT&amp;T TacCom<br \/>\n#HSSS01-12-D-004<\/p>\n<\/div><\/li><li class=\"fusion-li-item\" style=\"\"><span class=\"icon-wrapper circle-no\"><i class=\"fusion-li-icon fa fa-arrow-circle-right\" aria-hidden=\"true\"><\/i><\/span><div class=\"fusion-li-item-content\">\n<p>Titular del Contrato de GSA<br \/>\nContrato GS-07F-0335U<\/p>\n<\/div><\/li><\/ul><div class=\"fusion-clearfix\"><\/div><\/div><\/div><div class=\"fusion-layout-column fusion_builder_column fusion-builder-column-3 fusion_builder_column_2_5 2_5 fusion-two-fifth fusion-column-last\" style=\"--awb-bg-size:cover;width:40%;width:calc(40% - ( ( 4% + 4% ) * 0.4 ) );\"><div class=\"fusion-column-wrapper fusion-flex-column-wrapper-legacy\"><div class=\"fusion-text fusion-text-4\"><h3>Sedes de GTS en el mundo<\/h3>\n<p>Haz click en el mapa que aparece a continuaci\u00f3n para conocer la informaci\u00f3n de contacto de nuestros gerentes de cuentas globales.<\/p>\n<\/div><div class=\"fusion-text fusion-text-5\"><p><img decoding=\"async\" style=\"border-width: 0px; border-style: solid; width: 360px; height: 205px; vertical-align: middle;\" src=\"https:\/\/www.gtspower.com\/wp-content\/uploads\/graphics\/GTS-map-2_2.png\" alt=\"\" usemap=\"#map\" \/><\/p>\n<map name=\"map\">\n<map name=\"map\"><!-- #$-:Image map file created by GIMP Image Map plug-in --><!-- #$-:GIMP Image Map plug-in by Maurits Rijk --><!-- #$-:Please do not edit lines starting with \"#$\" --><!-- #$VERSION:2.3 --><!-- #$AUTHOR:Sortiz --> <\/p>\n<area alt=\"Click to contact GTS in North America\" coords=\"84,0,81,4,76,4,71,4,66,9,60,9,55,10,53,8,44,16,43,22,43,25,18,26,8,25,4,29,0,39,6,42,1,45,3,49,12,51,0,57,0,62,11,58,18,54,21,49,31,51,43,68,47,85,53,92,67,91,73,98,75,98,78,95,87,94,91,100,94,99,93,91,100,86,100,81,106,75,111,76,117,71,125,68,121,61,117,51,110,49,113,35,110,28,99,22,97,17,108,3,104,0\" shape=\"poly\" href=\"https:\/\/gtspower.com\/es\/america-del-norte\/\" \/>\n<area alt=\"Click to contact GTS in Latin America\" coords=\"55,91,68,91,74,98,74,97,77,96,78,106,84,102,86,102,90,100,97,103,100,106,105,107,104,109,92,112,91,113,91,114,95,117,102,115,106,117,112,116,113,120,123,125,136,135,140,138,136,148,135,158,127,164,126,170,119,176,115,179,112,190,106,191,106,198,109,204,98,204,96,194,98,188,99,175,101,167,101,155,97,149,91,139,92,127,95,123,88,120,85,117,84,114,78,112,75,112,70,109,66,106,60,101,54,95,54,92,55,91,57,91\" shape=\"poly\" href=\"https:\/\/gtspower.com\/es\/latinoamerica\/\" \/>\n<area alt=\"Click to contact GTS in Europe, Middle East or Africa\" coords=\"241,16,230,18,228,20,225,24,227,30,229,31,232,31,228,32,225,32,224,30,222,30,218,31,214,31,207,29,202,27,195,27,186,32,186,35,185,38,179,42,178,46,180,52,180,56,179,58,176,59,173,54,172,49,168,47,164,49,165,52,165,56,162,59,163,63,168,65,168,68,171,72,164,72,162,76,163,83,170,84,177,80,181,79,184,79,188,82,191,82,197,82,197,83,203,83,208,84,209,88,212,101,215,109,220,113,230,111,237,105,235,102,237,97,238,94,235,86,237,80,242,81,248,83,251,80,253,74,257,71,264,66,270,62,274,61,282,63,290,63,295,63,298,60,302,62,305,66,311,66,308,72,306,75,312,74,316,69,317,68,319,66,320,61,317,57,315,57,313,52,313,51,320,50,325,49,327,49,330,47,331,46,334,45,336,48,332,53,331,57,331,61,331,64,336,60,337,57,339,51,341,47,345,46,355,44,358,43,358,40,360,40,363,40,364,36,357,32,351,29,345,29,336,30,336,28,332,27,324,25,315,21,314,17,312,19,313,23,314,25,303,25,302,21,295,22,291,21,286,16,275,10,270,7,265,6,267,13,276,14,273,16,268,17,260,19,255,21,247,22,241,23,239,29,236,29,231,28,231,23,236,19,242,18,165,85,160,89,163,92,159,95,155,104,157,119,164,126,171,126,177,124,181,136,184,146,183,151,187,174,202,176,208,169,212,162,221,162,226,155,226,148,225,146,219,148,218,150,216,147,216,141,216,135,219,129,227,122,227,109,231,110,234,100,220,93,206,89,196,89,185,83,183,83\" shape=\"poly\" href=\"https:\/\/gtspower.com\/es\/europa-oriente-medio-y-africa-emea\/\" \/><\/map>\n<\/map>\n<\/div><div class=\"fusion-clearfix\"><\/div><\/div><\/div><\/div><\/div><div class=\"fusion-fullwidth fullwidth-box fusion-builder-row-2 nonhundred-percent-fullwidth non-hundred-percent-height-scrolling\" style=\"--awb-border-radius-top-left:0px;--awb-border-radius-top-right:0px;--awb-border-radius-bottom-right:0px;--awb-border-radius-bottom-left:0px;--awb-padding-top:40px;--awb-padding-bottom:20px;--awb-background-color:#e2e2e2;--awb-flex-wrap:wrap;\" ><div class=\"fusion-builder-row fusion-row\"><div class=\"fusion-layout-column fusion_builder_column fusion-builder-column-4 fusion_builder_column_1_5 1_5 fusion-one-fifth fusion-column-first\" style=\"--awb-bg-size:cover;width:20%;width:calc(20% - ( ( 4% + 4% ) * 0.2 ) );margin-right: 4%;\"><div class=\"fusion-column-wrapper fusion-flex-column-wrapper-legacy\"><div class=\"fusion-clearfix\"><\/div><\/div><\/div><div class=\"fusion-layout-column fusion_builder_column fusion-builder-column-5 fusion_builder_column_3_5 3_5 fusion-three-fifth\" style=\"--awb-bg-size:cover;width:60%;width:calc(60% - ( ( 4% + 4% ) * 0.6 ) );margin-right: 4%;\"><div class=\"fusion-column-wrapper fusion-flex-column-wrapper-legacy\"><div class=\"fusion-text fusion-text-6\"><p>Recuerda que siempre puedes llamarnos o enviarnos un correo electr\u00f3nico sobre cualquier consulta. Gracias por tu inter\u00e9s en nuestras soluciones de energ\u00eda m\u00f3vil y port\u00e1til. Por favor, completa el formulario que aparece a continuaci\u00f3n y nos contactaremos a la brevedad posible.<\/p>\n\n<div class=\"wpcf7 no-js\" id=\"wpcf7-f6337-o1\" lang=\"en-US\" dir=\"ltr\" data-wpcf7-id=\"6337\">\n<div class=\"screen-reader-response\"><p role=\"status\" aria-live=\"polite\" aria-atomic=\"true\"><\/p> <ul><\/ul><\/div>\n<form action=\"\/es\/wp-json\/wp\/v2\/pages\/5375#wpcf7-f6337-o1\" method=\"post\" class=\"wpcf7-form init\" aria-label=\"Contact form\" novalidate=\"novalidate\" data-status=\"init\">\n<fieldset class=\"hidden-fields-container\"><input type=\"hidden\" name=\"_wpcf7\" value=\"6337\" \/><input type=\"hidden\" name=\"_wpcf7_version\" value=\"6.1.5\" \/><input type=\"hidden\" name=\"_wpcf7_locale\" value=\"en_US\" \/><input type=\"hidden\" name=\"_wpcf7_unit_tag\" value=\"wpcf7-f6337-o1\" \/><input type=\"hidden\" name=\"_wpcf7_container_post\" value=\"0\" \/><input type=\"hidden\" name=\"_wpcf7_posted_data_hash\" value=\"\" \/><input type=\"hidden\" name=\"_wpcf7_recaptcha_response\" value=\"\" \/>\n<\/fieldset>\n<table cellpadding=\"5\" align=\"center\">\n\t<tr>\n\t\t<td>\n\t\t\t<p><label> Nombre&#42;<br \/>\n<span class=\"wpcf7-form-control-wrap\" data-name=\"FirstName\"><input size=\"40\" maxlength=\"400\" class=\"wpcf7-form-control wpcf7-text wpcf7-validates-as-required\" aria-required=\"true\" aria-invalid=\"false\" value=\"\" type=\"text\" name=\"FirstName\" \/><\/span> <\/label>\n\t\t\t<\/p>\n\t\t<\/td>\n\t\t<td>\n\t\t\t<p><label> Apellido&#42;<br \/>\n<span class=\"wpcf7-form-control-wrap\" data-name=\"LastName\"><input size=\"40\" maxlength=\"400\" class=\"wpcf7-form-control wpcf7-text wpcf7-validates-as-required\" aria-required=\"true\" aria-invalid=\"false\" value=\"\" type=\"text\" name=\"LastName\" \/><\/span> <\/label>\n\t\t\t<\/p>\n\t\t<\/td>\n\t<\/tr>\n\t<tr>\n\t\t<td>\n\t\t\t<p><label> Empresa&#42;<br \/>\n<span class=\"wpcf7-form-control-wrap\" data-name=\"Company\"><input size=\"40\" maxlength=\"400\" class=\"wpcf7-form-control wpcf7-text wpcf7-validates-as-required\" aria-required=\"true\" aria-invalid=\"false\" value=\"\" type=\"text\" name=\"Company\" \/><\/span> <\/label>\n\t\t\t<\/p>\n\t\t<\/td>\n\t\t<td>\n\t\t\t<p><label> Puesto (de trabajo)<br \/>\n<span class=\"wpcf7-form-control-wrap\" data-name=\"Title\"><input size=\"40\" maxlength=\"400\" class=\"wpcf7-form-control wpcf7-text\" aria-invalid=\"false\" value=\"\" type=\"text\" name=\"Title\" \/><\/span><\/label>\n\t\t\t<\/p>\n\t\t<\/td>\n\t<\/tr>\n\t<tr>\n\t\t<td>\n\t\t\t<p><label> Tel\u00e9fono<br \/>\n<span class=\"wpcf7-form-control-wrap\" data-name=\"Telephone\"><input size=\"40\" maxlength=\"400\" class=\"wpcf7-form-control wpcf7-tel wpcf7-text wpcf7-validates-as-tel\" aria-invalid=\"false\" value=\"\" type=\"tel\" name=\"Telephone\" \/><\/span> <\/label>\n\t\t\t<\/p>\n\t\t<\/td>\n\t\t<td>\n\t\t\t<p><label> Correo electr\u00f3nico&#42;<br \/>\n<span class=\"wpcf7-form-control-wrap\" data-name=\"EmailAddress\"><input size=\"40\" maxlength=\"400\" class=\"wpcf7-form-control wpcf7-email wpcf7-validates-as-required wpcf7-text wpcf7-validates-as-email\" aria-required=\"true\" aria-invalid=\"false\" value=\"\" type=\"email\" name=\"EmailAddress\" \/><\/span> <\/label>\n\t\t\t<\/p>\n\t\t<\/td>\n\t<\/tr>\n\t<tr>\n\t\t<td colspan=\"2\">\n\t\t\t<p><label> Comentarios&#42;<br \/>\n<span class=\"wpcf7-form-control-wrap\" data-name=\"Comments\"><textarea cols=\"40\" rows=\"10\" maxlength=\"2000\" class=\"wpcf7-form-control wpcf7-textarea wpcf7-validates-as-required\" aria-required=\"true\" aria-invalid=\"false\" name=\"Comments\"><\/textarea><\/span><\/label>\n\t\t\t<\/p>\n\t\t<\/td>\n\t<\/tr>\n\t<tr>\n\t\t<td colspan=\"2\">\n\t\t\n\t\t<\/td>\n\t<\/tr>\n\t<tr>\n\t\t<td colspan=\"2\">\n\t\t\t<p><input class=\"wpcf7-form-control wpcf7-submit has-spinner\" type=\"submit\" value=\"Enviar\" \/>\n\t\t\t<\/p>\n\t\t<\/td>\n\t<\/tr>\n<\/table>\n<p style=\"font-size:12px;\">&#42;campos requeridos\n<\/p><div class=\"fusion-alert alert custom alert-custom fusion-alert-center wpcf7-response-output fusion-alert-capitalize awb-alert-native-link-color alert-dismissable awb-alert-close-boxed\" style=\"--awb-border-top-left-radius:0px;--awb-border-top-right-radius:0px;--awb-border-bottom-left-radius:0px;--awb-border-bottom-right-radius:0px;\" role=\"alert\"><div class=\"fusion-alert-content-wrapper\"><span class=\"fusion-alert-content\"><\/span><\/div><button type=\"button\" class=\"close toggle-alert\" data-dismiss=\"alert\" aria-label=\"Close\">&times;<\/button><\/div>\n<\/form>\n<\/div>\n\n<\/div><div class=\"fusion-clearfix\"><\/div><\/div><\/div><div class=\"fusion-layout-column fusion_builder_column fusion-builder-column-6 fusion_builder_column_1_5 1_5 fusion-one-fifth fusion-column-last\" style=\"--awb-bg-size:cover;width:20%;width:calc(20% - ( ( 4% + 4% ) * 0.2 ) );\"><div class=\"fusion-column-wrapper fusion-flex-column-wrapper-legacy\"><div class=\"fusion-clearfix\"><\/div><\/div><\/div><\/div><\/div><\/p>\n","protected":false},"excerpt":{"rendered":"","protected":false},"author":1,"featured_media":0,"parent":4217,"menu_order":0,"comment_status":"closed","ping_status":"closed","template":"100-width.php","meta":{"footnotes":""},"class_list":["post-5375","page","type-page","status-publish","hentry"],"_links":{"self":[{"href":"https:\/\/gtspower.com\/es\/wp-json\/wp\/v2\/pages\/5375","targetHints":{"allow":["GET"]}}],"collection":[{"href":"https:\/\/gtspower.com\/es\/wp-json\/wp\/v2\/pages"}],"about":[{"href":"https:\/\/gtspower.com\/es\/wp-json\/wp\/v2\/types\/page"}],"author":[{"embeddable":true,"href":"https:\/\/gtspower.com\/es\/wp-json\/wp\/v2\/users\/1"}],"replies":[{"embeddable":true,"href":"https:\/\/gtspower.com\/es\/wp-json\/wp\/v2\/comments?post=5375"}],"version-history":[{"count":8,"href":"https:\/\/gtspower.com\/es\/wp-json\/wp\/v2\/pages\/5375\/revisions"}],"predecessor-version":[{"id":128331,"href":"https:\/\/gtspower.com\/es\/wp-json\/wp\/v2\/pages\/5375\/revisions\/128331"}],"up":[{"embeddable":true,"href":"https:\/\/gtspower.com\/es\/wp-json\/wp\/v2\/pages\/4217"}],"wp:attachment":[{"href":"https:\/\/gtspower.com\/es\/wp-json\/wp\/v2\/media?parent=5375"}],"curies":[{"name":"wp","href":"https:\/\/api.w.org\/{rel}","templated":true}]}}