{"id":5352,"date":"2017-12-13T19:23:11","date_gmt":"2017-12-13T19:23:11","guid":{"rendered":"http:\/\/gtspower.online\/?page_id=5352"},"modified":"2018-01-24T00:44:43","modified_gmt":"2018-01-24T00:44:43","slug":"por-que-gts","status":"publish","type":"page","link":"https:\/\/gtspower.com\/es\/por-que-gts\/","title":{"rendered":"\u00bfPor qu\u00e9 GTS?"},"content":{"rendered":"<div class=\"fusion-fullwidth fullwidth-box fusion-builder-row-1 nonhundred-percent-fullwidth non-hundred-percent-height-scrolling\" style=\"--awb-border-radius-top-left:0px;--awb-border-radius-top-right:0px;--awb-border-radius-bottom-right:0px;--awb-border-radius-bottom-left:0px;--awb-padding-top:20px;--awb-padding-bottom:20px;--awb-flex-wrap:wrap;\" ><div class=\"fusion-builder-row fusion-row\"><div class=\"fusion-layout-column fusion_builder_column fusion-builder-column-0 fusion_builder_column_1_1 1_1 fusion-one-full fusion-column-first fusion-column-last\" style=\"--awb-bg-size:cover;\"><div class=\"fusion-column-wrapper fusion-flex-column-wrapper-legacy\"><div class=\"fusion-flip-boxes flip-boxes row fusion-columns-3 flip-effect-classic\"><div class=\"fusion-flip-box-wrapper fusion-column col-lg-4 col-md-4 col-sm-4\"><div class=\"fusion-flip-box flip-right\" tabindex=\"0\"><div class=\"flip-box-inner-wrapper\"><div class=\"flip-box-front\" style=\"--awb-border-color:#e5e5e5;--awb-border-radius:4px;\"><div class=\"flip-box-front-inner\"><div class=\"flip-box-grafix flip-box-image\"><img decoding=\"async\" src=\"https:\/\/www.gtspower.com\/wp-content\/uploads\/images\/why-gts-1.jpg\" width=\"300\" height=\"300\" alt=\"\" \/><\/div><h2 class=\"flip-box-heading without-text\">Productos Principales<\/h2><\/div><\/div><div class=\"flip-box-back\" style=\"--awb-border-color:#e5e5e5;--awb-border-radius:4px;\"><div class=\"flip-box-back-inner\"><h3 class=\"flip-box-heading-back\">Productos Principales<\/h3>GTS tiene m\u00e1s de 15 a\u00f1os de experiencia en el dise\u00f1o de bater\u00edas y cargadores confiables y duraderos. <div class=\"fusion-aligncenter\"><a class=\"fusion-button button-flat fusion-button-default-size button-custom fusion-button-default button-1 fusion-button-span-no fusion-button-default-type fusion-has-button-gradient\" style=\"--button_accent_color:#ffffff;--button_accent_hover_color:#ffffff;--button_border_hover_color:#ffffff;--button_border_width-top:4px;--button_border_width-right:4px;--button_border_width-bottom:4px;--button_border_width-left:4px;--button_gradient_top_color:rgba(237,28,36,0);--button_gradient_bottom_color:rgba(188,22,28,0);--button_gradient_top_color_hover:rgba(188,22,28,0);--button_gradient_bottom_color_hover:rgba(237,28,36,0);\" target=\"_self\" href=\"\/es\/productos\"><span class=\"fusion-button-text awb-button__text awb-button__text--default\">Conoce m\u00e1s<\/span><\/a><\/div> <\/div><\/div><\/div><\/div><\/div><div class=\"fusion-flip-box-wrapper fusion-column col-lg-4 col-md-4 col-sm-4\"><div class=\"fusion-flip-box flip-right\" tabindex=\"0\"><div class=\"flip-box-inner-wrapper\"><div class=\"flip-box-front\" style=\"--awb-border-color:#e5e5e5;--awb-border-radius:4px;\"><div class=\"flip-box-front-inner\"><div class=\"flip-box-grafix flip-box-image\"><img decoding=\"async\" src=\"https:\/\/www.gtspower.com\/wp-content\/uploads\/images\/why-gts-2.jpg\" width=\"300\" height=\"300\" alt=\"\" \/><\/div><h2 class=\"flip-box-heading without-text\">Servicios<\/h2><\/div><\/div><div class=\"flip-box-back\" style=\"--awb-border-color:#e5e5e5;--awb-border-radius:4px;\"><div class=\"flip-box-back-inner\"><h3 class=\"flip-box-heading-back\">Servicios<\/h3> GTS es el \u00fanico proveedor de servicios que soluciona los problemas causados por bater\u00edas defectuosas en tus instalaciones. <div class=\"fusion-aligncenter\"><a class=\"fusion-button button-flat fusion-button-default-size button-custom fusion-button-default button-2 fusion-button-span-no fusion-button-default-type fusion-has-button-gradient\" style=\"--button_accent_color:#ffffff;--button_accent_hover_color:#ffffff;--button_border_hover_color:#ffffff;--button_border_width-top:4px;--button_border_width-right:4px;--button_border_width-bottom:4px;--button_border_width-left:4px;--button_gradient_top_color:rgba(237,28,36,0);--button_gradient_bottom_color:rgba(188,22,28,0);--button_gradient_top_color_hover:rgba(188,22,28,0);--button_gradient_bottom_color_hover:rgba(237,28,36,0);\" target=\"_self\" href=\"\/es\/administracion-de-servicios\/prueba-y-reemplaza\/\"><span class=\"fusion-button-text awb-button__text awb-button__text--default\">Conoce m\u00e1s<\/span><\/a><\/div> <\/div><\/div><\/div><\/div><\/div><div class=\"fusion-flip-box-wrapper fusion-column col-lg-4 col-md-4 col-sm-4\"><div class=\"fusion-flip-box flip-right\" tabindex=\"0\"><div class=\"flip-box-inner-wrapper\"><div class=\"flip-box-front\" style=\"--awb-border-color:#e5e5e5;--awb-border-radius:4px;\"><div class=\"flip-box-front-inner\"><div class=\"flip-box-grafix flip-box-image\"><img decoding=\"async\" src=\"https:\/\/www.gtspower.com\/wp-content\/uploads\/images\/why-gts-3.jpg\" width=\"300\" height=\"300\" alt=\"\" \/><\/div><h2 class=\"flip-box-heading without-text\">Energ\u00eda Auxiliar<\/h2><\/div><\/div><div class=\"flip-box-back\" style=\"--awb-border-color:#e5e5e5;--awb-border-radius:4px;\"><div class=\"flip-box-back-inner\"><h3 class=\"flip-box-heading-back\">Energ\u00eda Auxiliar<\/h3> GTS dise\u00f1a innovaciones \u00fanicas que le ofrecen 3 veces m\u00e1s energ\u00eda a sus clientes. <div class=\"fusion-aligncenter\"><a class=\"fusion-button button-flat fusion-button-default-size button-custom fusion-button-default button-3 fusion-button-span-no fusion-button-default-type fusion-has-button-gradient\" style=\"--button_accent_color:#ffffff;--button_accent_hover_color:#ffffff;--button_border_hover_color:#ffffff;--button_border_width-top:4px;--button_border_width-right:4px;--button_border_width-bottom:4px;--button_border_width-left:4px;--button_gradient_top_color:rgba(237,28,36,0);--button_gradient_bottom_color:rgba(188,22,28,0);--button_gradient_top_color_hover:rgba(188,22,28,0);--button_gradient_bottom_color_hover:rgba(237,28,36,0);\" target=\"_self\" href=\"\/es\/fundas\/\"><span class=\"fusion-button-text awb-button__text awb-button__text--default\">Conoce m\u00e1s<\/span><\/a><\/div> <\/div><\/div><\/div><\/div><\/div><\/div><div class=\"clearfix\"><\/div><div class=\"fusion-clearfix\"><\/div><\/div><\/div><\/div><\/div>\n","protected":false},"excerpt":{"rendered":"","protected":false},"author":1,"featured_media":0,"parent":0,"menu_order":0,"comment_status":"closed","ping_status":"closed","template":"","meta":{"footnotes":""},"class_list":["post-5352","page","type-page","status-publish","hentry"],"_links":{"self":[{"href":"https:\/\/gtspower.com\/es\/wp-json\/wp\/v2\/pages\/5352","targetHints":{"allow":["GET"]}}],"collection":[{"href":"https:\/\/gtspower.com\/es\/wp-json\/wp\/v2\/pages"}],"about":[{"href":"https:\/\/gtspower.com\/es\/wp-json\/wp\/v2\/types\/page"}],"author":[{"embeddable":true,"href":"https:\/\/gtspower.com\/es\/wp-json\/wp\/v2\/users\/1"}],"replies":[{"embeddable":true,"href":"https:\/\/gtspower.com\/es\/wp-json\/wp\/v2\/comments?post=5352"}],"version-history":[{"count":8,"href":"https:\/\/gtspower.com\/es\/wp-json\/wp\/v2\/pages\/5352\/revisions"}],"predecessor-version":[{"id":6948,"href":"https:\/\/gtspower.com\/es\/wp-json\/wp\/v2\/pages\/5352\/revisions\/6948"}],"wp:attachment":[{"href":"https:\/\/gtspower.com\/es\/wp-json\/wp\/v2\/media?parent=5352"}],"curies":[{"name":"wp","href":"https:\/\/api.w.org\/{rel}","templated":true}]}}