{"id":5281,"date":"2017-12-12T02:36:08","date_gmt":"2017-12-12T02:36:08","guid":{"rendered":"http:\/\/gtspower.online\/?page_id=5281"},"modified":"2018-01-24T23:30:47","modified_gmt":"2018-01-24T23:30:47","slug":"hbpx100-m","status":"publish","type":"page","link":"https:\/\/gtspower.com\/es\/productos\/telefonos-portatiles\/baterias\/hbpx100-m\/","title":{"rendered":"HBPX100-M"},"content":{"rendered":"<p><div class=\"fusion-fullwidth fullwidth-box fusion-builder-row-1 nonhundred-percent-fullwidth non-hundred-percent-height-scrolling\" style=\"--awb-border-radius-top-left:0px;--awb-border-radius-top-right:0px;--awb-border-radius-bottom-right:0px;--awb-border-radius-bottom-left:0px;--awb-padding-top:10px;--awb-padding-right:10px;--awb-padding-bottom:20px;--awb-padding-left:50px;--awb-flex-wrap:wrap;\" ><div class=\"fusion-builder-row fusion-row\"><div class=\"fusion-layout-column fusion_builder_column fusion-builder-column-0 fusion_builder_column_1_2 1_2 fusion-one-half fusion-column-first\" style=\"--awb-bg-size:cover;width:50%;width:calc(50% - ( ( 4% ) * 0.5 ) );margin-right: 4%;\"><div class=\"fusion-column-wrapper fusion-flex-column-wrapper-legacy\"><div class=\"fusion-text fusion-text-1\"><p><img decoding=\"async\" class=\"aligncenter size-full wp-image-1920\" src=\"https:\/\/www.gtspower.com\/wp-content\/uploads\/products\/HBPX100-M.gif\" alt=\"HBPX100-M\" width=\"453\" height=\"309\" \/><\/p>\n<\/div><div class=\"fusion-text fusion-text-2\"><p><div class=\"fusion-sep-clear\"><\/div><div class=\"fusion-separator fusion-full-width-sep\" style=\"margin-left: auto;margin-right: auto;margin-top:10px;margin-bottom:0px;width:100%;\"><\/div><div class=\"fusion-sep-clear\"><\/div><div class=\"fusion-button-wrapper fusion-aligncenter\"><a class=\"fusion-button button-flat fusion-button-default-size button-default fusion-button-default button-1 fusion-button-default-span fusion-button-default-type\" target=\"_self\" href=\"mailto:sales@gtspower.com?subject=I%27d%20like%20more%20information%20on%20HBPX100-M\"><span class=\"fusion-button-text awb-button__text awb-button__text--default\">ENV\u00cdENOS UN CORREO PARA M\u00c1S INFORMACI\u00d3N<\/span><\/a><\/div><div class=\"fusion-sep-clear\"><\/div><div class=\"fusion-separator fusion-full-width-sep\" style=\"margin-left: auto;margin-right: auto;margin-top:10px;margin-bottom:0px;width:100%;\"><\/div><div class=\"fusion-sep-clear\"><\/div><\/p>\n<h3 style=\"text-align: center;\">Ll\u00e1manos para consultar el precio: 800-267-2711<\/h3>\n<\/div><div class=\"fusion-clearfix\"><\/div><\/div><\/div><div class=\"fusion-layout-column fusion_builder_column fusion-builder-column-1 fusion_builder_column_1_2 1_2 fusion-one-half fusion-column-last\" style=\"--awb-bg-size:cover;width:50%;width:calc(50% - ( ( 4% ) * 0.5 ) );\"><div class=\"fusion-column-wrapper fusion-flex-column-wrapper-legacy\"><div class=\"fusion-text fusion-text-3\"><h1><span class=\"productSKU\">HBPX100-M<\/span><\/h1>\n<h3>Bater\u00eda para Spectralink i640<\/h3>\n<div>\n<p>La bater\u00eda HBPX100-M es un reemplazo directo para la bater\u00eda de fabricante de equipos originales (OEM) BPX100 que se utiliza en los tel\u00e9fonos port\u00e1tiles SpectraLink\u00ae i640. Es una bater\u00eda con\u00a0\u00a0<span class=\"tag_trans\">sellado ultras\u00f3nico<\/span>.<\/p>\n<ul>\n<li>Tiene celdas de bater\u00eda de m\u00e1xima calidad<\/li>\n<li>Excelentes caracter\u00edsticas de descarga<\/li>\n<li>Mayor vida \u00fatil<\/li>\n<li>Extiende el tiempo de funcionamiento y reduce el n\u00famero total de bater\u00edas necesarias<\/li>\n<li>Pruebas rigurosas de temperatura, vibraci\u00f3n, descarga, ca\u00edda, cortocircuito y sobrecarga<\/li>\n<\/ul>\n<\/div>\n<\/div><div class=\"fusion-clearfix\"><\/div><\/div><\/div><\/div><\/div><div class=\"fusion-fullwidth fullwidth-box fusion-builder-row-2 nonhundred-percent-fullwidth non-hundred-percent-height-scrolling\" style=\"--awb-border-radius-top-left:0px;--awb-border-radius-top-right:0px;--awb-border-radius-bottom-right:0px;--awb-border-radius-bottom-left:0px;--awb-padding-top:0px;--awb-padding-right:10px;--awb-padding-bottom:20px;--awb-padding-left:50px;--awb-flex-wrap:wrap;\" ><div class=\"fusion-builder-row fusion-row\"><div class=\"fusion-layout-column fusion_builder_column fusion-builder-column-2 fusion_builder_column_1_2 1_2 fusion-one-half fusion-column-first\" style=\"--awb-bg-size:cover;width:50%;width:calc(50% - ( ( 4% ) * 0.5 ) );margin-right: 4%;\"><div class=\"fusion-column-wrapper fusion-flex-column-wrapper-legacy\"><div class=\"fusion-text fusion-text-4\"><h2>Productos Relacionados<\/h2>\n<hr \/>\n<\/div><div class=\"fusion-builder-row fusion-builder-row-inner fusion-row\"><div class=\"fusion-layout-column fusion_builder_column_inner fusion-builder-nested-column-0 fusion_builder_column_inner_1_3 1_3 fusion-one-third fusion-column-first\" style=\"--awb-padding-right:5px;--awb-padding-left:5px;--awb-bg-size:cover;width:33.333333333333%;width:calc(33.333333333333% - ( ( 4% + 4% ) * 0.33333333333333 ) );margin-right: 4%;\"><div class=\"fusion-column-wrapper fusion-flex-column-wrapper-legacy\"><div class=\"fusion-text fusion-text-5\"><p><a class=\"nowrap\" href=\"https:\/\/gtspower.com\/es\/productos\/telefonos-portatiles\/baterias\/h5705-li-2\/\"><img decoding=\"async\" class=\"aligncenter wp-image-1481\" src=\"https:\/\/www.gtspower.com\/wp-content\/uploads\/products\/H5705-Li.gif\" alt=\"H5705-LI\" width=\"147\" height=\"100\" \/><\/a><\/p>\n<p style=\"text-align: center;\" data-fontsize=\"20\" data-lineheight=\"30\">H5705-LI<\/p>\n<\/div><div class=\"fusion-clearfix\"><\/div><\/div><\/div><div class=\"fusion-layout-column fusion_builder_column_inner fusion-builder-nested-column-1 fusion_builder_column_inner_1_3 1_3 fusion-one-third\" style=\"--awb-padding-right:5px;--awb-padding-left:5px;--awb-bg-size:cover;width:33.333333333333%;width:calc(33.333333333333% - ( ( 4% + 4% ) * 0.33333333333333 ) );margin-right: 4%;\"><div class=\"fusion-column-wrapper fusion-flex-column-wrapper-legacy\"><div class=\"fusion-text fusion-text-6\"><p><a href=\"https:\/\/gtspower.com\/es\/productos\/telefonos-portatiles\/baterias\/hpts360-m\/\"><img decoding=\"async\" class=\"aligncenter wp-image-1250\" src=\"https:\/\/www.gtspower.com\/wp-content\/uploads\/products\/HPT360-M.gif\" alt=\"HPTS360-M\" width=\"147\" height=\"100\" \/><\/a><\/p>\n<p style=\"text-align: center;\" data-fontsize=\"20\" data-lineheight=\"30\">HPTS360-M<\/p>\n<\/div><div class=\"fusion-clearfix\"><\/div><\/div><\/div><div class=\"fusion-layout-column fusion_builder_column_inner fusion-builder-nested-column-2 fusion_builder_column_inner_1_3 1_3 fusion-one-third fusion-column-last\" style=\"--awb-padding-right:5px;--awb-padding-left:5px;--awb-bg-size:cover;width:33.333333333333%;width:calc(33.333333333333% - ( ( 4% + 4% ) * 0.33333333333333 ) );\"><div class=\"fusion-column-wrapper fusion-flex-column-wrapper-legacy\"><div class=\"fusion-text fusion-text-7\"><p><a href=\"https:\/\/gtspower.com\/es\/productos\/telefonos-portatiles\/baterias\/hn3050-m\/\"><img decoding=\"async\" class=\"aligncenter wp-image-1249\" src=\"https:\/\/www.gtspower.com\/wp-content\/uploads\/products\/HN3050-M.jpg\" sizes=\"(max-width: 100px) 100vw, 100px\" srcset=\"https:\/\/www.gtspower.com\/wp-content\/uploads\/products\/HN3050-M-66x66.jpg 66w, https:\/\/www.gtspower.com\/wp-content\/uploads\/products\/HN3050-M-150x150.jpg 150w, https:\/\/www.gtspower.com\/wp-content\/uploads\/products\/HN3050-M-200x200.jpg 200w, https:\/\/www.gtspower.com\/wp-content\/uploads\/products\/HN3050-M.jpg 300w\" alt=\"HN3050-M\" width=\"100\" height=\"100\" \/><\/a><\/p>\n<p style=\"text-align: center;\" data-fontsize=\"20\" data-lineheight=\"30\">HN3050-M<\/p>\n<\/div><div class=\"fusion-clearfix\"><\/div><\/div><\/div><\/div><div class=\"fusion-clearfix\"><\/div><\/div><\/div><div class=\"fusion-layout-column fusion_builder_column fusion-builder-column-3 fusion_builder_column_1_2 1_2 fusion-one-half fusion-column-last\" style=\"--awb-bg-size:cover;width:50%;width:calc(50% - ( ( 4% ) * 0.5 ) );\"><div class=\"fusion-column-wrapper fusion-flex-column-wrapper-legacy\"><div class=\"fusion-text fusion-text-8\"><h2>Especificaciones del Producto<\/h2>\n<hr \/>\n<p><strong>Capacidad<\/strong>: 900<\/p>\n<p><strong>Qu\u00edmica:<\/strong>\u00a0N\u00edquel- Hidruro Met\u00e1lico (NiMH)<\/p>\n<p><strong>Voltaje<\/strong>: 3,6<\/p>\n<p><strong>Dimensiones<\/strong>: 45,18 x 15,55 x 58,13<\/p>\n<p><strong>Fabricante de equipo<b class=\"b1\">s\u00a0<\/b><b class=\"b2\">origi<\/b><b class=\"b3\">nal<\/b><b class=\"b4\">es\u00a0<\/b><b class=\"b5\">(OEM)<\/b><\/strong>: SPCTRALINK<\/p>\n<p><strong>Modelo del fabricante de equipo<b class=\"b1\">s\u00a0<\/b><b class=\"b2\">origi<\/b><b class=\"b3\">nal<\/b><b class=\"b4\">es\u00a0<\/b><b class=\"b5\">(OEM)<\/b>:\u00a0<\/strong>i640<\/p>\n<p><strong>N\u00famero de parte del fabricante de equipo<b class=\"b1\">s\u00a0<\/b><b class=\"b2\">origi<\/b><b class=\"b3\">nal<\/b><b class=\"b4\">es\u00a0<\/b><b class=\"b5\">(OEM)<\/b>:<\/strong> BPX100<\/p>\n<p><strong>Peso<\/strong>: 54 g<\/p>\n<p><strong>Garant\u00eda<\/strong>: 12 meses<\/p>\n<\/div><div class=\"fusion-clearfix\"><\/div><\/div><\/div><\/div><\/div><\/p>\n","protected":false},"excerpt":{"rendered":"","protected":false},"author":1,"featured_media":0,"parent":6394,"menu_order":0,"comment_status":"closed","ping_status":"closed","template":"","meta":{"footnotes":""},"class_list":["post-5281","page","type-page","status-publish","hentry"],"_links":{"self":[{"href":"https:\/\/gtspower.com\/es\/wp-json\/wp\/v2\/pages\/5281","targetHints":{"allow":["GET"]}}],"collection":[{"href":"https:\/\/gtspower.com\/es\/wp-json\/wp\/v2\/pages"}],"about":[{"href":"https:\/\/gtspower.com\/es\/wp-json\/wp\/v2\/types\/page"}],"author":[{"embeddable":true,"href":"https:\/\/gtspower.com\/es\/wp-json\/wp\/v2\/users\/1"}],"replies":[{"embeddable":true,"href":"https:\/\/gtspower.com\/es\/wp-json\/wp\/v2\/comments?post=5281"}],"version-history":[{"count":4,"href":"https:\/\/gtspower.com\/es\/wp-json\/wp\/v2\/pages\/5281\/revisions"}],"predecessor-version":[{"id":7014,"href":"https:\/\/gtspower.com\/es\/wp-json\/wp\/v2\/pages\/5281\/revisions\/7014"}],"up":[{"embeddable":true,"href":"https:\/\/gtspower.com\/es\/wp-json\/wp\/v2\/pages\/6394"}],"wp:attachment":[{"href":"https:\/\/gtspower.com\/es\/wp-json\/wp\/v2\/media?parent=5281"}],"curies":[{"name":"wp","href":"https:\/\/api.w.org\/{rel}","templated":true}]}}