{"id":5248,"date":"2017-12-08T04:53:56","date_gmt":"2017-12-08T04:53:56","guid":{"rendered":"http:\/\/gtspower.online\/?page_id=5248"},"modified":"2018-01-25T01:12:43","modified_gmt":"2018-01-25T01:12:43","slug":"ushch-p7306-chg","status":"publish","type":"page","link":"https:\/\/gtspower.com\/es\/productos\/radios-bidireccionales\/cargadores\/ushch-p7306-chg\/","title":{"rendered":"USHCH-P7306-CHG"},"content":{"rendered":"<p><div class=\"fusion-fullwidth fullwidth-box fusion-builder-row-1 nonhundred-percent-fullwidth non-hundred-percent-height-scrolling\" style=\"--awb-border-radius-top-left:0px;--awb-border-radius-top-right:0px;--awb-border-radius-bottom-right:0px;--awb-border-radius-bottom-left:0px;--awb-padding-top:10px;--awb-padding-right:10px;--awb-padding-bottom:20px;--awb-padding-left:50px;--awb-flex-wrap:wrap;\" ><div class=\"fusion-builder-row fusion-row\"><div class=\"fusion-layout-column fusion_builder_column fusion-builder-column-0 fusion_builder_column_1_2 1_2 fusion-one-half fusion-column-first\" style=\"--awb-bg-size:cover;width:50%;width:calc(50% - ( ( 4% ) * 0.5 ) );margin-right: 4%;\"><div class=\"fusion-column-wrapper fusion-flex-column-wrapper-legacy\"><div class=\"fusion-text fusion-text-1\"><p><img decoding=\"async\" class=\"aligncenter size-full wp-image-1469\" src=\"https:\/\/www.gtspower.com\/wp-content\/uploads\/products\/H-CH-P7306-CHG.gif\" alt=\"HCH-P7306-CHG\" width=\"453\" height=\"309\" \/><\/p>\n<\/div><div class=\"fusion-text fusion-text-2\"><p><div class=\"fusion-sep-clear\"><\/div><div class=\"fusion-separator fusion-full-width-sep\" style=\"margin-left: auto;margin-right: auto;margin-top:10px;margin-bottom:0px;width:100%;\"><\/div><div class=\"fusion-sep-clear\"><\/div><div class=\"fusion-button-wrapper fusion-aligncenter\"><a class=\"fusion-button button-flat fusion-button-default-size button-default fusion-button-default button-1 fusion-button-default-span fusion-button-default-type\" target=\"_self\" href=\"mailto:sales@gtspower.com?subject=I%27d%20like%20more%20information%20on%20USHCH-P7306-CHG\"><span class=\"fusion-button-text awb-button__text awb-button__text--default\">ENV\u00cdENOS UN CORREO PARA M\u00c1S INFORMACI\u00d3N<\/span><\/a><\/div><div class=\"fusion-sep-clear\"><\/div><div class=\"fusion-separator fusion-full-width-sep\" style=\"margin-left: auto;margin-right: auto;margin-top:10px;margin-bottom:0px;width:100%;\"><\/div><div class=\"fusion-sep-clear\"><\/div><\/p>\n<h3 style=\"text-align: center;\"><label>Nuestro precio: <\/label><span id=\"p_lt_zoneContent_pageplaceholder_p_lt_zoneRightContent_repeater_repItems_ctl00_ctl00_ucAddToCart_Label_UnitPrice\">$465,50<\/span><\/h3>\n<\/div><div class=\"fusion-clearfix\"><\/div><\/div><\/div><div class=\"fusion-layout-column fusion_builder_column fusion-builder-column-1 fusion_builder_column_1_2 1_2 fusion-one-half fusion-column-last\" style=\"--awb-bg-size:cover;width:50%;width:calc(50% - ( ( 4% ) * 0.5 ) );\"><div class=\"fusion-column-wrapper fusion-flex-column-wrapper-legacy\"><div class=\"fusion-text fusion-text-3\"><h1><span class=\"productSKU\">USHCH-P7306-CHG<\/span><\/h1>\n<h3>Cargador GSA de seis bah\u00edas para Harris P5300 \/ P5400 \/ P7300<\/h3>\n<div>\n<p>El USHCH-P7306-CHG es un cargador de 6 bah\u00edas para bater\u00edas de diferentes qu\u00edmicas para radios Harris P5300, P5400 &amp; P7300. Se puede colocar la radio en el cargador en modo apagado-en espera, modo de operaci\u00f3n- receptivo y modo de transmisi\u00f3n- operativo.<\/p>\n<\/div>\n<\/div><div class=\"fusion-clearfix\"><\/div><\/div><\/div><\/div><\/div><div class=\"fusion-fullwidth fullwidth-box fusion-builder-row-2 nonhundred-percent-fullwidth non-hundred-percent-height-scrolling\" style=\"--awb-border-radius-top-left:0px;--awb-border-radius-top-right:0px;--awb-border-radius-bottom-right:0px;--awb-border-radius-bottom-left:0px;--awb-padding-top:0px;--awb-padding-right:10px;--awb-padding-bottom:20px;--awb-padding-left:50px;--awb-flex-wrap:wrap;\" ><div class=\"fusion-builder-row fusion-row\"><div class=\"fusion-layout-column fusion_builder_column fusion-builder-column-2 fusion_builder_column_1_2 1_2 fusion-one-half fusion-column-first\" style=\"--awb-bg-size:cover;width:50%;width:calc(50% - ( ( 4% ) * 0.5 ) );margin-right: 4%;\"><div class=\"fusion-column-wrapper fusion-flex-column-wrapper-legacy\"><div class=\"fusion-text fusion-text-4\"><h2>Productos Relacionados<\/h2>\n<hr \/>\n<\/div><div class=\"fusion-builder-row fusion-builder-row-inner fusion-row\"><div class=\"fusion-layout-column fusion_builder_column_inner fusion-builder-nested-column-0 fusion_builder_column_inner_1_3 1_3 fusion-one-third fusion-column-first\" style=\"--awb-padding-right:5px;--awb-padding-left:5px;--awb-bg-size:cover;width:33.333333333333%;width:calc(33.333333333333% - ( ( 4% + 4% ) * 0.33333333333333 ) );margin-right: 4%;\"><div class=\"fusion-column-wrapper fusion-flex-column-wrapper-legacy\"><div class=\"fusion-text fusion-text-5\"><p><a href=\"https:\/\/gtspower.com\/es\/productos\/radios-bidireccionales\/baterias\/hnpa9-lip\/\"><img decoding=\"async\" class=\"aligncenter wp-image-1527\" src=\"https:\/\/www.gtspower.com\/wp-content\/uploads\/products\/HNPA9-LiP.png\" sizes=\"(max-width: 148px) 100vw, 148px\" srcset=\"https:\/\/www.gtspower.com\/wp-content\/uploads\/products\/HNPA9-LiP-200x135.png 200w, https:\/\/www.gtspower.com\/wp-content\/uploads\/products\/HNPA9-LiP-300x203.png 300w, https:\/\/www.gtspower.com\/wp-content\/uploads\/products\/HNPA9-LiP-400x270.png 400w, https:\/\/www.gtspower.com\/wp-content\/uploads\/products\/HNPA9-LiP.png 453w\" alt=\"HNPA9-LIP\" width=\"148\" height=\"100\" \/><\/a><\/p>\n<p style=\"text-align: center;\" data-fontsize=\"20\" data-lineheight=\"30\">HNPA9-LIP<\/p>\n<\/div><div class=\"fusion-clearfix\"><\/div><\/div><\/div><div class=\"fusion-layout-column fusion_builder_column_inner fusion-builder-nested-column-1 fusion_builder_column_inner_1_3 1_3 fusion-one-third\" style=\"--awb-padding-right:5px;--awb-padding-left:5px;--awb-bg-size:cover;width:33.333333333333%;width:calc(33.333333333333% - ( ( 4% + 4% ) * 0.33333333333333 ) );margin-right: 4%;\"><div class=\"fusion-column-wrapper fusion-flex-column-wrapper-legacy\"><div class=\"fusion-text fusion-text-6\"><p><a href=\"https:\/\/gtspower.com\/es\/productos\/radios-bidireccionales\/cargadores\/hch-xg6-chg\/\"><img decoding=\"async\" class=\"aligncenter wp-image-1532\" src=\"https:\/\/www.gtspower.com\/wp-content\/uploads\/products\/universal_charger_six_bay.png\" sizes=\"(max-width: 164px) 100vw, 164px\" srcset=\"https:\/\/www.gtspower.com\/wp-content\/uploads\/products\/universal_charger_six_bay-200x122.png 200w, https:\/\/www.gtspower.com\/wp-content\/uploads\/products\/universal_charger_six_bay-300x183.png 300w, https:\/\/www.gtspower.com\/wp-content\/uploads\/products\/universal_charger_six_bay-400x244.png 400w, https:\/\/www.gtspower.com\/wp-content\/uploads\/products\/universal_charger_six_bay.png 453w\" alt=\"HCH-XG6\" width=\"164\" height=\"100\" \/><\/a><\/p>\n<p style=\"text-align: center;\" data-fontsize=\"20\" data-lineheight=\"30\">HCH-XG6-CHG<\/p>\n<\/div><div class=\"fusion-clearfix\"><\/div><\/div><\/div><div class=\"fusion-layout-column fusion_builder_column_inner fusion-builder-nested-column-2 fusion_builder_column_inner_1_3 1_3 fusion-one-third fusion-column-last\" style=\"--awb-padding-right:5px;--awb-padding-left:5px;--awb-bg-size:cover;width:33.333333333333%;width:calc(33.333333333333% - ( ( 4% + 4% ) * 0.33333333333333 ) );\"><div class=\"fusion-column-wrapper fusion-flex-column-wrapper-legacy\"><div class=\"fusion-text fusion-text-7\"><p><a href=\"https:\/\/gtspower.com\/es\/productos\/radios-bidireccionales\/baterias\/ushnpa9-lip\/\"><img decoding=\"async\" class=\"aligncenter wp-image-1527\" src=\"https:\/\/www.gtspower.com\/wp-content\/uploads\/products\/HNPA9-LiP.png\" sizes=\"(max-width: 148px) 100vw, 148px\" srcset=\"https:\/\/www.gtspower.com\/wp-content\/uploads\/products\/HNPA9-LiP-200x135.png 200w, https:\/\/www.gtspower.com\/wp-content\/uploads\/products\/HNPA9-LiP-300x203.png 300w, https:\/\/www.gtspower.com\/wp-content\/uploads\/products\/HNPA9-LiP-400x270.png 400w, https:\/\/www.gtspower.com\/wp-content\/uploads\/products\/HNPA9-LiP.png 453w\" alt=\"HNPA9-LIP\" width=\"148\" height=\"100\" \/><\/a><\/p>\n<p style=\"text-align: center;\" data-fontsize=\"20\" data-lineheight=\"30\">USHNPA9-LIP<\/p>\n<\/div><div class=\"fusion-clearfix\"><\/div><\/div><\/div><\/div><div class=\"fusion-clearfix\"><\/div><\/div><\/div><div class=\"fusion-layout-column fusion_builder_column fusion-builder-column-3 fusion_builder_column_1_2 1_2 fusion-one-half fusion-column-last\" style=\"--awb-bg-size:cover;width:50%;width:calc(50% - ( ( 4% ) * 0.5 ) );\"><div class=\"fusion-column-wrapper fusion-flex-column-wrapper-legacy\"><div class=\"fusion-text fusion-text-8\"><h2>Especificaciones del Producto<\/h2>\n<hr \/>\n<p><strong>Dimensiones<\/strong>: 152 x 87 x 481<\/p>\n<p><strong>Fabricante<\/strong>: HARRIS<\/p>\n<p><strong>Modelos:\u00a0<\/strong>P5300 \/ P5400 \/ P7300<\/p>\n<p><strong>Peso<\/strong>:\u00a0460 g<\/p>\n<\/div><div class=\"fusion-clearfix\"><\/div><\/div><\/div><\/div><\/div><\/p>\n","protected":false},"excerpt":{"rendered":"","protected":false},"author":1,"featured_media":0,"parent":6408,"menu_order":0,"comment_status":"closed","ping_status":"closed","template":"","meta":{"footnotes":""},"class_list":["post-5248","page","type-page","status-publish","hentry"],"_links":{"self":[{"href":"https:\/\/gtspower.com\/es\/wp-json\/wp\/v2\/pages\/5248","targetHints":{"allow":["GET"]}}],"collection":[{"href":"https:\/\/gtspower.com\/es\/wp-json\/wp\/v2\/pages"}],"about":[{"href":"https:\/\/gtspower.com\/es\/wp-json\/wp\/v2\/types\/page"}],"author":[{"embeddable":true,"href":"https:\/\/gtspower.com\/es\/wp-json\/wp\/v2\/users\/1"}],"replies":[{"embeddable":true,"href":"https:\/\/gtspower.com\/es\/wp-json\/wp\/v2\/comments?post=5248"}],"version-history":[{"count":6,"href":"https:\/\/gtspower.com\/es\/wp-json\/wp\/v2\/pages\/5248\/revisions"}],"predecessor-version":[{"id":7228,"href":"https:\/\/gtspower.com\/es\/wp-json\/wp\/v2\/pages\/5248\/revisions\/7228"}],"up":[{"embeddable":true,"href":"https:\/\/gtspower.com\/es\/wp-json\/wp\/v2\/pages\/6408"}],"wp:attachment":[{"href":"https:\/\/gtspower.com\/es\/wp-json\/wp\/v2\/media?parent=5248"}],"curies":[{"name":"wp","href":"https:\/\/api.w.org\/{rel}","templated":true}]}}