{"id":5233,"date":"2017-12-08T04:19:53","date_gmt":"2017-12-08T04:19:53","guid":{"rendered":"http:\/\/gtspower.online\/?page_id=5233"},"modified":"2018-01-25T01:10:41","modified_gmt":"2018-01-25T01:10:41","slug":"ushch-apx1-chg","status":"publish","type":"page","link":"https:\/\/gtspower.com\/es\/productos\/radios-bidireccionales\/cargadores\/ushch-apx1-chg\/","title":{"rendered":"USHCH-APX1-CHG"},"content":{"rendered":"<p><div class=\"fusion-fullwidth fullwidth-box fusion-builder-row-1 nonhundred-percent-fullwidth non-hundred-percent-height-scrolling\" style=\"--awb-border-radius-top-left:0px;--awb-border-radius-top-right:0px;--awb-border-radius-bottom-right:0px;--awb-border-radius-bottom-left:0px;--awb-padding-top:10px;--awb-padding-right:10px;--awb-padding-bottom:20px;--awb-padding-left:50px;--awb-flex-wrap:wrap;\" ><div class=\"fusion-builder-row fusion-row\"><div class=\"fusion-layout-column fusion_builder_column fusion-builder-column-0 fusion_builder_column_1_2 1_2 fusion-one-half fusion-column-first\" style=\"--awb-bg-size:cover;width:50%;width:calc(50% - ( ( 4% ) * 0.5 ) );margin-right: 4%;\"><div class=\"fusion-column-wrapper fusion-flex-column-wrapper-legacy\"><div class=\"fusion-text fusion-text-1\"><p><img decoding=\"async\" class=\"aligncenter size-full wp-image-1503\" src=\"https:\/\/www.gtspower.com\/wp-content\/uploads\/products\/HCH-APX1-CHG-Front-2.jpg\" alt=\"HCH-APX1-CHG\" width=\"420\" height=\"310\" srcset=\"https:\/\/gtspower.com\/wp-content\/uploads\/products\/HCH-APX1-CHG-Front-2-200x148.jpg 200w, https:\/\/gtspower.com\/wp-content\/uploads\/products\/HCH-APX1-CHG-Front-2-300x221.jpg 300w, https:\/\/gtspower.com\/wp-content\/uploads\/products\/HCH-APX1-CHG-Front-2-400x295.jpg 400w, https:\/\/gtspower.com\/wp-content\/uploads\/products\/HCH-APX1-CHG-Front-2.jpg 420w\" sizes=\"(max-width: 420px) 100vw, 420px\" \/><\/p>\n<\/div><div class=\"fusion-text fusion-text-2\"><p><div class=\"fusion-sep-clear\"><\/div><div class=\"fusion-separator fusion-full-width-sep\" style=\"margin-left: auto;margin-right: auto;margin-top:10px;margin-bottom:0px;width:100%;\"><\/div><div class=\"fusion-sep-clear\"><\/div><div class=\"fusion-button-wrapper fusion-aligncenter\"><a class=\"fusion-button button-flat fusion-button-default-size button-default fusion-button-default button-1 fusion-button-default-span fusion-button-default-type\" target=\"_self\" href=\"mailto:sales@gtspower.com?subject=I%27d%20like%20more%20information%20on%20USHCH-APX1-CHG\"><span class=\"fusion-button-text awb-button__text awb-button__text--default\">ENV\u00cdENOS UN CORREO PARA M\u00c1S INFORMACI\u00d3N<\/span><\/a><\/div><div class=\"fusion-sep-clear\"><\/div><div class=\"fusion-separator fusion-full-width-sep\" style=\"margin-left: auto;margin-right: auto;margin-top:10px;margin-bottom:0px;width:100%;\"><\/div><div class=\"fusion-sep-clear\"><\/div><\/p>\n<h3 style=\"text-align: center;\"><label>Nuestro precio: <\/label><span id=\"p_lt_zoneContent_pageplaceholder_p_lt_zoneRightContent_repeater_repItems_ctl00_ctl00_ucAddToCart_Label_UnitPrice\">$85,00<\/span><\/h3>\n<\/div><div class=\"fusion-clearfix\"><\/div><\/div><\/div><div class=\"fusion-layout-column fusion_builder_column fusion-builder-column-1 fusion_builder_column_1_2 1_2 fusion-one-half fusion-column-last\" style=\"--awb-bg-size:cover;width:50%;width:calc(50% - ( ( 4% ) * 0.5 ) );\"><div class=\"fusion-column-wrapper fusion-flex-column-wrapper-legacy\"><div class=\"fusion-text fusion-text-3\"><h1><span class=\"productSKU\">USHCH-APX1-CHG<\/span><\/h1>\n<h3>Cargador universal GSA de bah\u00eda \u00fanica para radios Motorola<\/h3>\n<p>El USHCH-APX1-CHG es un cargador universal de bah\u00eda \u00fanica para radios Motorola\u00ae. Es compatible con radios Motorola XTS1500\/2500\/3000\/5000, APX6000\/7000, HT1000\/1250, HT750 y MTS2000. Se pueden cargar diferentes modelos de dispositivos en la misma bah\u00eda sin necesidad de adaptadores. Funciona con bater\u00edas de Ion de Litio, N\u00edquel- Cadmio, \u00a0N\u00edquel- Hidruro Met\u00e1lico (NiMH) y NEOCELL Pol\u00edmero de Litio. Es resistente y tiene una fuente de energ\u00eda encastrada internamente para un menor espacio de implantaci\u00f3n.<\/p>\n<h3>Caracter\u00edsticas del Producto<\/h3>\n<ul>\n<li><strong>Cargador de varias qu\u00edmicas:<\/strong> Funciona con bater\u00edas de Ion de Litio, N\u00edquel- Cadmio, \u00a0N\u00edquel- Hidruro Met\u00e1lico (NiMH) y NEOCELL Pol\u00edmero de Litio<\/li>\n<li><strong>Indicador de carga de tres colores:\u00a0<\/strong>Luz LED que indica el estado de la carga<\/li>\n<li>Resistente carcasa de aluminio de calidad aeroespacial<\/li>\n<li>Carga la bater\u00eda individualmente o encastrada en la radio<\/li>\n<li>Carga diferentes modelos de dispositivos en la misma bah\u00eda sin necesidad de adaptadores<\/li>\n<li>Tiene una fuente de energ\u00eda encastrada internamente para un menor espacio de implantaci\u00f3n<\/li>\n<li>Dise\u00f1o liviano, vers\u00e1til y port\u00e1til para su uso en escritorios<\/li>\n<li>Dise\u00f1ado para el correcto nivel de inmunidad operativa RF<\/li>\n<li>Montaje en la pared sin problemas<\/li>\n<\/ul>\n<\/div><div class=\"fusion-clearfix\"><\/div><\/div><\/div><\/div><\/div><div class=\"fusion-fullwidth fullwidth-box fusion-builder-row-2 nonhundred-percent-fullwidth non-hundred-percent-height-scrolling\" style=\"--awb-border-radius-top-left:0px;--awb-border-radius-top-right:0px;--awb-border-radius-bottom-right:0px;--awb-border-radius-bottom-left:0px;--awb-padding-top:0px;--awb-padding-right:10px;--awb-padding-bottom:20px;--awb-padding-left:50px;--awb-flex-wrap:wrap;\" ><div class=\"fusion-builder-row fusion-row\"><div class=\"fusion-layout-column fusion_builder_column fusion-builder-column-2 fusion_builder_column_1_2 1_2 fusion-one-half fusion-column-first\" style=\"--awb-bg-size:cover;width:50%;width:calc(50% - ( ( 4% ) * 0.5 ) );margin-right: 4%;\"><div class=\"fusion-column-wrapper fusion-flex-column-wrapper-legacy\"><div class=\"fusion-clearfix\"><\/div><\/div><\/div><div class=\"fusion-layout-column fusion_builder_column fusion-builder-column-3 fusion_builder_column_1_2 1_2 fusion-one-half fusion-column-last\" style=\"--awb-bg-size:cover;width:50%;width:calc(50% - ( ( 4% ) * 0.5 ) );\"><div class=\"fusion-column-wrapper fusion-flex-column-wrapper-legacy\"><div class=\"fusion-text fusion-text-4\"><h2>Especificaciones del Producto<\/h2>\n<hr \/>\n<p><strong>Dimensiones<\/strong>: 125,4 x 142,9 x 101,6<\/p>\n<p><strong>Fabricante<\/strong>: MOTOROLA<\/p>\n<p><strong>Modelos<\/strong>: APX6000 \/ APX7000 \/ XTS1500 \/ XTS2500 \/ XTS3000 \/ XTS5000 \/ HT1000 \/ MTS2000<\/p>\n<p><strong>Peso<\/strong>: 833,2 g<\/p>\n<\/div><div class=\"fusion-clearfix\"><\/div><\/div><\/div><\/div><\/div><\/p>\n","protected":false},"excerpt":{"rendered":"","protected":false},"author":1,"featured_media":0,"parent":6408,"menu_order":0,"comment_status":"closed","ping_status":"closed","template":"","meta":{"footnotes":""},"class_list":["post-5233","page","type-page","status-publish","hentry"],"_links":{"self":[{"href":"https:\/\/gtspower.com\/es\/wp-json\/wp\/v2\/pages\/5233","targetHints":{"allow":["GET"]}}],"collection":[{"href":"https:\/\/gtspower.com\/es\/wp-json\/wp\/v2\/pages"}],"about":[{"href":"https:\/\/gtspower.com\/es\/wp-json\/wp\/v2\/types\/page"}],"author":[{"embeddable":true,"href":"https:\/\/gtspower.com\/es\/wp-json\/wp\/v2\/users\/1"}],"replies":[{"embeddable":true,"href":"https:\/\/gtspower.com\/es\/wp-json\/wp\/v2\/comments?post=5233"}],"version-history":[{"count":4,"href":"https:\/\/gtspower.com\/es\/wp-json\/wp\/v2\/pages\/5233\/revisions"}],"predecessor-version":[{"id":7218,"href":"https:\/\/gtspower.com\/es\/wp-json\/wp\/v2\/pages\/5233\/revisions\/7218"}],"up":[{"embeddable":true,"href":"https:\/\/gtspower.com\/es\/wp-json\/wp\/v2\/pages\/6408"}],"wp:attachment":[{"href":"https:\/\/gtspower.com\/es\/wp-json\/wp\/v2\/media?parent=5233"}],"curies":[{"name":"wp","href":"https:\/\/api.w.org\/{rel}","templated":true}]}}