{"id":5225,"date":"2017-12-08T03:50:14","date_gmt":"2017-12-08T03:50:14","guid":{"rendered":"http:\/\/gtspower.online\/?page_id=5225"},"modified":"2018-01-25T00:31:07","modified_gmt":"2018-01-25T00:31:07","slug":"hch-xg6-chg","status":"publish","type":"page","link":"https:\/\/gtspower.com\/es\/productos\/radios-bidireccionales\/cargadores\/hch-xg6-chg\/","title":{"rendered":"HCH-XG6-CHG"},"content":{"rendered":"<p><div class=\"fusion-fullwidth fullwidth-box fusion-builder-row-1 nonhundred-percent-fullwidth non-hundred-percent-height-scrolling\" style=\"--awb-border-radius-top-left:0px;--awb-border-radius-top-right:0px;--awb-border-radius-bottom-right:0px;--awb-border-radius-bottom-left:0px;--awb-padding-top:10px;--awb-padding-right:10px;--awb-padding-bottom:20px;--awb-padding-left:50px;--awb-flex-wrap:wrap;\" ><div class=\"fusion-builder-row fusion-row\"><div class=\"fusion-layout-column fusion_builder_column fusion-builder-column-0 fusion_builder_column_1_2 1_2 fusion-one-half fusion-column-first\" style=\"--awb-bg-size:cover;width:50%;width:calc(50% - ( ( 4% ) * 0.5 ) );margin-right: 4%;\"><div class=\"fusion-column-wrapper fusion-flex-column-wrapper-legacy\"><div class=\"fusion-text fusion-text-1\"><p><img decoding=\"async\" class=\"aligncenter size-full wp-image-1532\" src=\"https:\/\/www.gtspower.com\/wp-content\/uploads\/products\/universal_charger_six_bay.png\" alt=\"HCH-XG6\" width=\"453\" height=\"276\" srcset=\"https:\/\/gtspower.com\/wp-content\/uploads\/products\/universal_charger_six_bay-200x122.png 200w, https:\/\/gtspower.com\/wp-content\/uploads\/products\/universal_charger_six_bay-300x183.png 300w, https:\/\/gtspower.com\/wp-content\/uploads\/products\/universal_charger_six_bay-400x244.png 400w, https:\/\/gtspower.com\/wp-content\/uploads\/products\/universal_charger_six_bay.png 453w\" sizes=\"(max-width: 453px) 100vw, 453px\" \/><\/p>\n<\/div><div class=\"fusion-text fusion-text-2\"><p><div class=\"fusion-sep-clear\"><\/div><div class=\"fusion-separator fusion-full-width-sep\" style=\"margin-left: auto;margin-right: auto;margin-top:10px;margin-bottom:0px;width:100%;\"><\/div><div class=\"fusion-sep-clear\"><\/div><div class=\"fusion-button-wrapper fusion-aligncenter\"><a class=\"fusion-button button-flat fusion-button-default-size button-default fusion-button-default button-1 fusion-button-default-span fusion-button-default-type\" target=\"_self\" href=\"mailto:sales@gtspower.com?subject=I%27d%20like%20more%20information%20on%20HCH-XG6-CHG\"><span class=\"fusion-button-text awb-button__text awb-button__text--default\">ENV\u00cdENOS UN CORREO PARA M\u00c1S INFORMACI\u00d3N<\/span><\/a><\/div><div class=\"fusion-sep-clear\"><\/div><div class=\"fusion-separator fusion-full-width-sep\" style=\"margin-left: auto;margin-right: auto;margin-top:10px;margin-bottom:0px;width:100%;\"><\/div><div class=\"fusion-sep-clear\"><\/div><\/p>\n<h3 style=\"text-align: center;\">Ll\u00e1manos para consultar el precio: 800-267-2711<\/h3>\n<\/div><div class=\"fusion-clearfix\"><\/div><\/div><\/div><div class=\"fusion-layout-column fusion_builder_column fusion-builder-column-1 fusion_builder_column_1_2 1_2 fusion-one-half fusion-column-last\" style=\"--awb-bg-size:cover;width:50%;width:calc(50% - ( ( 4% ) * 0.5 ) );\"><div class=\"fusion-column-wrapper fusion-flex-column-wrapper-legacy\"><div class=\"fusion-text fusion-text-3\"><h1><span class=\"productSKU\">HCH-XG6-CHG<\/span><\/h1>\n<h3>Cargador universal de seis bah\u00edas para Radios Harris<\/h3>\n<div>\n<p>El HCH-XG6-CHG es un cargador universal de seis bah\u00edas para radios Harris\u00ae.\u00a0Los usuarios pueden cargar diferentes modelos de dispositivos en la misma bah\u00eda sin necesidad de adaptadores. Funciona con bater\u00edas de Ion de Litio, N\u00edquel- Cadmio, \u00a0N\u00edquel- Hidruro Met\u00e1lico (NiMH) y NEOCELL Pol\u00edmero de Litio. Es resistente y tiene una fuente de energ\u00eda encastrada internamente para un menor espacio de implantaci\u00f3n.<\/p>\n<h3>Caracter\u00edsticas del Producto<\/h3>\n<ul>\n<li><strong>Cargador de tres qu\u00edmicas:<\/strong> Funciona con bater\u00edas de Ion de Litio, N\u00edquel- Cadmio, \u00a0N\u00edquel- Hidruro Met\u00e1lico (NiMH) y NEOCELL Pol\u00edmero de Litio<\/li>\n<li><strong>Indicador de carga de tres colores:\u00a0<\/strong>Luz LED que indica el estado de la carga<\/li>\n<li><strong>Tiempo de carga: <\/strong>carga bater\u00edas en un periodo de entre 2,5 y 5 horas (dependiendo de la capacidad)<\/li>\n<li><strong>Corriente de carga:<\/strong>\u00a0Hasta 1300 mA en fase de carga de corriente continua<\/li>\n<li><strong>M\u00e9todo de carga:<\/strong>\u00a0Corriente constante: voltaje constante con corte al final de la carga<\/li>\n<li>Resistente carcasa de aluminio de calidad aeroespacial<\/li>\n<li>Carga la bater\u00eda individualmente o encastrada en la radio<\/li>\n<li>Tiene una fuente de energ\u00eda encastrada internamente para un menor espacio de implantaci\u00f3n<\/li>\n<li>Montaje en la pared sin problemas<\/li>\n<li>Carga dispositivos distintos sin la necesidad de un adaptador<\/li>\n<\/ul>\n<\/div>\n<\/div><div class=\"fusion-clearfix\"><\/div><\/div><\/div><\/div><\/div><div class=\"fusion-fullwidth fullwidth-box fusion-builder-row-2 nonhundred-percent-fullwidth non-hundred-percent-height-scrolling\" style=\"--awb-border-radius-top-left:0px;--awb-border-radius-top-right:0px;--awb-border-radius-bottom-right:0px;--awb-border-radius-bottom-left:0px;--awb-padding-top:0px;--awb-padding-right:10px;--awb-padding-bottom:20px;--awb-padding-left:50px;--awb-flex-wrap:wrap;\" ><div class=\"fusion-builder-row fusion-row\"><div class=\"fusion-layout-column fusion_builder_column fusion-builder-column-2 fusion_builder_column_1_2 1_2 fusion-one-half fusion-column-first\" style=\"--awb-bg-size:cover;width:50%;width:calc(50% - ( ( 4% ) * 0.5 ) );margin-right: 4%;\"><div class=\"fusion-column-wrapper fusion-flex-column-wrapper-legacy\"><div class=\"fusion-text fusion-text-4\"><h2>Productos Relacionados<\/h2>\n<hr \/>\n<\/div><div class=\"fusion-builder-row fusion-builder-row-inner fusion-row\"><div class=\"fusion-layout-column fusion_builder_column_inner fusion-builder-nested-column-0 fusion_builder_column_inner_1_3 1_3 fusion-one-third fusion-column-first\" style=\"--awb-padding-right:5px;--awb-padding-left:5px;--awb-bg-size:cover;width:33.333333333333%;width:calc(33.333333333333% - ( ( 4% + 4% ) * 0.33333333333333 ) );margin-right: 4%;\"><div class=\"fusion-column-wrapper fusion-flex-column-wrapper-legacy\"><div class=\"fusion-text fusion-text-5\"><p><a href=\"https:\/\/gtspower.com\/es\/productos\/radios-bidireccionales\/baterias\/hma2104-lip\/\"><img decoding=\"async\" class=\"aligncenter wp-image-1523\" src=\"https:\/\/www.gtspower.com\/wp-content\/uploads\/products\/HMA2104-LiP.gif\" alt=\"HMA2104-LIP\" width=\"147\" height=\"100\" \/><\/a><\/p>\n<p style=\"text-align: center;\" data-fontsize=\"20\" data-lineheight=\"30\">HMA2104-LIP<\/p>\n<\/div><div class=\"fusion-clearfix\"><\/div><\/div><\/div><div class=\"fusion-layout-column fusion_builder_column_inner fusion-builder-nested-column-1 fusion_builder_column_inner_1_3 1_3 fusion-one-third\" style=\"--awb-padding-right:5px;--awb-padding-left:5px;--awb-bg-size:cover;width:33.333333333333%;width:calc(33.333333333333% - ( ( 4% + 4% ) * 0.33333333333333 ) );margin-right: 4%;\"><div class=\"fusion-column-wrapper fusion-flex-column-wrapper-legacy\"><div class=\"fusion-text fusion-text-6\"><p><a href=\"https:\/\/gtspower.com\/es\/productos\/radios-bidireccionales\/baterias\/hnpa9-lip\/\"><img decoding=\"async\" class=\"aligncenter wp-image-1527\" src=\"https:\/\/www.gtspower.com\/wp-content\/uploads\/products\/HNPA9-LiP.png\" sizes=\"(max-width: 148px) 100vw, 148px\" srcset=\"https:\/\/www.gtspower.com\/wp-content\/uploads\/products\/HNPA9-LiP-200x135.png 200w, https:\/\/www.gtspower.com\/wp-content\/uploads\/products\/HNPA9-LiP-300x203.png 300w, https:\/\/www.gtspower.com\/wp-content\/uploads\/products\/HNPA9-LiP-400x270.png 400w, https:\/\/www.gtspower.com\/wp-content\/uploads\/products\/HNPA9-LiP.png 453w\" alt=\"HNPA9-LIP\" width=\"148\" height=\"100\" \/><\/a><\/p>\n<p style=\"text-align: center;\" data-fontsize=\"20\" data-lineheight=\"30\">HNPA9-LIP<\/p>\n<\/div><div class=\"fusion-clearfix\"><\/div><\/div><\/div><div class=\"fusion-layout-column fusion_builder_column_inner fusion-builder-nested-column-2 fusion_builder_column_inner_1_3 1_3 fusion-one-third fusion-column-last\" style=\"--awb-padding-right:5px;--awb-padding-left:5px;--awb-bg-size:cover;width:33.333333333333%;width:calc(33.333333333333% - ( ( 4% + 4% ) * 0.33333333333333 ) );\"><div class=\"fusion-column-wrapper fusion-flex-column-wrapper-legacy\"><div class=\"fusion-text fusion-text-7\"><p><a href=\"https:\/\/gtspower.com\/es\/productos\/radios-bidireccionales\/baterias\/hma2104-m\/\"><img decoding=\"async\" class=\"aligncenter wp-image-1524\" src=\"https:\/\/www.gtspower.com\/wp-content\/uploads\/products\/HMA2104-M.gif\" alt=\"HMA2104-M\" width=\"147\" height=\"100\" \/><\/a><\/p>\n<p style=\"text-align: center;\" data-fontsize=\"20\" data-lineheight=\"30\">HMA2104-M<\/p>\n<\/div><div class=\"fusion-clearfix\"><\/div><\/div><\/div><\/div><div class=\"fusion-clearfix\"><\/div><\/div><\/div><div class=\"fusion-layout-column fusion_builder_column fusion-builder-column-3 fusion_builder_column_1_2 1_2 fusion-one-half fusion-column-last\" style=\"--awb-bg-size:cover;width:50%;width:calc(50% - ( ( 4% ) * 0.5 ) );\"><div class=\"fusion-column-wrapper fusion-flex-column-wrapper-legacy\"><div class=\"fusion-text fusion-text-8\"><h2>Especificaciones del Producto<\/h2>\n<hr \/>\n<p><strong>Dimensiones<\/strong>: 734 x 127 x 88<\/p>\n<p><strong>Fabricante<\/strong>: HARRIS<\/p>\n<p><strong>Modelos:\u00a0<\/strong>P7100 \/ P7200 \/ P7300 \/ P5100 \/ P5300 \/ P5400 \/ P5500 \/ XG25 \/ XG75<\/p>\n<p><strong>N\u00famero de parte:\u00a0<\/strong>BKB191210 \/ BKB191210\/3 \/ BKB191210\/4 \/ BKB191210\/6 \/ BT\u2011023406\u2011003 \/ BT\u2011023406\u2011004 \/ BT\u2011023406\u2011005<\/p>\n<p><strong>Peso<\/strong>: 2500 g<\/p>\n<p><strong>Garant\u00eda<\/strong>: 12 meses<\/p>\n<\/div><div class=\"fusion-clearfix\"><\/div><\/div><\/div><\/div><\/div><\/p>\n","protected":false},"excerpt":{"rendered":"","protected":false},"author":1,"featured_media":0,"parent":6408,"menu_order":0,"comment_status":"closed","ping_status":"closed","template":"","meta":{"footnotes":""},"class_list":["post-5225","page","type-page","status-publish","hentry"],"_links":{"self":[{"href":"https:\/\/gtspower.com\/es\/wp-json\/wp\/v2\/pages\/5225","targetHints":{"allow":["GET"]}}],"collection":[{"href":"https:\/\/gtspower.com\/es\/wp-json\/wp\/v2\/pages"}],"about":[{"href":"https:\/\/gtspower.com\/es\/wp-json\/wp\/v2\/types\/page"}],"author":[{"embeddable":true,"href":"https:\/\/gtspower.com\/es\/wp-json\/wp\/v2\/users\/1"}],"replies":[{"embeddable":true,"href":"https:\/\/gtspower.com\/es\/wp-json\/wp\/v2\/comments?post=5225"}],"version-history":[{"count":8,"href":"https:\/\/gtspower.com\/es\/wp-json\/wp\/v2\/pages\/5225\/revisions"}],"predecessor-version":[{"id":7057,"href":"https:\/\/gtspower.com\/es\/wp-json\/wp\/v2\/pages\/5225\/revisions\/7057"}],"up":[{"embeddable":true,"href":"https:\/\/gtspower.com\/es\/wp-json\/wp\/v2\/pages\/6408"}],"wp:attachment":[{"href":"https:\/\/gtspower.com\/es\/wp-json\/wp\/v2\/media?parent=5225"}],"curies":[{"name":"wp","href":"https:\/\/api.w.org\/{rel}","templated":true}]}}