{"id":5213,"date":"2017-12-08T02:54:34","date_gmt":"2017-12-08T02:54:34","guid":{"rendered":"http:\/\/gtspower.online\/?page_id=5213"},"modified":"2018-01-25T00:30:13","modified_gmt":"2018-01-25T00:30:13","slug":"hch-p7301dcc-chg","status":"publish","type":"page","link":"https:\/\/gtspower.com\/es\/productos\/radios-bidireccionales\/cargadores\/hch-p7301dcc-chg\/","title":{"rendered":"HCH-P7301DCC-CHG"},"content":{"rendered":"<p><div class=\"fusion-fullwidth fullwidth-box fusion-builder-row-1 nonhundred-percent-fullwidth non-hundred-percent-height-scrolling\" style=\"--awb-border-radius-top-left:0px;--awb-border-radius-top-right:0px;--awb-border-radius-bottom-right:0px;--awb-border-radius-bottom-left:0px;--awb-padding-top:10px;--awb-padding-right:10px;--awb-padding-bottom:20px;--awb-padding-left:50px;--awb-flex-wrap:wrap;\" ><div class=\"fusion-builder-row fusion-row\"><div class=\"fusion-layout-column fusion_builder_column fusion-builder-column-0 fusion_builder_column_1_2 1_2 fusion-one-half fusion-column-first\" style=\"--awb-bg-size:cover;width:50%;width:calc(50% - ( ( 4% ) * 0.5 ) );margin-right: 4%;\"><div class=\"fusion-column-wrapper fusion-flex-column-wrapper-legacy\"><div class=\"fusion-text fusion-text-1\"><p><img decoding=\"async\" class=\"aligncenter size-full wp-image-1513\" src=\"https:\/\/www.gtspower.com\/wp-content\/uploads\/products\/HCH-P7300-DCC-CHG-with-device.gif\" alt=\"\" width=\"453\" height=\"309\" \/><\/p>\n<\/div><div class=\"fusion-text fusion-text-2\"><p><div class=\"fusion-sep-clear\"><\/div><div class=\"fusion-separator fusion-full-width-sep\" style=\"margin-left: auto;margin-right: auto;margin-top:10px;margin-bottom:0px;width:100%;\"><\/div><div class=\"fusion-sep-clear\"><\/div><div class=\"fusion-aligncenter\"><a class=\"fusion-button button-flat fusion-button-default-size button-default fusion-button-default button-1 fusion-button-default-span fusion-button-default-type\" target=\"_self\" href=\"mailto:sales@gtspower.com?subject=I%27d%20like%20more%20information%20on%20HCH-P7301DCC-CHG\"><span class=\"fusion-button-text awb-button__text awb-button__text--default\">ENV\u00cdENOS UN CORREO PARA M\u00c1S INFORMACI\u00d3N<\/span><\/a><\/div><div class=\"fusion-sep-clear\"><\/div><div class=\"fusion-separator fusion-full-width-sep\" style=\"margin-left: auto;margin-right: auto;margin-top:10px;margin-bottom:0px;width:100%;\"><\/div><div class=\"fusion-sep-clear\"><\/div><\/p>\n<h3 style=\"text-align: center;\">Ll\u00e1manos para consultar el precio: 800-267-2711<\/h3>\n<\/div><div class=\"fusion-clearfix\"><\/div><\/div><\/div><div class=\"fusion-layout-column fusion_builder_column fusion-builder-column-1 fusion_builder_column_1_2 1_2 fusion-one-half fusion-column-last\" style=\"--awb-bg-size:cover;width:50%;width:calc(50% - ( ( 4% ) * 0.5 ) );\"><div class=\"fusion-column-wrapper fusion-flex-column-wrapper-legacy\"><div class=\"fusion-text fusion-text-3\"><h1><span class=\"productSKU\">HCH-P7301DCC-CHG<\/span><\/h1>\n<h3>Cargador de soporte \u00fanico de Corriente Directa para Harris P7300 \/ XG75<\/h3>\n<div>\n<p>El HCH-P7301DCC-CHG es un cargador de soporte \u00fanico vehicular para radios Harris XG75 y P7300. Aumenta el tiempo de funcionamiento para un mayor tiempo de conversaci\u00f3n y tiene un sistema de bloqueo y desbloqueo que se maneja con una sola mano. Este cargador es tan resistente como para superar el criterio de prueba de choque 50G. El cargador de Corriente Directa es una forma conveniente de mantener tus radios cargados y listos en todo momento, incluso sobre la marcha.<\/p>\n<h3>Caracter\u00edsticas del Producto<\/h3>\n<ul>\n<li>Aumenta el tiempo de funcionamiento para un mayor tiempo de conversaci\u00f3n<\/li>\n<li>Sistema de bloqueo y desbloqueo que se maneja con una sola mano para un f\u00e1cil acceso<\/li>\n<li>Tan resistente como para superar el criterio de prueba de choque 50G<\/li>\n<li>Funciona con bater\u00edas de Ion de Litio, N\u00edquel- Hidruro Met\u00e1lico (NiMH) y Pol\u00edmero de Litio<\/li>\n<li>Compatible con la bater\u00eda de alto desempe\u00f1o de GTS HNPA9-LiP<\/li>\n<\/ul>\n<\/div>\n<\/div><div class=\"fusion-clearfix\"><\/div><\/div><\/div><\/div><\/div><div class=\"fusion-fullwidth fullwidth-box fusion-builder-row-2 nonhundred-percent-fullwidth non-hundred-percent-height-scrolling\" style=\"--awb-border-radius-top-left:0px;--awb-border-radius-top-right:0px;--awb-border-radius-bottom-right:0px;--awb-border-radius-bottom-left:0px;--awb-padding-top:0px;--awb-padding-right:10px;--awb-padding-bottom:20px;--awb-padding-left:50px;--awb-flex-wrap:wrap;\" ><div class=\"fusion-builder-row fusion-row\"><div class=\"fusion-layout-column fusion_builder_column fusion-builder-column-2 fusion_builder_column_1_2 1_2 fusion-one-half fusion-column-first\" style=\"--awb-bg-size:cover;width:50%;width:calc(50% - ( ( 4% ) * 0.5 ) );margin-right: 4%;\"><div class=\"fusion-column-wrapper fusion-flex-column-wrapper-legacy\"><div class=\"fusion-text fusion-text-4\"><h2>Productos Relacionados<\/h2>\n<hr \/>\n<\/div><div class=\"fusion-builder-row fusion-builder-row-inner fusion-row\"><div class=\"fusion-layout-column fusion_builder_column_inner fusion-builder-nested-column-0 fusion_builder_column_inner_1_3 1_3 fusion-one-third fusion-column-first\" style=\"--awb-padding-right:5px;--awb-padding-left:5px;--awb-bg-size:cover;width:33.333333333333%;width:calc(33.333333333333% - ( ( 4% + 4% ) * 0.33333333333333 ) );margin-right: 4%;\"><div class=\"fusion-column-wrapper fusion-flex-column-wrapper-legacy\"><div class=\"fusion-text fusion-text-5\"><p><a href=\"https:\/\/gtspower.com\/es\/productos\/radios-bidireccionales\/baterias\/hch-p7301-chg\/\"><img decoding=\"async\" class=\"aligncenter wp-image-1514\" src=\"https:\/\/www.gtspower.com\/wp-content\/uploads\/products\/HCH-P7301.gif\" alt=\"HCH-P7301-CHG\" width=\"147\" height=\"100\" \/><\/a><\/p>\n<p style=\"text-align: center;\" data-fontsize=\"20\" data-lineheight=\"30\">HCH-P7301-CHG<\/p>\n<\/div><div class=\"fusion-clearfix\"><\/div><\/div><\/div><div class=\"fusion-layout-column fusion_builder_column_inner fusion-builder-nested-column-1 fusion_builder_column_inner_1_3 1_3 fusion-one-third\" style=\"--awb-padding-right:5px;--awb-padding-left:5px;--awb-bg-size:cover;width:33.333333333333%;width:calc(33.333333333333% - ( ( 4% + 4% ) * 0.33333333333333 ) );margin-right: 4%;\"><div class=\"fusion-column-wrapper fusion-flex-column-wrapper-legacy\"><div class=\"fusion-text fusion-text-6\"><p><a href=\"https:\/\/gtspower.com\/es\/productos\/radios-bidireccionales\/baterias\/hnpa9-lip\/\"><img decoding=\"async\" class=\"aligncenter wp-image-1527\" src=\"https:\/\/www.gtspower.com\/wp-content\/uploads\/products\/HNPA9-LiP.png\" sizes=\"(max-width: 148px) 100vw, 148px\" srcset=\"https:\/\/www.gtspower.com\/wp-content\/uploads\/products\/HNPA9-LiP-200x135.png 200w, https:\/\/www.gtspower.com\/wp-content\/uploads\/products\/HNPA9-LiP-300x203.png 300w, https:\/\/www.gtspower.com\/wp-content\/uploads\/products\/HNPA9-LiP-400x270.png 400w, https:\/\/www.gtspower.com\/wp-content\/uploads\/products\/HNPA9-LiP.png 453w\" alt=\"HNPA9-LIP\" width=\"148\" height=\"100\" \/><\/a><\/p>\n<p style=\"text-align: center;\" data-fontsize=\"20\" data-lineheight=\"30\">HNPA9-LIP<\/p>\n<\/div><div class=\"fusion-clearfix\"><\/div><\/div><\/div><div class=\"fusion-layout-column fusion_builder_column_inner fusion-builder-nested-column-2 fusion_builder_column_inner_1_3 1_3 fusion-one-third fusion-column-last\" style=\"--awb-padding-right:5px;--awb-padding-left:5px;--awb-bg-size:cover;width:33.333333333333%;width:calc(33.333333333333% - ( ( 4% + 4% ) * 0.33333333333333 ) );\"><div class=\"fusion-column-wrapper fusion-flex-column-wrapper-legacy\"><div class=\"fusion-text fusion-text-7\"><p><a href=\"https:\/\/gtspower.com\/es\/productos\/radios-bidireccionales\/cargadores\/hch-xg6-chg\/\"><img decoding=\"async\" class=\"aligncenter wp-image-1532\" src=\"https:\/\/www.gtspower.com\/wp-content\/uploads\/products\/universal_charger_six_bay.png\" sizes=\"(max-width: 164px) 100vw, 164px\" srcset=\"https:\/\/www.gtspower.com\/wp-content\/uploads\/products\/universal_charger_six_bay-200x122.png 200w, https:\/\/www.gtspower.com\/wp-content\/uploads\/products\/universal_charger_six_bay-300x183.png 300w, https:\/\/www.gtspower.com\/wp-content\/uploads\/products\/universal_charger_six_bay-400x244.png 400w, https:\/\/www.gtspower.com\/wp-content\/uploads\/products\/universal_charger_six_bay.png 453w\" alt=\"HCH-XG6\" width=\"164\" height=\"100\" \/><\/a><\/p>\n<p style=\"text-align: center;\" data-fontsize=\"20\" data-lineheight=\"30\">HCH-XG6-CHG<\/p>\n<\/div><div class=\"fusion-clearfix\"><\/div><\/div><\/div><\/div><div class=\"fusion-clearfix\"><\/div><\/div><\/div><div class=\"fusion-layout-column fusion_builder_column fusion-builder-column-3 fusion_builder_column_1_2 1_2 fusion-one-half fusion-column-last\" style=\"--awb-bg-size:cover;width:50%;width:calc(50% - ( ( 4% ) * 0.5 ) );\"><div class=\"fusion-column-wrapper fusion-flex-column-wrapper-legacy\"><div class=\"fusion-text fusion-text-8\"><h2>Especificaciones del Producto<\/h2>\n<hr \/>\n<p><strong>Dimensions<\/strong>: 68 x 56 x 100.8<\/p>\n<p><strong>Fabricante<\/strong>: HARRIS<\/p>\n<p><strong>Modelos:\u00a0<\/strong>P7300 \/ XG75<\/p>\n<p><strong>N\u00famero de parte<b class=\"b5\">:<\/b><\/strong>\u00a0VC4000<\/p>\n<p><b>Peso<\/b>: 900 g<\/p>\n<p><strong>Garant\u00eda<\/strong>: 24 meses<\/p>\n<\/div><div class=\"fusion-clearfix\"><\/div><\/div><\/div><\/div><\/div><\/p>\n","protected":false},"excerpt":{"rendered":"","protected":false},"author":1,"featured_media":0,"parent":6408,"menu_order":0,"comment_status":"closed","ping_status":"closed","template":"","meta":{"footnotes":""},"class_list":["post-5213","page","type-page","status-publish","hentry"],"_links":{"self":[{"href":"https:\/\/gtspower.com\/es\/wp-json\/wp\/v2\/pages\/5213","targetHints":{"allow":["GET"]}}],"collection":[{"href":"https:\/\/gtspower.com\/es\/wp-json\/wp\/v2\/pages"}],"about":[{"href":"https:\/\/gtspower.com\/es\/wp-json\/wp\/v2\/types\/page"}],"author":[{"embeddable":true,"href":"https:\/\/gtspower.com\/es\/wp-json\/wp\/v2\/users\/1"}],"replies":[{"embeddable":true,"href":"https:\/\/gtspower.com\/es\/wp-json\/wp\/v2\/comments?post=5213"}],"version-history":[{"count":7,"href":"https:\/\/gtspower.com\/es\/wp-json\/wp\/v2\/pages\/5213\/revisions"}],"predecessor-version":[{"id":7051,"href":"https:\/\/gtspower.com\/es\/wp-json\/wp\/v2\/pages\/5213\/revisions\/7051"}],"up":[{"embeddable":true,"href":"https:\/\/gtspower.com\/es\/wp-json\/wp\/v2\/pages\/6408"}],"wp:attachment":[{"href":"https:\/\/gtspower.com\/es\/wp-json\/wp\/v2\/media?parent=5213"}],"curies":[{"name":"wp","href":"https:\/\/api.w.org\/{rel}","templated":true}]}}