{"id":5172,"date":"2017-12-07T14:56:34","date_gmt":"2017-12-07T14:56:34","guid":{"rendered":"http:\/\/gtspower.online\/?page_id=5172"},"modified":"2021-03-16T16:39:34","modified_gmt":"2021-03-16T20:39:34","slug":"hch-apx1-chg","status":"publish","type":"page","link":"https:\/\/gtspower.com\/es\/productos\/radios-bidireccionales\/cargadores\/hch-apx1-chg\/","title":{"rendered":"HCH-APX1-CHG"},"content":{"rendered":"<p><div class=\"fusion-fullwidth fullwidth-box fusion-builder-row-1 nonhundred-percent-fullwidth non-hundred-percent-height-scrolling\" style=\"--awb-border-radius-top-left:0px;--awb-border-radius-top-right:0px;--awb-border-radius-bottom-right:0px;--awb-border-radius-bottom-left:0px;--awb-padding-top:10px;--awb-padding-right:10px;--awb-padding-bottom:20px;--awb-padding-left:50px;--awb-flex-wrap:wrap;\" ><div class=\"fusion-builder-row fusion-row\"><div class=\"fusion-layout-column fusion_builder_column fusion-builder-column-0 fusion_builder_column_1_2 1_2 fusion-one-half fusion-column-first\" style=\"--awb-bg-size:cover;width:50%;width:calc(50% - ( ( 4% ) * 0.5 ) );margin-right: 4%;\"><div class=\"fusion-column-wrapper fusion-flex-column-wrapper-legacy\"><div class=\"fusion-text fusion-text-1\"><p><img decoding=\"async\" class=\"aligncenter size-full wp-image-1504\" src=\"https:\/\/www.gtspower.com\/wp-content\/uploads\/products\/HCH-APX1-CHG.png\" alt=\"HCH-APX1-CHG\" width=\"453\" height=\"309\" srcset=\"https:\/\/gtspower.com\/wp-content\/uploads\/products\/HCH-APX1-CHG-200x136.png 200w, https:\/\/gtspower.com\/wp-content\/uploads\/products\/HCH-APX1-CHG-300x205.png 300w, https:\/\/gtspower.com\/wp-content\/uploads\/products\/HCH-APX1-CHG-400x273.png 400w, https:\/\/gtspower.com\/wp-content\/uploads\/products\/HCH-APX1-CHG.png 453w\" sizes=\"(max-width: 453px) 100vw, 453px\" \/><\/p>\n<\/div><div class=\"fusion-text fusion-text-2\"><p><div class=\"fusion-sep-clear\"><\/div><div class=\"fusion-separator fusion-full-width-sep\" style=\"margin-left: auto;margin-right: auto;margin-top:10px;margin-bottom:0px;width:100%;\"><\/div><div class=\"fusion-sep-clear\"><\/div><div class=\"fusion-button-wrapper fusion-aligncenter\"><a class=\"fusion-button button-flat fusion-button-default-size button-default fusion-button-default button-1 fusion-button-default-span fusion-button-default-type\" target=\"_self\" href=\"mailto:sales@gtspower.com?subject=I%27d%20like%20more%20information%20on%20HCH-APX1-CHG\"><span class=\"fusion-button-text awb-button__text awb-button__text--default\">ENV\u00cdENOS UN CORREO PARA M\u00c1S INFORMACI\u00d3N<\/span><\/a><\/div><div class=\"fusion-sep-clear\"><\/div><div class=\"fusion-separator fusion-full-width-sep\" style=\"margin-left: auto;margin-right: auto;margin-top:10px;margin-bottom:0px;width:100%;\"><\/div><div class=\"fusion-sep-clear\"><\/div><\/p>\n<h3 style=\"text-align: center;\">Ll\u00e1manos para consultar el precio: 800-267-2711<\/h3>\n<\/div><div class=\"fusion-clearfix\"><\/div><\/div><\/div><div class=\"fusion-layout-column fusion_builder_column fusion-builder-column-1 fusion_builder_column_1_2 1_2 fusion-one-half fusion-column-last\" style=\"--awb-bg-size:cover;width:50%;width:calc(50% - ( ( 4% ) * 0.5 ) );\"><div class=\"fusion-column-wrapper fusion-flex-column-wrapper-legacy\"><div class=\"fusion-text fusion-text-3\"><h1><span class=\"productSKU\">HCH-APX1-CHG<\/span><\/h1>\n<h3>Cargador universal de bah\u00eda \u00fanica para radios Motorola<\/h3>\n<div>\n<p>El HCH-APX1-CHG es un cargador universal de bah\u00eda \u00fanica para radios\u00a0Motorola\u00ae. Es compatible con radios Motorola\u00ae Series XTS1500\/2500\/3000\/5000, APX6000\/7000, HT1000\/1250, HT750 y MTS2000. Carga distintas bater\u00edas o dispositivos en un mismo soporte sin necesidad de un adaptador. Funciona con bater\u00edas de Ion de Litio, N\u00edquel- Cadmio, \u00a0N\u00edquel- Hidruro Met\u00e1lico (NiMH) y NEOCELL Pol\u00edmero de Litio. Es resistente y tiene una fuente de energ\u00eda encastrada internamente para un menor espacio de implantaci\u00f3n.<\/p>\n<h3>Caracter\u00edsticas del Producto<\/h3>\n<ul>\n<li>Carga universal para distintos dispositivos en un mismo soporte<\/li>\n<li>No se necesita de adaptadores<\/li>\n<li>Tiene una fuente de energ\u00eda encastrada internamente para un menor espacio de implantaci\u00f3n<\/li>\n<li>Extremadamente resistente<\/li>\n<li>Sometido a pruebas rigurosas<\/li>\n<\/ul>\n<\/div>\n<\/div><div class=\"fusion-clearfix\"><\/div><\/div><\/div><\/div><\/div><div class=\"fusion-fullwidth fullwidth-box fusion-builder-row-2 nonhundred-percent-fullwidth non-hundred-percent-height-scrolling\" style=\"--awb-border-radius-top-left:0px;--awb-border-radius-top-right:0px;--awb-border-radius-bottom-right:0px;--awb-border-radius-bottom-left:0px;--awb-padding-top:0px;--awb-padding-right:10px;--awb-padding-bottom:20px;--awb-padding-left:50px;--awb-flex-wrap:wrap;\" ><div class=\"fusion-builder-row fusion-row\"><div class=\"fusion-layout-column fusion_builder_column fusion-builder-column-2 fusion_builder_column_1_2 1_2 fusion-one-half fusion-column-first\" style=\"--awb-bg-size:cover;width:50%;width:calc(50% - ( ( 4% ) * 0.5 ) );margin-right: 4%;\"><div class=\"fusion-column-wrapper fusion-flex-column-wrapper-legacy\"><div class=\"fusion-text fusion-text-4\"><h2>Productos Relacionados<\/h2>\n<hr \/>\n<\/div><div class=\"fusion-builder-row fusion-builder-row-inner fusion-row\"><div class=\"fusion-layout-column fusion_builder_column_inner fusion-builder-nested-column-0 fusion_builder_column_inner_1_3 1_3 fusion-one-third fusion-column-first\" style=\"--awb-padding-right:5px;--awb-padding-left:5px;--awb-bg-size:cover;width:33.333333333333%;width:calc(33.333333333333% - ( ( 4% + 4% ) * 0.33333333333333 ) );margin-right: 4%;\"><div class=\"fusion-column-wrapper fusion-flex-column-wrapper-legacy\"><div class=\"fusion-text fusion-text-5\"><p><a href=\"https:\/\/gtspower.com\/es\/productos\/radios-bidireccionales\/baterias\/h9858-lip\/\"><img decoding=\"async\" class=\"aligncenter wp-image-1498\" src=\"https:\/\/www.gtspower.com\/wp-content\/uploads\/products\/H9858-LiP.jpg\" sizes=\"(max-width: 54px) 100vw, 54px\" srcset=\"https:\/\/www.gtspower.com\/wp-content\/uploads\/products\/H9858-LiP-162x300.jpg 162w, https:\/\/www.gtspower.com\/wp-content\/uploads\/products\/H9858-LiP-200x371.jpg 200w, https:\/\/www.gtspower.com\/wp-content\/uploads\/products\/H9858-LiP.jpg 244w\" alt=\"H9858-LIP\" width=\"54\" height=\"100\" \/><\/a><\/p>\n<p style=\"text-align: center;\" data-fontsize=\"20\" data-lineheight=\"30\">H9858-LIP<\/p>\n<\/div><div class=\"fusion-clearfix\"><\/div><\/div><\/div><div class=\"fusion-layout-column fusion_builder_column_inner fusion-builder-nested-column-1 fusion_builder_column_inner_1_3 1_3 fusion-one-third\" style=\"--awb-padding-right:5px;--awb-padding-left:5px;--awb-bg-size:cover;width:33.333333333333%;width:calc(33.333333333333% - ( ( 4% + 4% ) * 0.33333333333333 ) );margin-right: 4%;\"><div class=\"fusion-column-wrapper fusion-flex-column-wrapper-legacy\"><div class=\"fusion-text fusion-text-6\"><p><img decoding=\"async\" class=\"aligncenter wp-image-1485\" src=\"https:\/\/www.gtspower.com\/wp-content\/uploads\/products\/H7038-LiP.png\" sizes=\"(max-width: 68px) 100vw, 68px\" srcset=\"https:\/\/www.gtspower.com\/wp-content\/uploads\/products\/H7038-LiP-200x296.png 200w, https:\/\/www.gtspower.com\/wp-content\/uploads\/products\/H7038-LiP.png 203w\" alt=\"H7038-LIP\" width=\"68\" height=\"100\" \/><\/p>\n<p style=\"text-align: center;\" data-fontsize=\"20\" data-lineheight=\"30\">H7038-LIP<\/p>\n<\/div><div class=\"fusion-clearfix\"><\/div><\/div><\/div><div class=\"fusion-layout-column fusion_builder_column_inner fusion-builder-nested-column-2 fusion_builder_column_inner_1_3 1_3 fusion-one-third fusion-column-last\" style=\"--awb-padding-right:5px;--awb-padding-left:5px;--awb-bg-size:cover;width:33.333333333333%;width:calc(33.333333333333% - ( ( 4% + 4% ) * 0.33333333333333 ) );\"><div class=\"fusion-column-wrapper fusion-flex-column-wrapper-legacy\"><div class=\"fusion-text fusion-text-7\"><p><a href=\"https:\/\/gtspower.com\/es\/productos\/radios-bidireccionales\/cargadores\/hch-apx6-chg\/\"><img decoding=\"async\" class=\"aligncenter wp-image-1506\" src=\"https:\/\/www.gtspower.com\/wp-content\/uploads\/products\/HCH-APX6-CHG.png\" sizes=\"(max-width: 148px) 100vw, 148px\" srcset=\"https:\/\/www.gtspower.com\/wp-content\/uploads\/products\/HCH-APX6-CHG-200x135.png 200w, https:\/\/www.gtspower.com\/wp-content\/uploads\/products\/HCH-APX6-CHG-300x203.png 300w, https:\/\/www.gtspower.com\/wp-content\/uploads\/products\/HCH-APX6-CHG-400x270.png 400w, https:\/\/www.gtspower.com\/wp-content\/uploads\/products\/HCH-APX6-CHG.png 453w\" alt=\"HCH-APX6-CHG\" width=\"148\" height=\"100\" \/><\/a><\/p>\n<p style=\"text-align: center;\" data-fontsize=\"20\" data-lineheight=\"30\">HCH-APX6-CHG<\/p>\n<\/div><div class=\"fusion-clearfix\"><\/div><\/div><\/div><\/div><div class=\"fusion-clearfix\"><\/div><\/div><\/div><div class=\"fusion-layout-column fusion_builder_column fusion-builder-column-3 fusion_builder_column_1_2 1_2 fusion-one-half fusion-column-last\" style=\"--awb-bg-size:cover;width:50%;width:calc(50% - ( ( 4% ) * 0.5 ) );\"><div class=\"fusion-column-wrapper fusion-flex-column-wrapper-legacy\"><div class=\"fusion-text fusion-text-8\"><h2>Especificaciones del Producto<\/h2>\n<hr \/>\n<p><strong>Dimensiones<\/strong>: 125,4 x 142,9 x 101,6<\/p>\n<p><strong>Fabricante<\/strong>: MOTOROLA<\/p>\n<p><strong>Modelos:\u00a0<\/strong>APX6000 \/ APX7000 \/ XTS1500 \/ XTS2500 \/ XTS3000 \/ XTS5000 \/ HT1000 \/ MTS2000<\/p>\n<p><strong>Peso<\/strong>: 833,2 g<\/p>\n<p><strong>Garant\u00eda<\/strong>: 24 meses<\/p>\n<\/div><div class=\"fusion-clearfix\"><\/div><\/div><\/div><\/div><\/div><\/p>\n","protected":false},"excerpt":{"rendered":"","protected":false},"author":1,"featured_media":70966,"parent":6408,"menu_order":0,"comment_status":"closed","ping_status":"closed","template":"","meta":{"footnotes":""},"class_list":["post-5172","page","type-page","status-publish","has-post-thumbnail","hentry"],"_links":{"self":[{"href":"https:\/\/gtspower.com\/es\/wp-json\/wp\/v2\/pages\/5172","targetHints":{"allow":["GET"]}}],"collection":[{"href":"https:\/\/gtspower.com\/es\/wp-json\/wp\/v2\/pages"}],"about":[{"href":"https:\/\/gtspower.com\/es\/wp-json\/wp\/v2\/types\/page"}],"author":[{"embeddable":true,"href":"https:\/\/gtspower.com\/es\/wp-json\/wp\/v2\/users\/1"}],"replies":[{"embeddable":true,"href":"https:\/\/gtspower.com\/es\/wp-json\/wp\/v2\/comments?post=5172"}],"version-history":[{"count":9,"href":"https:\/\/gtspower.com\/es\/wp-json\/wp\/v2\/pages\/5172\/revisions"}],"predecessor-version":[{"id":121955,"href":"https:\/\/gtspower.com\/es\/wp-json\/wp\/v2\/pages\/5172\/revisions\/121955"}],"up":[{"embeddable":true,"href":"https:\/\/gtspower.com\/es\/wp-json\/wp\/v2\/pages\/6408"}],"wp:featuredmedia":[{"embeddable":true,"href":"https:\/\/gtspower.com\/es\/wp-json\/wp\/v2\/media\/70966"}],"wp:attachment":[{"href":"https:\/\/gtspower.com\/es\/wp-json\/wp\/v2\/media?parent=5172"}],"curies":[{"name":"wp","href":"https:\/\/api.w.org\/{rel}","templated":true}]}}