{"id":5150,"date":"2017-12-07T02:30:59","date_gmt":"2017-12-07T02:30:59","guid":{"rendered":"http:\/\/gtspower.online\/?page_id=5150"},"modified":"2021-03-16T16:39:35","modified_gmt":"2021-03-16T20:39:35","slug":"eocc-apx-12v","status":"publish","type":"page","link":"https:\/\/gtspower.com\/es\/productos\/radios-bidireccionales\/cargadores\/eocc-apx-12v\/","title":{"rendered":"EOCC-APX-12V"},"content":{"rendered":"<p><div class=\"fusion-fullwidth fullwidth-box fusion-builder-row-1 nonhundred-percent-fullwidth non-hundred-percent-height-scrolling\" style=\"--awb-border-radius-top-left:0px;--awb-border-radius-top-right:0px;--awb-border-radius-bottom-right:0px;--awb-border-radius-bottom-left:0px;--awb-padding-top:10px;--awb-padding-right:10px;--awb-padding-bottom:20px;--awb-padding-left:50px;--awb-flex-wrap:wrap;\" ><div class=\"fusion-builder-row fusion-row\"><div class=\"fusion-layout-column fusion_builder_column fusion-builder-column-0 fusion_builder_column_1_2 1_2 fusion-one-half fusion-column-first\" style=\"--awb-bg-size:cover;width:50%;width:calc(50% - ( ( 4% ) * 0.5 ) );margin-right: 4%;\"><div class=\"fusion-column-wrapper fusion-flex-column-wrapper-legacy\"><div class=\"fusion-text fusion-text-1\"><p><img decoding=\"async\" class=\"aligncenter size-full wp-image-1470\" src=\"https:\/\/www.gtspower.com\/wp-content\/uploads\/products\/EOCCC.png\" alt=\"EOCC\" width=\"453\" height=\"340\" srcset=\"https:\/\/gtspower.com\/wp-content\/uploads\/products\/EOCCC-200x150.png 200w, https:\/\/gtspower.com\/wp-content\/uploads\/products\/EOCCC-300x225.png 300w, https:\/\/gtspower.com\/wp-content\/uploads\/products\/EOCCC-400x300.png 400w, https:\/\/gtspower.com\/wp-content\/uploads\/products\/EOCCC.png 453w\" sizes=\"(max-width: 453px) 100vw, 453px\" \/><\/p>\n<\/div><div class=\"fusion-text fusion-text-2\"><p><div class=\"fusion-sep-clear\"><\/div><div class=\"fusion-separator fusion-full-width-sep\" style=\"margin-left: auto;margin-right: auto;margin-top:10px;margin-bottom:0px;width:100%;\"><\/div><div class=\"fusion-sep-clear\"><\/div><div class=\"fusion-button-wrapper fusion-aligncenter\"><a class=\"fusion-button button-flat fusion-button-default-size button-default fusion-button-default button-1 fusion-button-default-span fusion-button-default-type\" target=\"_self\" href=\"mailto:sales@gtspower.com?subject=I%27d%20like%20more%20information%20on%20EOCC-APX-12V\"><span class=\"fusion-button-text awb-button__text awb-button__text--default\">ENV\u00cdENOS UN CORREO PARA M\u00c1S INFORMACI\u00d3N<\/span><\/a><\/div><div class=\"fusion-sep-clear\"><\/div><div class=\"fusion-separator fusion-full-width-sep\" style=\"margin-left: auto;margin-right: auto;margin-top:10px;margin-bottom:0px;width:100%;\"><\/div><div class=\"fusion-sep-clear\"><\/div><\/p>\n<h3 style=\"text-align: center;\">Ll\u00e1manos para consultar el precio: 800-267-2711<\/h3>\n<\/div><div class=\"fusion-clearfix\"><\/div><\/div><\/div><div class=\"fusion-layout-column fusion_builder_column fusion-builder-column-1 fusion_builder_column_1_2 1_2 fusion-one-half fusion-column-last\" style=\"--awb-bg-size:cover;width:50%;width:calc(50% - ( ( 4% ) * 0.5 ) );\"><div class=\"fusion-column-wrapper fusion-flex-column-wrapper-legacy\"><div class=\"fusion-text fusion-text-3\"><h1><span class=\"productSKU\">EOCC-APX-12V<\/span><\/h1>\n<h3>Caja de carga de 18 bah\u00edas y 12V para operaciones de emergencia<\/h3>\n<p>La EOCC-APX-12V es una caja de carga port\u00e1til para radios Motorola Serie APX, XTS, HT y MTS.\u00a0 La resistente caja Pelican Storm puede cargar simult\u00e1neamente 18 radios bidireccionales en 2,5 a 5 horas.<\/p>\n<h3>Caracter\u00edsticas del Producto<\/h3>\n<ul>\n<li>Funciona con bater\u00edas de Ion de Litio, N\u00edquel- Cadmio, \u00a0N\u00edquel- Hidruro Met\u00e1lico (NiMH) y NEOCELL Pol\u00edmero de Litio<\/li>\n<li>Carga distintas flotas en un mismo soporte sin necesidad de un adaptador<\/li>\n<li>Carga la bater\u00eda por separado o encastrada en una radio<\/li>\n<li>Alimentado por Corriente Alterna\/ Corriente Continua\/ Veh\u00edculo T\u00e1ctico<\/li>\n<li>Enfriamiento: Ventiladores internos de corriente continua con velocidad variable con admisi\u00f3n y escape externo<\/li>\n<li>Los componentes internos est\u00e1n encastrados en amortiguadores de goma para evitar da\u00f1os durante su transportaci\u00f3n<\/li>\n<li>Cable de esclava opcional aprobado por las\u00a0normas de la\u00a0OTAN para operaciones militares<\/li>\n<\/ul>\n<\/div><div class=\"fusion-clearfix\"><\/div><\/div><\/div><\/div><\/div><div class=\"fusion-fullwidth fullwidth-box fusion-builder-row-2 nonhundred-percent-fullwidth non-hundred-percent-height-scrolling\" style=\"--awb-border-radius-top-left:0px;--awb-border-radius-top-right:0px;--awb-border-radius-bottom-right:0px;--awb-border-radius-bottom-left:0px;--awb-padding-top:0px;--awb-padding-right:10px;--awb-padding-bottom:20px;--awb-padding-left:50px;--awb-flex-wrap:wrap;\" ><div class=\"fusion-builder-row fusion-row\"><div class=\"fusion-layout-column fusion_builder_column fusion-builder-column-2 fusion_builder_column_1_2 1_2 fusion-one-half fusion-column-first\" style=\"--awb-bg-size:cover;width:50%;width:calc(50% - ( ( 4% ) * 0.5 ) );margin-right: 4%;\"><div class=\"fusion-column-wrapper fusion-flex-column-wrapper-legacy\"><div class=\"fusion-text fusion-text-4\"><h2>Productos Relacionados<\/h2>\n<hr \/>\n<\/div><div class=\"fusion-builder-row fusion-builder-row-inner fusion-row\"><div class=\"fusion-layout-column fusion_builder_column_inner fusion-builder-nested-column-0 fusion_builder_column_inner_1_3 1_3 fusion-one-third fusion-column-first\" style=\"--awb-padding-right:5px;--awb-padding-left:5px;--awb-bg-size:cover;width:33.333333333333%;width:calc(33.333333333333% - ( ( 4% + 4% ) * 0.33333333333333 ) );margin-right: 4%;\"><div class=\"fusion-column-wrapper fusion-flex-column-wrapper-legacy\"><div class=\"fusion-text fusion-text-5\"><p><a href=\"https:\/\/gtspower.com\/es\/productos\/radios-bidireccionales\/baterias\/h8610-lip41\/\"><img decoding=\"async\" class=\"aligncenter wp-image-1490\" src=\"https:\/\/www.gtspower.com\/wp-content\/uploads\/products\/H8610-LiP41.png\" sizes=\"(max-width: 147px) 100vw, 147px\" srcset=\"https:\/\/www.gtspower.com\/wp-content\/uploads\/products\/H8610-LiP41-200x136.png 200w, https:\/\/www.gtspower.com\/wp-content\/uploads\/products\/H8610-LiP41-300x205.png 300w, https:\/\/www.gtspower.com\/wp-content\/uploads\/products\/H8610-LiP41-400x273.png 400w, https:\/\/www.gtspower.com\/wp-content\/uploads\/products\/H8610-LiP41.png 453w\" alt=\"H8610-LiP41\" width=\"147\" height=\"100\" \/><\/a><\/p>\n<p style=\"text-align: center;\" data-fontsize=\"20\" data-lineheight=\"30\">H8610-LIP(41)<\/p>\n<\/div><div class=\"fusion-clearfix\"><\/div><\/div><\/div><div class=\"fusion-layout-column fusion_builder_column_inner fusion-builder-nested-column-1 fusion_builder_column_inner_1_3 1_3 fusion-one-third\" style=\"--awb-padding-right:5px;--awb-padding-left:5px;--awb-bg-size:cover;width:33.333333333333%;width:calc(33.333333333333% - ( ( 4% + 4% ) * 0.33333333333333 ) );margin-right: 4%;\"><div class=\"fusion-column-wrapper fusion-flex-column-wrapper-legacy\"><div class=\"fusion-text fusion-text-6\"><p><img decoding=\"async\" class=\"aligncenter wp-image-1485\" src=\"https:\/\/www.gtspower.com\/wp-content\/uploads\/products\/H7038-LiP.png\" sizes=\"(max-width: 68px) 100vw, 68px\" srcset=\"https:\/\/www.gtspower.com\/wp-content\/uploads\/products\/H7038-LiP-200x296.png 200w, https:\/\/www.gtspower.com\/wp-content\/uploads\/products\/H7038-LiP.png 203w\" alt=\"H7038-LIP\" width=\"68\" height=\"100\" \/><\/p>\n<p style=\"text-align: center;\" data-fontsize=\"20\" data-lineheight=\"30\">H7038-LIP<\/p>\n<\/div><div class=\"fusion-clearfix\"><\/div><\/div><\/div><div class=\"fusion-layout-column fusion_builder_column_inner fusion-builder-nested-column-2 fusion_builder_column_inner_1_3 1_3 fusion-one-third fusion-column-last\" style=\"--awb-padding-right:5px;--awb-padding-left:5px;--awb-bg-size:cover;width:33.333333333333%;width:calc(33.333333333333% - ( ( 4% + 4% ) * 0.33333333333333 ) );\"><div class=\"fusion-column-wrapper fusion-flex-column-wrapper-legacy\"><div class=\"fusion-text fusion-text-7\"><p><a href=\"https:\/\/gtspower.com\/es\/productos\/radios-bidireccionales\/cargadores\/hch-apx1-chg\/\"><img decoding=\"async\" class=\"aligncenter wp-image-1504\" src=\"https:\/\/www.gtspower.com\/wp-content\/uploads\/products\/HCH-APX1-CHG.png\" sizes=\"(max-width: 147px) 100vw, 147px\" srcset=\"https:\/\/www.gtspower.com\/wp-content\/uploads\/products\/HCH-APX1-CHG-200x136.png 200w, https:\/\/www.gtspower.com\/wp-content\/uploads\/products\/HCH-APX1-CHG-300x205.png 300w, https:\/\/www.gtspower.com\/wp-content\/uploads\/products\/HCH-APX1-CHG-400x273.png 400w, https:\/\/www.gtspower.com\/wp-content\/uploads\/products\/HCH-APX1-CHG.png 453w\" alt=\"HCH-APX1-CHG\" width=\"147\" height=\"100\" \/><\/a><\/p>\n<p style=\"text-align: center;\" data-fontsize=\"20\" data-lineheight=\"30\">HCH-APX1-CHG<\/p>\n<\/div><div class=\"fusion-clearfix\"><\/div><\/div><\/div><\/div><div class=\"fusion-clearfix\"><\/div><\/div><\/div><div class=\"fusion-layout-column fusion_builder_column fusion-builder-column-3 fusion_builder_column_1_2 1_2 fusion-one-half fusion-column-last\" style=\"--awb-bg-size:cover;width:50%;width:calc(50% - ( ( 4% ) * 0.5 ) );\"><div class=\"fusion-column-wrapper fusion-flex-column-wrapper-legacy\"><div class=\"fusion-text fusion-text-8\"><h2>Especificaciones del Producto<\/h2>\n<hr \/>\n<p><strong>Dimensiones<\/strong>: 24,6 x 19,7 x 11,7 pulgadas<\/p>\n<p><strong>Fabricante<\/strong>: MOTOROLA<\/p>\n<p><strong>Modelos:<\/strong>\u00a0APX6000 \/ APX7000 \/ XTS1500 \/ XTS2500 \/ XTS3000 \/ XTS5000 \/ HT1000 \/ MTS2000<\/p>\n<p><b>Peso<\/b>: 23600 g<\/p>\n<p><strong>Garant\u00eda<\/strong>: 24 meses<\/p>\n<\/div><div class=\"fusion-clearfix\"><\/div><\/div><\/div><\/div><\/div><\/p>\n","protected":false},"excerpt":{"rendered":"","protected":false},"author":1,"featured_media":0,"parent":6408,"menu_order":0,"comment_status":"closed","ping_status":"closed","template":"","meta":{"footnotes":""},"class_list":["post-5150","page","type-page","status-publish","hentry"],"_links":{"self":[{"href":"https:\/\/gtspower.com\/es\/wp-json\/wp\/v2\/pages\/5150","targetHints":{"allow":["GET"]}}],"collection":[{"href":"https:\/\/gtspower.com\/es\/wp-json\/wp\/v2\/pages"}],"about":[{"href":"https:\/\/gtspower.com\/es\/wp-json\/wp\/v2\/types\/page"}],"author":[{"embeddable":true,"href":"https:\/\/gtspower.com\/es\/wp-json\/wp\/v2\/users\/1"}],"replies":[{"embeddable":true,"href":"https:\/\/gtspower.com\/es\/wp-json\/wp\/v2\/comments?post=5150"}],"version-history":[{"count":10,"href":"https:\/\/gtspower.com\/es\/wp-json\/wp\/v2\/pages\/5150\/revisions"}],"predecessor-version":[{"id":121956,"href":"https:\/\/gtspower.com\/es\/wp-json\/wp\/v2\/pages\/5150\/revisions\/121956"}],"up":[{"embeddable":true,"href":"https:\/\/gtspower.com\/es\/wp-json\/wp\/v2\/pages\/6408"}],"wp:attachment":[{"href":"https:\/\/gtspower.com\/es\/wp-json\/wp\/v2\/media?parent=5150"}],"curies":[{"name":"wp","href":"https:\/\/api.w.org\/{rel}","templated":true}]}}