{"id":5118,"date":"2017-12-05T17:41:22","date_gmt":"2017-12-05T17:41:22","guid":{"rendered":"http:\/\/gtspower.online\/?page_id=5118"},"modified":"2018-01-25T00:48:03","modified_gmt":"2018-01-25T00:48:03","slug":"hnpa9is-li","status":"publish","type":"page","link":"https:\/\/gtspower.com\/es\/productos\/radios-bidireccionales\/baterias\/hnpa9is-li\/","title":{"rendered":"HNPA9IS-LI"},"content":{"rendered":"<p><div class=\"fusion-fullwidth fullwidth-box fusion-builder-row-1 nonhundred-percent-fullwidth non-hundred-percent-height-scrolling\" style=\"--awb-border-radius-top-left:0px;--awb-border-radius-top-right:0px;--awb-border-radius-bottom-right:0px;--awb-border-radius-bottom-left:0px;--awb-padding-top:10px;--awb-padding-right:10px;--awb-padding-bottom:20px;--awb-padding-left:50px;--awb-flex-wrap:wrap;\" ><div class=\"fusion-builder-row fusion-row\"><div class=\"fusion-layout-column fusion_builder_column fusion-builder-column-0 fusion_builder_column_1_2 1_2 fusion-one-half fusion-column-first\" style=\"--awb-bg-size:cover;width:50%;width:calc(50% - ( ( 4% ) * 0.5 ) );margin-right: 4%;\"><div class=\"fusion-column-wrapper fusion-flex-column-wrapper-legacy\"><div class=\"fusion-text fusion-text-1\"><p><img decoding=\"async\" class=\"aligncenter size-full wp-image-1525\" src=\"https:\/\/www.gtspower.com\/wp-content\/uploads\/products\/HNPA9IS-Li.jpg\" alt=\"HNPA9IS-Li\" width=\"401\" height=\"306\" srcset=\"https:\/\/gtspower.com\/wp-content\/uploads\/products\/HNPA9IS-Li-200x153.jpg 200w, https:\/\/gtspower.com\/wp-content\/uploads\/products\/HNPA9IS-Li-300x229.jpg 300w, https:\/\/gtspower.com\/wp-content\/uploads\/products\/HNPA9IS-Li-400x305.jpg 400w, https:\/\/gtspower.com\/wp-content\/uploads\/products\/HNPA9IS-Li.jpg 401w\" sizes=\"(max-width: 401px) 100vw, 401px\" \/><\/p>\n<\/div><div class=\"fusion-text fusion-text-2\"><p><div class=\"fusion-sep-clear\"><\/div><div class=\"fusion-separator fusion-full-width-sep\" style=\"margin-left: auto;margin-right: auto;margin-top:10px;margin-bottom:0px;width:100%;\"><\/div><div class=\"fusion-sep-clear\"><\/div><div class=\"fusion-aligncenter\"><a class=\"fusion-button button-flat fusion-button-default-size button-default fusion-button-default button-1 fusion-button-default-span fusion-button-default-type\" target=\"_self\" href=\"mailto:sales@gtspower.com?subject=I%27d%20like%20more%20information%20on%20HNPA9IS-Li\"><span class=\"fusion-button-text awb-button__text awb-button__text--default\">ENV\u00cdENOS UN CORREO PARA M\u00c1S INFORMACI\u00d3N<\/span><\/a><\/div><div class=\"fusion-sep-clear\"><\/div><div class=\"fusion-separator fusion-full-width-sep\" style=\"margin-left: auto;margin-right: auto;margin-top:10px;margin-bottom:0px;width:100%;\"><\/div><div class=\"fusion-sep-clear\"><\/div><\/p>\n<h3 style=\"text-align: center;\">Ll\u00e1manos para consultar el precio: 800-267-2711<\/h3>\n<\/div><div class=\"fusion-clearfix\"><\/div><\/div><\/div><div class=\"fusion-layout-column fusion_builder_column fusion-builder-column-1 fusion_builder_column_1_2 1_2 fusion-one-half fusion-column-last\" style=\"--awb-bg-size:cover;width:50%;width:calc(50% - ( ( 4% ) * 0.5 ) );\"><div class=\"fusion-column-wrapper fusion-flex-column-wrapper-legacy\"><div class=\"fusion-text fusion-text-3\"><h1><span class=\"productSKU\">HNPA9IS-LI<\/span><\/h1>\n<h3>Bater\u00eda para radios m\u00f3viles terrestres Harris\u00ae 5300 \/ P5400 \/ P7300 y XG75<\/h3>\n<p>La bater\u00eda HNPA9IS-LI es una mejora para la bater\u00eda BT-023406-006, utilizada en los radios m\u00f3viles terrestres Harris\u00ae P5300 \/ P5400 \/ P7300 y XG-75.<\/p>\n<h3>Caracter\u00edsticas del Producto:<\/h3>\n<ul>\n<li>Pesta\u00f1as de color basadas en c\u00f3digos de fecha para una eficiente gesti\u00f3n de bater\u00edas.<\/li>\n<li>Compatible con el adaptador de carga Harris\u00ae.<\/li>\n<li>2 (dos) a\u00f1os de garant\u00eda contra materiales y mano de obra.<\/li>\n<li>Mayor vida \u00fatil y mejoras en el tiempo de funcionamiento entre cargas.<\/li>\n<li>El dise\u00f1o incluye una mayor \u00e1rea de anclaje y un radio de sujeci\u00f3n de pl\u00e1stico m\u00e1s ancho.<\/li>\n<li>Bater\u00eda intr\u00ednsecamente segura para radios m\u00f3viles terrestres Harris\u00ae P5300 \/ P5400 \/ P7300 y XG-75<\/li>\n<\/ul>\n<p><a href=\"https:\/\/www.gtspower.com\/wp-content\/uploads\/pdf\/HNPA9IS-Li-Spec-Sheet-Sept-2016.pdf\">Ficha T\u00e9cnica<\/a><\/p>\n<\/div><div class=\"fusion-clearfix\"><\/div><\/div><\/div><\/div><\/div><div class=\"fusion-fullwidth fullwidth-box fusion-builder-row-2 nonhundred-percent-fullwidth non-hundred-percent-height-scrolling\" style=\"--awb-border-radius-top-left:0px;--awb-border-radius-top-right:0px;--awb-border-radius-bottom-right:0px;--awb-border-radius-bottom-left:0px;--awb-padding-top:0px;--awb-padding-right:10px;--awb-padding-bottom:20px;--awb-padding-left:50px;--awb-flex-wrap:wrap;\" ><div class=\"fusion-builder-row fusion-row\"><div class=\"fusion-layout-column fusion_builder_column fusion-builder-column-2 fusion_builder_column_1_2 1_2 fusion-one-half fusion-column-first\" style=\"--awb-bg-size:cover;width:50%;width:calc(50% - ( ( 4% ) * 0.5 ) );margin-right: 4%;\"><div class=\"fusion-column-wrapper fusion-flex-column-wrapper-legacy\"><div class=\"fusion-clearfix\"><\/div><\/div><\/div><div class=\"fusion-layout-column fusion_builder_column fusion-builder-column-3 fusion_builder_column_1_2 1_2 fusion-one-half fusion-column-last\" style=\"--awb-bg-size:cover;width:50%;width:calc(50% - ( ( 4% ) * 0.5 ) );\"><div class=\"fusion-column-wrapper fusion-flex-column-wrapper-legacy\"><div class=\"fusion-text fusion-text-4\"><h2>Especificaciones del Producto<\/h2>\n<hr \/>\n<p><strong>Capacidad:<\/strong>\u00a02500<\/p>\n<p><b>Qu\u00edmica<\/b>: Ion de Litio<\/p>\n<p><strong>Voltaje<\/strong>: 7,4<\/p>\n<p><strong>Dimensiones<\/strong>: 114,5 x 61,9 x 26,2<\/p>\n<p><strong>Fabricante<\/strong>: HARRIS<\/p>\n<p><strong>Modelos<\/strong>:\u00a0P5300 \/ P5400 \/ P7300 \/ XG75<\/p>\n<p><strong>N\u00famero de parte:<\/strong> BT\u2011023406\u2011006<\/p>\n<p><b>Peso<\/b>: 160 g<\/p>\n<p><strong>Garant\u00eda<\/strong>: 24 meses<\/p>\n<\/div><div class=\"fusion-clearfix\"><\/div><\/div><\/div><\/div><\/div><\/p>\n","protected":false},"excerpt":{"rendered":"","protected":false},"author":1,"featured_media":0,"parent":6409,"menu_order":0,"comment_status":"closed","ping_status":"closed","template":"","meta":{"footnotes":""},"class_list":["post-5118","page","type-page","status-publish","hentry"],"_links":{"self":[{"href":"https:\/\/gtspower.com\/es\/wp-json\/wp\/v2\/pages\/5118","targetHints":{"allow":["GET"]}}],"collection":[{"href":"https:\/\/gtspower.com\/es\/wp-json\/wp\/v2\/pages"}],"about":[{"href":"https:\/\/gtspower.com\/es\/wp-json\/wp\/v2\/types\/page"}],"author":[{"embeddable":true,"href":"https:\/\/gtspower.com\/es\/wp-json\/wp\/v2\/users\/1"}],"replies":[{"embeddable":true,"href":"https:\/\/gtspower.com\/es\/wp-json\/wp\/v2\/comments?post=5118"}],"version-history":[{"count":6,"href":"https:\/\/gtspower.com\/es\/wp-json\/wp\/v2\/pages\/5118\/revisions"}],"predecessor-version":[{"id":7112,"href":"https:\/\/gtspower.com\/es\/wp-json\/wp\/v2\/pages\/5118\/revisions\/7112"}],"up":[{"embeddable":true,"href":"https:\/\/gtspower.com\/es\/wp-json\/wp\/v2\/pages\/6409"}],"wp:attachment":[{"href":"https:\/\/gtspower.com\/es\/wp-json\/wp\/v2\/media?parent=5118"}],"curies":[{"name":"wp","href":"https:\/\/api.w.org\/{rel}","templated":true}]}}