{"id":5081,"date":"2017-12-05T02:38:52","date_gmt":"2017-12-05T02:38:52","guid":{"rendered":"http:\/\/gtspower.online\/?page_id=5081"},"modified":"2018-01-24T23:24:42","modified_gmt":"2018-01-24T23:24:42","slug":"h8610-lip41","status":"publish","type":"page","link":"https:\/\/gtspower.com\/es\/productos\/radios-bidireccionales\/baterias\/h8610-lip41\/","title":{"rendered":"H8610-LIP(41)"},"content":{"rendered":"<p><div class=\"fusion-fullwidth fullwidth-box fusion-builder-row-1 nonhundred-percent-fullwidth non-hundred-percent-height-scrolling\" style=\"--awb-border-radius-top-left:0px;--awb-border-radius-top-right:0px;--awb-border-radius-bottom-right:0px;--awb-border-radius-bottom-left:0px;--awb-padding-top:10px;--awb-padding-right:10px;--awb-padding-bottom:20px;--awb-padding-left:50px;--awb-flex-wrap:wrap;\" ><div class=\"fusion-builder-row fusion-row\"><div class=\"fusion-layout-column fusion_builder_column fusion-builder-column-0 fusion_builder_column_1_2 1_2 fusion-one-half fusion-column-first\" style=\"--awb-bg-size:cover;width:50%;width:calc(50% - ( ( 4% ) * 0.5 ) );margin-right: 4%;\"><div class=\"fusion-column-wrapper fusion-flex-column-wrapper-legacy\"><div class=\"fusion-text fusion-text-1\"><p><img decoding=\"async\" class=\"aligncenter size-full wp-image-1490\" src=\"https:\/\/www.gtspower.com\/wp-content\/uploads\/products\/H8610-LiP41.png\" alt=\"\" width=\"453\" height=\"309\" srcset=\"https:\/\/gtspower.com\/wp-content\/uploads\/products\/H8610-LiP41-200x136.png 200w, https:\/\/gtspower.com\/wp-content\/uploads\/products\/H8610-LiP41-300x205.png 300w, https:\/\/gtspower.com\/wp-content\/uploads\/products\/H8610-LiP41-400x273.png 400w, https:\/\/gtspower.com\/wp-content\/uploads\/products\/H8610-LiP41.png 453w\" sizes=\"(max-width: 453px) 100vw, 453px\" \/><\/p>\n<\/div><div class=\"fusion-text fusion-text-2\"><p><div class=\"fusion-sep-clear\"><\/div><div class=\"fusion-separator fusion-full-width-sep\" style=\"margin-left: auto;margin-right: auto;margin-top:10px;margin-bottom:0px;width:100%;\"><\/div><div class=\"fusion-sep-clear\"><\/div><div class=\"fusion-button-wrapper fusion-aligncenter\"><a class=\"fusion-button button-flat fusion-button-default-size button-default fusion-button-default button-1 fusion-button-default-span fusion-button-default-type\" target=\"_self\" href=\"mailto:sales@gtspower.com?subject=I%27d%20like%20more%20information%20on%20H8610-LIP(41)\"><span class=\"fusion-button-text awb-button__text awb-button__text--default\">ENV\u00cdENOS UN CORREO PARA M\u00c1S INFORMACI\u00d3N<\/span><\/a><\/div><div class=\"fusion-sep-clear\"><\/div><div class=\"fusion-separator fusion-full-width-sep\" style=\"margin-left: auto;margin-right: auto;margin-top:10px;margin-bottom:0px;width:100%;\"><\/div><div class=\"fusion-sep-clear\"><\/div><\/p>\n<h3 style=\"text-align: center;\">Ll\u00e1manos para consultar el precio: 800-267-2711<\/h3>\n<\/div><div class=\"fusion-clearfix\"><\/div><\/div><\/div><div class=\"fusion-layout-column fusion_builder_column fusion-builder-column-1 fusion_builder_column_1_2 1_2 fusion-one-half fusion-column-last\" style=\"--awb-bg-size:cover;width:50%;width:calc(50% - ( ( 4% ) * 0.5 ) );\"><div class=\"fusion-column-wrapper fusion-flex-column-wrapper-legacy\"><div class=\"fusion-text fusion-text-3\"><h1><span class=\"productSKU\">H8610-LIP(41)<\/span><\/h1>\n<h3>Bater\u00eda para Motorola XTS3000 \/ XTS5000<\/h3>\n<p>La H8610-LiP(41) es un paquete de bater\u00edas recargables de repuesto de Pol\u00edmero de Litio de alta capacidad para los paquetes de bater\u00edas NTN8610BR y NTN9862A, utilizadas en los radios port\u00e1tiles Motorola XTS3000 y XTS5000.<\/p>\n<p>Revisa y compara las ventajas de la bater\u00eda GTS\u00a0<span class=\"productSKU\">H8610-LIP(41) a trav\u00e9s de\u00a0<\/span>nuestro <a href=\"https:\/\/www.gtspower.com\/wp-content\/uploads\/pdf\/XTS-30005000-Product-Finder-Handout-15-07-15.pdf\">buscador de productos<\/a>.<\/p>\n<h3>Caracter\u00edsticas del Producto<\/h3>\n<ul>\n<li>100% Compatible <strong>\u2013<\/strong>\u00a0No invalida la garant\u00eda de otros fabricantes<\/li>\n<li>30% de mayor capacidad que las opciones originales<\/li>\n<li>Duplica el tiempo de funcionamiento de las qu\u00edmicas est\u00e1ndar<\/li>\n<li>Mayor resistencia a temperaturas<\/li>\n<li>Certificado bajo las normas UL 2054 \/ UL 60950 \/ UL1652<\/li>\n<li>Est\u00e1ndares UNDOT ST\/SG\/AC.10\/27\/Add\/2 y US DOT Hasmat<\/li>\n<\/ul>\n<\/div><div class=\"fusion-clearfix\"><\/div><\/div><\/div><\/div><\/div><div class=\"fusion-fullwidth fullwidth-box fusion-builder-row-2 nonhundred-percent-fullwidth non-hundred-percent-height-scrolling\" style=\"--awb-border-radius-top-left:0px;--awb-border-radius-top-right:0px;--awb-border-radius-bottom-right:0px;--awb-border-radius-bottom-left:0px;--awb-padding-top:0px;--awb-padding-right:10px;--awb-padding-bottom:20px;--awb-padding-left:50px;--awb-flex-wrap:wrap;\" ><div class=\"fusion-builder-row fusion-row\"><div class=\"fusion-layout-column fusion_builder_column fusion-builder-column-2 fusion_builder_column_1_2 1_2 fusion-one-half fusion-column-first\" style=\"--awb-bg-size:cover;width:50%;width:calc(50% - ( ( 4% ) * 0.5 ) );margin-right: 4%;\"><div class=\"fusion-column-wrapper fusion-flex-column-wrapper-legacy\"><div class=\"fusion-text fusion-text-4\"><h2>Productos Relacionados<\/h2>\n<hr \/>\n<\/div><div class=\"fusion-builder-row fusion-builder-row-inner fusion-row\"><div class=\"fusion-layout-column fusion_builder_column_inner fusion-builder-nested-column-0 fusion_builder_column_inner_1_3 1_3 fusion-one-third fusion-column-first\" style=\"--awb-padding-right:5px;--awb-padding-left:5px;--awb-bg-size:cover;width:33.333333333333%;width:calc(33.333333333333% - ( ( 4% + 4% ) * 0.33333333333333 ) );margin-right: 4%;\"><div class=\"fusion-column-wrapper fusion-flex-column-wrapper-legacy\"><div class=\"fusion-text fusion-text-5\"><p><a href=\"https:\/\/gtspower.com\/es\/productos\/radios-bidireccionales\/cargadores\/patriot-1\/\"><img decoding=\"async\" class=\"aligncenter wp-image-1526\" src=\"https:\/\/www.gtspower.com\/wp-content\/uploads\/products\/Patriot-1.gif\" alt=\"Patriot 1\" width=\"147\" height=\"100\" \/><\/a><\/p>\n<p style=\"text-align: center;\" data-fontsize=\"20\" data-lineheight=\"30\">PATRIOT 1<\/p>\n<\/div><div class=\"fusion-clearfix\"><\/div><\/div><\/div><div class=\"fusion-layout-column fusion_builder_column_inner fusion-builder-nested-column-1 fusion_builder_column_inner_1_3 1_3 fusion-one-third\" style=\"--awb-padding-right:5px;--awb-padding-left:5px;--awb-bg-size:cover;width:33.333333333333%;width:calc(33.333333333333% - ( ( 4% + 4% ) * 0.33333333333333 ) );margin-right: 4%;\"><div class=\"fusion-column-wrapper fusion-flex-column-wrapper-legacy\"><div class=\"fusion-text fusion-text-6\"><p style=\"text-align: center;\" data-fontsize=\"20\" data-lineheight=\"30\"><a href=\"https:\/\/gtspower.com\/es\/productos\/radios-bidireccionales\/cargadores\/patriotdc\/\"><img decoding=\"async\" class=\"aligncenter wp-image-1528\" src=\"https:\/\/www.gtspower.com\/wp-content\/uploads\/products\/Patriot-DC.gif\" alt=\"Patriot DC\" width=\"147\" height=\"100\" \/><\/a><\/p>\n<p style=\"text-align: center;\" data-fontsize=\"20\" data-lineheight=\"30\">PATRIOTDC<\/p>\n<\/div><div class=\"fusion-clearfix\"><\/div><\/div><\/div><div class=\"fusion-layout-column fusion_builder_column_inner fusion-builder-nested-column-2 fusion_builder_column_inner_1_3 1_3 fusion-one-third fusion-column-last\" style=\"--awb-padding-right:5px;--awb-padding-left:5px;--awb-bg-size:cover;width:33.333333333333%;width:calc(33.333333333333% - ( ( 4% + 4% ) * 0.33333333333333 ) );\"><div class=\"fusion-column-wrapper fusion-flex-column-wrapper-legacy\"><div class=\"fusion-text fusion-text-7\"><p><a href=\"https:\/\/gtspower.com\/es\/productos\/radios-bidireccionales\/cargadores\/hch-apx1-chg\/\"><img decoding=\"async\" class=\"aligncenter wp-image-1504\" src=\"https:\/\/www.gtspower.com\/wp-content\/uploads\/products\/HCH-APX1-CHG.png\" sizes=\"(max-width: 147px) 100vw, 147px\" srcset=\"https:\/\/www.gtspower.com\/wp-content\/uploads\/products\/HCH-APX1-CHG-200x136.png 200w, https:\/\/www.gtspower.com\/wp-content\/uploads\/products\/HCH-APX1-CHG-300x205.png 300w, https:\/\/www.gtspower.com\/wp-content\/uploads\/products\/HCH-APX1-CHG-400x273.png 400w, https:\/\/www.gtspower.com\/wp-content\/uploads\/products\/HCH-APX1-CHG.png 453w\" alt=\"\" width=\"147\" height=\"100\" \/><\/a><\/p>\n<p style=\"text-align: center;\" data-fontsize=\"20\" data-lineheight=\"30\">HCH-APX1-CHG<\/p>\n<\/div><div class=\"fusion-clearfix\"><\/div><\/div><\/div><\/div><div class=\"fusion-clearfix\"><\/div><\/div><\/div><div class=\"fusion-layout-column fusion_builder_column fusion-builder-column-3 fusion_builder_column_1_2 1_2 fusion-one-half fusion-column-last\" style=\"--awb-bg-size:cover;width:50%;width:calc(50% - ( ( 4% ) * 0.5 ) );\"><div class=\"fusion-column-wrapper fusion-flex-column-wrapper-legacy\"><div class=\"fusion-text fusion-text-8\"><h2>Especificaciones del Producto<\/h2>\n<hr \/>\n<p><strong>Capacidad<\/strong>: 4100<\/p>\n<p><strong>Qu\u00edmica:<\/strong>\u00a0Pol\u00edmero de Ion de Litio (LiP)<\/p>\n<p><strong>Voltaje<\/strong>: 7,4<\/p>\n<p><strong>Dimensiones<\/strong>: 58,7 x 23,8 x 157,1<\/p>\n<p><strong>Fabricante<\/strong>: MOTOROLA<\/p>\n<p><strong>Modelos:<\/strong>\u00a0XTS3000 \/ XTS5000<\/p>\n<p><strong>N\u00famero de parte:\u00a0<\/strong>NTN8610BR \/ NTN9862A<\/p>\n<p><b>Peso<\/b>: 220 g<\/p>\n<p><b>Garant\u00eda<\/b>: 24 meses<\/p>\n<\/div><div class=\"fusion-clearfix\"><\/div><\/div><\/div><\/div><\/div><\/p>\n","protected":false},"excerpt":{"rendered":"","protected":false},"author":1,"featured_media":0,"parent":6409,"menu_order":0,"comment_status":"closed","ping_status":"closed","template":"","meta":{"footnotes":""},"class_list":["post-5081","page","type-page","status-publish","hentry"],"_links":{"self":[{"href":"https:\/\/gtspower.com\/es\/wp-json\/wp\/v2\/pages\/5081","targetHints":{"allow":["GET"]}}],"collection":[{"href":"https:\/\/gtspower.com\/es\/wp-json\/wp\/v2\/pages"}],"about":[{"href":"https:\/\/gtspower.com\/es\/wp-json\/wp\/v2\/types\/page"}],"author":[{"embeddable":true,"href":"https:\/\/gtspower.com\/es\/wp-json\/wp\/v2\/users\/1"}],"replies":[{"embeddable":true,"href":"https:\/\/gtspower.com\/es\/wp-json\/wp\/v2\/comments?post=5081"}],"version-history":[{"count":6,"href":"https:\/\/gtspower.com\/es\/wp-json\/wp\/v2\/pages\/5081\/revisions"}],"predecessor-version":[{"id":7000,"href":"https:\/\/gtspower.com\/es\/wp-json\/wp\/v2\/pages\/5081\/revisions\/7000"}],"up":[{"embeddable":true,"href":"https:\/\/gtspower.com\/es\/wp-json\/wp\/v2\/pages\/6409"}],"wp:attachment":[{"href":"https:\/\/gtspower.com\/es\/wp-json\/wp\/v2\/media?parent=5081"}],"curies":[{"name":"wp","href":"https:\/\/api.w.org\/{rel}","templated":true}]}}