{"id":5079,"date":"2017-12-05T02:29:05","date_gmt":"2017-12-05T02:29:05","guid":{"rendered":"http:\/\/gtspower.online\/?page_id=5079"},"modified":"2018-01-24T23:25:45","modified_gmt":"2018-01-24T23:25:45","slug":"h8610is-li","status":"publish","type":"page","link":"https:\/\/gtspower.com\/es\/productos\/radios-bidireccionales\/baterias\/h8610is-li\/","title":{"rendered":"H8610IS-LI"},"content":{"rendered":"<p><div class=\"fusion-fullwidth fullwidth-box fusion-builder-row-1 nonhundred-percent-fullwidth non-hundred-percent-height-scrolling\" style=\"--awb-border-radius-top-left:0px;--awb-border-radius-top-right:0px;--awb-border-radius-bottom-right:0px;--awb-border-radius-bottom-left:0px;--awb-padding-top:10px;--awb-padding-right:10px;--awb-padding-bottom:20px;--awb-padding-left:50px;--awb-flex-wrap:wrap;\" ><div class=\"fusion-builder-row fusion-row\"><div class=\"fusion-layout-column fusion_builder_column fusion-builder-column-0 fusion_builder_column_1_2 1_2 fusion-one-half fusion-column-first\" style=\"--awb-bg-size:cover;width:50%;width:calc(50% - ( ( 4% ) * 0.5 ) );margin-right: 4%;\"><div class=\"fusion-column-wrapper fusion-flex-column-wrapper-legacy\"><div class=\"fusion-text fusion-text-1\"><p><img decoding=\"async\" class=\"aligncenter wp-image-1491 size-full\" src=\"https:\/\/www.gtspower.com\/wp-content\/uploads\/products\/H8610IS-LI.png\" alt=\"H8610IS-LI\" width=\"453\" height=\"309\" srcset=\"https:\/\/gtspower.com\/wp-content\/uploads\/products\/H8610IS-LI-200x136.png 200w, https:\/\/gtspower.com\/wp-content\/uploads\/products\/H8610IS-LI-300x205.png 300w, https:\/\/gtspower.com\/wp-content\/uploads\/products\/H8610IS-LI-400x273.png 400w, https:\/\/gtspower.com\/wp-content\/uploads\/products\/H8610IS-LI.png 453w\" sizes=\"(max-width: 453px) 100vw, 453px\" \/><\/p>\n<\/div><div class=\"fusion-text fusion-text-2\"><p><div class=\"fusion-sep-clear\"><\/div><div class=\"fusion-separator fusion-full-width-sep\" style=\"margin-left: auto;margin-right: auto;margin-top:10px;margin-bottom:0px;width:100%;\"><\/div><div class=\"fusion-sep-clear\"><\/div><div class=\"fusion-button-wrapper fusion-aligncenter\"><a class=\"fusion-button button-flat fusion-button-default-size button-default fusion-button-default button-1 fusion-button-default-span fusion-button-default-type\" target=\"_self\" href=\"mailto:sales@gtspower.com?subject=I%27d%20like%20more%20information%20on%20H8610IS-LI\"><span class=\"fusion-button-text awb-button__text awb-button__text--default\">ENV\u00cdENOS UN CORREO PARA M\u00c1S INFORMACI\u00d3N<\/span><\/a><\/div><div class=\"fusion-sep-clear\"><\/div><div class=\"fusion-separator fusion-full-width-sep\" style=\"margin-left: auto;margin-right: auto;margin-top:10px;margin-bottom:0px;width:100%;\"><\/div><div class=\"fusion-sep-clear\"><\/div><\/p>\n<h3 style=\"text-align: center;\">Ll\u00e1manos para consultar el precio: 800-267-2711<\/h3>\n<\/div><div class=\"fusion-clearfix\"><\/div><\/div><\/div><div class=\"fusion-layout-column fusion_builder_column fusion-builder-column-1 fusion_builder_column_1_2 1_2 fusion-one-half fusion-column-last\" style=\"--awb-bg-size:cover;width:50%;width:calc(50% - ( ( 4% ) * 0.5 ) );\"><div class=\"fusion-column-wrapper fusion-flex-column-wrapper-legacy\"><div class=\"fusion-text fusion-text-3\"><h1>H8610IS-LI<\/h1>\n<h3>Bater\u00eda Intr\u00ednsecamente segura para radios Series XTS3000 \/ 5000<\/h3>\n<p>La H8610IS-LI es un paquete de bater\u00edas recargables de repuesto de Ion de Litio para los paquetes de bater\u00edas BTRY\u2011NNTN4437 y\u00a0 NNTN4436, utilizadas en los radios port\u00e1tiles Motorola XTS3000 y XTS5000.<\/p>\n<p>Esta bater\u00eda ha sido evaluada y aprobada como intr\u00ednsecamente segura.<\/p>\n<h3>Caracter\u00edsticas del Producto<\/h3>\n<ul>\n<li>Bater\u00eda certificada por\u00a0un laboratorio\u00a0independiente de\u00a0pruebas reconocido a nivel nacional (NRTL)<\/li>\n<li>Contiene celdas de bater\u00eda de m\u00e1xima calidad<\/li>\n<li>Excelentes caracter\u00edsticas de descarga<\/li>\n<li>Aumenta el tiempo de funcionamiento del dispositivo y reduce el total de bater\u00edas necesarias<\/li>\n<li>Ha sido sometida a pruebas rigurosas de temperatura, vibraci\u00f3n, descarga, ca\u00edda, cortocircuito y sobrecarga<\/li>\n<\/ul>\n<\/div><div class=\"fusion-clearfix\"><\/div><\/div><\/div><\/div><\/div><div class=\"fusion-fullwidth fullwidth-box fusion-builder-row-2 nonhundred-percent-fullwidth non-hundred-percent-height-scrolling\" style=\"--awb-border-radius-top-left:0px;--awb-border-radius-top-right:0px;--awb-border-radius-bottom-right:0px;--awb-border-radius-bottom-left:0px;--awb-padding-top:0px;--awb-padding-right:10px;--awb-padding-bottom:20px;--awb-padding-left:50px;--awb-flex-wrap:wrap;\" ><div class=\"fusion-builder-row fusion-row\"><div class=\"fusion-layout-column fusion_builder_column fusion-builder-column-2 fusion_builder_column_1_2 1_2 fusion-one-half fusion-column-first\" style=\"--awb-bg-size:cover;width:50%;width:calc(50% - ( ( 4% ) * 0.5 ) );margin-right: 4%;\"><div class=\"fusion-column-wrapper fusion-flex-column-wrapper-legacy\"><div class=\"fusion-text fusion-text-4\"><h2>Productos Relacionados<\/h2>\n<hr \/>\n<table width=\"100%\">\n<tbody>\n<tr>\n<td align=\"center\"><a href=\"https:\/\/gtspower.com\/es\/productos\/radios-bidireccionales\/cargadores\/patriot-1\/\"><img decoding=\"async\" class=\"aligncenter wp-image-1526\" src=\"https:\/\/www.gtspower.com\/wp-content\/uploads\/products\/Patriot-1.gif\" alt=\"Patriot 1\" width=\"147\" height=\"100\" \/><\/a><\/p>\n<p>PATRIOT 1<\/td>\n<td align=\"center\"><a href=\"https:\/\/gtspower.com\/es\/productos\/radios-bidireccionales\/cargadores\/hch-apx6-chg\/\"><img decoding=\"async\" class=\"aligncenter wp-image-1506\" src=\"https:\/\/www.gtspower.com\/wp-content\/uploads\/products\/HCH-APX6-CHG.png\" alt=\"\" width=\"148\" height=\"100\" srcset=\"https:\/\/gtspower.com\/wp-content\/uploads\/products\/HCH-APX6-CHG-200x135.png 200w, https:\/\/gtspower.com\/wp-content\/uploads\/products\/HCH-APX6-CHG-300x203.png 300w, https:\/\/gtspower.com\/wp-content\/uploads\/products\/HCH-APX6-CHG-400x270.png 400w, https:\/\/gtspower.com\/wp-content\/uploads\/products\/HCH-APX6-CHG.png 453w\" sizes=\"(max-width: 148px) 100vw, 148px\" \/><\/a><\/p>\n<p>HCH-APX6-CHG<\/td>\n<td align=\"center\"><\/td>\n<\/tr>\n<\/tbody>\n<\/table>\n<\/div><div class=\"fusion-clearfix\"><\/div><\/div><\/div><div class=\"fusion-layout-column fusion_builder_column fusion-builder-column-3 fusion_builder_column_1_2 1_2 fusion-one-half fusion-column-last\" style=\"--awb-bg-size:cover;width:50%;width:calc(50% - ( ( 4% ) * 0.5 ) );\"><div class=\"fusion-column-wrapper fusion-flex-column-wrapper-legacy\"><div class=\"fusion-text fusion-text-5\"><h2>Especificaciones del Producto<\/h2>\n<hr \/>\n<p><strong>Capacidad:<\/strong>\u00a04500<\/p>\n<p><b>Qu\u00edmica<\/b>: Ion de Litio<\/p>\n<p><strong>Voltaje<\/strong>: 7,4V<\/p>\n<p><strong>Dimensiones<\/strong>: 157,1 x 23,8 x 58,7<\/p>\n<p><strong>Fabricante<\/strong>: MOTOROLA<\/p>\n<p><strong>Modelos:<\/strong>\u00a0XTS3000 \/ XTS5000<\/p>\n<p><strong>N\u00famero de parte:\u00a0<\/strong>BTRY\u2011NNTN4437 \/ NNTN4436<\/p>\n<p><b>Peso<\/b>: 220 g cada una<\/p>\n<p><strong>Garant\u00eda<\/strong>: 12 meses<\/p>\n<\/div><div class=\"fusion-clearfix\"><\/div><\/div><\/div><\/div><\/div><\/p>\n","protected":false},"excerpt":{"rendered":"","protected":false},"author":1,"featured_media":0,"parent":6409,"menu_order":0,"comment_status":"closed","ping_status":"closed","template":"","meta":{"footnotes":""},"class_list":["post-5079","page","type-page","status-publish","hentry"],"_links":{"self":[{"href":"https:\/\/gtspower.com\/es\/wp-json\/wp\/v2\/pages\/5079","targetHints":{"allow":["GET"]}}],"collection":[{"href":"https:\/\/gtspower.com\/es\/wp-json\/wp\/v2\/pages"}],"about":[{"href":"https:\/\/gtspower.com\/es\/wp-json\/wp\/v2\/types\/page"}],"author":[{"embeddable":true,"href":"https:\/\/gtspower.com\/es\/wp-json\/wp\/v2\/users\/1"}],"replies":[{"embeddable":true,"href":"https:\/\/gtspower.com\/es\/wp-json\/wp\/v2\/comments?post=5079"}],"version-history":[{"count":6,"href":"https:\/\/gtspower.com\/es\/wp-json\/wp\/v2\/pages\/5079\/revisions"}],"predecessor-version":[{"id":7001,"href":"https:\/\/gtspower.com\/es\/wp-json\/wp\/v2\/pages\/5079\/revisions\/7001"}],"up":[{"embeddable":true,"href":"https:\/\/gtspower.com\/es\/wp-json\/wp\/v2\/pages\/6409"}],"wp:attachment":[{"href":"https:\/\/gtspower.com\/es\/wp-json\/wp\/v2\/media?parent=5079"}],"curies":[{"name":"wp","href":"https:\/\/api.w.org\/{rel}","templated":true}]}}