{"id":5057,"date":"2017-12-03T15:23:01","date_gmt":"2017-12-03T15:23:01","guid":{"rendered":"http:\/\/gtspower.online\/?page_id=5057"},"modified":"2018-01-24T23:23:58","modified_gmt":"2018-01-24T23:23:58","slug":"h7038-g-lip","status":"publish","type":"page","link":"https:\/\/gtspower.com\/es\/productos\/radios-bidireccionales\/baterias\/h7038-g-lip\/","title":{"rendered":"H7038-G-LiP"},"content":{"rendered":"<p><div class=\"fusion-fullwidth fullwidth-box fusion-builder-row-1 nonhundred-percent-fullwidth non-hundred-percent-height-scrolling\" style=\"--awb-border-radius-top-left:0px;--awb-border-radius-top-right:0px;--awb-border-radius-bottom-right:0px;--awb-border-radius-bottom-left:0px;--awb-padding-top:10px;--awb-padding-right:10px;--awb-padding-bottom:20px;--awb-padding-left:50px;--awb-flex-wrap:wrap;\" ><div class=\"fusion-builder-row fusion-row\"><div class=\"fusion-layout-column fusion_builder_column fusion-builder-column-0 fusion_builder_column_1_2 1_2 fusion-one-half fusion-column-first\" style=\"--awb-bg-size:cover;width:50%;width:calc(50% - ( ( 4% ) * 0.5 ) );margin-right: 4%;\"><div class=\"fusion-column-wrapper fusion-flex-column-wrapper-legacy\"><div class=\"fusion-text fusion-text-1\"><p><img decoding=\"async\" class=\"aligncenter size-full wp-image-1483\" src=\"https:\/\/www.gtspower.com\/wp-content\/uploads\/products\/H7038-G-LiP.jpg\" alt=\"H7038-G-LiP\" width=\"406\" height=\"350\" srcset=\"https:\/\/gtspower.com\/wp-content\/uploads\/products\/H7038-G-LiP-200x172.jpg 200w, https:\/\/gtspower.com\/wp-content\/uploads\/products\/H7038-G-LiP-300x259.jpg 300w, https:\/\/gtspower.com\/wp-content\/uploads\/products\/H7038-G-LiP-400x345.jpg 400w, https:\/\/gtspower.com\/wp-content\/uploads\/products\/H7038-G-LiP.jpg 406w\" sizes=\"(max-width: 406px) 100vw, 406px\" \/><\/p>\n<\/div><div class=\"fusion-text fusion-text-2\"><p><div class=\"fusion-sep-clear\"><\/div><div class=\"fusion-separator fusion-full-width-sep\" style=\"margin-left: auto;margin-right: auto;margin-top:10px;margin-bottom:0px;width:100%;\"><\/div><div class=\"fusion-sep-clear\"><\/div><div class=\"fusion-button-wrapper fusion-aligncenter\"><a class=\"fusion-button button-flat fusion-button-default-size button-default fusion-button-default button-1 fusion-button-default-span fusion-button-default-type\" target=\"_self\" href=\"mailto:sales@gtspower.com?subject=I%27d%20like%20more%20information%20on%20H7038-G-LiP\"><span class=\"fusion-button-text awb-button__text awb-button__text--default\">ENV\u00cdENOS UN CORREO PARA M\u00c1S INFORMACI\u00d3N<\/span><\/a><\/div><div class=\"fusion-sep-clear\"><\/div><div class=\"fusion-separator fusion-full-width-sep\" style=\"margin-left: auto;margin-right: auto;margin-top:10px;margin-bottom:0px;width:100%;\"><\/div><div class=\"fusion-sep-clear\"><\/div><\/p>\n<h3 style=\"text-align: center;\">Ll\u00e1manos para consultar el precio: 800-267-2711<\/h3>\n<\/div><div class=\"fusion-clearfix\"><\/div><\/div><\/div><div class=\"fusion-layout-column fusion_builder_column fusion-builder-column-1 fusion_builder_column_1_2 1_2 fusion-one-half fusion-column-last\" style=\"--awb-bg-size:cover;width:50%;width:calc(50% - ( ( 4% ) * 0.5 ) );\"><div class=\"fusion-column-wrapper fusion-flex-column-wrapper-legacy\"><div class=\"fusion-text fusion-text-3\"><h1><span class=\"productSKU\">H7038-G-LiP<\/span><\/h1>\n<h3>Bater\u00eda Inteligente para Motorola Series APX 7000 \/ 6000.<\/h3>\n<p>La bater\u00eda H7038-G-LiP reemplaza las bater\u00edas BTRY-NNTN7038 \/ PMNN4403, utilizadas en los radios Motorola\u00ae Series APX 6000\/7000.<\/p>\n<ul>\n<li>Alimentada con tecnolog\u00eda de Pol\u00edmero de Litio NEOCELL\u00ae<\/li>\n<li>100% compatible con otros equipos originales sin invalidar su garant\u00eda<\/li>\n<li>Necesitar\u00e1s comprar menos bater\u00edas a lo largo del tiempo al tener una mayor vida \u00fatil<\/li>\n<li>Aumenta la productividad con un peso un 40% menor que las bater\u00edas alternativas de N\u00edquel- Hidruro Met\u00e1lico (NiMH)<\/li>\n<li>Funciona en condiciones extremas y tiene una m\u00e1s amplia tolerancia a las temperaturas<\/li>\n<li>Ha sido sometida a pruebas rigurosas de temperatura, vibraci\u00f3n, descarga, ca\u00edda, cortocircuito y sobrecarga<\/li>\n<li>La bater\u00eda ofrece: Indicador de energ\u00eda, carga actual, capacidad potencial, capacidad nominal, capacidad inicial, fecha de fabricaci\u00f3n, fecha de primer uso, fecha de \u00faltimo reacondicionamiento, \u00faltima carga, total de ciclos de carga, total de ciclos de reacondicionamiento y d\u00edas faltantes hasta el pr\u00f3ximo reacondicionamiento<\/li>\n<\/ul>\n<p><small>*IMPRES\u2122 es una marca registrada de Motorola Solutions, Inc.<\/small><\/p>\n<p><a href=\"https:\/\/www.gtspower.com\/wp-content\/uploads\/pdf\/H7038-G-LiP-Spec-sheet-12-7-16.pdf\">Ficha T\u00e9cnica<\/a><\/p>\n<\/div><div class=\"fusion-sep-clear\"><\/div><div class=\"fusion-separator fusion-full-width-sep\" style=\"margin-left: auto;margin-right: auto;margin-top:15px;margin-bottom:15px;width:100%;\"><\/div><div class=\"fusion-sep-clear\"><\/div><div class=\"fusion-text fusion-text-4\"><h2>Especificaciones del Producto<\/h2>\n<hr \/>\n<p><strong>Capacidad<\/strong>: 3000<\/p>\n<p><strong>Qu\u00edmica:<\/strong>\u00a0Pol\u00edmero de Ion de Litio (LiP)<\/p>\n<p><strong>Voltaje<\/strong>: 7,4<\/p>\n<p><strong>Dimensiones<\/strong>: 86,1 x 41,7 x 59,4<\/p>\n<p><strong>Fabricante<\/strong>: MOTOROLA<\/p>\n<p><strong>Modelos:\u00a0<\/strong>APX6000 \/ APX7000<\/p>\n<p><strong>N\u00famero de parte:\u00a0<\/strong>BTRY NNTN7038 \/ PMNN4403 \/ NNTN8092<\/p>\n<p><b>Peso<\/b>: 160,6 g<\/p>\n<p><strong>Garant\u00eda<\/strong>: 24 meses<\/p>\n<\/div><div class=\"fusion-clearfix\"><\/div><\/div><\/div><\/div><\/div><div class=\"fusion-fullwidth fullwidth-box fusion-builder-row-2 nonhundred-percent-fullwidth non-hundred-percent-height-scrolling\" style=\"--awb-border-radius-top-left:0px;--awb-border-radius-top-right:0px;--awb-border-radius-bottom-right:0px;--awb-border-radius-bottom-left:0px;--awb-padding-top:0px;--awb-padding-right:10px;--awb-padding-bottom:20px;--awb-padding-left:50px;--awb-flex-wrap:wrap;\" ><div class=\"fusion-builder-row fusion-row\"><div class=\"fusion-layout-column fusion_builder_column fusion-builder-column-2 fusion_builder_column_1_2 1_2 fusion-one-half fusion-column-first\" style=\"--awb-bg-size:cover;width:50%;width:calc(50% - ( ( 4% ) * 0.5 ) );margin-right: 4%;\"><div class=\"fusion-column-wrapper fusion-flex-column-wrapper-legacy\"><div class=\"fusion-clearfix\"><\/div><\/div><\/div><div class=\"fusion-layout-column fusion_builder_column fusion-builder-column-3 fusion_builder_column_1_2 1_2 fusion-one-half fusion-column-last\" style=\"--awb-bg-size:cover;width:50%;width:calc(50% - ( ( 4% ) * 0.5 ) );\"><div class=\"fusion-column-wrapper fusion-flex-column-wrapper-legacy\"><div class=\"fusion-clearfix\"><\/div><\/div><\/div><\/div><\/div><\/p>\n","protected":false},"excerpt":{"rendered":"","protected":false},"author":1,"featured_media":0,"parent":6409,"menu_order":0,"comment_status":"closed","ping_status":"closed","template":"","meta":{"footnotes":""},"class_list":["post-5057","page","type-page","status-publish","hentry"],"_links":{"self":[{"href":"https:\/\/gtspower.com\/es\/wp-json\/wp\/v2\/pages\/5057","targetHints":{"allow":["GET"]}}],"collection":[{"href":"https:\/\/gtspower.com\/es\/wp-json\/wp\/v2\/pages"}],"about":[{"href":"https:\/\/gtspower.com\/es\/wp-json\/wp\/v2\/types\/page"}],"author":[{"embeddable":true,"href":"https:\/\/gtspower.com\/es\/wp-json\/wp\/v2\/users\/1"}],"replies":[{"embeddable":true,"href":"https:\/\/gtspower.com\/es\/wp-json\/wp\/v2\/comments?post=5057"}],"version-history":[{"count":6,"href":"https:\/\/gtspower.com\/es\/wp-json\/wp\/v2\/pages\/5057\/revisions"}],"predecessor-version":[{"id":6995,"href":"https:\/\/gtspower.com\/es\/wp-json\/wp\/v2\/pages\/5057\/revisions\/6995"}],"up":[{"embeddable":true,"href":"https:\/\/gtspower.com\/es\/wp-json\/wp\/v2\/pages\/6409"}],"wp:attachment":[{"href":"https:\/\/gtspower.com\/es\/wp-json\/wp\/v2\/media?parent=5057"}],"curies":[{"name":"wp","href":"https:\/\/api.w.org\/{rel}","templated":true}]}}