{"id":4800,"date":"2017-11-24T15:10:13","date_gmt":"2017-11-24T15:10:13","guid":{"rendered":"http:\/\/gtspower.online\/?page_id=4800"},"modified":"2018-01-25T00:47:19","modified_gmt":"2018-01-25T00:47:19","slug":"hmc70-hubl-kit","status":"publish","type":"page","link":"https:\/\/gtspower.com\/es\/productos\/computadoras-portatiles\/fundas-de-carga\/hmc70-hubl-kit\/","title":{"rendered":"HMC70-H(UBL)-KIT"},"content":{"rendered":"<p><div class=\"fusion-fullwidth fullwidth-box fusion-builder-row-1 nonhundred-percent-fullwidth non-hundred-percent-height-scrolling\" style=\"--awb-border-radius-top-left:0px;--awb-border-radius-top-right:0px;--awb-border-radius-bottom-right:0px;--awb-border-radius-bottom-left:0px;--awb-padding-top:10px;--awb-padding-right:10px;--awb-padding-bottom:20px;--awb-padding-left:50px;--awb-flex-wrap:wrap;\" ><div class=\"fusion-builder-row fusion-row\"><div class=\"fusion-layout-column fusion_builder_column fusion-builder-column-0 fusion_builder_column_1_2 1_2 fusion-one-half fusion-column-first\" style=\"--awb-bg-size:cover;width:50%;width:calc(50% - ( ( 4% ) * 0.5 ) );margin-right: 4%;\"><div class=\"fusion-column-wrapper fusion-flex-column-wrapper-legacy\"><div class=\"fusion-text fusion-text-1\"><p> <img decoding=\"async\" class=\"aligncenter size-full wp-image-1206\" src=\"https:\/\/www.gtspower.com\/wp-content\/uploads\/products\/HMC70_Holster.png\" alt=\"HMC70-H\" width=\"309\" height=\"453\" srcset=\"https:\/\/gtspower.com\/wp-content\/uploads\/products\/HMC70_Holster-200x293.png 200w, https:\/\/gtspower.com\/wp-content\/uploads\/products\/HMC70_Holster-205x300.png 205w, https:\/\/gtspower.com\/wp-content\/uploads\/products\/HMC70_Holster.png 309w\" sizes=\"(max-width: 309px) 100vw, 309px\" \/> <\/p>\n<\/div><div class=\"fusion-text fusion-text-2\"><p><div class=\"fusion-sep-clear\"><\/div><div class=\"fusion-separator fusion-full-width-sep\" style=\"margin-left: auto;margin-right: auto;margin-top:10px;margin-bottom:0px;width:100%;\"><\/div><div class=\"fusion-sep-clear\"><\/div><div class=\"fusion-aligncenter\"><a class=\"fusion-button button-flat fusion-button-default-size button-default fusion-button-default button-1 fusion-button-default-span fusion-button-default-type\" target=\"_self\" href=\"mailto:sales@gtspower.com?subject=I%27d%20like%20more%20information%20on%20HMC70-H(UBL) KIT\"><span class=\"fusion-button-text awb-button__text awb-button__text--default\">ENV\u00cdENOS UN CORREO PARA M\u00c1S INFORMACI\u00d3N<\/span><\/a><\/div><div class=\"fusion-sep-clear\"><\/div><div class=\"fusion-separator fusion-full-width-sep\" style=\"margin-left: auto;margin-right: auto;margin-top:10px;margin-bottom:0px;width:100%;\"><\/div><div class=\"fusion-sep-clear\"><\/div><\/p>\n<h3 style=\"text-align: center;\">Ll\u00e1manos para consultar el precio: 800-267-2711<\/h3>\n<\/div><div class=\"fusion-clearfix\"><\/div><\/div><\/div><div class=\"fusion-layout-column fusion_builder_column fusion-builder-column-1 fusion_builder_column_1_2 1_2 fusion-one-half fusion-column-last\" style=\"--awb-bg-size:cover;width:50%;width:calc(50% - ( ( 4% ) * 0.5 ) );\"><div class=\"fusion-column-wrapper fusion-flex-column-wrapper-legacy\"><div class=\"fusion-text fusion-text-3\"><h1><span class=\"productSKU\">HMC70-H(UBL)KIT<\/span><\/h1>\n<h3>Base de carga con presilla para cintur\u00f3n para el MC70 para US, (1) cable de alimentaci\u00f3n de corriente alterna (AC) y (1) cable de alimentaci\u00f3n de corriente continua (DC)<\/h3>\n<\/div><div class=\"fusion-clearfix\"><\/div><\/div><\/div><\/div><\/div><div class=\"fusion-fullwidth fullwidth-box fusion-builder-row-2 nonhundred-percent-fullwidth non-hundred-percent-height-scrolling\" style=\"--awb-border-radius-top-left:0px;--awb-border-radius-top-right:0px;--awb-border-radius-bottom-right:0px;--awb-border-radius-bottom-left:0px;--awb-padding-top:0px;--awb-padding-right:10px;--awb-padding-bottom:20px;--awb-padding-left:50px;--awb-flex-wrap:wrap;\" ><div class=\"fusion-builder-row fusion-row\"><div class=\"fusion-layout-column fusion_builder_column fusion-builder-column-2 fusion_builder_column_1_2 1_2 fusion-one-half fusion-column-first\" style=\"--awb-bg-size:cover;width:50%;width:calc(50% - ( ( 4% ) * 0.5 ) );margin-right: 4%;\"><div class=\"fusion-column-wrapper fusion-flex-column-wrapper-legacy\"><div class=\"fusion-text fusion-text-4\"><h2>Productos Relacionados<\/h2>\n<hr \/>\n<\/div><div class=\"fusion-builder-row fusion-builder-row-inner fusion-row\"><div class=\"fusion-layout-column fusion_builder_column_inner fusion-builder-nested-column-0 fusion_builder_column_inner_1_3 1_3 fusion-one-third fusion-column-first\" style=\"--awb-padding-right:5px;--awb-padding-left:5px;--awb-bg-size:cover;width:33.333333333333%;width:calc(33.333333333333% - ( ( 4% + 4% ) * 0.33333333333333 ) );margin-right: 4%;\"><div class=\"fusion-column-wrapper fusion-flex-column-wrapper-legacy\"><div class=\"fusion-text fusion-text-5\"><p> <a href=\"https:\/\/gtspower.com\/es\/productos\/computadoras-portatiles\/cargadores\/hch-7003-chg\/\"><img decoding=\"async\" class=\"aligncenter wp-image-1161\" src=\"https:\/\/www.gtspower.com\/wp-content\/uploads\/products\/HCH-7003-CHG.gif\" alt=\"HCH-7003-CHG\" width=\"133\" height=\"100\" \/><\/a><\/p>\n<p style=\"text-align: center;\" data-fontsize=\"20\" data-lineheight=\"30\">HCH-7003-CHG<\/p>\n<\/div><div class=\"fusion-clearfix\"><\/div><\/div><\/div><div class=\"fusion-layout-column fusion_builder_column_inner fusion-builder-nested-column-1 fusion_builder_column_inner_1_3 1_3 fusion-one-third\" style=\"--awb-padding-right:5px;--awb-padding-left:5px;--awb-bg-size:cover;width:33.333333333333%;width:calc(33.333333333333% - ( ( 4% + 4% ) * 0.33333333333333 ) );margin-right: 4%;\"><div class=\"fusion-column-wrapper fusion-flex-column-wrapper-legacy\"><div class=\"fusion-text fusion-text-6\"><p> <a href=\"https:\/\/gtspower.com\/es\/productos\/computadoras-portatiles\/fundas-de-carga\/hmc70-hubl\/\"><img decoding=\"async\" class=\"aligncenter wp-image-1998\" src=\"https:\/\/www.gtspower.com\/wp-content\/uploads\/products\/HMC70_Holster_453x309-v-300x205.png\" alt=\"HMC70 Holster\" width=\"147\" height=\"100\" srcset=\"https:\/\/gtspower.com\/wp-content\/uploads\/products\/HMC70_Holster_453x309-v-200x136.png 200w, https:\/\/gtspower.com\/wp-content\/uploads\/products\/HMC70_Holster_453x309-v-300x205.png 300w, https:\/\/gtspower.com\/wp-content\/uploads\/products\/HMC70_Holster_453x309-v-400x273.png 400w, https:\/\/gtspower.com\/wp-content\/uploads\/products\/HMC70_Holster_453x309-v.png 453w\" sizes=\"(max-width: 147px) 100vw, 147px\" \/><\/a><\/p>\n<p style=\"text-align: center;\" data-fontsize=\"20\" data-lineheight=\"30\">HMC70-H(UBL)<\/p>\n<\/div><div class=\"fusion-clearfix\"><\/div><\/div><\/div><div class=\"fusion-layout-column fusion_builder_column_inner fusion-builder-nested-column-2 fusion_builder_column_inner_1_3 1_3 fusion-one-third fusion-column-last\" style=\"--awb-padding-right:5px;--awb-padding-left:5px;--awb-bg-size:cover;width:33.333333333333%;width:calc(33.333333333333% - ( ( 4% + 4% ) * 0.33333333333333 ) );\"><div class=\"fusion-column-wrapper fusion-flex-column-wrapper-legacy\"><div class=\"fusion-text fusion-text-7\"><p> <a href=\"https:\/\/gtspower.com\/es\/productos\/computadoras-portatiles\/baterias\/producto-hmc70-d\/\"><img decoding=\"async\" class=\"aligncenter wp-image-1002\" src=\"https:\/\/www.gtspower.com\/wp-content\/uploads\/products\/HMC70-D-453-x-309.gif\" alt=\"HMC70-D\" width=\"147\" height=\"100\" \/><\/a><\/p>\n<p style=\"text-align: center;\" data-fontsize=\"20\" data-lineheight=\"30\">HMC70-D<\/p>\n<\/div><div class=\"fusion-clearfix\"><\/div><\/div><\/div><\/div><div class=\"fusion-clearfix\"><\/div><\/div><\/div><div class=\"fusion-layout-column fusion_builder_column fusion-builder-column-3 fusion_builder_column_1_2 1_2 fusion-one-half fusion-column-last\" style=\"--awb-bg-size:cover;width:50%;width:calc(50% - ( ( 4% ) * 0.5 ) );\"><div class=\"fusion-column-wrapper fusion-flex-column-wrapper-legacy\"><div class=\"fusion-text fusion-text-8\"><h2>Especificaciones del Producto<\/h2>\n<hr \/>\n<p><strong>Fabricante<\/strong>: SYMBOL<\/p>\n<p><strong>Modelos<b class=\"b5\">:<\/b><\/strong> MC70 \/ MC75<\/p>\n<p><strong>N\u00famero de parte<\/strong>:\u00a0BTRY\u2011MC70EAB00 \/ BTRY\u2011MC7XEAB00 \/ BTRY\u2011MC7XEAB02<\/p>\n<p><b>Peso<\/b>: 381 g<\/p>\n<\/div><div class=\"fusion-clearfix\"><\/div><\/div><\/div><\/div><\/div><\/p>\n","protected":false},"excerpt":{"rendered":"","protected":false},"author":1,"featured_media":0,"parent":4415,"menu_order":0,"comment_status":"closed","ping_status":"closed","template":"","meta":{"footnotes":""},"class_list":["post-4800","page","type-page","status-publish","hentry"],"_links":{"self":[{"href":"https:\/\/gtspower.com\/es\/wp-json\/wp\/v2\/pages\/4800","targetHints":{"allow":["GET"]}}],"collection":[{"href":"https:\/\/gtspower.com\/es\/wp-json\/wp\/v2\/pages"}],"about":[{"href":"https:\/\/gtspower.com\/es\/wp-json\/wp\/v2\/types\/page"}],"author":[{"embeddable":true,"href":"https:\/\/gtspower.com\/es\/wp-json\/wp\/v2\/users\/1"}],"replies":[{"embeddable":true,"href":"https:\/\/gtspower.com\/es\/wp-json\/wp\/v2\/comments?post=4800"}],"version-history":[{"count":6,"href":"https:\/\/gtspower.com\/es\/wp-json\/wp\/v2\/pages\/4800\/revisions"}],"predecessor-version":[{"id":7107,"href":"https:\/\/gtspower.com\/es\/wp-json\/wp\/v2\/pages\/4800\/revisions\/7107"}],"up":[{"embeddable":true,"href":"https:\/\/gtspower.com\/es\/wp-json\/wp\/v2\/pages\/4415"}],"wp:attachment":[{"href":"https:\/\/gtspower.com\/es\/wp-json\/wp\/v2\/media?parent=4800"}],"curies":[{"name":"wp","href":"https:\/\/api.w.org\/{rel}","templated":true}]}}