{"id":4795,"date":"2017-11-24T14:48:10","date_gmt":"2017-11-24T14:48:10","guid":{"rendered":"http:\/\/gtspower.online\/?page_id=4795"},"modified":"2018-01-25T00:46:51","modified_gmt":"2018-01-25T00:46:51","slug":"hmc70-hubc","status":"publish","type":"page","link":"https:\/\/gtspower.com\/es\/productos\/computadoras-portatiles\/fundas-de-carga\/hmc70-hubc\/","title":{"rendered":"HMC70-H(UBC)"},"content":{"rendered":"<p><div class=\"fusion-fullwidth fullwidth-box fusion-builder-row-1 nonhundred-percent-fullwidth non-hundred-percent-height-scrolling\" style=\"--awb-border-radius-top-left:0px;--awb-border-radius-top-right:0px;--awb-border-radius-bottom-right:0px;--awb-border-radius-bottom-left:0px;--awb-padding-top:10px;--awb-padding-right:10px;--awb-padding-bottom:20px;--awb-padding-left:50px;--awb-flex-wrap:wrap;\" ><div class=\"fusion-builder-row fusion-row\"><div class=\"fusion-layout-column fusion_builder_column fusion-builder-column-0 fusion_builder_column_1_2 1_2 fusion-one-half fusion-column-first\" style=\"--awb-bg-size:cover;width:50%;width:calc(50% - ( ( 4% ) * 0.5 ) );margin-right: 4%;\"><div class=\"fusion-column-wrapper fusion-flex-column-wrapper-legacy\"><div class=\"fusion-text fusion-text-1\"><p><img decoding=\"async\" class=\"aligncenter wp-image-1206 size-full\" src=\"https:\/\/www.gtspower.com\/wp-content\/uploads\/products\/HMC70_Holster.png\" alt=\"HMC70-H(UBC)\" width=\"309\" height=\"453\" srcset=\"https:\/\/gtspower.com\/wp-content\/uploads\/products\/HMC70_Holster-200x293.png 200w, https:\/\/gtspower.com\/wp-content\/uploads\/products\/HMC70_Holster-205x300.png 205w, https:\/\/gtspower.com\/wp-content\/uploads\/products\/HMC70_Holster.png 309w\" sizes=\"(max-width: 309px) 100vw, 309px\" \/><\/p>\n<\/div><div class=\"fusion-text fusion-text-2\"><p><div class=\"fusion-sep-clear\"><\/div><div class=\"fusion-separator fusion-full-width-sep\" style=\"margin-left: auto;margin-right: auto;margin-top:10px;margin-bottom:0px;width:100%;\"><\/div><div class=\"fusion-sep-clear\"><\/div><div class=\"fusion-button-wrapper fusion-aligncenter\"><a class=\"fusion-button button-flat fusion-button-default-size button-default fusion-button-default button-1 fusion-button-default-span fusion-button-default-type\" target=\"_self\" href=\"mailto:sales@gtspower.com?subject=I%27d%20like%20more%20information%20on%20HMC70-H(UBC)\"><span class=\"fusion-button-text awb-button__text awb-button__text--default\">ENV\u00cdENOS UN CORREO PARA M\u00c1S INFORMACI\u00d3N<\/span><\/a><\/div><div class=\"fusion-sep-clear\"><\/div><div class=\"fusion-separator fusion-full-width-sep\" style=\"margin-left: auto;margin-right: auto;margin-top:10px;margin-bottom:0px;width:100%;\"><\/div><div class=\"fusion-sep-clear\"><\/div><\/p>\n<h3 style=\"text-align: center;\">Ll\u00e1manos para consultar el precio: 800-267-2711<\/h3>\n<\/div><div class=\"fusion-clearfix\"><\/div><\/div><\/div><div class=\"fusion-layout-column fusion_builder_column fusion-builder-column-1 fusion_builder_column_1_2 1_2 fusion-one-half fusion-column-last\" style=\"--awb-bg-size:cover;width:50%;width:calc(50% - ( ( 4% ) * 0.5 ) );\"><div class=\"fusion-column-wrapper fusion-flex-column-wrapper-legacy\"><div class=\"fusion-text fusion-text-3\"><h1><span class=\"productSKU\">HMC70-H(UBC)<\/span><\/h1>\n<h3>Base de carga con pinza para cintur\u00f3n para Symbol MC70 \/ MC75<\/h3>\n<div>\n<p>La base de carga HMC70-H(UBC) brinda una capacidad adicional de 4000 mAh para las\u00a0terminales de\u00a0recolecci\u00f3n\u00a0de datos Symbol MC70 y MC75. La base HMC70-H(UBC) carga continuamente la bater\u00eda interna del dispositivo, permiti\u00e9ndole funcionar hasta por el triple de tiempo.<\/p>\n<\/div>\n<h3>Caracter\u00edsticas del Producto<\/h3>\n<ul>\n<li>Elimina la necesidad de contar con cargadores de auto y de escritorio<\/li>\n<li>Pinza ajustable de cintur\u00f3n que ofrece durabilidad y resistencia reforzada<\/li>\n<li>Placa met\u00e1lica que ofrece resistencia y durabilidad<\/li>\n<li>Dise\u00f1o que protege la pantalla de da\u00f1os<\/li>\n<li>Dise\u00f1o ergon\u00f3mico que cabe c\u00f3modamente en la mano<\/li>\n<li>Dise\u00f1o resistente de alto impacto<\/li>\n<li>Luz LED que indica el estado de la carga<\/li>\n<li>C\u00e1rgala al enchufar el cable que viene incluido o con un adaptador AC\/DC<\/li>\n<li>Brinda una capacidad adicional de 4000 mAh a las\u00a0terminales de\u00a0recolecci\u00f3n\u00a0de datos Symbol MC70<\/li>\n<li>Dise\u00f1o mejorado de enganche<\/li>\n<li>Carga continuamente la bater\u00eda interna del dispositivo, permiti\u00e9ndole funcionar hasta por el triple de tiempo<\/li>\n<\/ul>\n<\/div><div class=\"fusion-clearfix\"><\/div><\/div><\/div><\/div><\/div><div class=\"fusion-fullwidth fullwidth-box fusion-builder-row-2 nonhundred-percent-fullwidth non-hundred-percent-height-scrolling\" style=\"--awb-border-radius-top-left:0px;--awb-border-radius-top-right:0px;--awb-border-radius-bottom-right:0px;--awb-border-radius-bottom-left:0px;--awb-padding-top:0px;--awb-padding-right:10px;--awb-padding-bottom:20px;--awb-padding-left:50px;--awb-flex-wrap:wrap;\" ><div class=\"fusion-builder-row fusion-row\"><div class=\"fusion-layout-column fusion_builder_column fusion-builder-column-2 fusion_builder_column_1_2 1_2 fusion-one-half fusion-column-first\" style=\"--awb-bg-size:cover;width:50%;width:calc(50% - ( ( 4% ) * 0.5 ) );margin-right: 4%;\"><div class=\"fusion-column-wrapper fusion-flex-column-wrapper-legacy\"><div class=\"fusion-text fusion-text-4\"><h2>Productos Relacionados<\/h2>\n<hr \/>\n<\/div><div class=\"fusion-builder-row fusion-builder-row-inner fusion-row\"><div class=\"fusion-layout-column fusion_builder_column_inner fusion-builder-nested-column-0 fusion_builder_column_inner_1_3 1_3 fusion-one-third fusion-column-first\" style=\"--awb-padding-right:5px;--awb-padding-left:5px;--awb-bg-size:cover;width:33.333333333333%;width:calc(33.333333333333% - ( ( 4% + 4% ) * 0.33333333333333 ) );margin-right: 4%;\"><div class=\"fusion-column-wrapper fusion-flex-column-wrapper-legacy\"><div class=\"fusion-text fusion-text-5\"><p><a href=\"https:\/\/gtspower.com\/es\/productos\/computadoras-portatiles\/baterias\/producto-hmc70-li48\/\"><img decoding=\"async\" class=\"aligncenter wp-image-1005\" src=\"https:\/\/www.gtspower.com\/wp-content\/uploads\/products\/HMC70-Li-48-453-x-309_1.gif\" alt=\"HMC70-LI(48)\" width=\"147\" height=\"100\" \/><\/a><\/p>\n<p style=\"text-align: center;\" data-fontsize=\"20\" data-lineheight=\"30\">HMC70-LI(48)<\/p>\n<\/div><div class=\"fusion-clearfix\"><\/div><\/div><\/div><div class=\"fusion-layout-column fusion_builder_column_inner fusion-builder-nested-column-1 fusion_builder_column_inner_1_3 1_3 fusion-one-third\" style=\"--awb-padding-right:5px;--awb-padding-left:5px;--awb-bg-size:cover;width:33.333333333333%;width:calc(33.333333333333% - ( ( 4% + 4% ) * 0.33333333333333 ) );margin-right: 4%;\"><div class=\"fusion-column-wrapper fusion-flex-column-wrapper-legacy\"><div class=\"fusion-text fusion-text-6\"><p><a href=\"https:\/\/gtspower.com\/es\/productos\/computadoras-portatiles\/baterias\/producto-hmc70-li36\/\"><img decoding=\"async\" class=\"aligncenter wp-image-1007\" src=\"https:\/\/www.gtspower.com\/wp-content\/uploads\/products\/HMC70-Li-36-453-x-309.gif\" alt=\"HMC70-LI(36)\" width=\"147\" height=\"100\" \/><\/a><\/p>\n<p style=\"text-align: center;\" data-fontsize=\"20\" data-lineheight=\"30\">HMC70-LI(36)<\/p>\n<\/div><div class=\"fusion-clearfix\"><\/div><\/div><\/div><div class=\"fusion-layout-column fusion_builder_column_inner fusion-builder-nested-column-2 fusion_builder_column_inner_1_3 1_3 fusion-one-third fusion-column-last\" style=\"--awb-padding-right:5px;--awb-padding-left:5px;--awb-bg-size:cover;width:33.333333333333%;width:calc(33.333333333333% - ( ( 4% + 4% ) * 0.33333333333333 ) );\"><div class=\"fusion-column-wrapper fusion-flex-column-wrapper-legacy\"><div class=\"fusion-text fusion-text-7\"><p><a href=\"https:\/\/gtspower.com\/es\/productos\/computadoras-portatiles\/cargadores\/hch-7006-chg\/\"><img decoding=\"async\" class=\"aligncenter wp-image-1163\" src=\"https:\/\/www.gtspower.com\/wp-content\/uploads\/products\/HCH-7006-CHG.png\" sizes=\"(max-width: 141px) 100vw, 141px\" srcset=\"https:\/\/www.gtspower.com\/wp-content\/uploads\/products\/HCH-7006-CHG-200x142.png 200w, https:\/\/www.gtspower.com\/wp-content\/uploads\/products\/HCH-7006-CHG-300x214.png 300w, https:\/\/www.gtspower.com\/wp-content\/uploads\/products\/HCH-7006-CHG-400x283.png 400w, https:\/\/www.gtspower.com\/wp-content\/uploads\/products\/HCH-7006-CHG.png 453w\" alt=\"HCH-7006-CHG\" width=\"141\" height=\"100\" \/><\/a><\/p>\n<p style=\"text-align: center;\" data-fontsize=\"20\" data-lineheight=\"30\">HCH-7006-CHG<\/p>\n<\/div><div class=\"fusion-clearfix\"><\/div><\/div><\/div><\/div><div class=\"fusion-clearfix\"><\/div><\/div><\/div><div class=\"fusion-layout-column fusion_builder_column fusion-builder-column-3 fusion_builder_column_1_2 1_2 fusion-one-half fusion-column-last\" style=\"--awb-bg-size:cover;width:50%;width:calc(50% - ( ( 4% ) * 0.5 ) );\"><div class=\"fusion-column-wrapper fusion-flex-column-wrapper-legacy\"><div class=\"fusion-text fusion-text-8\"><h2>Especificaciones del Producto<\/h2>\n<hr \/>\n<p><strong>Capacidad<\/strong>: 4000<\/p>\n<p><strong>Voltaje<\/strong>: 4,2<\/p>\n<p><strong>Dimensiones<\/strong>: 143.00 x 39.88 x 87.88<\/p>\n<p><strong>Fabricante<\/strong>: SYMBOL<\/p>\n<p><strong>Modelos<b class=\"b5\">:<\/b><\/strong>\u00a0MC70 \/ MC75<\/p>\n<p><strong>Peso<\/strong>: 160 g<\/p>\n<p><b>Garant\u00eda<\/b>: 24 meses<\/p>\n<\/div><div class=\"fusion-clearfix\"><\/div><\/div><\/div><\/div><\/div><\/p>\n","protected":false},"excerpt":{"rendered":"","protected":false},"author":1,"featured_media":0,"parent":4415,"menu_order":0,"comment_status":"closed","ping_status":"closed","template":"","meta":{"footnotes":""},"class_list":["post-4795","page","type-page","status-publish","hentry"],"_links":{"self":[{"href":"https:\/\/gtspower.com\/es\/wp-json\/wp\/v2\/pages\/4795","targetHints":{"allow":["GET"]}}],"collection":[{"href":"https:\/\/gtspower.com\/es\/wp-json\/wp\/v2\/pages"}],"about":[{"href":"https:\/\/gtspower.com\/es\/wp-json\/wp\/v2\/types\/page"}],"author":[{"embeddable":true,"href":"https:\/\/gtspower.com\/es\/wp-json\/wp\/v2\/users\/1"}],"replies":[{"embeddable":true,"href":"https:\/\/gtspower.com\/es\/wp-json\/wp\/v2\/comments?post=4795"}],"version-history":[{"count":6,"href":"https:\/\/gtspower.com\/es\/wp-json\/wp\/v2\/pages\/4795\/revisions"}],"predecessor-version":[{"id":7104,"href":"https:\/\/gtspower.com\/es\/wp-json\/wp\/v2\/pages\/4795\/revisions\/7104"}],"up":[{"embeddable":true,"href":"https:\/\/gtspower.com\/es\/wp-json\/wp\/v2\/pages\/4415"}],"wp:attachment":[{"href":"https:\/\/gtspower.com\/es\/wp-json\/wp\/v2\/media?parent=4795"}],"curies":[{"name":"wp","href":"https:\/\/api.w.org\/{rel}","templated":true}]}}