{"id":4708,"date":"2017-11-23T14:58:54","date_gmt":"2017-11-23T14:58:54","guid":{"rendered":"http:\/\/gtspower.online\/?page_id=4708"},"modified":"2018-01-25T01:03:05","modified_gmt":"2018-01-25T01:03:05","slug":"producto-hmc55-li1-5x-50","status":"publish","type":"page","link":"https:\/\/gtspower.com\/es\/productos\/computadoras-portatiles\/baterias\/producto-hmc55-li1-5x-50\/","title":{"rendered":"Producto: HMC55-LI(1.5X)-50"},"content":{"rendered":"<p><div class=\"fusion-fullwidth fullwidth-box fusion-builder-row-1 nonhundred-percent-fullwidth non-hundred-percent-height-scrolling\" style=\"--awb-border-radius-top-left:0px;--awb-border-radius-top-right:0px;--awb-border-radius-bottom-right:0px;--awb-border-radius-bottom-left:0px;--awb-padding-top:10px;--awb-padding-right:10px;--awb-padding-bottom:20px;--awb-padding-left:50px;--awb-flex-wrap:wrap;\" ><div class=\"fusion-builder-row fusion-row\"><div class=\"fusion-layout-column fusion_builder_column fusion-builder-column-0 fusion_builder_column_1_2 1_2 fusion-one-half fusion-column-first\" style=\"--awb-bg-size:cover;width:50%;width:calc(50% - ( ( 4% ) * 0.5 ) );margin-right: 4%;\"><div class=\"fusion-column-wrapper fusion-flex-column-wrapper-legacy\"><div class=\"fusion-text fusion-text-1\"><p><img decoding=\"async\" class=\"aligncenter size-full wp-image-1036\" src=\"https:\/\/www.gtspower.com\/wp-content\/uploads\/products\/MC55-Li1-5x-453-x-309.gif\" alt=\"HMC55-LI(1.5X)\" width=\"453\" height=\"309\" \/><\/p>\n<\/div><div class=\"fusion-text fusion-text-2\"><p><div class=\"fusion-sep-clear\"><\/div><div class=\"fusion-separator fusion-full-width-sep\" style=\"margin-left: auto;margin-right: auto;margin-top:10px;margin-bottom:0px;width:100%;\"><\/div><div class=\"fusion-sep-clear\"><\/div><div class=\"fusion-button-wrapper fusion-aligncenter\"><a class=\"fusion-button button-flat fusion-button-default-size button-default fusion-button-default button-1 fusion-button-default-span fusion-button-default-type\" target=\"_self\" href=\"mailto:sales@gtspower.com?subject=I%27d%20like%20more%20information%20on%20HMC55-LI(1.5X)-50)\"><span class=\"fusion-button-text awb-button__text awb-button__text--default\">ENV\u00cdENOS UN CORREO PARA M\u00c1S INFORMACI\u00d3N<\/span><\/a><\/div><div class=\"fusion-sep-clear\"><\/div><div class=\"fusion-separator fusion-full-width-sep\" style=\"margin-left: auto;margin-right: auto;margin-top:10px;margin-bottom:0px;width:100%;\"><\/div><div class=\"fusion-sep-clear\"><\/div><\/p>\n<h3 style=\"text-align: center;\">Ll\u00e1manos para consultar el precio: 800-267-2711<\/h3>\n<\/div><div class=\"fusion-clearfix\"><\/div><\/div><\/div><div class=\"fusion-layout-column fusion_builder_column fusion-builder-column-1 fusion_builder_column_1_2 1_2 fusion-one-half fusion-column-last\" style=\"--awb-bg-size:cover;width:50%;width:calc(50% - ( ( 4% ) * 0.5 ) );\"><div class=\"fusion-column-wrapper fusion-flex-column-wrapper-legacy\"><div class=\"fusion-text fusion-text-3\"><h1><span class=\"productSKU\">HMC55-LI(1.5X)-50<\/span><\/h1>\n<h3>Paquete\u00a0de 50 bater\u00edas para Motorola Serie MC55 \/ MC65 \/ MC67<\/h3>\n<div>\n<p>La bater\u00eda HMC55-Li(1.5X) es una bater\u00eda liviana de alta capacidad. Aumenta el tiempo de funcionamiento del dispositivo, brinda una mayor vida \u00fatil y contiene celdas de bater\u00eda de m\u00e1xima calidad.<\/p>\n<\/div>\n<h3>Caracter\u00edsticas del Producto<\/h3>\n<ul>\n<li>Bater\u00eda de alta capacidad 1.5x para MC55<\/li>\n<li>Bater\u00eda de capacidad est\u00e1ndar para MC65\/67<\/li>\n<li>Excelentes caracter\u00edsticas de descarga<\/li>\n<li>Mayor vida \u00fatil del dispositivo<\/li>\n<li>Reduce el total de bater\u00edas necesarias<\/li>\n<li>Ha sido sometida a pruebas rigurosas de temperatura, vibraci\u00f3n, descarga, ca\u00edda, cortocircuito y sobrecarga<\/li>\n<li>Ciclos de operaci\u00f3n significativamente mayores y una mayor capacidad<\/li>\n<\/ul>\n<\/div><div class=\"fusion-clearfix\"><\/div><\/div><\/div><\/div><\/div><div class=\"fusion-fullwidth fullwidth-box fusion-builder-row-2 nonhundred-percent-fullwidth non-hundred-percent-height-scrolling\" style=\"--awb-border-radius-top-left:0px;--awb-border-radius-top-right:0px;--awb-border-radius-bottom-right:0px;--awb-border-radius-bottom-left:0px;--awb-padding-top:0px;--awb-padding-right:10px;--awb-padding-bottom:20px;--awb-padding-left:50px;--awb-flex-wrap:wrap;\" ><div class=\"fusion-builder-row fusion-row\"><div class=\"fusion-layout-column fusion_builder_column fusion-builder-column-2 fusion_builder_column_1_2 1_2 fusion-one-half fusion-column-first\" style=\"--awb-bg-size:cover;width:50%;width:calc(50% - ( ( 4% ) * 0.5 ) );margin-right: 4%;\"><div class=\"fusion-column-wrapper fusion-flex-column-wrapper-legacy\"><div class=\"fusion-text fusion-text-4\"><h2>Productos Relacionados<\/h2>\n<hr \/>\n<\/div><div class=\"fusion-builder-row fusion-builder-row-inner fusion-row\"><div class=\"fusion-layout-column fusion_builder_column_inner fusion-builder-nested-column-0 fusion_builder_column_inner_1_3 1_3 fusion-one-third fusion-column-first\" style=\"--awb-padding-right:5px;--awb-padding-left:5px;--awb-bg-size:cover;width:33.333333333333%;width:calc(33.333333333333% - ( ( 4% + 4% ) * 0.33333333333333 ) );margin-right: 4%;\"><div class=\"fusion-column-wrapper fusion-flex-column-wrapper-legacy\"><div class=\"fusion-text fusion-text-5\"><p><a class=\"nowrap\" href=\"https:\/\/gtspower.com\/es\/productos\/computadoras-portatiles\/fundas-de-carga\/hmc55-hubc\/\"><img decoding=\"async\" class=\"aligncenter wp-image-1203\" src=\"https:\/\/www.gtspower.com\/wp-content\/uploads\/products\/HMC55-H.gif\" alt=\"HMC55-H(UBC)\" width=\"147\" height=\"100\" \/><\/a><\/p>\n<p style=\"text-align: center;\" data-fontsize=\"20\" data-lineheight=\"30\">HMC55-H(UBC)<\/p>\n<\/div><div class=\"fusion-clearfix\"><\/div><\/div><\/div><div class=\"fusion-layout-column fusion_builder_column_inner fusion-builder-nested-column-1 fusion_builder_column_inner_1_3 1_3 fusion-one-third\" style=\"--awb-padding-right:5px;--awb-padding-left:5px;--awb-bg-size:cover;width:33.333333333333%;width:calc(33.333333333333% - ( ( 4% + 4% ) * 0.33333333333333 ) );margin-right: 4%;\"><div class=\"fusion-column-wrapper fusion-flex-column-wrapper-legacy\"><div class=\"fusion-text fusion-text-6\"><p><a class=\"nowrap\" href=\"https:\/\/gtspower.com\/es\/productos\/computadoras-portatiles\/fundas-de-carga\/hmc55-hubl\/\"><img decoding=\"async\" class=\"aligncenter wp-image-1204\" src=\"https:\/\/www.gtspower.com\/wp-content\/uploads\/products\/HMC55-HEBL.gif\" alt=\"HMC55-H(UBL)\" width=\"147\" height=\"100\" \/><\/a><\/p>\n<p style=\"text-align: center;\" data-fontsize=\"20\" data-lineheight=\"30\">HMC55-H(UBL)<\/p>\n<\/div><div class=\"fusion-clearfix\"><\/div><\/div><\/div><div class=\"fusion-layout-column fusion_builder_column_inner fusion-builder-nested-column-2 fusion_builder_column_inner_1_3 1_3 fusion-one-third fusion-column-last\" style=\"--awb-padding-right:5px;--awb-padding-left:5px;--awb-bg-size:cover;width:33.333333333333%;width:calc(33.333333333333% - ( ( 4% + 4% ) * 0.33333333333333 ) );\"><div class=\"fusion-column-wrapper fusion-flex-column-wrapper-legacy\"><div class=\"fusion-text fusion-text-7\"><p><a class=\"nowrap\" href=\"https:\/\/gtspower.com\/es\/productos\/computadoras-portatiles\/baterias\/producto-hmc55-li1-5x\/\"><img decoding=\"async\" class=\"aligncenter wp-image-1036\" src=\"https:\/\/www.gtspower.com\/wp-content\/uploads\/products\/MC55-Li1-5x-453-x-309.gif\" alt=\"HMC55-LI(1.5X)\" width=\"147\" height=\"100\" \/><\/a><\/p>\n<p style=\"text-align: center;\" data-fontsize=\"20\" data-lineheight=\"30\">HMC55-LI(1.5X)<\/p>\n<\/div><div class=\"fusion-clearfix\"><\/div><\/div><\/div><\/div><div class=\"fusion-clearfix\"><\/div><\/div><\/div><div class=\"fusion-layout-column fusion_builder_column fusion-builder-column-3 fusion_builder_column_1_2 1_2 fusion-one-half fusion-column-last\" style=\"--awb-bg-size:cover;width:50%;width:calc(50% - ( ( 4% ) * 0.5 ) );\"><div class=\"fusion-column-wrapper fusion-flex-column-wrapper-legacy\"><div class=\"fusion-text fusion-text-8\"><h2>Especificaciones del Producto<\/h2>\n<hr \/>\n<p><strong>Capacidad<\/strong>: 3600<\/p>\n<p><b>Qu\u00edmica<\/b>: Ion de Litio<\/p>\n<p><strong>Voltaje<\/strong>: 3.7<\/p>\n<p><strong>Dimensiones<\/strong>: 81 x 80 x 15.5<\/p>\n<p><strong>Fabricante<\/strong>: MOTOROLA<\/p>\n<p><strong>Modelos:<\/strong>\u00a0MC55 \/ MC65 \/ MC67<\/p>\n<p><strong>N\u00famero de parte<b class=\"b5\">:\u00a0<\/b><\/strong>BTRY\u2011MC55EAB02<\/p>\n<p><strong>Peso<\/strong>: 89 g<\/p>\n<p><strong>Garant\u00eda<\/strong>: 12 meses<\/p>\n<\/div><div class=\"fusion-clearfix\"><\/div><\/div><\/div><\/div><\/div><\/p>\n<div class=\"grammarly-disable-indicator\"><\/div>\n<div class=\"grammarly-disable-indicator\"><\/div>\n","protected":false},"excerpt":{"rendered":"","protected":false},"author":1,"featured_media":0,"parent":4386,"menu_order":0,"comment_status":"closed","ping_status":"closed","template":"","meta":{"footnotes":""},"class_list":["post-4708","page","type-page","status-publish","hentry"],"_links":{"self":[{"href":"https:\/\/gtspower.com\/es\/wp-json\/wp\/v2\/pages\/4708","targetHints":{"allow":["GET"]}}],"collection":[{"href":"https:\/\/gtspower.com\/es\/wp-json\/wp\/v2\/pages"}],"about":[{"href":"https:\/\/gtspower.com\/es\/wp-json\/wp\/v2\/types\/page"}],"author":[{"embeddable":true,"href":"https:\/\/gtspower.com\/es\/wp-json\/wp\/v2\/users\/1"}],"replies":[{"embeddable":true,"href":"https:\/\/gtspower.com\/es\/wp-json\/wp\/v2\/comments?post=4708"}],"version-history":[{"count":8,"href":"https:\/\/gtspower.com\/es\/wp-json\/wp\/v2\/pages\/4708\/revisions"}],"predecessor-version":[{"id":7182,"href":"https:\/\/gtspower.com\/es\/wp-json\/wp\/v2\/pages\/4708\/revisions\/7182"}],"up":[{"embeddable":true,"href":"https:\/\/gtspower.com\/es\/wp-json\/wp\/v2\/pages\/4386"}],"wp:attachment":[{"href":"https:\/\/gtspower.com\/es\/wp-json\/wp\/v2\/media?parent=4708"}],"curies":[{"name":"wp","href":"https:\/\/api.w.org\/{rel}","templated":true}]}}