{"id":4705,"date":"2017-11-23T14:42:02","date_gmt":"2017-11-23T14:42:02","guid":{"rendered":"http:\/\/gtspower.online\/?page_id=4705"},"modified":"2018-01-25T01:02:44","modified_gmt":"2018-01-25T01:02:44","slug":"producto-hmc50-li36","status":"publish","type":"page","link":"https:\/\/gtspower.com\/es\/productos\/computadoras-portatiles\/baterias\/producto-hmc50-li36\/","title":{"rendered":"Producto: HMC50-LI(36)"},"content":{"rendered":"<p><div class=\"fusion-fullwidth fullwidth-box fusion-builder-row-1 nonhundred-percent-fullwidth non-hundred-percent-height-scrolling\" style=\"--awb-border-radius-top-left:0px;--awb-border-radius-top-right:0px;--awb-border-radius-bottom-right:0px;--awb-border-radius-bottom-left:0px;--awb-padding-top:10px;--awb-padding-right:10px;--awb-padding-bottom:20px;--awb-padding-left:50px;--awb-flex-wrap:wrap;\" ><div class=\"fusion-builder-row fusion-row\"><div class=\"fusion-layout-column fusion_builder_column fusion-builder-column-0 fusion_builder_column_1_2 1_2 fusion-one-half fusion-column-first\" style=\"--awb-bg-size:cover;width:50%;width:calc(50% - ( ( 4% ) * 0.5 ) );margin-right: 4%;\"><div class=\"fusion-column-wrapper fusion-flex-column-wrapper-legacy\"><div class=\"fusion-text fusion-text-1\"><p><img decoding=\"async\" class=\"aligncenter size-full wp-image-958\" src=\"https:\/\/www.gtspower.com\/wp-content\/uploads\/products\/H-MC50-Li-36-453-x-309.png\" alt=\"HMC50-LI(36)\" width=\"453\" height=\"309\" srcset=\"https:\/\/gtspower.com\/wp-content\/uploads\/products\/H-MC50-Li-36-453-x-309-200x136.png 200w, https:\/\/gtspower.com\/wp-content\/uploads\/products\/H-MC50-Li-36-453-x-309-300x205.png 300w, https:\/\/gtspower.com\/wp-content\/uploads\/products\/H-MC50-Li-36-453-x-309-400x273.png 400w, https:\/\/gtspower.com\/wp-content\/uploads\/products\/H-MC50-Li-36-453-x-309.png 453w\" sizes=\"(max-width: 453px) 100vw, 453px\" \/><\/p>\n<\/div><div class=\"fusion-text fusion-text-2\"><p><div class=\"fusion-sep-clear\"><\/div><div class=\"fusion-separator fusion-full-width-sep\" style=\"margin-left: auto;margin-right: auto;margin-top:10px;margin-bottom:0px;width:100%;\"><\/div><div class=\"fusion-sep-clear\"><\/div><div class=\"fusion-button-wrapper fusion-aligncenter\"><a class=\"fusion-button button-flat fusion-button-default-size button-default fusion-button-default button-1 fusion-button-default-span fusion-button-default-type\" target=\"_self\" href=\"mailto:sales@gtspower.com?subject=I%27d%20like%20more%20information%20on%20HMC50-LI(36)\"><span class=\"fusion-button-text awb-button__text awb-button__text--default\">ENV\u00cdENOS UN CORREO PARA M\u00c1S INFORMACI\u00d3N<\/span><\/a><\/div><div class=\"fusion-sep-clear\"><\/div><div class=\"fusion-separator fusion-full-width-sep\" style=\"margin-left: auto;margin-right: auto;margin-top:10px;margin-bottom:0px;width:100%;\"><\/div><div class=\"fusion-sep-clear\"><\/div><\/p>\n<h3 style=\"text-align: center;\">Ll\u00e1manos para consultar el precio: 800-267-2711<\/h3>\n<\/div><div class=\"fusion-clearfix\"><\/div><\/div><\/div><div class=\"fusion-layout-column fusion_builder_column fusion-builder-column-1 fusion_builder_column_1_2 1_2 fusion-one-half fusion-column-last\" style=\"--awb-bg-size:cover;width:50%;width:calc(50% - ( ( 4% ) * 0.5 ) );\"><div class=\"fusion-column-wrapper fusion-flex-column-wrapper-legacy\"><div class=\"fusion-text fusion-text-3\"><h1><span class=\"productSKU\">HMC50-LI(36)<\/span><\/h1>\n<h3>Bater\u00eda de alta capacidad para Symbol MC50<\/h3>\n<div>\n<p>La bater\u00eda HMC50-Li(36)es un reemplazo directo para la bater\u00eda P\/N BTRYMC50EAB02, utilizada en los esc\u00e1neres y agendas electr\u00f3nicas de bolsillo Symbol MC5040. Contiene celdas de bater\u00eda de m\u00e1xima calidad que aumentan el tiempo de funcionamiento del dispositivo.<\/p>\n<\/div>\n<h3>Caracter\u00edsticas del Producto<\/h3>\n<ul>\n<li>Contiene celdas de bater\u00eda de m\u00e1xima calidad<\/li>\n<li>Excelentes caracter\u00edsticas de descarga<\/li>\n<li>Mayor vida \u00fatil<\/li>\n<li>Aumenta el tiempo de funcionamiento del dispositivo y reduce el total de bater\u00edas necesarias<\/li>\n<li>Ha sido sometida a pruebas rigurosas de temperatura, vibraci\u00f3n, descarga, ca\u00edda, cortocircuito y sobrecarga<\/li>\n<\/ul>\n<\/div><div class=\"fusion-clearfix\"><\/div><\/div><\/div><\/div><\/div><div class=\"fusion-fullwidth fullwidth-box fusion-builder-row-2 nonhundred-percent-fullwidth non-hundred-percent-height-scrolling\" style=\"--awb-border-radius-top-left:0px;--awb-border-radius-top-right:0px;--awb-border-radius-bottom-right:0px;--awb-border-radius-bottom-left:0px;--awb-padding-top:0px;--awb-padding-right:10px;--awb-padding-bottom:20px;--awb-padding-left:50px;--awb-flex-wrap:wrap;\" ><div class=\"fusion-builder-row fusion-row\"><div class=\"fusion-layout-column fusion_builder_column fusion-builder-column-2 fusion_builder_column_1_2 1_2 fusion-one-half fusion-column-first\" style=\"--awb-bg-size:cover;width:50%;width:calc(50% - ( ( 4% ) * 0.5 ) );margin-right: 4%;\"><div class=\"fusion-column-wrapper fusion-flex-column-wrapper-legacy\"><div class=\"fusion-text fusion-text-4\"><h2>Productos Relacionados<\/h2>\n<hr \/>\n<table width=\"100%\">\n<tbody>\n<tr>\n<td align=\"center\"><a href=\"https:\/\/gtspower.com\/es\/productos\/computadoras-portatiles\/baterias\/producto-hmc50-li\/\"><img decoding=\"async\" class=\"aligncenter wp-image-961\" src=\"https:\/\/www.gtspower.com\/wp-content\/uploads\/products\/H-MC50-Li-453-x-309.png\" alt=\"\" width=\"147\" height=\"100\" srcset=\"https:\/\/gtspower.com\/wp-content\/uploads\/products\/H-MC50-Li-453-x-309-200x136.png 200w, https:\/\/gtspower.com\/wp-content\/uploads\/products\/H-MC50-Li-453-x-309-300x205.png 300w, https:\/\/gtspower.com\/wp-content\/uploads\/products\/H-MC50-Li-453-x-309-400x273.png 400w, https:\/\/gtspower.com\/wp-content\/uploads\/products\/H-MC50-Li-453-x-309.png 453w\" sizes=\"(max-width: 147px) 100vw, 147px\" \/><\/a><\/p>\n<h3>HMC50-LI<\/h3>\n<\/td>\n<td align=\"center\">\n<h3><\/h3>\n<\/td>\n<\/tr>\n<\/tbody>\n<\/table>\n<\/div><div class=\"fusion-clearfix\"><\/div><\/div><\/div><div class=\"fusion-layout-column fusion_builder_column fusion-builder-column-3 fusion_builder_column_1_2 1_2 fusion-one-half fusion-column-last\" style=\"--awb-bg-size:cover;width:50%;width:calc(50% - ( ( 4% ) * 0.5 ) );\"><div class=\"fusion-column-wrapper fusion-flex-column-wrapper-legacy\"><div class=\"fusion-text fusion-text-5\"><h2>Especificaciones del Producto<\/h2>\n<hr \/>\n<p><strong>Capacidad<\/strong>: 3600<\/p>\n<p><b>Qu\u00edmica<\/b>: Ion de Litio<\/p>\n<p><strong>Voltaje<\/strong>: 3.7<\/p>\n<p><strong>Dimensiones<\/strong>: 60.9 x 13.1 x 76.3<\/p>\n<p><strong>Fabricante<\/strong>: SYMBOL<\/p>\n<p><strong>Modelos:\u00a0<\/strong>MC50<\/p>\n<p><strong>N\u00famero de parte<b class=\"b5\">:\u00a0<\/b><\/strong>BTRY\u2011MC50EAB02<\/p>\n<p><strong>Peso<\/strong>: 88 g<\/p>\n<p><strong>Garant\u00eda<\/strong>: 12 meses<\/p>\n<\/div><div class=\"fusion-clearfix\"><\/div><\/div><\/div><\/div><\/div><\/p>\n<div class=\"grammarly-disable-indicator\"><\/div>\n","protected":false},"excerpt":{"rendered":"","protected":false},"author":1,"featured_media":0,"parent":4386,"menu_order":0,"comment_status":"closed","ping_status":"closed","template":"","meta":{"footnotes":""},"class_list":["post-4705","page","type-page","status-publish","hentry"],"_links":{"self":[{"href":"https:\/\/gtspower.com\/es\/wp-json\/wp\/v2\/pages\/4705","targetHints":{"allow":["GET"]}}],"collection":[{"href":"https:\/\/gtspower.com\/es\/wp-json\/wp\/v2\/pages"}],"about":[{"href":"https:\/\/gtspower.com\/es\/wp-json\/wp\/v2\/types\/page"}],"author":[{"embeddable":true,"href":"https:\/\/gtspower.com\/es\/wp-json\/wp\/v2\/users\/1"}],"replies":[{"embeddable":true,"href":"https:\/\/gtspower.com\/es\/wp-json\/wp\/v2\/comments?post=4705"}],"version-history":[{"count":7,"href":"https:\/\/gtspower.com\/es\/wp-json\/wp\/v2\/pages\/4705\/revisions"}],"predecessor-version":[{"id":7180,"href":"https:\/\/gtspower.com\/es\/wp-json\/wp\/v2\/pages\/4705\/revisions\/7180"}],"up":[{"embeddable":true,"href":"https:\/\/gtspower.com\/es\/wp-json\/wp\/v2\/pages\/4386"}],"wp:attachment":[{"href":"https:\/\/gtspower.com\/es\/wp-json\/wp\/v2\/media?parent=4705"}],"curies":[{"name":"wp","href":"https:\/\/api.w.org\/{rel}","templated":true}]}}