{"id":4698,"date":"2017-11-23T14:18:40","date_gmt":"2017-11-23T14:18:40","guid":{"rendered":"http:\/\/gtspower.online\/?page_id=4698"},"modified":"2018-01-25T01:01:20","modified_gmt":"2018-01-25T01:01:20","slug":"producto-hmc3x00-lis","status":"publish","type":"page","link":"https:\/\/gtspower.com\/es\/productos\/computadoras-portatiles\/baterias\/producto-hmc3x00-lis\/","title":{"rendered":"Producto: HMC3X00-LI(S)"},"content":{"rendered":"<p><div class=\"fusion-fullwidth fullwidth-box fusion-builder-row-1 nonhundred-percent-fullwidth non-hundred-percent-height-scrolling\" style=\"--awb-border-radius-top-left:0px;--awb-border-radius-top-right:0px;--awb-border-radius-bottom-right:0px;--awb-border-radius-bottom-left:0px;--awb-padding-top:10px;--awb-padding-right:10px;--awb-padding-bottom:20px;--awb-padding-left:50px;--awb-flex-wrap:wrap;\" ><div class=\"fusion-builder-row fusion-row\"><div class=\"fusion-layout-column fusion_builder_column fusion-builder-column-0 fusion_builder_column_1_2 1_2 fusion-one-half fusion-column-first\" style=\"--awb-bg-size:cover;width:50%;width:calc(50% - ( ( 4% ) * 0.5 ) );margin-right: 4%;\"><div class=\"fusion-column-wrapper fusion-flex-column-wrapper-legacy\"><div class=\"fusion-text fusion-text-1\"><p><img decoding=\"async\" class=\"aligncenter size-full wp-image-1003\" src=\"https:\/\/www.gtspower.com\/wp-content\/uploads\/products\/HMC3X00-LiS_1.gif\" alt=\"HMC3X00-LI(S)\" width=\"453\" height=\"453\" \/><\/p>\n<\/div><div class=\"fusion-text fusion-text-2\"><p><div class=\"fusion-sep-clear\"><\/div><div class=\"fusion-separator fusion-full-width-sep\" style=\"margin-left: auto;margin-right: auto;margin-top:10px;margin-bottom:0px;width:100%;\"><\/div><div class=\"fusion-sep-clear\"><\/div><div class=\"fusion-button-wrapper fusion-aligncenter\"><a class=\"fusion-button button-flat fusion-button-default-size button-default fusion-button-default button-1 fusion-button-default-span fusion-button-default-type\" target=\"_self\" href=\"mailto:sales@gtspower.com?subject=I%27d%20like%20more%20information%20on%20HMC3X00-LI(S)\"><span class=\"fusion-button-text awb-button__text awb-button__text--default\">ENV\u00cdENOS UN CORREO PARA M\u00c1S INFORMACI\u00d3N<\/span><\/a><\/div><div class=\"fusion-sep-clear\"><\/div><div class=\"fusion-separator fusion-full-width-sep\" style=\"margin-left: auto;margin-right: auto;margin-top:10px;margin-bottom:0px;width:100%;\"><\/div><div class=\"fusion-sep-clear\"><\/div><\/p>\n<h3 style=\"text-align: center;\">Ll\u00e1manos para consultar el precio: 800-267-2711<\/h3>\n<\/div><div class=\"fusion-clearfix\"><\/div><\/div><\/div><div class=\"fusion-layout-column fusion_builder_column fusion-builder-column-1 fusion_builder_column_1_2 1_2 fusion-one-half fusion-column-last\" style=\"--awb-bg-size:cover;width:50%;width:calc(50% - ( ( 4% ) * 0.5 ) );\"><div class=\"fusion-column-wrapper fusion-flex-column-wrapper-legacy\"><div class=\"fusion-text fusion-text-3\"><h1><span class=\"productSKU\">HMC3X00-LI(S)<\/span><\/h1>\n<h3>Bater\u00eda de capacidad est\u00e1ndar para MC3000 \/ MC31XX<\/h3>\n<div>\n<p>La bater\u00eda HMC3X00-Li(S) es un reemplazo directo para la bater\u00eda BTRY-MC3XKAB0E, utilizada en los esc\u00e1neres l\u00e1ser Symbol MC3000\/MC3100.<\/p>\n<\/div>\n<h3>Caracter\u00edsticas del Producto<\/h3>\n<ul>\n<li>Contiene celdas de bater\u00eda de m\u00e1xima calidad<\/li>\n<li>Excelentes caracter\u00edsticas de descarga<\/li>\n<li>Mayor vida \u00fatil<\/li>\n<li>Aumenta el tiempo de funcionamiento y reduce el total de bater\u00edas necesarias<\/li>\n<li>Ha sido sometida a pruebas rigurosas de temperatura, vibraci\u00f3n, descarga, ca\u00edda, cortocircuito y sobrecarga<\/li>\n<\/ul>\n<p><a href=\"https:\/\/www.gtspower.com\/wp-content\/uploads\/pdf\/HMC3X00-LiS-Spec-Sheet-3-14.pdf\" target=\"_blank\" rel=\"noopener\">Ficha T\u00e9cnica<\/a><\/p>\n<\/div><div class=\"fusion-clearfix\"><\/div><\/div><\/div><\/div><\/div><div class=\"fusion-fullwidth fullwidth-box fusion-builder-row-2 nonhundred-percent-fullwidth non-hundred-percent-height-scrolling\" style=\"--awb-border-radius-top-left:0px;--awb-border-radius-top-right:0px;--awb-border-radius-bottom-right:0px;--awb-border-radius-bottom-left:0px;--awb-padding-top:0px;--awb-padding-right:10px;--awb-padding-bottom:20px;--awb-padding-left:50px;--awb-flex-wrap:wrap;\" ><div class=\"fusion-builder-row fusion-row\"><div class=\"fusion-layout-column fusion_builder_column fusion-builder-column-2 fusion_builder_column_1_2 1_2 fusion-one-half fusion-column-first\" style=\"--awb-bg-size:cover;width:50%;width:calc(50% - ( ( 4% ) * 0.5 ) );margin-right: 4%;\"><div class=\"fusion-column-wrapper fusion-flex-column-wrapper-legacy\"><div class=\"fusion-text fusion-text-4\"><h2>Productos Relacionados<\/h2>\n<hr \/>\n<\/div><div class=\"fusion-builder-row fusion-builder-row-inner fusion-row\"><div class=\"fusion-layout-column fusion_builder_column_inner fusion-builder-nested-column-0 fusion_builder_column_inner_1_3 1_3 fusion-one-third fusion-column-first\" style=\"--awb-padding-right:5px;--awb-padding-left:5px;--awb-bg-size:cover;width:33.333333333333%;width:calc(33.333333333333% - ( ( 4% + 4% ) * 0.33333333333333 ) );margin-right: 4%;\"><div class=\"fusion-column-wrapper fusion-flex-column-wrapper-legacy\"><div class=\"fusion-text fusion-text-5\"><p><a class=\"nowrap\" href=\"https:\/\/gtspower.com\/es\/productos\/computadoras-portatiles\/cargadores\/hch-3006-chg\/\"><img decoding=\"async\" class=\"aligncenter wp-image-1153\" src=\"https:\/\/www.gtspower.com\/wp-content\/uploads\/products\/HCH-3006-2.png\" alt=\"HCH-3006-CHG\" width=\"147\" height=\"100\" srcset=\"https:\/\/gtspower.com\/wp-content\/uploads\/products\/HCH-3006-2-200x136.png 200w, https:\/\/gtspower.com\/wp-content\/uploads\/products\/HCH-3006-2-300x205.png 300w, https:\/\/gtspower.com\/wp-content\/uploads\/products\/HCH-3006-2-400x273.png 400w, https:\/\/gtspower.com\/wp-content\/uploads\/products\/HCH-3006-2.png 453w\" sizes=\"(max-width: 147px) 100vw, 147px\" \/><\/a><\/p>\n<p style=\"text-align: center;\">HCH-3006-CHG<\/p>\n<\/div><div class=\"fusion-clearfix\"><\/div><\/div><\/div><div class=\"fusion-layout-column fusion_builder_column_inner fusion-builder-nested-column-1 fusion_builder_column_inner_1_3 1_3 fusion-one-third\" style=\"--awb-padding-right:5px;--awb-padding-left:5px;--awb-bg-size:cover;width:33.333333333333%;width:calc(33.333333333333% - ( ( 4% + 4% ) * 0.33333333333333 ) );margin-right: 4%;\"><div class=\"fusion-column-wrapper fusion-flex-column-wrapper-legacy\"><div class=\"fusion-text fusion-text-6\"><p><a class=\"nowrap\" href=\"https:\/\/gtspower.com\/es\/productos\/computadoras-portatiles\/cargadores\/hch-3030-chg\/\"><img decoding=\"async\" class=\"aligncenter wp-image-1158\" src=\"https:\/\/www.gtspower.com\/wp-content\/uploads\/products\/HCH-3030-CHG-453-x-309.gif\" alt=\"HCH-3030-CHG\" width=\"147\" height=\"100\" \/><\/a><\/p>\n<p style=\"text-align: center;\">HCH-3030-CHG<\/p>\n<\/div><div class=\"fusion-clearfix\"><\/div><\/div><\/div><div class=\"fusion-layout-column fusion_builder_column_inner fusion-builder-nested-column-2 fusion_builder_column_inner_1_3 1_3 fusion-one-third fusion-column-last\" style=\"--awb-padding-right:5px;--awb-padding-left:5px;--awb-bg-size:cover;width:33.333333333333%;width:calc(33.333333333333% - ( ( 4% + 4% ) * 0.33333333333333 ) );\"><div class=\"fusion-column-wrapper fusion-flex-column-wrapper-legacy\"><div class=\"fusion-text fusion-text-7\"><p><a class=\"nowrap\" href=\"https:\/\/gtspower.com\/es\/productos\/computadoras-portatiles\/baterias\/producto-hmc3x00-lih\/\"><img decoding=\"async\" class=\"aligncenter wp-image-1001\" src=\"https:\/\/www.gtspower.com\/wp-content\/uploads\/products\/HMC3X00-LiH.gif\" alt=\"HMC3X00-LI(H)\" width=\"146\" height=\"100\" \/><\/a><\/p>\n<p style=\"text-align: center;\">HMC3X00-LI(H)<\/p>\n<\/div><div class=\"fusion-clearfix\"><\/div><\/div><\/div><\/div><div class=\"fusion-clearfix\"><\/div><\/div><\/div><div class=\"fusion-layout-column fusion_builder_column fusion-builder-column-3 fusion_builder_column_1_2 1_2 fusion-one-half fusion-column-last\" style=\"--awb-bg-size:cover;width:50%;width:calc(50% - ( ( 4% ) * 0.5 ) );\"><div class=\"fusion-column-wrapper fusion-flex-column-wrapper-legacy\"><div class=\"fusion-text fusion-text-8\"><h2>Especificaciones del Producto<\/h2>\n<hr \/>\n<p><strong>Capacidad<\/strong>: 2740<\/p>\n<p><b>Qu\u00edmica<\/b>: Ion de Litio<\/p>\n<p><strong>Voltaje<\/strong>: 3.7<\/p>\n<p><strong>Dimensiones<\/strong>: 39.8 x 12.1 x 75.8<\/p>\n<p><strong>Fabricante<\/strong>: SYMBOL<\/p>\n<p><strong>Modelos:\u00a0<\/strong>MC3000 \/ MC31XX<\/p>\n<p><strong>N\u00famero de parte<b class=\"b5\">:<\/b><\/strong> BTRY\u2011MC3XKABOE<\/p>\n<p><strong>Peso<\/strong>: 56 g<\/p>\n<p><strong>Garant\u00eda:<\/strong>\u00a012 meses<\/p>\n<\/div><div class=\"fusion-clearfix\"><\/div><\/div><\/div><\/div><\/div><\/p>\n<div class=\"grammarly-disable-indicator\"><\/div>\n","protected":false},"excerpt":{"rendered":"","protected":false},"author":1,"featured_media":0,"parent":4386,"menu_order":0,"comment_status":"closed","ping_status":"closed","template":"","meta":{"footnotes":""},"class_list":["post-4698","page","type-page","status-publish","hentry"],"_links":{"self":[{"href":"https:\/\/gtspower.com\/es\/wp-json\/wp\/v2\/pages\/4698","targetHints":{"allow":["GET"]}}],"collection":[{"href":"https:\/\/gtspower.com\/es\/wp-json\/wp\/v2\/pages"}],"about":[{"href":"https:\/\/gtspower.com\/es\/wp-json\/wp\/v2\/types\/page"}],"author":[{"embeddable":true,"href":"https:\/\/gtspower.com\/es\/wp-json\/wp\/v2\/users\/1"}],"replies":[{"embeddable":true,"href":"https:\/\/gtspower.com\/es\/wp-json\/wp\/v2\/comments?post=4698"}],"version-history":[{"count":7,"href":"https:\/\/gtspower.com\/es\/wp-json\/wp\/v2\/pages\/4698\/revisions"}],"predecessor-version":[{"id":7178,"href":"https:\/\/gtspower.com\/es\/wp-json\/wp\/v2\/pages\/4698\/revisions\/7178"}],"up":[{"embeddable":true,"href":"https:\/\/gtspower.com\/es\/wp-json\/wp\/v2\/pages\/4386"}],"wp:attachment":[{"href":"https:\/\/gtspower.com\/es\/wp-json\/wp\/v2\/media?parent=4698"}],"curies":[{"name":"wp","href":"https:\/\/api.w.org\/{rel}","templated":true}]}}