{"id":4665,"date":"2017-11-23T01:45:38","date_gmt":"2017-11-23T01:45:38","guid":{"rendered":"http:\/\/gtspower.online\/?page_id=4665"},"modified":"2018-01-25T00:59:05","modified_gmt":"2018-01-25T00:59:05","slug":"producto-hcn70-li","status":"publish","type":"page","link":"https:\/\/gtspower.com\/es\/productos\/computadoras-portatiles\/baterias\/producto-hcn70-li\/","title":{"rendered":"Producto: HCN70-Li"},"content":{"rendered":"<p><div class=\"fusion-fullwidth fullwidth-box fusion-builder-row-1 nonhundred-percent-fullwidth non-hundred-percent-height-scrolling\" style=\"--awb-border-radius-top-left:0px;--awb-border-radius-top-right:0px;--awb-border-radius-bottom-right:0px;--awb-border-radius-bottom-left:0px;--awb-padding-top:10px;--awb-padding-right:10px;--awb-padding-bottom:20px;--awb-padding-left:50px;--awb-flex-wrap:wrap;\" ><div class=\"fusion-builder-row fusion-row\"><div class=\"fusion-layout-column fusion_builder_column fusion-builder-column-0 fusion_builder_column_1_2 1_2 fusion-one-half fusion-column-first\" style=\"--awb-bg-size:cover;width:50%;width:calc(50% - ( ( 4% ) * 0.5 ) );margin-right: 4%;\"><div class=\"fusion-column-wrapper fusion-flex-column-wrapper-legacy\"><div class=\"fusion-text fusion-text-1\"><p><img decoding=\"async\" class=\"aligncenter size-full wp-image-995\" src=\"https:\/\/www.gtspower.com\/wp-content\/uploads\/products\/HCN70-Li.png\" alt=\"HCN70-Li\" width=\"433\" height=\"309\" srcset=\"https:\/\/gtspower.com\/wp-content\/uploads\/products\/HCN70-Li-200x143.png 200w, https:\/\/gtspower.com\/wp-content\/uploads\/products\/HCN70-Li-300x214.png 300w, https:\/\/gtspower.com\/wp-content\/uploads\/products\/HCN70-Li-400x285.png 400w, https:\/\/gtspower.com\/wp-content\/uploads\/products\/HCN70-Li.png 433w\" sizes=\"(max-width: 433px) 100vw, 433px\" \/><\/p>\n<p>&nbsp;<\/p>\n<\/div><div class=\"fusion-text fusion-text-2\"><p><div class=\"fusion-sep-clear\"><\/div><div class=\"fusion-separator fusion-full-width-sep\" style=\"margin-left: auto;margin-right: auto;margin-top:10px;margin-bottom:0px;width:100%;\"><\/div><div class=\"fusion-sep-clear\"><\/div><div class=\"fusion-button-wrapper fusion-aligncenter\"><a class=\"fusion-button button-flat fusion-button-default-size button-default fusion-button-default button-1 fusion-button-default-span fusion-button-default-type\" target=\"_self\" href=\"mailto:sales@gtspower.com?subject=I%27d%20like%20more%20information%20on%20HCN70-Li\"><span class=\"fusion-button-text awb-button__text awb-button__text--default\">ENV\u00cdENOS UN CORREO PARA M\u00c1S INFORMACI\u00d3N<\/span><\/a><\/div><div class=\"fusion-sep-clear\"><\/div><div class=\"fusion-separator fusion-full-width-sep\" style=\"margin-left: auto;margin-right: auto;margin-top:10px;margin-bottom:0px;width:100%;\"><\/div><div class=\"fusion-sep-clear\"><\/div><\/p>\n<h3 style=\"text-align: center;\">Ll\u00e1manos para consultar el precio: 800-267-2711<\/h3>\n<p>&nbsp;<\/p>\n<\/div><div class=\"fusion-clearfix\"><\/div><\/div><\/div><div class=\"fusion-layout-column fusion_builder_column fusion-builder-column-1 fusion_builder_column_1_2 1_2 fusion-one-half fusion-column-last\" style=\"--awb-bg-size:cover;width:50%;width:calc(50% - ( ( 4% ) * 0.5 ) );\"><div class=\"fusion-column-wrapper fusion-flex-column-wrapper-legacy\"><div class=\"fusion-text fusion-text-3\"><h1><span class=\"productSKU\">HCN70-Li<\/span><\/h1>\n<h3>Bater\u00eda para CN70<\/h3>\n<div>La bater\u00eda HCN70-Li es un reemplazo directo para las bater\u00edas 318-043-002 \/ 318-043-012 \/ 318-043-022 \/ 318-043-023, utilizadas en dispositivos Intermec CN70 \/ CN70e.<\/div>\n<h3>Caracter\u00edsticas del Producto<\/h3>\n<ul>\n<li>Contiene celdas de bater\u00eda de m\u00e1xima calidad<\/li>\n<li>Excelente caracter\u00edsticas de descarga<\/li>\n<li>Mayor vida \u00fatil para una operaci\u00f3n confiable<\/li>\n<li>Ha sido sometida a pruebas rigurosas de temperatura, vibraci\u00f3n, descarga, ca\u00edda, cortocircuito y sobrecarga<\/li>\n<li>Aumenta el tiempo de funcionamiento del dispositivo y reduce el total de bater\u00edas necesarias<\/li>\n<li>Liviana para mayor comodidad del usuario<\/li>\n<\/ul>\n<p><a href=\"https:\/\/www.gtspower.com\/wp-content\/uploads\/pdf\/HCN70-Li-Mobile-Comp-Spec-Sheet-11-14-16-1.pdf\">Ficha T\u00e9cnica<\/a><\/p>\n<p>&nbsp;<\/p>\n<\/div><div class=\"fusion-clearfix\"><\/div><\/div><\/div><\/div><\/div><div class=\"fusion-fullwidth fullwidth-box fusion-builder-row-2 nonhundred-percent-fullwidth non-hundred-percent-height-scrolling\" style=\"--awb-border-radius-top-left:0px;--awb-border-radius-top-right:0px;--awb-border-radius-bottom-right:0px;--awb-border-radius-bottom-left:0px;--awb-padding-top:0px;--awb-padding-right:10px;--awb-padding-bottom:20px;--awb-padding-left:50px;--awb-flex-wrap:wrap;\" ><div class=\"fusion-builder-row fusion-row\"><div class=\"fusion-layout-column fusion_builder_column fusion-builder-column-2 fusion_builder_column_1_2 1_2 fusion-one-half fusion-column-first\" style=\"--awb-bg-size:cover;width:50%;width:calc(50% - ( ( 4% ) * 0.5 ) );margin-right: 4%;\"><div class=\"fusion-column-wrapper fusion-flex-column-wrapper-legacy\"><div class=\"fusion-text fusion-text-4\"><h2>Productos Relacionados<\/h2>\n<hr \/>\n<table width=\"100%\">\n<tbody>\n<tr>\n<td align=\"center\"><a href=\"https:\/\/gtspower.com\/es\/productos\/computadoras-portatiles\/baterias\/producto-hcn50-li\/\"><img decoding=\"async\" class=\"aligncenter wp-image-989\" src=\"https:\/\/www.gtspower.com\/wp-content\/uploads\/products\/HCN50-LI-cropped.jpg\" alt=\"\" width=\"148\" height=\"100\" srcset=\"https:\/\/gtspower.com\/wp-content\/uploads\/products\/HCN50-LI-cropped-200x135.jpg 200w, https:\/\/gtspower.com\/wp-content\/uploads\/products\/HCN50-LI-cropped-300x202.jpg 300w, https:\/\/gtspower.com\/wp-content\/uploads\/products\/HCN50-LI-cropped-400x270.jpg 400w, https:\/\/gtspower.com\/wp-content\/uploads\/products\/HCN50-LI-cropped.jpg 458w\" sizes=\"(max-width: 148px) 100vw, 148px\" \/><\/a><\/p>\n<h3>HCN50-LI<\/h3>\n<\/td>\n<td align=\"center\"><a href=\"https:\/\/gtspower.com\/es\/productos\/computadoras-portatiles\/cargadores\/hch-cn50dc-chg\/\"><img decoding=\"async\" class=\"aligncenter wp-image-1177\" src=\"https:\/\/www.gtspower.com\/wp-content\/uploads\/products\/HCH-CN50-DC.gif\" alt=\"HCH-CN50DC-CHG\" width=\"147\" height=\"100\" \/><\/a><\/p>\n<h3>HCH-CN50DC-CHG<\/h3>\n<\/td>\n<td align=\"center\"><\/td>\n<\/tr>\n<\/tbody>\n<\/table>\n<p>&nbsp;<\/p>\n<\/div><div class=\"fusion-clearfix\"><\/div><\/div><\/div><div class=\"fusion-layout-column fusion_builder_column fusion-builder-column-3 fusion_builder_column_1_2 1_2 fusion-one-half fusion-column-last\" style=\"--awb-bg-size:cover;width:50%;width:calc(50% - ( ( 4% ) * 0.5 ) );\"><div class=\"fusion-column-wrapper fusion-flex-column-wrapper-legacy\"><div class=\"fusion-text fusion-text-5\"><h2>Especificaciones del Producto<\/h2>\n<hr \/>\n<p><strong>Capacidad<\/strong>: 4000 MAH<\/p>\n<p><b>Qu\u00edmica<\/b>: Ion de Litio<\/p>\n<p><strong>Voltaje<\/strong>: 3.7 V<\/p>\n<p><strong>Dimensiones<\/strong>: 73.1 x 55.1 x 17.1<\/p>\n<p><strong>Fabricante<\/strong>: INTERMEC<\/p>\n<p><strong>Modelos:\u00a0<\/strong>Serie CN70<\/p>\n<p><strong>Peso<\/strong>: 98 g<\/p>\n<p><strong>Garant\u00eda<\/strong>: 12 meses<\/p>\n<\/div><div class=\"fusion-clearfix\"><\/div><\/div><\/div><\/div><\/div><\/p>\n<div class=\"grammarly-disable-indicator\"><\/div>\n","protected":false},"excerpt":{"rendered":"","protected":false},"author":1,"featured_media":0,"parent":4386,"menu_order":0,"comment_status":"closed","ping_status":"closed","template":"","meta":{"footnotes":""},"class_list":["post-4665","page","type-page","status-publish","hentry"],"_links":{"self":[{"href":"https:\/\/gtspower.com\/es\/wp-json\/wp\/v2\/pages\/4665","targetHints":{"allow":["GET"]}}],"collection":[{"href":"https:\/\/gtspower.com\/es\/wp-json\/wp\/v2\/pages"}],"about":[{"href":"https:\/\/gtspower.com\/es\/wp-json\/wp\/v2\/types\/page"}],"author":[{"embeddable":true,"href":"https:\/\/gtspower.com\/es\/wp-json\/wp\/v2\/users\/1"}],"replies":[{"embeddable":true,"href":"https:\/\/gtspower.com\/es\/wp-json\/wp\/v2\/comments?post=4665"}],"version-history":[{"count":7,"href":"https:\/\/gtspower.com\/es\/wp-json\/wp\/v2\/pages\/4665\/revisions"}],"predecessor-version":[{"id":7163,"href":"https:\/\/gtspower.com\/es\/wp-json\/wp\/v2\/pages\/4665\/revisions\/7163"}],"up":[{"embeddable":true,"href":"https:\/\/gtspower.com\/es\/wp-json\/wp\/v2\/pages\/4386"}],"wp:attachment":[{"href":"https:\/\/gtspower.com\/es\/wp-json\/wp\/v2\/media?parent=4665"}],"curies":[{"name":"wp","href":"https:\/\/api.w.org\/{rel}","templated":true}]}}