{"id":4632,"date":"2017-11-22T16:58:05","date_gmt":"2017-11-22T16:58:05","guid":{"rendered":"http:\/\/gtspower.online\/?page_id=4632"},"modified":"2018-01-24T23:30:22","modified_gmt":"2018-01-24T23:30:22","slug":"ha720-lis-2","status":"publish","type":"page","link":"https:\/\/gtspower.com\/es\/productos\/computadoras-portatiles\/baterias\/ha720-lis-2\/","title":{"rendered":"HA720-Li(S)"},"content":{"rendered":"<p><div class=\"fusion-fullwidth fullwidth-box fusion-builder-row-1 nonhundred-percent-fullwidth non-hundred-percent-height-scrolling\" style=\"--awb-border-radius-top-left:0px;--awb-border-radius-top-right:0px;--awb-border-radius-bottom-right:0px;--awb-border-radius-bottom-left:0px;--awb-padding-top:10px;--awb-padding-right:10px;--awb-padding-bottom:20px;--awb-padding-left:50px;--awb-flex-wrap:wrap;\" ><div class=\"fusion-builder-row fusion-row\"><div class=\"fusion-layout-column fusion_builder_column fusion-builder-column-0 fusion_builder_column_1_2 1_2 fusion-one-half fusion-column-first\" style=\"--awb-bg-size:cover;width:50%;width:calc(50% - ( ( 4% ) * 0.5 ) );margin-right: 4%;\"><div class=\"fusion-column-wrapper fusion-flex-column-wrapper-legacy\"><div class=\"fusion-text fusion-text-1\"><p><img decoding=\"async\" class=\"aligncenter size-full wp-image-4270\" src=\"https:\/\/www.gtspower.com\/wp-content\/uploads\/products\/HA720-LiS-453x309.jpg\" alt=\"HA720-Li(S)\" width=\"453\" height=\"309\" \/><\/p>\n<\/div><div class=\"fusion-text fusion-text-2\"><p><div class=\"fusion-sep-clear\"><\/div><div class=\"fusion-separator fusion-full-width-sep\" style=\"margin-left: auto;margin-right: auto;margin-top:10px;margin-bottom:0px;width:100%;\"><\/div><div class=\"fusion-sep-clear\"><\/div><div class=\"fusion-button-wrapper fusion-aligncenter\"><a class=\"fusion-button button-flat fusion-button-default-size button-default fusion-button-default button-1 fusion-button-default-span fusion-button-default-type\" target=\"_self\" href=\"mailto:sales@gtspower.com?subject=I%27d%20like%20more%20information%20on%20HA720-Li(S)\"><span class=\"fusion-button-text awb-button__text awb-button__text--default\">ENV\u00cdENOS UN CORREO PARA M\u00c1S INFORMACI\u00d3N<\/span><\/a><\/div><div class=\"fusion-sep-clear\"><\/div><div class=\"fusion-separator fusion-full-width-sep\" style=\"margin-left: auto;margin-right: auto;margin-top:10px;margin-bottom:0px;width:100%;\"><\/div><div class=\"fusion-sep-clear\"><\/div><\/p>\n<h3 style=\"text-align: center;\">Ll\u00e1manos para consultar el precio: 800-267-2711<\/h3>\n<\/div><div class=\"fusion-clearfix\"><\/div><\/div><\/div><div class=\"fusion-layout-column fusion_builder_column fusion-builder-column-1 fusion_builder_column_1_2 1_2 fusion-one-half fusion-column-last\" style=\"--awb-bg-size:cover;width:50%;width:calc(50% - ( ( 4% ) * 0.5 ) );\"><div class=\"fusion-column-wrapper fusion-flex-column-wrapper-legacy\"><div class=\"fusion-text fusion-text-3\"><h1>HA720-Li(S)<\/h1>\n<h3>Bater\u00eda para esc\u00e1neres de c\u00f3digo de barras Vocollect <span style=\"font-weight: 400;\"><strong>A710 y<\/strong>\u00a0<\/span>A720<\/h3>\n<p>La bater\u00eda HA720-Li(S) es un reemplazo directo para la bater\u00eda P\/N HBT-901, utilizada en los esc\u00e1neres de c\u00f3digo de barras Vocollect <span style=\"font-weight: 400;\">A710 y<\/span>\u00a0A720. Ha sido dise\u00f1ada para maximizar el rendimiento del esc\u00e1ner Vocollect.<\/p>\n<p><a href=\"https:\/\/www.gtspower.com\/wp-content\/uploads\/pdf\/HA720-LiS_Spec-Sheet_17.10.10-2.pdf\">Ficha T\u00e9cnica<\/a><\/p>\n<h3>Caracter\u00edsticas del Producto<\/h3>\n<ul>\n<li>Contiene celdas de bater\u00eda de m\u00e1xima calidad<\/li>\n<li>Excelentes caracter\u00edsticas de descarga<\/li>\n<li>Mayor vida \u00fatil<\/li>\n<li>Aumenta el tiempo de funcionamiento del dispositivo y reduce el total de bater\u00edas necesarias<\/li>\n<li>Ha sido sometida a pruebas rigurosas de temperatura, vibraci\u00f3n, descarga, ca\u00edda, cortocircuito y sobrecarga<\/li>\n<\/ul>\n<\/div><div class=\"fusion-clearfix\"><\/div><\/div><\/div><\/div><\/div><div class=\"fusion-fullwidth fullwidth-box fusion-builder-row-2 nonhundred-percent-fullwidth non-hundred-percent-height-scrolling\" style=\"--awb-border-radius-top-left:0px;--awb-border-radius-top-right:0px;--awb-border-radius-bottom-right:0px;--awb-border-radius-bottom-left:0px;--awb-padding-top:0px;--awb-padding-right:10px;--awb-padding-bottom:20px;--awb-padding-left:50px;--awb-flex-wrap:wrap;\" ><div class=\"fusion-builder-row fusion-row\"><div class=\"fusion-layout-column fusion_builder_column fusion-builder-column-2 fusion_builder_column_1_2 1_2 fusion-one-half fusion-column-first\" style=\"--awb-bg-size:cover;width:50%;width:calc(50% - ( ( 4% ) * 0.5 ) );margin-right: 4%;\"><div class=\"fusion-column-wrapper fusion-flex-column-wrapper-legacy\"><div class=\"fusion-clearfix\"><\/div><\/div><\/div><div class=\"fusion-layout-column fusion_builder_column fusion-builder-column-3 fusion_builder_column_1_2 1_2 fusion-one-half fusion-column-last\" style=\"--awb-bg-size:cover;width:50%;width:calc(50% - ( ( 4% ) * 0.5 ) );\"><div class=\"fusion-column-wrapper fusion-flex-column-wrapper-legacy\"><div class=\"fusion-text fusion-text-4\"><h2>Especificaciones del Producto<\/h2>\n<hr \/>\n<p><strong>Capacidad<\/strong>: 3300<\/p>\n<p><strong>Qu\u00edmica<\/strong>: Ion de L\u00edtio<\/p>\n<p><strong>Voltaje<\/strong>: 3,7<\/p>\n<p><strong>Dimensiones<\/strong>: 26.4 x 33.1 x 92.3 (67 x 84 x 234)<\/p>\n<p><strong>Fabricante<\/strong>: Vocollect<\/p>\n<p><strong>Modelos:\u00a0<span style=\"font-weight: 400;\">A710 \/\u00a0<\/span><\/strong>A720<\/p>\n<p><strong>N\u00famero de parte<b class=\"b5\">:<\/b><\/strong>\u00a0HBT-901<\/p>\n<p><strong>Peso<\/strong>: 84 g<\/p>\n<\/div><div class=\"fusion-clearfix\"><\/div><\/div><\/div><\/div><\/div><\/p>\n<div class=\"grammarly-disable-indicator\"><\/div>\n","protected":false},"excerpt":{"rendered":"","protected":false},"author":1,"featured_media":0,"parent":4386,"menu_order":0,"comment_status":"closed","ping_status":"closed","template":"","meta":{"footnotes":""},"class_list":["post-4632","page","type-page","status-publish","hentry"],"_links":{"self":[{"href":"https:\/\/gtspower.com\/es\/wp-json\/wp\/v2\/pages\/4632","targetHints":{"allow":["GET"]}}],"collection":[{"href":"https:\/\/gtspower.com\/es\/wp-json\/wp\/v2\/pages"}],"about":[{"href":"https:\/\/gtspower.com\/es\/wp-json\/wp\/v2\/types\/page"}],"author":[{"embeddable":true,"href":"https:\/\/gtspower.com\/es\/wp-json\/wp\/v2\/users\/1"}],"replies":[{"embeddable":true,"href":"https:\/\/gtspower.com\/es\/wp-json\/wp\/v2\/comments?post=4632"}],"version-history":[{"count":10,"href":"https:\/\/gtspower.com\/es\/wp-json\/wp\/v2\/pages\/4632\/revisions"}],"predecessor-version":[{"id":7011,"href":"https:\/\/gtspower.com\/es\/wp-json\/wp\/v2\/pages\/4632\/revisions\/7011"}],"up":[{"embeddable":true,"href":"https:\/\/gtspower.com\/es\/wp-json\/wp\/v2\/pages\/4386"}],"wp:attachment":[{"href":"https:\/\/gtspower.com\/es\/wp-json\/wp\/v2\/media?parent=4632"}],"curies":[{"name":"wp","href":"https:\/\/api.w.org\/{rel}","templated":true}]}}