{"id":4602,"date":"2017-11-19T15:13:55","date_gmt":"2017-11-19T15:13:55","guid":{"rendered":"http:\/\/gtspower.online\/?page_id=4602"},"modified":"2018-01-25T00:54:54","modified_gmt":"2018-01-25T00:54:54","slug":"producto-h6800-li","status":"publish","type":"page","link":"https:\/\/gtspower.com\/es\/productos\/computadoras-portatiles\/baterias\/producto-h6800-li\/","title":{"rendered":"Producto: H6800-LI"},"content":{"rendered":"<p><div class=\"fusion-fullwidth fullwidth-box fusion-builder-row-1 nonhundred-percent-fullwidth non-hundred-percent-height-scrolling\" style=\"--awb-border-radius-top-left:0px;--awb-border-radius-top-right:0px;--awb-border-radius-bottom-right:0px;--awb-border-radius-bottom-left:0px;--awb-padding-top:10px;--awb-padding-right:10px;--awb-padding-bottom:20px;--awb-padding-left:50px;--awb-flex-wrap:wrap;\" ><div class=\"fusion-builder-row fusion-row\"><div class=\"fusion-layout-column fusion_builder_column fusion-builder-column-0 fusion_builder_column_1_2 1_2 fusion-one-half fusion-column-first\" style=\"--awb-bg-size:cover;width:50%;width:calc(50% - ( ( 4% ) * 0.5 ) );margin-right: 4%;\"><div class=\"fusion-column-wrapper fusion-flex-column-wrapper-legacy\"><div class=\"fusion-text fusion-text-1\"><p><img decoding=\"async\" class=\"aligncenter size-full wp-image-972\" src=\"https:\/\/www.gtspower.com\/wp-content\/uploads\/products\/H6800-Li-453-x-309.gif\" alt=\"H6800-LI\" width=\"453\" height=\"309\" \/><\/p>\n<\/div><div class=\"fusion-text fusion-text-2\"><p><div class=\"fusion-sep-clear\"><\/div><div class=\"fusion-separator fusion-full-width-sep\" style=\"margin-left: auto;margin-right: auto;margin-top:10px;margin-bottom:0px;width:100%;\"><\/div><div class=\"fusion-sep-clear\"><\/div><div class=\"fusion-button-wrapper fusion-aligncenter\"><a class=\"fusion-button button-flat fusion-button-default-size button-default fusion-button-default button-1 fusion-button-default-span fusion-button-default-type\" target=\"_self\" href=\"mailto:sales@gtspower.com?subject=I%27d%20like%20more%20information%20on%20H6800-LI\"><span class=\"fusion-button-text awb-button__text awb-button__text--default\">ENV\u00cdENOS UN CORREO PARA M\u00c1S INFORMACI\u00d3N<\/span><\/a><\/div><div class=\"fusion-sep-clear\"><\/div><div class=\"fusion-separator fusion-full-width-sep\" style=\"margin-left: auto;margin-right: auto;margin-top:10px;margin-bottom:0px;width:100%;\"><\/div><div class=\"fusion-sep-clear\"><\/div><\/p>\n<h3 style=\"text-align: center;\">Ll\u00e1manos para consultar el precio: 800-267-2711<\/h3>\n<\/div><div class=\"fusion-clearfix\"><\/div><\/div><\/div><div class=\"fusion-layout-column fusion_builder_column fusion-builder-column-1 fusion_builder_column_1_2 1_2 fusion-one-half fusion-column-last\" style=\"--awb-bg-size:cover;width:50%;width:calc(50% - ( ( 4% ) * 0.5 ) );\"><div class=\"fusion-column-wrapper fusion-flex-column-wrapper-legacy\"><div class=\"fusion-text fusion-text-3\"><h1><span class=\"productSKU\">H6800-LI<\/span><\/h1>\n<h3>Bater\u00eda para Symbol serie PDT6800<\/h3>\n<div>\n<p>\u00a0La H6800-Li es una bater\u00eda de repuesto para las bater\u00edas P\/N 21-54348-01 y 21-40340-01, utilizadas en los esc\u00e1neres port\u00e1tiles Symbol serie 6800. Brinda hasta un 15% m\u00e1s de tiempo de funcionamiento que las bater\u00edas est\u00e1ndar.<\/p>\n<\/div>\n<h3>Caracter\u00edsticas del Producto<\/h3>\n<ul>\n<li>Contiene celdas de bater\u00eda de m\u00e1xima calidad y calibraci\u00f3n<\/li>\n<li>Excelentes caracter\u00edsticas de descarga<\/li>\n<li>Brinda un mayor tiempo de funcionamiento (15% m\u00e1s al de las bater\u00edas est\u00e1ndar)<\/li>\n<li>Funcionamiento de larga duraci\u00f3n<\/li>\n<li>Pol\u00edmeros de alto impacto para mayor resistencia<\/li>\n<li>Pruebas rigurosas de temperatura, vibraci\u00f3n, descarga, ca\u00edda, cortocircuito y sobrecarga<\/li>\n<\/ul>\n<\/div><div class=\"fusion-clearfix\"><\/div><\/div><\/div><\/div><\/div><div class=\"fusion-fullwidth fullwidth-box fusion-builder-row-2 nonhundred-percent-fullwidth non-hundred-percent-height-scrolling\" style=\"--awb-border-radius-top-left:0px;--awb-border-radius-top-right:0px;--awb-border-radius-bottom-right:0px;--awb-border-radius-bottom-left:0px;--awb-padding-top:0px;--awb-padding-right:10px;--awb-padding-bottom:20px;--awb-padding-left:50px;--awb-flex-wrap:wrap;\" ><div class=\"fusion-builder-row fusion-row\"><div class=\"fusion-layout-column fusion_builder_column fusion-builder-column-2 fusion_builder_column_1_2 1_2 fusion-one-half fusion-column-first\" style=\"--awb-bg-size:cover;width:50%;width:calc(50% - ( ( 4% ) * 0.5 ) );margin-right: 4%;\"><div class=\"fusion-column-wrapper fusion-flex-column-wrapper-legacy\"><div class=\"fusion-text fusion-text-4\"><h2>Productos Relacionados<\/h2>\n<hr \/>\n<table width=\"100%\">\n<tbody>\n<tr>\n<td align=\"center\"><a href=\"https:\/\/gtspower.com\/es\/productos\/computadoras-portatiles\/baterias\/producto-h6100-m\/\"><img decoding=\"async\" class=\"aligncenter wp-image-973\" src=\"https:\/\/www.gtspower.com\/wp-content\/uploads\/products\/H6100-M-453-x-309_1.gif\" alt=\"H6100-M\" width=\"147\" height=\"100\" \/><\/a><\/p>\n<h3>H6100-M<\/h3>\n<\/td>\n<td align=\"center\"><a href=\"https:\/\/gtspower.com\/es\/productos\/computadoras-portatiles\/baterias\/producto-hs7500-li\/\"><img decoding=\"async\" class=\"aligncenter wp-image-1026\" src=\"https:\/\/www.gtspower.com\/wp-content\/uploads\/products\/HS7500-Li.jpg\" alt=\"HS7500-Li\" width=\"147\" height=\"100\" srcset=\"https:\/\/gtspower.com\/wp-content\/uploads\/products\/HS7500-Li-200x136.jpg 200w, https:\/\/gtspower.com\/wp-content\/uploads\/products\/HS7500-Li-300x205.jpg 300w, https:\/\/gtspower.com\/wp-content\/uploads\/products\/HS7500-Li-400x273.jpg 400w, https:\/\/gtspower.com\/wp-content\/uploads\/products\/HS7500-Li.jpg 453w\" sizes=\"(max-width: 147px) 100vw, 147px\" \/><\/a><\/p>\n<h3>HS7500-LI<\/h3>\n<\/td>\n<\/tr>\n<\/tbody>\n<\/table>\n<\/div><div class=\"fusion-clearfix\"><\/div><\/div><\/div><div class=\"fusion-layout-column fusion_builder_column fusion-builder-column-3 fusion_builder_column_1_2 1_2 fusion-one-half fusion-column-last\" style=\"--awb-bg-size:cover;width:50%;width:calc(50% - ( ( 4% ) * 0.5 ) );\"><div class=\"fusion-column-wrapper fusion-flex-column-wrapper-legacy\"><div class=\"fusion-text fusion-text-5\"><h2>Especificaciones del Producto<\/h2>\n<hr \/>\n<p><strong>Capacidad<\/strong>: 2100<\/p>\n<p><b>Qu\u00edmica<\/b>: Ion de L\u00edtio<\/p>\n<p><strong>Voltaje<\/strong>: 7.4<\/p>\n<p><strong>Dimensions<\/strong>: 69 x 20.2 x 110.7 x 42 (175 x 51 x 279)<\/p>\n<p><strong>Fabricante<\/strong>: SYMBOL<\/p>\n<p><strong>Modelo: <\/strong>\u00a0PDT6800 Series<\/p>\n<p><strong>N\u00famero de parte<b class=\"b5\">:<\/b><\/strong>\u00a021\u201154348\u201101 \/ 21\u201140340\u201101<\/p>\n<p><strong>Peso<\/strong>: 158 g<\/p>\n<p><b>Garant\u00eda<\/b>: 12 meses<\/p>\n<\/div><div class=\"fusion-clearfix\"><\/div><\/div><\/div><\/div><\/div><\/p>\n<div class=\"grammarly-disable-indicator\"><\/div>\n","protected":false},"excerpt":{"rendered":"","protected":false},"author":1,"featured_media":0,"parent":4386,"menu_order":0,"comment_status":"closed","ping_status":"closed","template":"","meta":{"footnotes":""},"class_list":["post-4602","page","type-page","status-publish","hentry"],"_links":{"self":[{"href":"https:\/\/gtspower.com\/es\/wp-json\/wp\/v2\/pages\/4602","targetHints":{"allow":["GET"]}}],"collection":[{"href":"https:\/\/gtspower.com\/es\/wp-json\/wp\/v2\/pages"}],"about":[{"href":"https:\/\/gtspower.com\/es\/wp-json\/wp\/v2\/types\/page"}],"author":[{"embeddable":true,"href":"https:\/\/gtspower.com\/es\/wp-json\/wp\/v2\/users\/1"}],"replies":[{"embeddable":true,"href":"https:\/\/gtspower.com\/es\/wp-json\/wp\/v2\/comments?post=4602"}],"version-history":[{"count":7,"href":"https:\/\/gtspower.com\/es\/wp-json\/wp\/v2\/pages\/4602\/revisions"}],"predecessor-version":[{"id":7144,"href":"https:\/\/gtspower.com\/es\/wp-json\/wp\/v2\/pages\/4602\/revisions\/7144"}],"up":[{"embeddable":true,"href":"https:\/\/gtspower.com\/es\/wp-json\/wp\/v2\/pages\/4386"}],"wp:attachment":[{"href":"https:\/\/gtspower.com\/es\/wp-json\/wp\/v2\/media?parent=4602"}],"curies":[{"name":"wp","href":"https:\/\/api.w.org\/{rel}","templated":true}]}}