{"id":4577,"date":"2017-11-18T21:30:42","date_gmt":"2017-11-18T21:30:42","guid":{"rendered":"http:\/\/gtspower.online\/?page_id=4577"},"modified":"2018-01-25T00:52:00","modified_gmt":"2018-01-25T00:52:00","slug":"producto-gh7535-li19","status":"publish","type":"page","link":"https:\/\/gtspower.com\/es\/productos\/computadoras-portatiles\/baterias\/producto-gh7535-li19\/","title":{"rendered":"Producto: GH7535-LI(19)"},"content":{"rendered":"<p><div class=\"fusion-fullwidth fullwidth-box fusion-builder-row-1 nonhundred-percent-fullwidth non-hundred-percent-height-scrolling\" style=\"--awb-border-radius-top-left:0px;--awb-border-radius-top-right:0px;--awb-border-radius-bottom-right:0px;--awb-border-radius-bottom-left:0px;--awb-padding-top:10px;--awb-padding-right:10px;--awb-padding-bottom:20px;--awb-padding-left:50px;--awb-flex-wrap:wrap;\" ><div class=\"fusion-builder-row fusion-row\"><div class=\"fusion-layout-column fusion_builder_column fusion-builder-column-0 fusion_builder_column_1_2 1_2 fusion-one-half fusion-column-first\" style=\"--awb-bg-size:cover;width:50%;width:calc(50% - ( ( 4% ) * 0.5 ) );margin-right: 4%;\"><div class=\"fusion-column-wrapper fusion-flex-column-wrapper-legacy\"><div class=\"fusion-text fusion-text-1\"><p><img decoding=\"async\" class=\"aligncenter size-full wp-image-963\" src=\"https:\/\/www.gtspower.com\/wp-content\/uploads\/products\/GH7535-Li-453x309.gif\" alt=\"GH7535-Li\" width=\"453\" height=\"309\" \/><\/p>\n<div class=\"addToCart\"><\/div>\n<\/div><div class=\"fusion-text fusion-text-2\"><p><div class=\"fusion-sep-clear\"><\/div><div class=\"fusion-separator fusion-full-width-sep\" style=\"margin-left: auto;margin-right: auto;margin-top:10px;margin-bottom:0px;width:100%;\"><\/div><div class=\"fusion-sep-clear\"><\/div><div class=\"fusion-aligncenter\"><a class=\"fusion-button button-flat fusion-button-default-size button-default fusion-button-default button-1 fusion-button-default-span fusion-button-default-type\" target=\"_self\" href=\"mailto:sales@gtspower.com?subject=I%27d%20like%20more%20information%20on%20GH7535-LI(19)\"><span class=\"fusion-button-text awb-button__text awb-button__text--default\">ENV\u00cdENOS UN CORREO PARA M\u00c1S INFORMACI\u00d3N<\/span><\/a><\/div><div class=\"fusion-sep-clear\"><\/div><div class=\"fusion-separator fusion-full-width-sep\" style=\"margin-left: auto;margin-right: auto;margin-top:10px;margin-bottom:0px;width:100%;\"><\/div><div class=\"fusion-sep-clear\"><\/div><\/p>\n<h3 style=\"text-align: center;\">Ll\u00e1manos para consultar el precio: 800-267-2711<\/h3>\n<\/div><div class=\"fusion-clearfix\"><\/div><\/div><\/div><div class=\"fusion-layout-column fusion_builder_column fusion-builder-column-1 fusion_builder_column_1_2 1_2 fusion-one-half fusion-column-last\" style=\"--awb-bg-size:cover;width:50%;width:calc(50% - ( ( 4% ) * 0.5 ) );\"><div class=\"fusion-column-wrapper fusion-flex-column-wrapper-legacy\"><div class=\"fusion-text fusion-text-3\"><h1><span class=\"productSKU\">GH7535-LI(19)<\/span><\/h1>\n<h3>Bater\u00eda para el esc\u00e1ner Teklogix 7535<\/h3>\n<p>La GH7535-Li(19) es una bater\u00eda de repuesto para la computadora port\u00e1til Teklogix 7535. Optimiza el rendimiento de tu dispositivo al extender su tiempo de funcionamiento y eliminar la necesidad de bater\u00edas adicionales.<\/p>\n<h3>Caracter\u00edsticas del Producto<\/h3>\n<ul>\n<li>Contiene celdas de bater\u00eda de m\u00e1xima calidad<\/li>\n<li>Excelentes caracter\u00edsticas de descarga<\/li>\n<li>Mayor vida \u00fatil<\/li>\n<li>Pruebas rigurosas de temperatura, vibraci\u00f3n, descarga, ca\u00edda, cortocircuito y sobrecarga<\/li>\n<\/ul>\n<\/div><div class=\"fusion-clearfix\"><\/div><\/div><\/div><\/div><\/div><div class=\"fusion-fullwidth fullwidth-box fusion-builder-row-2 nonhundred-percent-fullwidth non-hundred-percent-height-scrolling\" style=\"--awb-border-radius-top-left:0px;--awb-border-radius-top-right:0px;--awb-border-radius-bottom-right:0px;--awb-border-radius-bottom-left:0px;--awb-padding-top:0px;--awb-padding-right:10px;--awb-padding-bottom:20px;--awb-padding-left:50px;--awb-flex-wrap:wrap;\" ><div class=\"fusion-builder-row fusion-row\"><div class=\"fusion-layout-column fusion_builder_column fusion-builder-column-2 fusion_builder_column_1_2 1_2 fusion-one-half fusion-column-first\" style=\"--awb-bg-size:cover;width:50%;width:calc(50% - ( ( 4% ) * 0.5 ) );margin-right: 4%;\"><div class=\"fusion-column-wrapper fusion-flex-column-wrapper-legacy\"><div class=\"fusion-text fusion-text-4\"><h2>Productos Relacionados<\/h2>\n<hr \/>\n<\/div><div class=\"fusion-builder-row fusion-builder-row-inner fusion-row\"><div class=\"fusion-layout-column fusion_builder_column_inner fusion-builder-nested-column-0 fusion_builder_column_inner_1_3 1_3 fusion-one-third fusion-column-first\" style=\"--awb-padding-right:5px;--awb-padding-left:5px;--awb-bg-size:cover;width:33.333333333333%;width:calc(33.333333333333% - ( ( 4% + 4% ) * 0.33333333333333 ) );margin-right: 4%;\"><div class=\"fusion-column-wrapper fusion-flex-column-wrapper-legacy\"><div class=\"fusion-text fusion-text-5\"><p><a href=\"https:\/\/gtspower.com\/es\/productos\/computadoras-portatiles\/baterias\/producto-h2280s-m\/\"><img decoding=\"async\" class=\"aligncenter wp-image-969\" src=\"https:\/\/www.gtspower.com\/wp-content\/uploads\/products\/H2280S-M-453-x-309.gif\" alt=\"H2280S-M\" width=\"147\" height=\"100\" \/><\/a><\/p>\n<p style=\"text-align: center;\" data-fontsize=\"20\" data-lineheight=\"30\">H2280S-M<\/p>\n<\/div><div class=\"fusion-clearfix\"><\/div><\/div><\/div><div class=\"fusion-layout-column fusion_builder_column_inner fusion-builder-nested-column-1 fusion_builder_column_inner_1_3 1_3 fusion-one-third\" style=\"--awb-padding-right:5px;--awb-padding-left:5px;--awb-bg-size:cover;width:33.333333333333%;width:calc(33.333333333333% - ( ( 4% + 4% ) * 0.33333333333333 ) );margin-right: 4%;\"><div class=\"fusion-column-wrapper fusion-flex-column-wrapper-legacy\"><div class=\"fusion-text fusion-text-6\"><p><a href=\"https:\/\/gtspower.com\/es\/productos\/computadoras-portatiles\/baterias\/producto-gh7035-li\/\"><img decoding=\"async\" class=\"aligncenter wp-image-960\" src=\"https:\/\/www.gtspower.com\/wp-content\/uploads\/products\/GH7035-Li-453x309.gif\" alt=\"GH7035-Li\" width=\"147\" height=\"100\" \/><\/a><\/p>\n<p style=\"text-align: center;\" data-fontsize=\"20\" data-lineheight=\"30\">GH7035-LI<\/p>\n<\/div><div class=\"fusion-clearfix\"><\/div><\/div><\/div><div class=\"fusion-layout-column fusion_builder_column_inner fusion-builder-nested-column-2 fusion_builder_column_inner_1_3 1_3 fusion-one-third fusion-column-last\" style=\"--awb-padding-right:5px;--awb-padding-left:5px;--awb-bg-size:cover;width:33.333333333333%;width:calc(33.333333333333% - ( ( 4% + 4% ) * 0.33333333333333 ) );\"><div class=\"fusion-column-wrapper fusion-flex-column-wrapper-legacy\"><div class=\"fusion-text fusion-text-7\"><p><a href=\"https:\/\/gtspower.com\/es\/productos\/computadoras-portatiles\/baterias\/producto-ghmx7-li\/\"><img decoding=\"async\" class=\"aligncenter wp-image-962\" src=\"https:\/\/www.gtspower.com\/wp-content\/uploads\/products\/GHMX7-Li_Large_2-200x300.png\" alt=\"\" width=\"67\" height=\"100\" \/><\/a><\/p>\n<p style=\"text-align: center;\">GHMX7-LI<\/p>\n<\/div><div class=\"fusion-clearfix\"><\/div><\/div><\/div><\/div><div class=\"fusion-clearfix\"><\/div><\/div><\/div><div class=\"fusion-layout-column fusion_builder_column fusion-builder-column-3 fusion_builder_column_1_2 1_2 fusion-one-half fusion-column-last\" style=\"--awb-bg-size:cover;width:50%;width:calc(50% - ( ( 4% ) * 0.5 ) );\"><div class=\"fusion-column-wrapper fusion-flex-column-wrapper-legacy\"><div class=\"fusion-text fusion-text-8\"><h2>Especificaciones del Producto<\/h2>\n<hr \/>\n<p><strong>Capacidad<\/strong>: 1900<\/p>\n<p><b>Qu\u00edmica<\/b>: LI-ION<\/p>\n<p><strong>Voltaje<\/strong>: 7.4<\/p>\n<p><strong>Dimensiones<\/strong>: 62 x 109 x 18 (157 x 276 x 45)<\/p>\n<p><strong>Fabricante<\/strong>: PSION<\/p>\n<p><strong>Modelos<\/strong>: Psion\u2011Teklogix 7535<\/p>\n<p><strong>N\u00famero de parte:<\/strong>\u00a0HU3000<\/p>\n<p><strong>Peso<\/strong>: 107 g<\/p>\n<p><strong>Garant\u00eda<\/strong>: 12 meses<\/p>\n<\/div><div class=\"fusion-clearfix\"><\/div><\/div><\/div><\/div><\/div><\/p>\n","protected":false},"excerpt":{"rendered":"","protected":false},"author":1,"featured_media":0,"parent":4386,"menu_order":0,"comment_status":"closed","ping_status":"closed","template":"","meta":{"footnotes":""},"class_list":["post-4577","page","type-page","status-publish","hentry"],"_links":{"self":[{"href":"https:\/\/gtspower.com\/es\/wp-json\/wp\/v2\/pages\/4577","targetHints":{"allow":["GET"]}}],"collection":[{"href":"https:\/\/gtspower.com\/es\/wp-json\/wp\/v2\/pages"}],"about":[{"href":"https:\/\/gtspower.com\/es\/wp-json\/wp\/v2\/types\/page"}],"author":[{"embeddable":true,"href":"https:\/\/gtspower.com\/es\/wp-json\/wp\/v2\/users\/1"}],"replies":[{"embeddable":true,"href":"https:\/\/gtspower.com\/es\/wp-json\/wp\/v2\/comments?post=4577"}],"version-history":[{"count":8,"href":"https:\/\/gtspower.com\/es\/wp-json\/wp\/v2\/pages\/4577\/revisions"}],"predecessor-version":[{"id":7132,"href":"https:\/\/gtspower.com\/es\/wp-json\/wp\/v2\/pages\/4577\/revisions\/7132"}],"up":[{"embeddable":true,"href":"https:\/\/gtspower.com\/es\/wp-json\/wp\/v2\/pages\/4386"}],"wp:attachment":[{"href":"https:\/\/gtspower.com\/es\/wp-json\/wp\/v2\/media?parent=4577"}],"curies":[{"name":"wp","href":"https:\/\/api.w.org\/{rel}","templated":true}]}}