{"id":4522,"date":"2017-11-15T18:01:46","date_gmt":"2017-11-15T18:01:46","guid":{"rendered":"http:\/\/gtspower.online\/?page_id=4522"},"modified":"2018-01-25T00:30:35","modified_gmt":"2018-01-25T00:30:35","slug":"hch-sl22-20","status":"publish","type":"page","link":"https:\/\/gtspower.com\/es\/productos\/computadoras-portatiles\/cargadores\/hch-sl22-20\/","title":{"rendered":"HCH-SL22-20"},"content":{"rendered":"<p><div class=\"fusion-fullwidth fullwidth-box fusion-builder-row-1 nonhundred-percent-fullwidth non-hundred-percent-height-scrolling\" style=\"--awb-border-radius-top-left:0px;--awb-border-radius-top-right:0px;--awb-border-radius-bottom-right:0px;--awb-border-radius-bottom-left:0px;--awb-padding-top:10px;--awb-padding-right:10px;--awb-padding-bottom:20px;--awb-padding-left:50px;--awb-flex-wrap:wrap;\" ><div class=\"fusion-builder-row fusion-row\"><div class=\"fusion-layout-column fusion_builder_column fusion-builder-column-0 fusion_builder_column_1_2 1_2 fusion-one-half fusion-column-first\" style=\"--awb-bg-size:cover;width:50%;width:calc(50% - ( ( 4% ) * 0.5 ) );margin-right: 4%;\"><div class=\"fusion-column-wrapper fusion-flex-column-wrapper-legacy\"><div class=\"fusion-text fusion-text-1\"><p><img decoding=\"async\" class=\"aligncenter size-full wp-image-4271\" src=\"https:\/\/www.gtspower.com\/wp-content\/uploads\/products\/HCH-SL22-20-453x309.jpg\" alt=\"HCH-SL22-20\" width=\"453\" height=\"309\" \/><\/p>\n<\/div><div class=\"fusion-text fusion-text-2\"><p><div class=\"fusion-sep-clear\"><\/div><div class=\"fusion-separator fusion-full-width-sep\" style=\"margin-left: auto;margin-right: auto;margin-top:10px;margin-bottom:0px;width:100%;\"><\/div><div class=\"fusion-sep-clear\"><\/div><div class=\"fusion-aligncenter\"><a class=\"fusion-button button-flat fusion-button-default-size button-default fusion-button-default button-1 fusion-button-default-span fusion-button-default-type\" target=\"_self\" href=\"mailto:sales@gtspower.com?subject=I%27d%20like%20more%20information%20on%20HCH-SL22-20\"><span class=\"fusion-button-text awb-button__text awb-button__text--default\">ENV\u00cdENOS UN CORREO PARA M\u00c1S INFORMACI\u00d3N<\/span><\/a><\/div><div class=\"fusion-sep-clear\"><\/div><div class=\"fusion-separator fusion-full-width-sep\" style=\"margin-left: auto;margin-right: auto;margin-top:10px;margin-bottom:0px;width:100%;\"><\/div><div class=\"fusion-sep-clear\"><\/div><\/p>\n<h3 style=\"text-align: center;\">Ll\u00e1manos para consultar el precio: 800-267-2711<\/h3>\n<\/div><div class=\"fusion-clearfix\"><\/div><\/div><\/div><div class=\"fusion-layout-column fusion_builder_column fusion-builder-column-1 fusion_builder_column_1_2 1_2 fusion-one-half fusion-column-last\" style=\"--awb-bg-size:cover;width:50%;width:calc(50% - ( ( 4% ) * 0.5 ) );\"><div class=\"fusion-column-wrapper fusion-flex-column-wrapper-legacy\"><div class=\"fusion-text fusion-text-3\"><h1>HCH-SL22-20<\/h1>\n<h3>Cargador de bater\u00eda de 20 soportes para esc\u00e1neres Honeywell SL22 \/ SL42 \/ SL62 Enterprise Sled<\/h3>\n<p>Ajuste sin problemas con una carcasa de aluminio altamente resistente. Incluye una luz LED que indica el estado de la carga.<\/p>\n<p><a href=\"https:\/\/www.gtspower.com\/wp-content\/uploads\/pdf\/HCH-SL22-20.pdf\">Ficha T\u00e9cnica<\/a><\/p>\n<h3>Caracter\u00edsticas del Producto<\/h3>\n<ul>\n<li>Cargador\u00a0de qu\u00edmica doble:\u00a0Funciona para bater\u00edas de Iones de Litio y de Pol\u00edmero de Litio<\/li>\n<li>Indicadores de carga de tres colores: Una luz LED indica el estado de la carga<\/li>\n<li>Mayor eficiencia en menos espacio: \u00a0Carga m\u00e1s las bater\u00edas en el mismo espacio que los cargadores originales<\/li>\n<\/ul>\n<\/div><div class=\"fusion-clearfix\"><\/div><\/div><\/div><\/div><\/div><div class=\"fusion-fullwidth fullwidth-box fusion-builder-row-2 nonhundred-percent-fullwidth non-hundred-percent-height-scrolling\" style=\"--awb-border-radius-top-left:0px;--awb-border-radius-top-right:0px;--awb-border-radius-bottom-right:0px;--awb-border-radius-bottom-left:0px;--awb-padding-top:0px;--awb-padding-right:10px;--awb-padding-bottom:20px;--awb-padding-left:50px;--awb-flex-wrap:wrap;\" ><div class=\"fusion-builder-row fusion-row\"><div class=\"fusion-layout-column fusion_builder_column fusion-builder-column-2 fusion_builder_column_1_2 1_2 fusion-one-half fusion-column-first\" style=\"--awb-bg-size:cover;width:50%;width:calc(50% - ( ( 4% ) * 0.5 ) );margin-right: 4%;\"><div class=\"fusion-column-wrapper fusion-flex-column-wrapper-legacy\"><div class=\"fusion-text fusion-text-4\"><h2>Productos Relacionados<\/h2>\n<hr \/>\n<\/div><div class=\"fusion-builder-row fusion-builder-row-inner fusion-row\"><div class=\"fusion-layout-column fusion_builder_column_inner fusion-builder-nested-column-0 fusion_builder_column_inner_1_3 1_3 fusion-one-third fusion-column-first\" style=\"--awb-padding-right:5px;--awb-padding-left:5px;--awb-bg-size:cover;width:33.333333333333%;width:calc(33.333333333333% - ( ( 4% + 4% ) * 0.33333333333333 ) );margin-right: 4%;\"><div class=\"fusion-column-wrapper fusion-flex-column-wrapper-legacy\"><div class=\"fusion-clearfix\"><\/div><\/div><\/div><div class=\"fusion-layout-column fusion_builder_column_inner fusion-builder-nested-column-1 fusion_builder_column_inner_1_3 1_3 fusion-one-third\" style=\"--awb-padding-right:5px;--awb-padding-left:5px;--awb-bg-size:cover;width:33.333333333333%;width:calc(33.333333333333% - ( ( 4% + 4% ) * 0.33333333333333 ) );margin-right: 4%;\"><div class=\"fusion-column-wrapper fusion-flex-column-wrapper-legacy\"><div class=\"fusion-text fusion-text-5\"><p><a class=\"nowrap\" href=\"https:\/\/gtspower.com\/es\/productos\/computadoras-portatiles\/baterias\/hsl22-li\/\"><img decoding=\"async\" class=\"aligncenter wp-image-1865\" src=\"https:\/\/www.gtspower.com\/wp-content\/uploads\/products\/HSL22-Li.jpg\" alt=\"\" width=\"147\" height=\"114\" srcset=\"https:\/\/gtspower.com\/wp-content\/uploads\/products\/HSL22-Li-200x155.jpg 200w, https:\/\/gtspower.com\/wp-content\/uploads\/products\/HSL22-Li-300x232.jpg 300w, https:\/\/gtspower.com\/wp-content\/uploads\/products\/HSL22-Li.jpg 400w\" sizes=\"(max-width: 147px) 100vw, 147px\" \/><\/a><\/p>\n<p style=\"text-align: center;\">HSL22-Li<\/p>\n<\/div><div class=\"fusion-clearfix\"><\/div><\/div><\/div><div class=\"fusion-layout-column fusion_builder_column_inner fusion-builder-nested-column-2 fusion_builder_column_inner_1_3 1_3 fusion-one-third fusion-column-last\" style=\"--awb-padding-right:5px;--awb-padding-left:5px;--awb-bg-size:cover;width:33.333333333333%;width:calc(33.333333333333% - ( ( 4% + 4% ) * 0.33333333333333 ) );\"><div class=\"fusion-column-wrapper fusion-flex-column-wrapper-legacy\"><div class=\"fusion-clearfix\"><\/div><\/div><\/div><\/div><div class=\"fusion-clearfix\"><\/div><\/div><\/div><div class=\"fusion-layout-column fusion_builder_column fusion-builder-column-3 fusion_builder_column_1_2 1_2 fusion-one-half fusion-column-last\" style=\"--awb-bg-size:cover;width:50%;width:calc(50% - ( ( 4% ) * 0.5 ) );\"><div class=\"fusion-column-wrapper fusion-flex-column-wrapper-legacy\"><div class=\"fusion-text fusion-text-6\"><h2>Especificaciones del Producto<\/h2>\n<hr \/>\n<p><strong>Dimensiones<\/strong>: 159 x 89 x 330 (403 x 226 x 838)<\/p>\n<p><strong>Fabricante<\/strong>:Honeywell<\/p>\n<p><strong>Modelos:<\/strong>\u00a0SL22 \/ SL42 \/ SL62<\/p>\n<p><strong>Peso<\/strong>: 1220 g<\/p>\n<p><strong>Garant\u00eda<\/strong>: 24 meses<\/p>\n<\/div><div class=\"fusion-clearfix\"><\/div><\/div><\/div><\/div><\/div><\/p>\n<div class=\"grammarly-disable-indicator\"><\/div>\n<div class=\"grammarly-disable-indicator\"><\/div>\n","protected":false},"excerpt":{"rendered":"","protected":false},"author":1,"featured_media":0,"parent":4409,"menu_order":0,"comment_status":"closed","ping_status":"closed","template":"","meta":{"footnotes":""},"class_list":["post-4522","page","type-page","status-publish","hentry"],"_links":{"self":[{"href":"https:\/\/gtspower.com\/es\/wp-json\/wp\/v2\/pages\/4522","targetHints":{"allow":["GET"]}}],"collection":[{"href":"https:\/\/gtspower.com\/es\/wp-json\/wp\/v2\/pages"}],"about":[{"href":"https:\/\/gtspower.com\/es\/wp-json\/wp\/v2\/types\/page"}],"author":[{"embeddable":true,"href":"https:\/\/gtspower.com\/es\/wp-json\/wp\/v2\/users\/1"}],"replies":[{"embeddable":true,"href":"https:\/\/gtspower.com\/es\/wp-json\/wp\/v2\/comments?post=4522"}],"version-history":[{"count":9,"href":"https:\/\/gtspower.com\/es\/wp-json\/wp\/v2\/pages\/4522\/revisions"}],"predecessor-version":[{"id":7054,"href":"https:\/\/gtspower.com\/es\/wp-json\/wp\/v2\/pages\/4522\/revisions\/7054"}],"up":[{"embeddable":true,"href":"https:\/\/gtspower.com\/es\/wp-json\/wp\/v2\/pages\/4409"}],"wp:attachment":[{"href":"https:\/\/gtspower.com\/es\/wp-json\/wp\/v2\/media?parent=4522"}],"curies":[{"name":"wp","href":"https:\/\/api.w.org\/{rel}","templated":true}]}}