{"id":4505,"date":"2017-11-15T16:32:24","date_gmt":"2017-11-15T16:32:24","guid":{"rendered":"http:\/\/gtspower.online\/?page_id=4505"},"modified":"2018-01-25T00:27:05","modified_gmt":"2018-01-25T00:27:05","slug":"hch-9003-chg","status":"publish","type":"page","link":"https:\/\/gtspower.com\/es\/productos\/computadoras-portatiles\/cargadores\/hch-9003-chg\/","title":{"rendered":"HCH-9003-CHG"},"content":{"rendered":"<p><div class=\"fusion-fullwidth fullwidth-box fusion-builder-row-1 nonhundred-percent-fullwidth non-hundred-percent-height-scrolling\" style=\"--awb-border-radius-top-left:0px;--awb-border-radius-top-right:0px;--awb-border-radius-bottom-right:0px;--awb-border-radius-bottom-left:0px;--awb-padding-top:10px;--awb-padding-right:10px;--awb-padding-bottom:20px;--awb-padding-left:50px;--awb-flex-wrap:wrap;\" ><div class=\"fusion-builder-row fusion-row\"><div class=\"fusion-layout-column fusion_builder_column fusion-builder-column-0 fusion_builder_column_1_2 1_2 fusion-one-half fusion-column-first\" style=\"--awb-bg-size:cover;width:50%;width:calc(50% - ( ( 4% ) * 0.5 ) );margin-right: 4%;\"><div class=\"fusion-column-wrapper fusion-flex-column-wrapper-legacy\"><div class=\"fusion-text fusion-text-1\"><p><img decoding=\"async\" class=\"aligncenter size-full wp-image-1172\" src=\"https:\/\/www.gtspower.com\/wp-content\/uploads\/products\/HCH-9003-CHG.png\" alt=\"HCH-9003-CHG\" width=\"453\" height=\"309\" srcset=\"https:\/\/gtspower.com\/wp-content\/uploads\/products\/HCH-9003-CHG-200x136.png 200w, https:\/\/gtspower.com\/wp-content\/uploads\/products\/HCH-9003-CHG-300x205.png 300w, https:\/\/gtspower.com\/wp-content\/uploads\/products\/HCH-9003-CHG-400x273.png 400w, https:\/\/gtspower.com\/wp-content\/uploads\/products\/HCH-9003-CHG.png 453w\" sizes=\"(max-width: 453px) 100vw, 453px\" \/><\/p>\n<\/div><div class=\"fusion-text fusion-text-2\"><p><div class=\"fusion-sep-clear\"><\/div><div class=\"fusion-separator fusion-full-width-sep\" style=\"margin-left: auto;margin-right: auto;margin-top:10px;margin-bottom:0px;width:100%;\"><\/div><div class=\"fusion-sep-clear\"><\/div><div class=\"fusion-button-wrapper fusion-aligncenter\"><a class=\"fusion-button button-flat fusion-button-default-size button-default fusion-button-default button-1 fusion-button-default-span fusion-button-default-type\" target=\"_self\" href=\"mailto:sales@gtspower.com?subject=I%27d%20like%20more%20information%20on%20HCH-9003-CHG\"><span class=\"fusion-button-text awb-button__text awb-button__text--default\">ENV\u00cdENOS UN CORREO PARA M\u00c1S INFORMACI\u00d3N<\/span><\/a><\/div><div class=\"fusion-sep-clear\"><\/div><div class=\"fusion-separator fusion-full-width-sep\" style=\"margin-left: auto;margin-right: auto;margin-top:10px;margin-bottom:0px;width:100%;\"><\/div><div class=\"fusion-sep-clear\"><\/div><\/p>\n<h3 style=\"text-align: center;\">Ll\u00e1manos para consultar el precio: 800-267-2711<\/h3>\n<\/div><div class=\"fusion-clearfix\"><\/div><\/div><\/div><div class=\"fusion-layout-column fusion_builder_column fusion-builder-column-1 fusion_builder_column_1_2 1_2 fusion-one-half fusion-column-last\" style=\"--awb-bg-size:cover;width:50%;width:calc(50% - ( ( 4% ) * 0.5 ) );\"><div class=\"fusion-column-wrapper fusion-flex-column-wrapper-legacy\"><div class=\"fusion-text fusion-text-3\"><h1><span class=\"productSKU\">HCH-9003-CHG<\/span><\/h1>\n<h3>Cargador de bater\u00eda de 3 conectores para MC9000<\/h3>\n<div>\n<p>El cargador de bater\u00eda de tres conectores para computadoras port\u00e1tiles Symbol MC9000 brinda una carga simult\u00e1nea y confiable para diferentes bater\u00edas. El HCH-9003-CHG es compatible con las bater\u00edas HMC9000-Li(24).<\/p>\n<\/div>\n<h3>Caracter\u00edsticas del Producto<\/h3>\n<ul>\n<li><b>Cargador\u00a0de qu\u00edmica doble:<\/b>\u00a0Funciona para bater\u00edas de Iones de Litio y de Pol\u00edmero de Litio<\/li>\n<li><strong>Indicadores de carga de tres colores: <\/strong>Una luz LED indica el estado de la carga<\/li>\n<li><strong>Ajuste sin problemas: <\/strong>Utiliza el mismo soporte de montaje que los cargadores Symbol\u00ae para una f\u00e1cil instalaci\u00f3n en pared<\/li>\n<li>Carcasa de aluminio altamente resistente de calidad aeroespacial<\/li>\n<li>Incluye un cable y fuentes de alimentaci\u00f3n<\/li>\n<li>Puede modificarse f\u00e1cilmente para cumplir con tus necesidades<\/li>\n<\/ul>\n<\/div><div class=\"fusion-clearfix\"><\/div><\/div><\/div><\/div><\/div><div class=\"fusion-fullwidth fullwidth-box fusion-builder-row-2 nonhundred-percent-fullwidth non-hundred-percent-height-scrolling\" style=\"--awb-border-radius-top-left:0px;--awb-border-radius-top-right:0px;--awb-border-radius-bottom-right:0px;--awb-border-radius-bottom-left:0px;--awb-padding-top:0px;--awb-padding-right:10px;--awb-padding-bottom:20px;--awb-padding-left:50px;--awb-flex-wrap:wrap;\" ><div class=\"fusion-builder-row fusion-row\"><div class=\"fusion-layout-column fusion_builder_column fusion-builder-column-2 fusion_builder_column_1_2 1_2 fusion-one-half fusion-column-first\" style=\"--awb-bg-size:cover;width:50%;width:calc(50% - ( ( 4% ) * 0.5 ) );margin-right: 4%;\"><div class=\"fusion-column-wrapper fusion-flex-column-wrapper-legacy\"><div class=\"fusion-text fusion-text-4\"><h2>Productos Relacionados<\/h2>\n<hr \/>\n<\/div><div class=\"fusion-builder-row fusion-builder-row-inner fusion-row\"><div class=\"fusion-layout-column fusion_builder_column_inner fusion-builder-nested-column-0 fusion_builder_column_inner_1_3 1_3 fusion-one-third fusion-column-first\" style=\"--awb-padding-right:5px;--awb-padding-left:5px;--awb-bg-size:cover;width:33.333333333333%;width:calc(33.333333333333% - ( ( 4% + 4% ) * 0.33333333333333 ) );margin-right: 4%;\"><div class=\"fusion-column-wrapper fusion-flex-column-wrapper-legacy\"><div class=\"fusion-text fusion-text-5\"><p><a href=\"https:\/\/gtspower.com\/es\/productos\/computadoras-portatiles\/baterias\/producto-h905a-li\/\"><img decoding=\"async\" class=\"aligncenter wp-image-964\" src=\"https:\/\/www.gtspower.com\/wp-content\/uploads\/products\/H905A-Li-453-x-309.png\" sizes=\"(max-width: 147px) 100vw, 147px\" srcset=\"https:\/\/www.gtspower.com\/wp-content\/uploads\/products\/H905A-Li-453-x-309-200x136.png 200w, https:\/\/www.gtspower.com\/wp-content\/uploads\/products\/H905A-Li-453-x-309-300x205.png 300w, https:\/\/www.gtspower.com\/wp-content\/uploads\/products\/H905A-Li-453-x-309-400x273.png 400w, https:\/\/www.gtspower.com\/wp-content\/uploads\/products\/H905A-Li-453-x-309.png 453w\" alt=\"H905A-LI\" width=\"147\" height=\"100\" \/><\/a><\/p>\n<p style=\"text-align: center;\" data-fontsize=\"20\" data-lineheight=\"30\">H905A-LI<\/p>\n<\/div><div class=\"fusion-clearfix\"><\/div><\/div><\/div><div class=\"fusion-layout-column fusion_builder_column_inner fusion-builder-nested-column-1 fusion_builder_column_inner_1_3 1_3 fusion-one-third\" style=\"--awb-padding-right:5px;--awb-padding-left:5px;--awb-bg-size:cover;width:33.333333333333%;width:calc(33.333333333333% - ( ( 4% + 4% ) * 0.33333333333333 ) );margin-right: 4%;\"><div class=\"fusion-column-wrapper fusion-flex-column-wrapper-legacy\"><div class=\"fusion-text fusion-text-6\"><p><a href=\"https:\/\/gtspower.com\/es\/productos\/computadoras-portatiles\/baterias\/producto-hmc9000-li24\/\"><img decoding=\"async\" class=\"aligncenter wp-image-1011\" src=\"https:\/\/www.gtspower.com\/wp-content\/uploads\/products\/HMC9000-Li_24_web.jpg\" sizes=\"(max-width: 148px) 100vw, 148px\" srcset=\"https:\/\/www.gtspower.com\/wp-content\/uploads\/products\/HMC9000-Li_24_web-200x135.jpg 200w, https:\/\/www.gtspower.com\/wp-content\/uploads\/products\/HMC9000-Li_24_web-300x202.jpg 300w, https:\/\/www.gtspower.com\/wp-content\/uploads\/products\/HMC9000-Li_24_web-400x270.jpg 400w, https:\/\/www.gtspower.com\/wp-content\/uploads\/products\/HMC9000-Li_24_web.jpg 458w\" alt=\"HMC9000-LI(24)\" width=\"148\" height=\"100\" \/><\/a><\/p>\n<p style=\"text-align: center;\" data-fontsize=\"20\" data-lineheight=\"30\">HMC9000-<br \/>\nLI(24)<\/p>\n<\/div><div class=\"fusion-clearfix\"><\/div><\/div><\/div><div class=\"fusion-layout-column fusion_builder_column_inner fusion-builder-nested-column-2 fusion_builder_column_inner_1_3 1_3 fusion-one-third fusion-column-last\" style=\"--awb-padding-right:5px;--awb-padding-left:5px;--awb-bg-size:cover;width:33.333333333333%;width:calc(33.333333333333% - ( ( 4% + 4% ) * 0.33333333333333 ) );\"><div class=\"fusion-column-wrapper fusion-flex-column-wrapper-legacy\"><div class=\"fusion-text fusion-text-7\"><p><a href=\"https:\/\/gtspower.com\/es\/productos\/computadoras-portatiles\/baterias\/producto-hmc9000-li22\/\"><img decoding=\"async\" class=\"aligncenter wp-image-1020\" src=\"https:\/\/www.gtspower.com\/wp-content\/uploads\/products\/HMC9000-Li-22-453-x-309.gif\" alt=\"HMC9000-LI(22)\" width=\"147\" height=\"100\" \/><\/a><\/p>\n<p style=\"text-align: center;\">HMC9000-LI(22)<\/p>\n<\/div><div class=\"fusion-clearfix\"><\/div><\/div><\/div><\/div><div class=\"fusion-clearfix\"><\/div><\/div><\/div><div class=\"fusion-layout-column fusion_builder_column fusion-builder-column-3 fusion_builder_column_1_2 1_2 fusion-one-half fusion-column-last\" style=\"--awb-bg-size:cover;width:50%;width:calc(50% - ( ( 4% ) * 0.5 ) );\"><div class=\"fusion-column-wrapper fusion-flex-column-wrapper-legacy\"><div class=\"fusion-text fusion-text-8\"><h2>Especificaciones del Producto<\/h2>\n<hr \/>\n<p><strong>Dimensiones<\/strong>: 84 x 160 x 66 (213 x 406 x 167)<\/p>\n<p><strong>Fabricante<\/strong>: SYMBOL<\/p>\n<p><strong>Peso:\u00a0<\/strong>920 g<\/p>\n<p><strong>Modelos:<\/strong> MC9000 \/ MC9100<\/p>\n<p><strong>Peso<\/strong>: 920 g<\/p>\n<p><strong>Garant\u00eda<\/strong>: 24 meses<\/p>\n<\/div><div class=\"fusion-clearfix\"><\/div><\/div><\/div><\/div><\/div><\/p>\n<div class=\"grammarly-disable-indicator\"><\/div>\n","protected":false},"excerpt":{"rendered":"","protected":false},"author":1,"featured_media":0,"parent":4409,"menu_order":0,"comment_status":"closed","ping_status":"closed","template":"","meta":{"footnotes":""},"class_list":["post-4505","page","type-page","status-publish","hentry"],"_links":{"self":[{"href":"https:\/\/gtspower.com\/es\/wp-json\/wp\/v2\/pages\/4505","targetHints":{"allow":["GET"]}}],"collection":[{"href":"https:\/\/gtspower.com\/es\/wp-json\/wp\/v2\/pages"}],"about":[{"href":"https:\/\/gtspower.com\/es\/wp-json\/wp\/v2\/types\/page"}],"author":[{"embeddable":true,"href":"https:\/\/gtspower.com\/es\/wp-json\/wp\/v2\/users\/1"}],"replies":[{"embeddable":true,"href":"https:\/\/gtspower.com\/es\/wp-json\/wp\/v2\/comments?post=4505"}],"version-history":[{"count":10,"href":"https:\/\/gtspower.com\/es\/wp-json\/wp\/v2\/pages\/4505\/revisions"}],"predecessor-version":[{"id":7036,"href":"https:\/\/gtspower.com\/es\/wp-json\/wp\/v2\/pages\/4505\/revisions\/7036"}],"up":[{"embeddable":true,"href":"https:\/\/gtspower.com\/es\/wp-json\/wp\/v2\/pages\/4409"}],"wp:attachment":[{"href":"https:\/\/gtspower.com\/es\/wp-json\/wp\/v2\/media?parent=4505"}],"curies":[{"name":"wp","href":"https:\/\/api.w.org\/{rel}","templated":true}]}}