{"id":4495,"date":"2017-11-15T15:03:33","date_gmt":"2017-11-15T15:03:33","guid":{"rendered":"http:\/\/gtspower.online\/?page_id=4495"},"modified":"2018-01-25T00:26:08","modified_gmt":"2018-01-25T00:26:08","slug":"hch-7010vl-chg-desk","status":"publish","type":"page","link":"https:\/\/gtspower.com\/es\/productos\/computadoras-portatiles\/cargadores\/hch-7010vl-chg-desk\/","title":{"rendered":"HCH-7010VL-CHG-DESK"},"content":{"rendered":"<p><div class=\"fusion-fullwidth fullwidth-box fusion-builder-row-1 nonhundred-percent-fullwidth non-hundred-percent-height-scrolling\" style=\"--awb-border-radius-top-left:0px;--awb-border-radius-top-right:0px;--awb-border-radius-bottom-right:0px;--awb-border-radius-bottom-left:0px;--awb-padding-top:10px;--awb-padding-right:10px;--awb-padding-bottom:20px;--awb-padding-left:50px;--awb-flex-wrap:wrap;\" ><div class=\"fusion-builder-row fusion-row\"><div class=\"fusion-layout-column fusion_builder_column fusion-builder-column-0 fusion_builder_column_1_2 1_2 fusion-one-half fusion-column-first\" style=\"--awb-bg-size:cover;width:50%;width:calc(50% - ( ( 4% ) * 0.5 ) );margin-right: 4%;\"><div class=\"fusion-column-wrapper fusion-flex-column-wrapper-legacy\"><div class=\"fusion-text fusion-text-1\"><p><img decoding=\"async\" class=\"aligncenter size-full wp-image-1168\" src=\"https:\/\/www.gtspower.com\/wp-content\/uploads\/products\/HCH-7010VL-CHG-DESK.gif\" alt=\"HCH-7010VL-CHG-DESK\" width=\"309\" height=\"433\" \/><\/p>\n<\/div><div class=\"fusion-text fusion-text-2\"><p><div class=\"fusion-sep-clear\"><\/div><div class=\"fusion-separator fusion-full-width-sep\" style=\"margin-left: auto;margin-right: auto;margin-top:10px;margin-bottom:0px;width:100%;\"><\/div><div class=\"fusion-sep-clear\"><\/div><div class=\"fusion-button-wrapper fusion-aligncenter\"><a class=\"fusion-button button-flat fusion-button-default-size button-default fusion-button-default button-1 fusion-button-default-span fusion-button-default-type\" target=\"_self\" href=\"mailto:sales@gtspower.com?subject=I%27d%20like%20more%20information%20on%20HCH-7010VL-CHG-DESK\"><span class=\"fusion-button-text awb-button__text awb-button__text--default\">ENV\u00cdENOS UN CORREO PARA M\u00c1S INFORMACI\u00d3N<\/span><\/a><\/div><div class=\"fusion-sep-clear\"><\/div><div class=\"fusion-separator fusion-full-width-sep\" style=\"margin-left: auto;margin-right: auto;margin-top:10px;margin-bottom:0px;width:100%;\"><\/div><div class=\"fusion-sep-clear\"><\/div><\/p>\n<h3 style=\"text-align: center;\">Ll\u00e1manos para consultar el precio: 800-267-2711<\/h3>\n<\/div><div class=\"fusion-clearfix\"><\/div><\/div><\/div><div class=\"fusion-layout-column fusion_builder_column fusion-builder-column-1 fusion_builder_column_1_2 1_2 fusion-one-half fusion-column-last\" style=\"--awb-bg-size:cover;width:50%;width:calc(50% - ( ( 4% ) * 0.5 ) );\"><div class=\"fusion-column-wrapper fusion-flex-column-wrapper-legacy\"><div class=\"fusion-text fusion-text-3\"><h1><span class=\"productSKU\">HCH-7010VL-CHG-DESK<\/span><\/h1>\n<h3>Cargador de viaje y de escritorio<\/h3>\n<p>El cargador HCH-7010VL-CHG-DESK es tanto un cargador de viaje como de escritorio para dispositivos Motorola\/ Symbol MC70\/MC75. Viene con cables desmontables de corriente alterna (AC) y continua (DC) para adaptarse a tus necesidades de carga. Tambi\u00e9n incluye un puerto mini USB para una conexi\u00f3n f\u00e1cil y directa con la computadora.<\/p>\n<div>\n<h3>Caracter\u00edsticas del Producto<\/h3>\n<\/div>\n<ul>\n<li>Compatible con el montaje RAM<\/li>\n<li>Dise\u00f1o liviano, vers\u00e1til y port\u00e1til para uso vehicular<\/li>\n<li>Equipado con un puerto mini USB para una f\u00e1cil conexi\u00f3n con tu computadora<\/li>\n<li>Cables desmontables de corriente alterna (AC) y continua (DC) para poder ser cargado en un veh\u00edculo o a trav\u00e9s de un enchufe<\/li>\n<\/ul>\n<div>\n<p><a href=\"https:\/\/www.gtspower.com\/wp-content\/uploads\/pdf\/HCH-7010VL-CHG-DESK-Spec-Sheet-14-03-28-EU-1.pdf\">Ficha T\u00e9cnica<\/a><\/p>\n<\/div>\n<\/div><div class=\"fusion-clearfix\"><\/div><\/div><\/div><\/div><\/div><div class=\"fusion-fullwidth fullwidth-box fusion-builder-row-2 nonhundred-percent-fullwidth non-hundred-percent-height-scrolling\" style=\"--awb-border-radius-top-left:0px;--awb-border-radius-top-right:0px;--awb-border-radius-bottom-right:0px;--awb-border-radius-bottom-left:0px;--awb-padding-top:0px;--awb-padding-right:10px;--awb-padding-bottom:20px;--awb-padding-left:50px;--awb-flex-wrap:wrap;\" ><div class=\"fusion-builder-row fusion-row\"><div class=\"fusion-layout-column fusion_builder_column fusion-builder-column-2 fusion_builder_column_1_2 1_2 fusion-one-half fusion-column-first\" style=\"--awb-bg-size:cover;width:50%;width:calc(50% - ( ( 4% ) * 0.5 ) );margin-right: 4%;\"><div class=\"fusion-column-wrapper fusion-flex-column-wrapper-legacy\"><div class=\"fusion-text fusion-text-4\"><h2>Productos Relacionados<\/h2>\n<hr \/>\n<table width=\"100%\">\n<tbody>\n<tr>\n<td align=\"center\"><a class=\"nowrap\" href=\"https:\/\/gtspower.com\/es\/productos\/computadoras-portatiles\/baterias\/producto-hmc70-d2-5x\/\"><img decoding=\"async\" class=\"aligncenter wp-image-1004\" src=\"https:\/\/www.gtspower.com\/wp-content\/uploads\/products\/HMC70-D2-5X-453-x-309.png\" alt=\"HMC70-D(2.5X)\" width=\"147\" height=\"100\" srcset=\"https:\/\/gtspower.com\/wp-content\/uploads\/products\/HMC70-D2-5X-453-x-309-200x136.png 200w, https:\/\/gtspower.com\/wp-content\/uploads\/products\/HMC70-D2-5X-453-x-309-300x205.png 300w, https:\/\/gtspower.com\/wp-content\/uploads\/products\/HMC70-D2-5X-453-x-309-400x273.png 400w, https:\/\/gtspower.com\/wp-content\/uploads\/products\/HMC70-D2-5X-453-x-309.png 453w\" sizes=\"(max-width: 147px) 100vw, 147px\" \/><\/a>HMC70-D(2.5X)<\/td>\n<td align=\"center\"><a class=\"nowrap\" href=\"https:\/\/gtspower.com\/es\/productos\/computadoras-portatiles\/baterias\/producto-hmc70-li48\/\"><img decoding=\"async\" class=\"aligncenter wp-image-1005\" src=\"https:\/\/www.gtspower.com\/wp-content\/uploads\/products\/HMC70-Li-48-453-x-309_1.gif\" alt=\"HMC70-LI(48)\" width=\"147\" height=\"100\" \/><\/a>HMC70-LI(48)<\/td>\n<td align=\"center\"><\/td>\n<\/tr>\n<\/tbody>\n<\/table>\n<\/div><div class=\"fusion-clearfix\"><\/div><\/div><\/div><div class=\"fusion-layout-column fusion_builder_column fusion-builder-column-3 fusion_builder_column_1_2 1_2 fusion-one-half fusion-column-last\" style=\"--awb-bg-size:cover;width:50%;width:calc(50% - ( ( 4% ) * 0.5 ) );\"><div class=\"fusion-column-wrapper fusion-flex-column-wrapper-legacy\"><div class=\"fusion-text fusion-text-5\"><h2>Especificaciones del Producto<\/h2>\n<hr \/>\n<p><strong>Dimensiones<\/strong>: 50 x 80 x 90 (127 x 203 x 228)<\/p>\n<p><strong>Fabricante<\/strong>: SYMBOL<\/p>\n<p><strong>Modelos:<\/strong>\u00a0MC70 \/ MC75<\/p>\n<p><strong>Peso<\/strong>: 135 g<\/p>\n<p><strong>Garant\u00eda<\/strong>: 12 meses<\/p>\n<\/div><div class=\"fusion-clearfix\"><\/div><\/div><\/div><\/div><\/div><\/p>\n<div class=\"grammarly-disable-indicator\"><\/div>\n","protected":false},"excerpt":{"rendered":"","protected":false},"author":1,"featured_media":0,"parent":4409,"menu_order":0,"comment_status":"closed","ping_status":"closed","template":"","meta":{"footnotes":""},"class_list":["post-4495","page","type-page","status-publish","hentry"],"_links":{"self":[{"href":"https:\/\/gtspower.com\/es\/wp-json\/wp\/v2\/pages\/4495","targetHints":{"allow":["GET"]}}],"collection":[{"href":"https:\/\/gtspower.com\/es\/wp-json\/wp\/v2\/pages"}],"about":[{"href":"https:\/\/gtspower.com\/es\/wp-json\/wp\/v2\/types\/page"}],"author":[{"embeddable":true,"href":"https:\/\/gtspower.com\/es\/wp-json\/wp\/v2\/users\/1"}],"replies":[{"embeddable":true,"href":"https:\/\/gtspower.com\/es\/wp-json\/wp\/v2\/comments?post=4495"}],"version-history":[{"count":7,"href":"https:\/\/gtspower.com\/es\/wp-json\/wp\/v2\/pages\/4495\/revisions"}],"predecessor-version":[{"id":7033,"href":"https:\/\/gtspower.com\/es\/wp-json\/wp\/v2\/pages\/4495\/revisions\/7033"}],"up":[{"embeddable":true,"href":"https:\/\/gtspower.com\/es\/wp-json\/wp\/v2\/pages\/4409"}],"wp:attachment":[{"href":"https:\/\/gtspower.com\/es\/wp-json\/wp\/v2\/media?parent=4495"}],"curies":[{"name":"wp","href":"https:\/\/api.w.org\/{rel}","templated":true}]}}