{"id":4494,"date":"2017-11-15T15:06:31","date_gmt":"2017-11-15T15:06:31","guid":{"rendered":"http:\/\/gtspower.online\/?page_id=4494"},"modified":"2018-01-25T00:25:56","modified_gmt":"2018-01-25T00:25:56","slug":"hch-7010vl-ch-desk","status":"publish","type":"page","link":"https:\/\/gtspower.com\/es\/productos\/computadoras-portatiles\/cargadores\/hch-7010vl-ch-desk\/","title":{"rendered":"HCH-7010VL-CH-DESK"},"content":{"rendered":"<p><div class=\"fusion-fullwidth fullwidth-box fusion-builder-row-1 nonhundred-percent-fullwidth non-hundred-percent-height-scrolling\" style=\"--awb-border-radius-top-left:0px;--awb-border-radius-top-right:0px;--awb-border-radius-bottom-right:0px;--awb-border-radius-bottom-left:0px;--awb-padding-top:10px;--awb-padding-right:10px;--awb-padding-bottom:20px;--awb-padding-left:50px;--awb-flex-wrap:wrap;\" ><div class=\"fusion-builder-row fusion-row\"><div class=\"fusion-layout-column fusion_builder_column fusion-builder-column-0 fusion_builder_column_1_2 1_2 fusion-one-half fusion-column-first\" style=\"--awb-bg-size:cover;width:50%;width:calc(50% - ( ( 4% ) * 0.5 ) );margin-right: 4%;\"><div class=\"fusion-column-wrapper fusion-flex-column-wrapper-legacy\"><div class=\"fusion-text fusion-text-1\"><p><img decoding=\"async\" class=\"aligncenter size-full wp-image-1374\" src=\"https:\/\/www.gtspower.com\/wp-content\/uploads\/products\/Not-Available.png\" alt=\"Product Image Not Available\" width=\"320\" height=\"260\" srcset=\"https:\/\/gtspower.com\/wp-content\/uploads\/products\/Not-Available-200x163.png 200w, https:\/\/gtspower.com\/wp-content\/uploads\/products\/Not-Available-300x244.png 300w, https:\/\/gtspower.com\/wp-content\/uploads\/products\/Not-Available.png 320w\" sizes=\"(max-width: 320px) 100vw, 320px\" \/><\/p>\n<\/div><div class=\"fusion-text fusion-text-2\"><p><div class=\"fusion-sep-clear\"><\/div><div class=\"fusion-separator fusion-full-width-sep\" style=\"margin-left: auto;margin-right: auto;margin-top:10px;margin-bottom:0px;width:100%;\"><\/div><div class=\"fusion-sep-clear\"><\/div><div class=\"fusion-button-wrapper fusion-aligncenter\"><a class=\"fusion-button button-flat fusion-button-default-size button-default fusion-button-default button-1 fusion-button-default-span fusion-button-default-type\" target=\"_self\" href=\"mailto:sales@gtspower.com?subject=I%27d%20like%20more%20information%20on%20HCH-7010VL-CH-DESK\"><span class=\"fusion-button-text awb-button__text awb-button__text--default\">ENV\u00cdENOS UN CORREO PARA M\u00c1S INFORMACI\u00d3N<\/span><\/a><\/div><div class=\"fusion-sep-clear\"><\/div><div class=\"fusion-separator fusion-full-width-sep\" style=\"margin-left: auto;margin-right: auto;margin-top:10px;margin-bottom:0px;width:100%;\"><\/div><div class=\"fusion-sep-clear\"><\/div><\/p>\n<h3 style=\"text-align: center;\">Ll\u00e1manos para consultar el precio: 800-267-2711<\/h3>\n<\/div><div class=\"fusion-clearfix\"><\/div><\/div><\/div><div class=\"fusion-layout-column fusion_builder_column fusion-builder-column-1 fusion_builder_column_1_2 1_2 fusion-one-half fusion-column-last\" style=\"--awb-bg-size:cover;width:50%;width:calc(50% - ( ( 4% ) * 0.5 ) );\"><div class=\"fusion-column-wrapper fusion-flex-column-wrapper-legacy\"><div class=\"fusion-text fusion-text-3\"><h1><span class=\"productSKU\">HCH-7010VL-CH-DESK<\/span><\/h1>\n<h3>Cargador de Viaje y de Escritorio<\/h3>\n<p>(Ya no est\u00e1 disponible por Internet.)<\/p>\n<\/div><div class=\"fusion-clearfix\"><\/div><\/div><\/div><\/div><\/div><div class=\"fusion-fullwidth fullwidth-box fusion-builder-row-2 nonhundred-percent-fullwidth non-hundred-percent-height-scrolling\" style=\"--awb-border-radius-top-left:0px;--awb-border-radius-top-right:0px;--awb-border-radius-bottom-right:0px;--awb-border-radius-bottom-left:0px;--awb-padding-top:0px;--awb-padding-right:10px;--awb-padding-bottom:20px;--awb-padding-left:50px;--awb-flex-wrap:wrap;\" ><div class=\"fusion-builder-row fusion-row\"><div class=\"fusion-layout-column fusion_builder_column fusion-builder-column-2 fusion_builder_column_1_2 1_2 fusion-one-half fusion-column-first\" style=\"--awb-bg-size:cover;width:50%;width:calc(50% - ( ( 4% ) * 0.5 ) );margin-right: 4%;\"><div class=\"fusion-column-wrapper fusion-flex-column-wrapper-legacy\"><div class=\"fusion-text fusion-text-4\"><h2>Productos Relacionados<\/h2>\n<hr \/>\n<table width=\"100%\">\n<tbody>\n<tr>\n<td align=\"center\"><a href=\"https:\/\/gtspower.com\/es\/productos\/computadoras-portatiles\/baterias\/producto-hmc70-li36\/\"><img decoding=\"async\" class=\"aligncenter wp-image-1007\" src=\"https:\/\/www.gtspower.com\/wp-content\/uploads\/products\/HMC70-Li-36-453-x-309.gif\" alt=\"HMC70-LI(36)\" width=\"147\" height=\"100\" \/><\/a><\/p>\n<h3>HMC70-LI(36)<\/h3>\n<\/td>\n<td align=\"center\"><a href=\"https:\/\/gtspower.com\/es\/productos\/computadoras-portatiles\/baterias\/producto-hmc70-li48\/\"><img decoding=\"async\" class=\"aligncenter wp-image-1005\" src=\"https:\/\/www.gtspower.com\/wp-content\/uploads\/products\/HMC70-Li-48-453-x-309_1.gif\" alt=\"HMC70-LI(48)\" width=\"147\" height=\"100\" \/><\/a><\/p>\n<h3>HMC70-LI(48)<\/h3>\n<\/td>\n<td align=\"center\"><a href=\"https:\/\/gtspower.com\/es\/productos\/computadoras-portatiles\/cargadores\/hch-7010v-chg\/\"><img decoding=\"async\" class=\"aligncenter wp-image-1167\" src=\"https:\/\/www.gtspower.com\/wp-content\/uploads\/products\/HCH-7010V.gif\" alt=\"HCH-7010V-CHG\" width=\"147\" height=\"100\" \/><\/a><\/p>\n<h3>HCH-7010V-CHG<\/h3>\n<\/td>\n<\/tr>\n<\/tbody>\n<\/table>\n<\/div><div class=\"fusion-clearfix\"><\/div><\/div><\/div><div class=\"fusion-layout-column fusion_builder_column fusion-builder-column-3 fusion_builder_column_1_2 1_2 fusion-one-half fusion-column-last\" style=\"--awb-bg-size:cover;width:50%;width:calc(50% - ( ( 4% ) * 0.5 ) );\"><div class=\"fusion-column-wrapper fusion-flex-column-wrapper-legacy\"><div class=\"fusion-text fusion-text-5\"><h2>Especificaciones del Producto<\/h2>\n<hr \/>\n<p><strong>Fabricante de equipo<b class=\"b1\">s\u00a0<\/b><b class=\"b2\">origi<\/b><b class=\"b3\">nal<\/b><b class=\"b4\">es\u00a0<\/b><b class=\"b5\">(OEM)<\/b><\/strong>: SYMBOL<\/p>\n<p><strong>Modelos de fabricante de equipo<b class=\"b1\">s\u00a0<\/b><b class=\"b2\">origi<\/b><b class=\"b3\">nal<\/b><b class=\"b4\">es\u00a0<\/b><b class=\"b5\">(OEM)<\/b>:<\/strong>\u00a0MC70 \/ MC75<\/p>\n<\/div><div class=\"fusion-clearfix\"><\/div><\/div><\/div><\/div><\/div><\/p>\n","protected":false},"excerpt":{"rendered":"","protected":false},"author":1,"featured_media":0,"parent":4409,"menu_order":0,"comment_status":"closed","ping_status":"closed","template":"","meta":{"footnotes":""},"class_list":["post-4494","page","type-page","status-publish","hentry"],"_links":{"self":[{"href":"https:\/\/gtspower.com\/es\/wp-json\/wp\/v2\/pages\/4494","targetHints":{"allow":["GET"]}}],"collection":[{"href":"https:\/\/gtspower.com\/es\/wp-json\/wp\/v2\/pages"}],"about":[{"href":"https:\/\/gtspower.com\/es\/wp-json\/wp\/v2\/types\/page"}],"author":[{"embeddable":true,"href":"https:\/\/gtspower.com\/es\/wp-json\/wp\/v2\/users\/1"}],"replies":[{"embeddable":true,"href":"https:\/\/gtspower.com\/es\/wp-json\/wp\/v2\/comments?post=4494"}],"version-history":[{"count":5,"href":"https:\/\/gtspower.com\/es\/wp-json\/wp\/v2\/pages\/4494\/revisions"}],"predecessor-version":[{"id":7032,"href":"https:\/\/gtspower.com\/es\/wp-json\/wp\/v2\/pages\/4494\/revisions\/7032"}],"up":[{"embeddable":true,"href":"https:\/\/gtspower.com\/es\/wp-json\/wp\/v2\/pages\/4409"}],"wp:attachment":[{"href":"https:\/\/gtspower.com\/es\/wp-json\/wp\/v2\/media?parent=4494"}],"curies":[{"name":"wp","href":"https:\/\/api.w.org\/{rel}","templated":true}]}}