{"id":4465,"date":"2017-11-14T14:38:13","date_gmt":"2017-11-14T14:38:13","guid":{"rendered":"http:\/\/gtspower.online\/?page_id=4465"},"modified":"2018-01-24T23:32:53","modified_gmt":"2018-01-24T23:32:53","slug":"hch-3030-chg","status":"publish","type":"page","link":"https:\/\/gtspower.com\/es\/productos\/computadoras-portatiles\/cargadores\/hch-3030-chg\/","title":{"rendered":"HCH-3030-CHG"},"content":{"rendered":"<p><div class=\"fusion-fullwidth fullwidth-box fusion-builder-row-1 nonhundred-percent-fullwidth non-hundred-percent-height-scrolling\" style=\"--awb-border-radius-top-left:0px;--awb-border-radius-top-right:0px;--awb-border-radius-bottom-right:0px;--awb-border-radius-bottom-left:0px;--awb-padding-top:10px;--awb-padding-right:10px;--awb-padding-bottom:20px;--awb-padding-left:50px;--awb-flex-wrap:wrap;\" ><div class=\"fusion-builder-row fusion-row\"><div class=\"fusion-layout-column fusion_builder_column fusion-builder-column-0 fusion_builder_column_1_2 1_2 fusion-one-half fusion-column-first\" style=\"--awb-bg-size:cover;width:50%;width:calc(50% - ( ( 4% ) * 0.5 ) );margin-right: 4%;\"><div class=\"fusion-column-wrapper fusion-flex-column-wrapper-legacy\"><div class=\"fusion-text fusion-text-1\"><p><img decoding=\"async\" class=\"aligncenter size-full wp-image-1158\" src=\"https:\/\/www.gtspower.com\/wp-content\/uploads\/products\/HCH-3030-CHG-453-x-309.gif\" alt=\"HCH-3030-CHG\" width=\"453\" height=\"309\" \/><\/p>\n<\/div><div class=\"fusion-text fusion-text-2\"><p><div class=\"fusion-sep-clear\"><\/div><div class=\"fusion-separator fusion-full-width-sep\" style=\"margin-left: auto;margin-right: auto;margin-top:10px;margin-bottom:0px;width:100%;\"><\/div><div class=\"fusion-sep-clear\"><\/div><div class=\"fusion-aligncenter\"><a class=\"fusion-button button-flat fusion-button-default-size button-default fusion-button-default button-1 fusion-button-default-span fusion-button-default-type\" target=\"_self\" href=\"mailto:sales@gtspower.com?subject=I%27d%20like%20more%20information%20on%20HCH-3030-CHG\"><span class=\"fusion-button-text awb-button__text awb-button__text--default\">ENV\u00cdENOS UN CORREO PARA M\u00c1S INFORMACI\u00d3N<\/span><\/a><\/div><div class=\"fusion-sep-clear\"><\/div><div class=\"fusion-separator fusion-full-width-sep\" style=\"margin-left: auto;margin-right: auto;margin-top:10px;margin-bottom:0px;width:100%;\"><\/div><div class=\"fusion-sep-clear\"><\/div><\/p>\n<h3 style=\"text-align: center;\">Ll\u00e1manos para consultar el precio: 800-267-2711<\/h3>\n<\/div><div class=\"fusion-clearfix\"><\/div><\/div><\/div><div class=\"fusion-layout-column fusion_builder_column fusion-builder-column-1 fusion_builder_column_1_2 1_2 fusion-one-half fusion-column-last\" style=\"--awb-bg-size:cover;width:50%;width:calc(50% - ( ( 4% ) * 0.5 ) );\"><div class=\"fusion-column-wrapper fusion-flex-column-wrapper-legacy\"><div class=\"fusion-text fusion-text-3\"><h1><span class=\"productSKU\">HCH-3030-CHG<\/span><\/h1>\n<h3>Cargador de bater\u00eda de 3 conectores para dispositivos Symbol\/Motorola serie MC3000 \/ MC31XX \/ MC3200<\/h3>\n<div>\n<p>El HCH-3030-CHG es un\u00a0cargador de bater\u00eda de 3 conectores para dispositivos Motorola MC3000 \/ MC31XX \/ MC3200.\u00a0Carga un 50% m\u00e1s las bater\u00edas en el mismo espacio que los cargadores originales.<\/p>\n<p><a href=\"https:\/\/www.gtspower.com\/wp-content\/uploads\/pdf\/HCH-3030-CHG-Spec-Sheet-14-05-16-US.pdf\">Ficha T\u00e9cnica<\/a><\/p>\n<\/div>\n<h3><\/h3>\n<\/div><div class=\"fusion-clearfix\"><\/div><\/div><\/div><\/div><\/div><div class=\"fusion-fullwidth fullwidth-box fusion-builder-row-2 nonhundred-percent-fullwidth non-hundred-percent-height-scrolling\" style=\"--awb-border-radius-top-left:0px;--awb-border-radius-top-right:0px;--awb-border-radius-bottom-right:0px;--awb-border-radius-bottom-left:0px;--awb-padding-top:0px;--awb-padding-right:10px;--awb-padding-bottom:20px;--awb-padding-left:50px;--awb-flex-wrap:wrap;\" ><div class=\"fusion-builder-row fusion-row\"><div class=\"fusion-layout-column fusion_builder_column fusion-builder-column-2 fusion_builder_column_1_2 1_2 fusion-one-half fusion-column-first\" style=\"--awb-bg-size:cover;width:50%;width:calc(50% - ( ( 4% ) * 0.5 ) );margin-right: 4%;\"><div class=\"fusion-column-wrapper fusion-flex-column-wrapper-legacy\"><div class=\"fusion-text fusion-text-4\"><h2>Productos Relacionados<\/h2>\n<hr \/>\n<\/div><div class=\"fusion-builder-row fusion-builder-row-inner fusion-row\"><div class=\"fusion-layout-column fusion_builder_column_inner fusion-builder-nested-column-0 fusion_builder_column_inner_1_3 1_3 fusion-one-third fusion-column-first\" style=\"--awb-padding-right:5px;--awb-padding-left:5px;--awb-bg-size:cover;width:33.333333333333%;width:calc(33.333333333333% - ( ( 4% + 4% ) * 0.33333333333333 ) );margin-right: 4%;\"><div class=\"fusion-column-wrapper fusion-flex-column-wrapper-legacy\"><div class=\"fusion-text fusion-text-5\"><p><a class=\"nowrap\" href=\"https:\/\/gtspower.com\/es\/productos\/computadoras-portatiles\/baterias\/producto-hmc3x00-lis\/\"><img decoding=\"async\" class=\"aligncenter wp-image-1003\" src=\"https:\/\/www.gtspower.com\/wp-content\/uploads\/products\/HMC3X00-LiS_1.gif\" alt=\"HMC3X00-LI(S)\" width=\"100\" height=\"100\" \/><\/a><\/p>\n<p style=\"text-align: center;\" data-fontsize=\"20\" data-lineheight=\"30\">HMC3X00-LI(S)<\/p>\n<\/div><div class=\"fusion-clearfix\"><\/div><\/div><\/div><div class=\"fusion-layout-column fusion_builder_column_inner fusion-builder-nested-column-1 fusion_builder_column_inner_1_3 1_3 fusion-one-third\" style=\"--awb-padding-right:5px;--awb-padding-left:5px;--awb-bg-size:cover;width:33.333333333333%;width:calc(33.333333333333% - ( ( 4% + 4% ) * 0.33333333333333 ) );margin-right: 4%;\"><div class=\"fusion-column-wrapper fusion-flex-column-wrapper-legacy\"><div class=\"fusion-text fusion-text-6\"><p><a class=\"nowrap\" href=\"https:\/\/gtspower.com\/es\/productos\/computadoras-portatiles\/baterias\/producto-hmc3x00-lih\/\"><img decoding=\"async\" class=\"aligncenter wp-image-1001\" src=\"https:\/\/www.gtspower.com\/wp-content\/uploads\/products\/HMC3X00-LiH.gif\" alt=\"HMC3X00-LI(H)\" width=\"146\" height=\"100\" \/><\/a><\/p>\n<p style=\"text-align: center;\" data-fontsize=\"20\" data-lineheight=\"30\">HMC3X00-LI(H)<\/p>\n<\/div><div class=\"fusion-clearfix\"><\/div><\/div><\/div><div class=\"fusion-layout-column fusion_builder_column_inner fusion-builder-nested-column-2 fusion_builder_column_inner_1_3 1_3 fusion-one-third fusion-column-last\" style=\"--awb-padding-right:5px;--awb-padding-left:5px;--awb-bg-size:cover;width:33.333333333333%;width:calc(33.333333333333% - ( ( 4% + 4% ) * 0.33333333333333 ) );\"><div class=\"fusion-column-wrapper fusion-flex-column-wrapper-legacy\"><div class=\"fusion-text fusion-text-7\"><p><a class=\"nowrap\" href=\"https:\/\/gtspower.com\/es\/productos\/computadoras-portatiles\/cargadores\/hch-3010e-chg\/\"><img decoding=\"async\" class=\"aligncenter wp-image-1157\" src=\"https:\/\/www.gtspower.com\/wp-content\/uploads\/products\/HCH-3010E-CHG-453x309.png\" sizes=\"(max-width: 110px) 100vw, 110px\" srcset=\"https:\/\/www.gtspower.com\/wp-content\/uploads\/products\/HCH-3010E-CHG-453x309-200x181.png 200w, https:\/\/www.gtspower.com\/wp-content\/uploads\/products\/HCH-3010E-CHG-453x309-300x272.png 300w, https:\/\/www.gtspower.com\/wp-content\/uploads\/products\/HCH-3010E-CHG-453x309-400x363.png 400w, https:\/\/www.gtspower.com\/wp-content\/uploads\/products\/HCH-3010E-CHG-453x309.png 453w\" alt=\"HCH-3010E-CHG\" width=\"110\" height=\"100\" \/><\/a><\/p>\n<p style=\"text-align: center;\" data-fontsize=\"20\" data-lineheight=\"30\">HCH-3010E-CHG<\/p>\n<\/div><div class=\"fusion-clearfix\"><\/div><\/div><\/div><\/div><div class=\"fusion-clearfix\"><\/div><\/div><\/div><div class=\"fusion-layout-column fusion_builder_column fusion-builder-column-3 fusion_builder_column_1_2 1_2 fusion-one-half fusion-column-last\" style=\"--awb-bg-size:cover;width:50%;width:calc(50% - ( ( 4% ) * 0.5 ) );\"><div class=\"fusion-column-wrapper fusion-flex-column-wrapper-legacy\"><div class=\"fusion-text fusion-text-8\"><h2>Especificaciones del Producto<\/h2>\n<hr \/>\n<p><strong>Dimensiones<\/strong>: 159.69 x 113 x 333 (405.61 x 287 x 845)<\/p>\n<p><strong>Fabricante<\/strong>: MOTOROLA<\/p>\n<p><strong>Modelos:<\/strong>\u00a0MC3000 \/ MC31XX \/ MC3200<\/p>\n<p><strong>Peso<\/strong>: 2.02 lbs (916 g)<\/p>\n<\/div><div class=\"fusion-clearfix\"><\/div><\/div><\/div><\/div><\/div><\/p>\n<div class=\"grammarly-disable-indicator\"><\/div>\n","protected":false},"excerpt":{"rendered":"","protected":false},"author":1,"featured_media":0,"parent":4409,"menu_order":0,"comment_status":"closed","ping_status":"closed","template":"","meta":{"footnotes":""},"class_list":["post-4465","page","type-page","status-publish","hentry"],"_links":{"self":[{"href":"https:\/\/gtspower.com\/es\/wp-json\/wp\/v2\/pages\/4465","targetHints":{"allow":["GET"]}}],"collection":[{"href":"https:\/\/gtspower.com\/es\/wp-json\/wp\/v2\/pages"}],"about":[{"href":"https:\/\/gtspower.com\/es\/wp-json\/wp\/v2\/types\/page"}],"author":[{"embeddable":true,"href":"https:\/\/gtspower.com\/es\/wp-json\/wp\/v2\/users\/1"}],"replies":[{"embeddable":true,"href":"https:\/\/gtspower.com\/es\/wp-json\/wp\/v2\/comments?post=4465"}],"version-history":[{"count":8,"href":"https:\/\/gtspower.com\/es\/wp-json\/wp\/v2\/pages\/4465\/revisions"}],"predecessor-version":[{"id":7021,"href":"https:\/\/gtspower.com\/es\/wp-json\/wp\/v2\/pages\/4465\/revisions\/7021"}],"up":[{"embeddable":true,"href":"https:\/\/gtspower.com\/es\/wp-json\/wp\/v2\/pages\/4409"}],"wp:attachment":[{"href":"https:\/\/gtspower.com\/es\/wp-json\/wp\/v2\/media?parent=4465"}],"curies":[{"name":"wp","href":"https:\/\/api.w.org\/{rel}","templated":true}]}}