{"id":4424,"date":"2017-04-28T00:08:50","date_gmt":"2017-04-28T00:08:50","guid":{"rendered":"http:\/\/gtspower.online\/h4077-lip\/"},"modified":"2018-01-24T23:21:50","modified_gmt":"2018-01-24T23:21:50","slug":"h4077-lip","status":"publish","type":"page","link":"https:\/\/gtspower.com\/es\/productos\/radios-bidireccionales\/baterias\/h4077-lip\/","title":{"rendered":"H4077-LIP"},"content":{"rendered":"<p><div class=\"fusion-fullwidth fullwidth-box fusion-builder-row-1 nonhundred-percent-fullwidth non-hundred-percent-height-scrolling\" style=\"--awb-border-radius-top-left:0px;--awb-border-radius-top-right:0px;--awb-border-radius-bottom-right:0px;--awb-border-radius-bottom-left:0px;--awb-padding-top:10px;--awb-padding-right:10px;--awb-padding-bottom:20px;--awb-padding-left:50px;--awb-flex-wrap:wrap;\" ><div class=\"fusion-builder-row fusion-row\"><div class=\"fusion-layout-column fusion_builder_column fusion-builder-column-0 fusion_builder_column_1_2 1_2 fusion-one-half fusion-column-first\" style=\"--awb-bg-size:cover;width:50%;width:calc(50% - ( ( 4% ) * 0.5 ) );margin-right: 4%;\"><div class=\"fusion-column-wrapper fusion-flex-column-wrapper-legacy\"><div class=\"fusion-text fusion-text-1\"><p><img decoding=\"async\" class=\"aligncenter size-full wp-image-1477\" src=\"https:\/\/www.gtspower.com\/wp-content\/uploads\/products\/H4077-LiP.png\" alt=\"\" width=\"453\" height=\"309\" srcset=\"https:\/\/gtspower.com\/wp-content\/uploads\/products\/H4077-LiP-200x136.png 200w, https:\/\/gtspower.com\/wp-content\/uploads\/products\/H4077-LiP-300x205.png 300w, https:\/\/gtspower.com\/wp-content\/uploads\/products\/H4077-LiP-400x273.png 400w, https:\/\/gtspower.com\/wp-content\/uploads\/products\/H4077-LiP.png 453w\" sizes=\"(max-width: 453px) 100vw, 453px\" \/><\/p>\n<\/div><div class=\"fusion-text fusion-text-2\"><p><div class=\"fusion-sep-clear\"><\/div><div class=\"fusion-separator fusion-full-width-sep\" style=\"margin-left: auto;margin-right: auto;margin-top:10px;margin-bottom:0px;width:100%;\"><\/div><div class=\"fusion-sep-clear\"><\/div><div class=\"fusion-button-wrapper fusion-aligncenter\"><a class=\"fusion-button button-flat fusion-button-default-size button-default fusion-button-default button-1 fusion-button-default-span fusion-button-default-type\" target=\"_self\" href=\"mailto:sales@gtspower.com?subject=I%27d%20like%20more%20information%20on%20H4077-LIP\"><span class=\"fusion-button-text awb-button__text awb-button__text--default\">ENV\u00cdENOS UN CORREO PARA M\u00c1S INFORMACI\u00d3N<\/span><\/a><\/div><div class=\"fusion-sep-clear\"><\/div><div class=\"fusion-separator fusion-full-width-sep\" style=\"margin-left: auto;margin-right: auto;margin-top:10px;margin-bottom:0px;width:100%;\"><\/div><div class=\"fusion-sep-clear\"><\/div><\/p>\n<h3 style=\"text-align: center;\">Ll\u00e1manos para consultar el precio: 800-267-2711<\/h3>\n<\/div><div class=\"fusion-clearfix\"><\/div><\/div><\/div><div class=\"fusion-layout-column fusion_builder_column fusion-builder-column-1 fusion_builder_column_1_2 1_2 fusion-one-half fusion-column-last\" style=\"--awb-bg-size:cover;width:50%;width:calc(50% - ( ( 4% ) * 0.5 ) );\"><div class=\"fusion-column-wrapper fusion-flex-column-wrapper-legacy\"><div class=\"fusion-text fusion-text-3\"><h1><span class=\"productSKU\">H4077-LIP<\/span><\/h1>\n<h3>Bater\u00eda para el Mototrbo<\/h3>\n<p>La H4077-LiP es una bater\u00eda de repuesto para las bater\u00edas PMNN4066, PMNN4069 &amp; PMNN4077, utilizadas en los radios bidireccionales MOTOTRBO.<\/p>\n<h3>Caracter\u00edsticas del producto<\/h3>\n<ul>\n<li><strong>100% compatible \u2013 <\/strong>No invalidar\u00e1 la garant\u00eda los equipos originales<\/li>\n<li><strong>Larga duraci\u00f3n \u2013<\/strong>\u00a0tiene 2 veces la capacidad de las opciones que ofrecen los equipos\u00a0originales<\/li>\n<li><strong>Ahorras dinero \u2013 <\/strong>Comprar\u00e1s menos bater\u00edas a lo largo del tiempo, dando como resultado un mayor ciclo de vida<\/li>\n<li><strong>Desempe\u00f1o extremo \u2013 <\/strong>Mayor tolerancia a la temperatura<\/li>\n<\/ul>\n<\/div><div class=\"fusion-clearfix\"><\/div><\/div><\/div><\/div><\/div><div class=\"fusion-fullwidth fullwidth-box fusion-builder-row-2 nonhundred-percent-fullwidth non-hundred-percent-height-scrolling\" style=\"--awb-border-radius-top-left:0px;--awb-border-radius-top-right:0px;--awb-border-radius-bottom-right:0px;--awb-border-radius-bottom-left:0px;--awb-padding-top:0px;--awb-padding-right:10px;--awb-padding-bottom:20px;--awb-padding-left:50px;--awb-flex-wrap:wrap;\" ><div class=\"fusion-builder-row fusion-row\"><div class=\"fusion-layout-column fusion_builder_column fusion-builder-column-2 fusion_builder_column_1_2 1_2 fusion-one-half fusion-column-first\" style=\"--awb-bg-size:cover;width:50%;width:calc(50% - ( ( 4% ) * 0.5 ) );margin-right: 4%;\"><div class=\"fusion-column-wrapper fusion-flex-column-wrapper-legacy\"><div class=\"fusion-text fusion-text-4\"><h2>Productos Relacionados<\/h2>\n<hr \/>\n<\/div><div class=\"fusion-builder-row fusion-builder-row-inner fusion-row\"><div class=\"fusion-layout-column fusion_builder_column_inner fusion-builder-nested-column-0 fusion_builder_column_inner_1_3 1_3 fusion-one-third fusion-column-first\" style=\"--awb-padding-right:5px;--awb-padding-left:5px;--awb-bg-size:cover;width:33.333333333333%;width:calc(33.333333333333% - ( ( 4% + 4% ) * 0.33333333333333 ) );margin-right: 4%;\"><div class=\"fusion-column-wrapper fusion-flex-column-wrapper-legacy\"><div class=\"fusion-text fusion-text-5\"><p><a href=\"https:\/\/gtspower.com\/es\/productos\/radios-bidireccionales\/baterias\/h5571-li\/\"><img decoding=\"async\" class=\"aligncenter wp-image-1482\" src=\"https:\/\/www.gtspower.com\/wp-content\/uploads\/products\/H5571-Li.png\" sizes=\"(max-width: 147px) 100vw, 147px\" srcset=\"https:\/\/www.gtspower.com\/wp-content\/uploads\/products\/H5571-Li-200x136.png 200w, https:\/\/www.gtspower.com\/wp-content\/uploads\/products\/H5571-Li-300x205.png 300w, https:\/\/www.gtspower.com\/wp-content\/uploads\/products\/H5571-Li-400x273.png 400w, https:\/\/www.gtspower.com\/wp-content\/uploads\/products\/H5571-Li.png 453w\" alt=\"H5571-LI\" width=\"147\" height=\"100\" \/><\/a><\/p>\n<p style=\"text-align: center;\" data-fontsize=\"20\" data-lineheight=\"30\">H5571-LI<\/p>\n<\/div><div class=\"fusion-clearfix\"><\/div><\/div><\/div><div class=\"fusion-layout-column fusion_builder_column_inner fusion-builder-nested-column-1 fusion_builder_column_inner_1_3 1_3 fusion-one-third\" style=\"--awb-padding-right:5px;--awb-padding-left:5px;--awb-bg-size:cover;width:33.333333333333%;width:calc(33.333333333333% - ( ( 4% + 4% ) * 0.33333333333333 ) );margin-right: 4%;\"><div class=\"fusion-column-wrapper fusion-flex-column-wrapper-legacy\"><div class=\"fusion-text fusion-text-6\"><p><a href=\"https:\/\/gtspower.com\/es\/productos\/radios-bidireccionales\/cargadores\/eocc-apx-12v\/\"><img decoding=\"async\" class=\"aligncenter wp-image-1470\" src=\"https:\/\/www.gtspower.com\/wp-content\/uploads\/products\/EOCCC.png\" sizes=\"(max-width: 133px) 100vw, 133px\" srcset=\"https:\/\/www.gtspower.com\/wp-content\/uploads\/products\/EOCCC-200x150.png 200w, https:\/\/www.gtspower.com\/wp-content\/uploads\/products\/EOCCC-300x225.png 300w, https:\/\/www.gtspower.com\/wp-content\/uploads\/products\/EOCCC-400x300.png 400w, https:\/\/www.gtspower.com\/wp-content\/uploads\/products\/EOCCC.png 453w\" alt=\"\" width=\"133\" height=\"100\" \/><\/a><\/p>\n<p style=\"text-align: center;\" data-fontsize=\"20\" data-lineheight=\"30\">EOCC-APX-12V<\/p>\n<\/div><div class=\"fusion-clearfix\"><\/div><\/div><\/div><div class=\"fusion-layout-column fusion_builder_column_inner fusion-builder-nested-column-2 fusion_builder_column_inner_1_3 1_3 fusion-one-third fusion-column-last\" style=\"--awb-padding-right:5px;--awb-padding-left:5px;--awb-bg-size:cover;width:33.333333333333%;width:calc(33.333333333333% - ( ( 4% + 4% ) * 0.33333333333333 ) );\"><div class=\"fusion-column-wrapper fusion-flex-column-wrapper-legacy\"><div class=\"fusion-text fusion-text-7\"><p><a href=\"https:\/\/gtspower.com\/es\/productos\/computadoras-portatiles\/cargadores\/hch-3010e-chg\/\"><img decoding=\"async\" class=\"aligncenter wp-image-1157\" src=\"https:\/\/www.gtspower.com\/wp-content\/uploads\/products\/HCH-3010E-CHG-453x309.png\" sizes=\"(max-width: 110px) 100vw, 110px\" srcset=\"https:\/\/www.gtspower.com\/wp-content\/uploads\/products\/HCH-3010E-CHG-453x309-200x181.png 200w, https:\/\/www.gtspower.com\/wp-content\/uploads\/products\/HCH-3010E-CHG-453x309-300x272.png 300w, https:\/\/www.gtspower.com\/wp-content\/uploads\/products\/HCH-3010E-CHG-453x309-400x363.png 400w, https:\/\/www.gtspower.com\/wp-content\/uploads\/products\/HCH-3010E-CHG-453x309.png 453w\" alt=\"HCH-3010E-CHG\" width=\"110\" height=\"100\" \/><\/a><\/p>\n<p style=\"text-align: center;\" data-fontsize=\"20\" data-lineheight=\"30\">HCH-3010E-CHG<\/p>\n<\/div><div class=\"fusion-clearfix\"><\/div><\/div><\/div><\/div><div class=\"fusion-clearfix\"><\/div><\/div><\/div><div class=\"fusion-layout-column fusion_builder_column fusion-builder-column-3 fusion_builder_column_1_2 1_2 fusion-one-half fusion-column-last\" style=\"--awb-bg-size:cover;width:50%;width:calc(50% - ( ( 4% ) * 0.5 ) );\"><div class=\"fusion-column-wrapper fusion-flex-column-wrapper-legacy\"><div class=\"fusion-text fusion-text-8\"><h2>Especificaciones del producto<\/h2>\n<hr \/>\n<p><strong>Capacidad<\/strong>: 2850<\/p>\n<p><b>Qu\u00edmica<\/b>: Pol\u00edmero de Litio<\/p>\n<p><strong>Voltaje<\/strong>: 7.2<\/p>\n<p><strong>Dimensiones<\/strong>: 129.5 x 55.6 x 25.4 (328,9 x 141,2 x 64,5)<\/p>\n<p><strong>Fabricante<\/strong>: MOTOROLA<\/p>\n<p><strong>Modelos<\/strong>: Mototrbo XPR Series<\/p>\n<p><strong>N\u00b0 de parte<\/strong>: PMNN4066A \/ PMNN4077<\/p>\n<p><b>Peso<\/b>: 147 g<\/p>\n<p><strong>Garant\u00eda<\/strong>: 24 meses<\/p>\n<\/div><div class=\"fusion-clearfix\"><\/div><\/div><\/div><\/div><\/div><\/p>\n","protected":false},"excerpt":{"rendered":"","protected":false},"author":1,"featured_media":0,"parent":6409,"menu_order":0,"comment_status":"closed","ping_status":"closed","template":"","meta":{"footnotes":""},"class_list":["post-4424","page","type-page","status-publish","hentry"],"_links":{"self":[{"href":"https:\/\/gtspower.com\/es\/wp-json\/wp\/v2\/pages\/4424","targetHints":{"allow":["GET"]}}],"collection":[{"href":"https:\/\/gtspower.com\/es\/wp-json\/wp\/v2\/pages"}],"about":[{"href":"https:\/\/gtspower.com\/es\/wp-json\/wp\/v2\/types\/page"}],"author":[{"embeddable":true,"href":"https:\/\/gtspower.com\/es\/wp-json\/wp\/v2\/users\/1"}],"replies":[{"embeddable":true,"href":"https:\/\/gtspower.com\/es\/wp-json\/wp\/v2\/comments?post=4424"}],"version-history":[{"count":7,"href":"https:\/\/gtspower.com\/es\/wp-json\/wp\/v2\/pages\/4424\/revisions"}],"predecessor-version":[{"id":6986,"href":"https:\/\/gtspower.com\/es\/wp-json\/wp\/v2\/pages\/4424\/revisions\/6986"}],"up":[{"embeddable":true,"href":"https:\/\/gtspower.com\/es\/wp-json\/wp\/v2\/pages\/6409"}],"wp:attachment":[{"href":"https:\/\/gtspower.com\/es\/wp-json\/wp\/v2\/media?parent=4424"}],"curies":[{"name":"wp","href":"https:\/\/api.w.org\/{rel}","templated":true}]}}