{"id":4324,"date":"2017-02-10T23:43:50","date_gmt":"2017-02-10T23:43:50","guid":{"rendered":"http:\/\/gtspower.online\/about-us\/careers\/"},"modified":"2018-01-13T21:33:07","modified_gmt":"2018-01-13T21:33:07","slug":"careers","status":"publish","type":"page","link":"https:\/\/gtspower.com\/es\/quienes-somos\/careers\/","title":{"rendered":"Carreras"},"content":{"rendered":"<p><div class=\"fusion-fullwidth fullwidth-box fusion-builder-row-1 nonhundred-percent-fullwidth non-hundred-percent-height-scrolling\" style=\"--awb-border-radius-top-left:0px;--awb-border-radius-top-right:0px;--awb-border-radius-bottom-right:0px;--awb-border-radius-bottom-left:0px;--awb-padding-top:20px;--awb-padding-bottom:0px;--awb-margin-bottom:0px;--awb-flex-wrap:wrap;\" ><div class=\"fusion-builder-row fusion-row\"><div class=\"fusion-layout-column fusion_builder_column fusion-builder-column-0 fusion_builder_column_1_1 1_1 fusion-one-full fusion-column-first fusion-column-last\" style=\"--awb-bg-size:cover;\"><div class=\"fusion-column-wrapper fusion-flex-column-wrapper-legacy\"><div class=\"fusion-title title fusion-title-1 fusion-title-text fusion-title-size-one\" style=\"--awb-margin-top-small:10px;--awb-margin-right-small:0px;--awb-margin-bottom-small:10px;--awb-margin-left-small:0px;\"><h1 class=\"fusion-title-heading title-heading-left fusion-responsive-typography-calculated\" style=\"margin:0;--fontSize:34;line-height:1.4;\">Carreras<\/h1><span class=\"awb-title-spacer\"><\/span><div class=\"title-sep-container\"><div class=\"title-sep sep-double sep-solid\" style=\"border-color:#e0dede;\"><\/div><\/div><\/div><div class=\"fusion-clearfix\"><\/div><\/div><\/div><\/div><\/div><div class=\"fusion-fullwidth fullwidth-box fusion-builder-row-2 nonhundred-percent-fullwidth non-hundred-percent-height-scrolling\" style=\"--awb-border-radius-top-left:0px;--awb-border-radius-top-right:0px;--awb-border-radius-bottom-right:0px;--awb-border-radius-bottom-left:0px;--awb-padding-top:0px;--awb-padding-bottom:20px;--awb-flex-wrap:wrap;\" ><div class=\"fusion-builder-row fusion-row\"><div class=\"fusion-layout-column fusion_builder_column fusion-builder-column-1 fusion_builder_column_3_4 3_4 fusion-three-fourth fusion-column-first\" style=\"--awb-bg-size:cover;width:75%;width:calc(75% - ( ( 4% ) * 0.75 ) );margin-right: 4%;\"><div class=\"fusion-column-wrapper fusion-flex-column-wrapper-legacy\"><div class=\"fusion-text fusion-text-1\"><h3>\u00bfEst\u00e1s interesado en unirte al equipo de Global Technology Systems?<\/h3>\n<p>GTS es una empresa en crecimiento que emplea con orgullo a un equipo diverso y motivado de empleados talentosos. Valoramos el trabajo en equipo y la colaboraci\u00f3n. GTS ofrece salarios competitivos y un ambiente de trabajo gratificante.<\/p>\n<p>Global Technology Systems, Inc. ofrece igualdad de oportunidades de empleo (EEO) a todos los empleados y candidatos sin distinci\u00f3n de raza, color, religi\u00f3n, sexo, nacionalidad, edad, discapacidad o gen\u00e9tica. Adem\u00e1s de los requisitos de la ley federal, Global Technology Systems, Inc. cumple con las leyes estatales y locales aplicables que rigen la no discriminaci\u00f3n en el empleo, en ambas ubicaciones en las que la compa\u00f1\u00eda tiene instalaciones. Esta pol\u00edtica se aplica a todos los t\u00e9rminos y condiciones de empleo, incluido el reclutamiento, la contrataci\u00f3n, la promoci\u00f3n, la terminaci\u00f3n, la transferencia, el permiso de ausencia, la compensaci\u00f3n y la capacitaci\u00f3n. Global Technology Systems, Inc. da la bienvenida a todas las solicitudes de empleo para su revisi\u00f3n.<\/p>\n<p>Global Technology Systems, Inc. proh\u00edbe cualquier forma de acoso laboral basado en raza, color, religi\u00f3n, g\u00e9nero, orientaci\u00f3n sexual, identidad o expresi\u00f3n de g\u00e9nero, nacionalidad, edad, informaci\u00f3n gen\u00e9tica, discapacidad o condici\u00f3n de veterano.<\/p>\n<\/div><div class=\"fusion-clearfix\"><\/div><\/div><\/div><div class=\"fusion-layout-column fusion_builder_column fusion-builder-column-2 fusion_builder_column_1_4 1_4 fusion-one-fourth fusion-column-last\" style=\"--awb-bg-size:cover;width:25%;width:calc(25% - ( ( 4% ) * 0.25 ) );\"><div class=\"fusion-column-wrapper fusion-flex-column-wrapper-legacy\"><div class=\"fusion-button-wrapper fusion-aligncenter\"><a class=\"fusion-button button-flat fusion-button-default-size button-default fusion-button-default button-1 fusion-button-default-span fusion-button-default-type\" target=\"_blank\" rel=\"noopener noreferrer\" href=\"http:\/\/www.ceocfointerviews.com\/interviews\/GlobalTechnologySystems16.htm\"><span class=\"fusion-button-icon-divider button-icon-divider-left\"><i class=\" fa fa-book awb-button__icon awb-button__icon--default\" aria-hidden=\"true\"><\/i><\/span><span class=\"fusion-button-text awb-button__text awb-button__text--default fusion-button-text-left\">Ve la entrevista de Junio del 2016 de nuestro Director General con la revista CEO\/CFO.<\/span><\/a><\/div><div class=\"fusion-sep-clear\"><\/div><div class=\"fusion-separator fusion-full-width-sep\" style=\"margin-left: auto;margin-right: auto;margin-top:15px;margin-bottom:15px;width:100%;\"><\/div><div class=\"fusion-sep-clear\"><\/div><div class=\"fusion-button-wrapper fusion-aligncenter\"><a class=\"fusion-button button-flat fusion-button-default-size button-default fusion-button-default button-2 fusion-button-default-span fusion-button-default-type\" target=\"_blank\" rel=\"noopener noreferrer\" href=\"http:\/\/ceocfointerviews.com\/interviews\/GlobalTechnologySystems17.htm\"><span class=\"fusion-button-icon-divider button-icon-divider-left\"><i class=\" fa fa-book awb-button__icon awb-button__icon--default\" aria-hidden=\"true\"><\/i><\/span><span class=\"fusion-button-text awb-button__text awb-button__text--default fusion-button-text-left\">Ve la entrevista de Agosto del 2016 de nuestro Director General con la revista CEO\/CFO.<\/span><\/a><\/div><div class=\"fusion-sep-clear\"><\/div><div class=\"fusion-separator fusion-full-width-sep\" style=\"margin-left: auto;margin-right: auto;margin-top:15px;margin-bottom:15px;width:100%;\"><\/div><div class=\"fusion-sep-clear\"><\/div>\n<div class=\"fusion-button-wrapper fusion-align-block\"><a class=\"fusion-button button-flat fusion-button-default-size button-darkgray fusion-button-darkgray button-3 fusion-button-span-yes fusion-button-default-type\" target=\"_blank\" rel=\"noopener noreferrer\" href=\"https:\/\/www.linkedin.com\/jobs\/search\/?f_C=74665&amp;locationId=OTHERS.worldwide\"><span class=\"fusion-button-icon-divider button-icon-divider-left\"><i class=\" fa fa-linkedin awb-button__icon awb-button__icon--default\" aria-hidden=\"true\"><\/i><\/span><span class=\"fusion-button-text awb-button__text awb-button__text--default fusion-button-text-left\">Ve las ofertas de trabajo actual<\/span><\/a><\/div><div class=\"fusion-clearfix\"><\/div><\/div><\/div><\/div><\/div><\/p>\n","protected":false},"excerpt":{"rendered":"","protected":false},"author":1,"featured_media":0,"parent":4217,"menu_order":0,"comment_status":"closed","ping_status":"closed","template":"","meta":{"footnotes":""},"class_list":["post-4324","page","type-page","status-publish","hentry"],"_links":{"self":[{"href":"https:\/\/gtspower.com\/es\/wp-json\/wp\/v2\/pages\/4324","targetHints":{"allow":["GET"]}}],"collection":[{"href":"https:\/\/gtspower.com\/es\/wp-json\/wp\/v2\/pages"}],"about":[{"href":"https:\/\/gtspower.com\/es\/wp-json\/wp\/v2\/types\/page"}],"author":[{"embeddable":true,"href":"https:\/\/gtspower.com\/es\/wp-json\/wp\/v2\/users\/1"}],"replies":[{"embeddable":true,"href":"https:\/\/gtspower.com\/es\/wp-json\/wp\/v2\/comments?post=4324"}],"version-history":[{"count":7,"href":"https:\/\/gtspower.com\/es\/wp-json\/wp\/v2\/pages\/4324\/revisions"}],"predecessor-version":[{"id":6213,"href":"https:\/\/gtspower.com\/es\/wp-json\/wp\/v2\/pages\/4324\/revisions\/6213"}],"up":[{"embeddable":true,"href":"https:\/\/gtspower.com\/es\/wp-json\/wp\/v2\/pages\/4217"}],"wp:attachment":[{"href":"https:\/\/gtspower.com\/es\/wp-json\/wp\/v2\/media?parent=4324"}],"curies":[{"name":"wp","href":"https:\/\/api.w.org\/{rel}","templated":true}]}}