{"id":4278,"date":"2017-11-05T02:04:11","date_gmt":"2017-11-05T02:04:11","guid":{"rendered":"http:\/\/gtspower.online\/?page_id=4278"},"modified":"2018-07-05T23:20:23","modified_gmt":"2018-07-05T23:20:23","slug":"clientes","status":"publish","type":"page","link":"https:\/\/gtspower.com\/es\/clientes\/","title":{"rendered":"Clientes"},"content":{"rendered":"<p><div class=\"fusion-fullwidth fullwidth-box fusion-builder-row-1 nonhundred-percent-fullwidth non-hundred-percent-height-scrolling\" style=\"--awb-border-radius-top-left:0px;--awb-border-radius-top-right:0px;--awb-border-radius-bottom-right:0px;--awb-border-radius-bottom-left:0px;--awb-padding-top:0px;--awb-padding-bottom:0px;--awb-flex-wrap:wrap;\" ><div class=\"fusion-builder-row fusion-row\"><div class=\"fusion-layout-column fusion_builder_column fusion-builder-column-0 fusion_builder_column_1_1 1_1 fusion-one-full fusion-column-first fusion-column-last\" style=\"--awb-bg-size:cover;\"><div class=\"fusion-column-wrapper fusion-flex-column-wrapper-legacy\"><script type=\"text\/javascript\">jQuery(function() { _initLayerSlider( '#layerslider_21_1xfx2t3k0v83', {sliderVersion: '6.7.6', type: 'fullwidth', allowFullscreen: true, pauseOnHover: 'enabled', skin: 'v6', sliderFadeInDuration: 350, globalBGImage: 'https:\/\/gtspower.com\/wp-content\/uploads\/2017\/02\/pattern10@2x.png', globalBGRepeat: 'repeat', navPrevNext: false, hoverPrevNext: false, navStartStop: false, navButtons: false, showCircleTimer: false, useSrcset: true, skinsPath: 'https:\/\/gtspower.com\/wp-content\/plugins\/LayerSlider\/assets\/static\/layerslider\/skins\/', performanceMode: true}); });<\/script><div id=\"layerslider_21_1xfx2t3k0v83\"  class=\"ls-wp-container fitvidsignore ls-selectable\" style=\"width:1280px;height:300px;margin:0 auto;margin-bottom: 0px;\"><div class=\"ls-slide\" ><img decoding=\"async\" width=\"1200\" height=\"250\" src=\"https:\/\/gtspower.com\/wp-content\/uploads\/banners\/customers-banner.png\" class=\"ls-l ls-img-layer\" alt=\"\" srcset=\"https:\/\/gtspower.com\/wp-content\/uploads\/banners\/customers-banner-200x42.png 200w, https:\/\/gtspower.com\/wp-content\/uploads\/banners\/customers-banner-300x63.png 300w, https:\/\/gtspower.com\/wp-content\/uploads\/banners\/customers-banner-400x83.png 400w, https:\/\/gtspower.com\/wp-content\/uploads\/banners\/customers-banner-600x125.png 600w, https:\/\/gtspower.com\/wp-content\/uploads\/banners\/customers-banner-768x160.png 768w, https:\/\/gtspower.com\/wp-content\/uploads\/banners\/customers-banner-800x167.png 800w, https:\/\/gtspower.com\/wp-content\/uploads\/banners\/customers-banner-1024x213.png 1024w, https:\/\/gtspower.com\/wp-content\/uploads\/banners\/customers-banner.png 1200w\" sizes=\"(max-width: 1200px) 100vw, 1200px\" style=\"top:0%;left:50%;text-align:initial;font-weight:400;font-style:normal;text-decoration:none;\" data-ls=\"showinfo:1;durationin:3500;position:relative;\"><p style=\"letter-spacing: 0.08em; -webkit-text-stroke-width: 2px; -webkit-text-stroke-color: white;top:50%;left:50%;text-align:initial;font-weight:800;font-style:normal;text-decoration:none;font-family:Tahoma;color:rgba(255, 255, 255, 0.75);padding-right:15px;padding-left:15px;font-size:120px;padding-top:15px;padding-bottom:15px;\" class=\"ls-l ls-text-layer\" data-ls=\"showinfo:1;durationin:1500;position:relative;\">Clientes<\/p><\/div><\/div><div class=\"fusion-clearfix\"><\/div><\/div><\/div><\/div><\/div><div class=\"fusion-fullwidth fullwidth-box fusion-builder-row-2 nonhundred-percent-fullwidth non-hundred-percent-height-scrolling\" style=\"--awb-border-radius-top-left:0px;--awb-border-radius-top-right:0px;--awb-border-radius-bottom-right:0px;--awb-border-radius-bottom-left:0px;--awb-padding-top:0px;--awb-padding-bottom:0px;--awb-flex-wrap:wrap;\" ><div class=\"fusion-builder-row fusion-row\"><div class=\"fusion-layout-column fusion_builder_column fusion-builder-column-1 fusion_builder_column_1_1 1_1 fusion-one-full fusion-column-first fusion-column-last\" style=\"--awb-padding-top:10px;--awb-bg-size:cover;\"><div class=\"fusion-column-wrapper fusion-flex-column-wrapper-legacy\"><div class=\"fusion-title title fusion-title-1 fusion-title-text fusion-title-size-one\" style=\"--awb-margin-top-small:10px;--awb-margin-right-small:0px;--awb-margin-bottom-small:10px;--awb-margin-left-small:0px;\"><h1 class=\"fusion-title-heading title-heading-left fusion-responsive-typography-calculated\" style=\"margin:0;--fontSize:34;line-height:1.4;\">Clientes<\/h1><span class=\"awb-title-spacer\"><\/span><div class=\"title-sep-container\"><div class=\"title-sep sep-double sep-solid\" style=\"border-color:#e0dede;\"><\/div><\/div><\/div><div class=\"fusion-clearfix\"><\/div><\/div><\/div><\/div><\/div><div class=\"fusion-fullwidth fullwidth-box fusion-builder-row-3 nonhundred-percent-fullwidth non-hundred-percent-height-scrolling\" style=\"--awb-border-radius-top-left:0px;--awb-border-radius-top-right:0px;--awb-border-radius-bottom-right:0px;--awb-border-radius-bottom-left:0px;--awb-flex-wrap:wrap;\" ><div class=\"fusion-builder-row fusion-row\"><div class=\"fusion-layout-column fusion_builder_column fusion-builder-column-2 fusion_builder_column_2_3 2_3 fusion-two-third fusion-column-first\" style=\"--awb-bg-size:cover;width:65.3333%; margin-right: 4%;\"><div class=\"fusion-column-wrapper fusion-flex-column-wrapper-legacy\"><div class=\"fusion-text fusion-text-1\"><h3>Vivimos en un mundo que depende cada vez m\u00e1s de los dispositivos m\u00f3viles. Cada vez m\u00e1s, los trabajadores dependen de sus radios de dos v\u00edas, computadoras m\u00f3viles, esc\u00e1neres de c\u00f3digos de barras e impresoras port\u00e1tiles para recopilar, analizar y compartir informaci\u00f3n importante de manera m\u00e1s eficiente. Si bien estos dispositivos son muy importantes, s\u00f3lo son tan eficientes como las bater\u00edas que los alimentan.<\/h3>\n<p>Millones de empleados de la\u00a0Seguridad P\u00fablica, Gobierno y Fuerzas Armadas\u00a0y profesionales de\u00a0negocios\u00a0en el mundo dependen de dispositivos m\u00f3viles para culminar con \u00e9xito sus tareas m\u00e1s fundamentales. Cada d\u00eda, estos profesionales conf\u00edan en GTS para energizar sus\u00a0<a href=\"https:\/\/gtspower.com\/es\/productos\/radios-bidireccionales\/\">comunicaciones en misiones cruciales<\/a>, al igual que sus aplicaciones de <a href=\"https:\/\/gtspower.com\/es\/productos\/computadoras-portatiles\/\">inform\u00e1tica m\u00f3vil<\/a>.<\/p>\n<p>GTS es el experto en energ\u00eda m\u00f3vil. En GTS, tenemos m\u00e1s de una d\u00e9cada de experiencia dise\u00f1ando, desarrollando y fabricando bater\u00edas, cargadores y tecnolog\u00edas de energ\u00eda m\u00f3vil de la m\u00e1s alta calidad. Nuestros productos est\u00e1n dise\u00f1ados para cumplir o superar los m\u00e1s altos est\u00e1ndares y tienen garant\u00eda de compatibilidad con los principales dispositivos OEM. GTS proporciona una alternativa confiable a los OEM y te ayuda a reducir los riesgos operativos derivados de desabastecimientos, interrupci\u00f3n de productos y aumentos de precios.<\/p>\n<p>Entendemos tus necesidades \u00fanicas. Nuestro equipo cuenta con a\u00f1os de experiencia t\u00e9cnica y experiencia relevante en la industria, y trabajaremos junto contigo para resolver tus retos m\u00e1s dif\u00edciles en energ\u00eda m\u00f3vil. Nuestros productos y soluciones se utilizan en una amplia variedad de industrias, incluyendo:<\/p>\n<\/div><div class=\"fusion-text fusion-text-2\"><table border=\"0\" width=\"100%\" cellspacing=\"1\" cellpadding=\"1\" align=\"left\">\n<tbody>\n<tr>\n<td valign=\"top\" width=\"33%\"><strong><a href=\"https:\/\/gtspower.com\/es\/clientes\/empresa\/\">Comercial e Industrial<\/a><\/strong><\/p>\n<ul>\n<li>Minorista<\/li>\n<li>Transporte y Log\u00edstica<\/li>\n<li>Fabricaci\u00f3n<\/li>\n<li>Servicios<\/li>\n<li>Servicios alimentarios<\/li>\n<li>Servicios sanitarios<\/li>\n<li>Seguridad Privada<\/li>\n<li>Hoteler\u00eda<\/li>\n<li>Transporte<\/li>\n<li>Educaci\u00f3n<\/li>\n<\/ul>\n<\/td>\n<td valign=\"top\" width=\"33%\"><a href=\"#\"><strong>Gobierno y Fuerzas Militares<\/strong><\/a><\/p>\n<ul>\n<li>Agencias Federales, entre las cuales se encuentran:\n<ul>\n<li>Departamento de Justicia<\/li>\n<li>Oficina Federal de Investigaci\u00f3n<\/li>\n<li>Agencia Central de Inteligencia<\/li>\n<li>Seguridad Nacional<\/li>\n<\/ul>\n<\/li>\n<li>Agencias Gubernamentales Locales y Estatales<\/li>\n<li>Fuerzas Armadas<\/li>\n<li>Establecimientos Penitenciarios<\/li>\n<\/ul>\n<\/td>\n<td valign=\"top\" width=\"34%\"><strong><a href=\"\/?page_id=2066\">Seguridad P\u00fablica<\/a><\/strong><\/p>\n<ul>\n<li>Polic\u00eda<\/li>\n<li>Bomberos<\/li>\n<li>Rescatistas<\/li>\n<li>T\u00e9cnicos de Emergencias M\u00e9dicas<\/li>\n<\/ul>\n<p><strong><a href=\"https:\/\/gtspower.com\/es\/clientes\/fabricantes-de-equipos-originales-oem\/\">Principales fabricantes de equipos originales (OEM)<\/a><\/strong><\/p>\n<p><strong><a href=\"https:\/\/gtspower.com\/es\/socios\/\">Revendedores de Valor A\u00f1adido<\/a><\/strong><\/td>\n<\/tr>\n<\/tbody>\n<\/table>\n<\/div><div class=\"fusion-clearfix\"><\/div><\/div><\/div><div class=\"fusion-layout-column fusion_builder_column fusion-builder-column-3 fusion_builder_column_1_3 1_3 fusion-one-third fusion-column-last\" style=\"--awb-bg-size:cover;width:30.6666%;\"><div class=\"fusion-column-wrapper fusion-flex-column-wrapper-legacy\"><div class=\"fusion-reading-box-container reading-box-container-1\" style=\"--awb-title-color:#ed1c24;--awb-margin-top:15px;--awb-margin-bottom:0px;\"><div class=\"reading-box reading-box-center\" style=\"background-color:#efefef;border-width:0px;border-color:#f44336;border-top-width:3px;border-top-color:var(--primary_color);border-style:solid;\"><div class=\"reading-box-additional\">\n<h3 style=\"text-align: center;\">Aprende m\u00e1s acerca de c\u00f3mo GTS puede ayudarte a optimizar el desempe\u00f1o de tus dispositivos m\u00f3viles m\u00e1s importantes.<\/h3>\n<p style=\"text-align: center;\"><div class=\"fusion-button-wrapper fusion-aligncenter\"><a class=\"fusion-button button-flat fusion-button-default-size button-default fusion-button-default button-1 fusion-button-default-span fusion-button-default-type\" target=\"_self\" href=\"https:\/\/www.gtspower.com\/es\/quienes-somos\/contactanos\/\"><span class=\"fusion-button-text awb-button__text awb-button__text--default\">Cont\u00e1ctanos<\/span><\/a><\/div>\n<\/div><div class=\"fusion-clearfix\"><\/div><\/div><\/div><div class=\"fusion-clearfix\"><\/div><\/div><\/div><\/div><\/div><\/p>\n","protected":false},"excerpt":{"rendered":"","protected":false},"author":1,"featured_media":0,"parent":0,"menu_order":0,"comment_status":"closed","ping_status":"closed","template":"100-width.php","meta":{"footnotes":""},"class_list":["post-4278","page","type-page","status-publish","hentry"],"_links":{"self":[{"href":"https:\/\/gtspower.com\/es\/wp-json\/wp\/v2\/pages\/4278","targetHints":{"allow":["GET"]}}],"collection":[{"href":"https:\/\/gtspower.com\/es\/wp-json\/wp\/v2\/pages"}],"about":[{"href":"https:\/\/gtspower.com\/es\/wp-json\/wp\/v2\/types\/page"}],"author":[{"embeddable":true,"href":"https:\/\/gtspower.com\/es\/wp-json\/wp\/v2\/users\/1"}],"replies":[{"embeddable":true,"href":"https:\/\/gtspower.com\/es\/wp-json\/wp\/v2\/comments?post=4278"}],"version-history":[{"count":13,"href":"https:\/\/gtspower.com\/es\/wp-json\/wp\/v2\/pages\/4278\/revisions"}],"predecessor-version":[{"id":7911,"href":"https:\/\/gtspower.com\/es\/wp-json\/wp\/v2\/pages\/4278\/revisions\/7911"}],"wp:attachment":[{"href":"https:\/\/gtspower.com\/es\/wp-json\/wp\/v2\/media?parent=4278"}],"curies":[{"name":"wp","href":"https:\/\/api.w.org\/{rel}","templated":true}]}}