{"id":4275,"date":"2017-11-09T14:54:26","date_gmt":"2017-11-09T14:54:26","guid":{"rendered":"http:\/\/gtspower.online\/?page_id=4275"},"modified":"2020-03-02T03:14:16","modified_gmt":"2020-03-02T03:14:16","slug":"recursos","status":"publish","type":"page","link":"https:\/\/gtspower.com\/es\/quienes-somos\/recursos\/","title":{"rendered":"Recursos"},"content":{"rendered":"<p><div class=\"fusion-fullwidth fullwidth-box fusion-builder-row-1 fusion-parallax-none nonhundred-percent-fullwidth non-hundred-percent-height-scrolling\" style=\"--awb-border-radius-top-left:0px;--awb-border-radius-top-right:0px;--awb-border-radius-bottom-right:0px;--awb-border-radius-bottom-left:0px;--awb-padding-top:14%;--awb-padding-right:0px;--awb-padding-bottom:14%;--awb-padding-left:0px;--awb-margin-top:0px;--awb-margin-bottom:0px;--awb-background-color:#efeff1;--awb-background-image:url(&quot;https:\/\/www.gtspower.com\/wp-content\/uploads\/images\/scanners-shelf-1.jpg&quot;);--awb-background-size:cover;--awb-flex-wrap:wrap;\" ><div class=\"fusion-builder-row fusion-row\"><div class=\"fusion-layout-column fusion_builder_column fusion-builder-column-0 fusion_builder_column_1_1 1_1 fusion-one-full fusion-column-first fusion-column-last\" style=\"--awb-bg-size:cover;\"><div class=\"fusion-column-wrapper fusion-flex-column-wrapper-legacy\"><div class=\"fusion-clearfix\"><\/div><\/div><\/div><\/div><\/div><div class=\"fusion-fullwidth fullwidth-box fusion-builder-row-2 nonhundred-percent-fullwidth non-hundred-percent-height-scrolling\" style=\"--awb-border-radius-top-left:0px;--awb-border-radius-top-right:0px;--awb-border-radius-bottom-right:0px;--awb-border-radius-bottom-left:0px;--awb-padding-top:40px;--awb-padding-bottom:0px;--awb-margin-bottom:0px;--awb-flex-wrap:wrap;\" ><div class=\"fusion-builder-row fusion-row\"><div class=\"fusion-layout-column fusion_builder_column fusion-builder-column-1 fusion_builder_column_1_1 1_1 fusion-one-full fusion-column-first fusion-column-last\" style=\"--awb-bg-size:cover;\"><div class=\"fusion-column-wrapper fusion-flex-column-wrapper-legacy\"><div class=\"fusion-title title fusion-title-1 fusion-title-text fusion-title-size-one\" style=\"--awb-margin-top-small:10px;--awb-margin-right-small:0px;--awb-margin-bottom-small:10px;--awb-margin-left-small:0px;\"><h1 class=\"fusion-title-heading title-heading-left fusion-responsive-typography-calculated\" style=\"margin:0;--fontSize:34;line-height:1.4;\">Recursos<\/h1><span class=\"awb-title-spacer\"><\/span><div class=\"title-sep-container\"><div class=\"title-sep sep-double sep-solid\" style=\"border-color:#e0dede;\"><\/div><\/div><\/div><div class=\"fusion-clearfix\"><\/div><\/div><\/div><\/div><\/div><div class=\"fusion-fullwidth fullwidth-box fusion-builder-row-3 nonhundred-percent-fullwidth non-hundred-percent-height-scrolling\" style=\"--awb-border-radius-top-left:0px;--awb-border-radius-top-right:0px;--awb-border-radius-bottom-right:0px;--awb-border-radius-bottom-left:0px;--awb-padding-top:0px;--awb-padding-bottom:20px;--awb-flex-wrap:wrap;\" ><div class=\"fusion-builder-row fusion-row\"><div class=\"fusion-layout-column fusion_builder_column fusion-builder-column-2 fusion_builder_column_3_4 3_4 fusion-three-fourth fusion-column-first\" style=\"--awb-bg-size:cover;width:75%;width:calc(75% - ( ( 4% ) * 0.75 ) );margin-right: 4%;\"><div class=\"fusion-column-wrapper fusion-flex-column-wrapper-legacy\"><div class=\"fusion-text fusion-text-1\"><h3>En Global Technology Systems (\u201cGTS\u201d), entendemos que tu inversi\u00f3n en tel\u00e9fonos celulares es productiva \u00fanicamente al grado en que lo son las bater\u00edas que los alimentan. En un mundo en el que m\u00e1s de 150 millones de profesionales dependen de dispositivos m\u00f3viles para cumplir con\u00a0<b class=\"b5\">tareas cr\u00ed<\/b><b class=\"b4\">ticas<\/b>, administrar la energ\u00eda es algo fundamental. Nuestra misi\u00f3n es ofrecerte tecnolog\u00edas de energ\u00eda para dispositivos m\u00f3viles cuya compatibilidad con dispositivos OEM (Fabricantes de Equipos Originales) est\u00e9 garantizada. Con la energ\u00eda correcta para tus dispositivos,\u00a0 puedes preocuparte menos por tus bater\u00edas y m\u00e1s por las tareas cr\u00edticas en que debes realizar.<\/h3>\n<p>GTS es el experto confiable sobre tecnolog\u00eda de energ\u00eda para m\u00f3viles. Hemos ganado esta reputaci\u00f3n por el dise\u00f1o y fabricaci\u00f3n de bater\u00edas y cargadores de alto rendimiento y de tecnolog\u00edas de administraci\u00f3n de energ\u00eda para dispositivos m\u00f3viles, tales como radios bidireccionales,\u00a0computadoras port\u00e1tiles,\u00a0lectores de c\u00f3digos de\u00a0barra e impresoras port\u00e1tiles. Debido a su\u00a0 extraordinario rendimiento y su calidad incomparable, las principales agencias gubernamentales, funcionarios de seguridad p\u00fablica y empresas de Fortune 500 en todo el planeta conf\u00edan en nuestras bater\u00edas. Nuestro equipo de ingenieros experimentados\u00a0est\u00e1 pensando en energ\u00eda para m\u00f3viles las 24 horas del d\u00eda, para que t\u00fa no tengas que hacerlo.<\/p>\n<p>En GTS, nuestra dedicaci\u00f3n y compromiso se extiende m\u00e1s all\u00e1 de nuestras instalaciones y hacia las comunidades a las que ofrecemos nuestros servicios. Estamos orgullosos de nuestra <a href=\"https:\/\/www.gtspower.com\/es\/?page_id=4233\">responsabilidad corporativa y esfuerzos de sostenibilidad ambiental<\/a>.<\/p>\n<p>Fundada en el 2000, GTS tiene sus oficinas centrales en Framingham, Massachusetts. GTS posee centros de dise\u00f1o, fabricaci\u00f3n y distribuci\u00f3n en los Estados Unidos, Asia y Europa.<\/p>\n<\/div><div class=\"fusion-clearfix\"><\/div><\/div><\/div><div class=\"fusion-layout-column fusion_builder_column fusion-builder-column-3 fusion_builder_column_1_4 1_4 fusion-one-fourth fusion-column-last\" style=\"--awb-bg-size:cover;width:25%;width:calc(25% - ( ( 4% ) * 0.25 ) );\"><div class=\"fusion-column-wrapper fusion-flex-column-wrapper-legacy\"><ul style=\"--awb-size:13px;--awb-iconcolor:#ed1c24;--awb-line-height:22.1px;--awb-icon-width:22.1px;--awb-icon-height:22.1px;--awb-icon-margin:9.1px;--awb-content-margin:31.2px;\" class=\"fusion-checklist fusion-checklist-1 fusion-checklist-default type-icons\"><li class=\"fusion-li-item\" style=\"\"><span class=\"icon-wrapper circle-no\"><i class=\"fusion-li-icon fa-arrow-circle-right fas\" aria-hidden=\"true\"><\/i><\/span><div class=\"fusion-li-item-content\">\n<p><a class=\"CMSListMenuLink\" href=\"https:\/\/gtspower.com\/es\/quienes-somos\/recursos\/preguntas-frecuentes-sobre-baterias\/\">Preguntas frecuentes sobre bater\u00edas<\/a><\/p>\n<\/div><\/li><li class=\"fusion-li-item\" style=\"\"><span class=\"icon-wrapper circle-no\"><i class=\"fusion-li-icon fa-arrow-circle-right fas\" aria-hidden=\"true\"><\/i><\/span><div class=\"fusion-li-item-content\">\n<p><a class=\"CMSListMenuLink\" href=\"https:\/\/gtspower.com\/es\/quienes-somos\/recursos\/recomendaciones-sobre-el-uso-de-baterias\/\">Recomendaciones sobre el uso de bater\u00edas<\/a><\/p>\n<\/div><\/li><li class=\"fusion-li-item\" style=\"\"><span class=\"icon-wrapper circle-no\"><i class=\"fusion-li-icon fa-arrow-circle-right fas\" aria-hidden=\"true\"><\/i><\/span><div class=\"fusion-li-item-content\">\n<p><a class=\"CMSListMenuLink\" href=\"https:\/\/gtspower.com\/es\/quienes-somos\/recursos\/videos\/\">V\u00eddeos<\/a><\/p>\n<\/div><\/li><li class=\"fusion-li-item\" style=\"\"><span class=\"icon-wrapper circle-no\"><i class=\"fusion-li-icon fa-arrow-circle-right fas\" aria-hidden=\"true\"><\/i><\/span><div class=\"fusion-li-item-content\">\n<p><a class=\"CMSListMenuLink\" href=\"https:\/\/gtspower.com\/es\/quienes-somos\/recursos\/garantia\/\">Garant\u00eda<\/a><\/p>\n<\/div><\/li><li class=\"fusion-li-item\" style=\"\"><span class=\"icon-wrapper circle-no\"><i class=\"fusion-li-icon fa-arrow-circle-right fas\" aria-hidden=\"true\"><\/i><\/span><div class=\"fusion-li-item-content\">\n<p><a class=\"CMSListMenuLink\" href=\"https:\/\/gtspower.com\/rma\/bc-returns\/\">Autorizaci\u00f3n para la devoluci\u00f3n de productos<\/a><\/p>\n<\/div><\/li><li class=\"fusion-li-item\" style=\"\"><span class=\"icon-wrapper circle-no\"><i class=\"fusion-li-icon fa-arrow-circle-right fas\" aria-hidden=\"true\"><\/i><\/span><div class=\"fusion-li-item-content\">\n<p><a class=\"CMSListMenuLink\" href=\"https:\/\/gtspower.com\/es\/quienes-somos\/recursos\/manuals\/\">Manuales<\/a><\/p>\n<\/div><\/li><\/ul><div class=\"fusion-sep-clear\"><\/div><div class=\"fusion-separator fusion-full-width-sep\" style=\"margin-left: auto;margin-right: auto;margin-top:20px;margin-bottom:10px;width:100%;\"><\/div><div class=\"fusion-sep-clear\"><\/div><div class=\"fusion-button-wrapper fusion-aligncenter\"><a class=\"fusion-button button-flat fusion-button-default-size button-default fusion-button-default button-1 fusion-button-default-span fusion-button-default-type\" target=\"_blank\" rel=\"noopener noreferrer\" href=\"http:\/\/www.ceocfointerviews.com\/interviews\/GlobalTechnologySystems16.htm\"><span class=\"fusion-button-icon-divider button-icon-divider-left\"><i class=\" fa fa-book awb-button__icon awb-button__icon--default\" aria-hidden=\"true\"><\/i><\/span><span class=\"fusion-button-text awb-button__text awb-button__text--default fusion-button-text-left\">VE LA ENTREVISTA DEL 2016 DE NUESTRO DIRECTOR EJECUTIVO CON LA REVISTA CEO\/CFO<\/span><\/a><\/div><div class=\"fusion-sep-clear\"><\/div><div class=\"fusion-separator fusion-full-width-sep\" style=\"margin-left: auto;margin-right: auto;margin-top:15px;margin-bottom:15px;width:100%;\"><\/div><div class=\"fusion-sep-clear\"><\/div><div class=\"fusion-button-wrapper fusion-aligncenter\"><a class=\"fusion-button button-flat fusion-button-default-size button-default fusion-button-default button-2 fusion-button-default-span fusion-button-default-type\" target=\"_blank\" rel=\"noopener noreferrer\" href=\"http:\/\/ceocfointerviews.com\/interviews\/GlobalTechnologySystems17.htm\"><span class=\"fusion-button-icon-divider button-icon-divider-left\"><i class=\" fa fa-book awb-button__icon awb-button__icon--default\" aria-hidden=\"true\"><\/i><\/span><span class=\"fusion-button-text awb-button__text awb-button__text--default fusion-button-text-left\">VE LA ENTREVISTA DE NUESTRO CEO DEL 2017 CON LA REVISTA CEO\/CFO<\/span><\/a><\/div><div class=\"fusion-clearfix\"><\/div><\/div><\/div><\/div><\/div><\/p>\n","protected":false},"excerpt":{"rendered":"","protected":false},"author":1,"featured_media":0,"parent":4217,"menu_order":0,"comment_status":"closed","ping_status":"closed","template":"100-width.php","meta":{"footnotes":""},"class_list":["post-4275","page","type-page","status-publish","hentry"],"_links":{"self":[{"href":"https:\/\/gtspower.com\/es\/wp-json\/wp\/v2\/pages\/4275","targetHints":{"allow":["GET"]}}],"collection":[{"href":"https:\/\/gtspower.com\/es\/wp-json\/wp\/v2\/pages"}],"about":[{"href":"https:\/\/gtspower.com\/es\/wp-json\/wp\/v2\/types\/page"}],"author":[{"embeddable":true,"href":"https:\/\/gtspower.com\/es\/wp-json\/wp\/v2\/users\/1"}],"replies":[{"embeddable":true,"href":"https:\/\/gtspower.com\/es\/wp-json\/wp\/v2\/comments?post=4275"}],"version-history":[{"count":6,"href":"https:\/\/gtspower.com\/es\/wp-json\/wp\/v2\/pages\/4275\/revisions"}],"predecessor-version":[{"id":70931,"href":"https:\/\/gtspower.com\/es\/wp-json\/wp\/v2\/pages\/4275\/revisions\/70931"}],"up":[{"embeddable":true,"href":"https:\/\/gtspower.com\/es\/wp-json\/wp\/v2\/pages\/4217"}],"wp:attachment":[{"href":"https:\/\/gtspower.com\/es\/wp-json\/wp\/v2\/media?parent=4275"}],"curies":[{"name":"wp","href":"https:\/\/api.w.org\/{rel}","templated":true}]}}