{"id":4263,"date":"2017-11-09T14:57:18","date_gmt":"2017-11-09T14:57:18","guid":{"rendered":"http:\/\/gtspower.online\/?page_id=4263"},"modified":"2021-03-16T16:39:52","modified_gmt":"2021-03-16T20:39:52","slug":"preguntas-frecuentes-sobre-baterias","status":"publish","type":"page","link":"https:\/\/gtspower.com\/es\/quienes-somos\/recursos\/preguntas-frecuentes-sobre-baterias\/","title":{"rendered":"Preguntas Frecuentes sobre Bater\u00edas"},"content":{"rendered":"<div class=\"fusion-fullwidth fullwidth-box fusion-builder-row-1 nonhundred-percent-fullwidth non-hundred-percent-height-scrolling\" style=\"--awb-border-radius-top-left:0px;--awb-border-radius-top-right:0px;--awb-border-radius-bottom-right:0px;--awb-border-radius-bottom-left:0px;--awb-padding-top:20px;--awb-padding-bottom:20px;--awb-flex-wrap:wrap;\" ><div class=\"fusion-builder-row fusion-row\"><div class=\"fusion-layout-column fusion_builder_column fusion-builder-column-0 fusion_builder_column_1_1 1_1 fusion-one-full fusion-column-first fusion-column-last\" style=\"--awb-bg-size:cover;\"><div class=\"fusion-column-wrapper fusion-flex-column-wrapper-legacy\"><div class=\"fusion-title title fusion-title-1 fusion-title-text fusion-title-size-one\" style=\"--awb-margin-top-small:10px;--awb-margin-right-small:0px;--awb-margin-bottom-small:10px;--awb-margin-left-small:0px;\"><h1 class=\"fusion-title-heading title-heading-left fusion-responsive-typography-calculated\" style=\"margin:0;--fontSize:34;line-height:1.4;\">Preguntas Frecuentes sobre Bater\u00edas<\/h1><span class=\"awb-title-spacer\"><\/span><div class=\"title-sep-container\"><div class=\"title-sep sep-double sep-solid\" style=\"border-color:#e0dede;\"><\/div><\/div><\/div><div class=\"fusion-clearfix\"><\/div><\/div><\/div><div class=\"fusion-layout-column fusion_builder_column fusion-builder-column-1 fusion_builder_column_5_6 5_6 fusion-five-sixth fusion-column-first\" style=\"--awb-bg-size:cover;width:83.333333333333%;width:calc(83.333333333333% - ( ( 4% ) * 0.83333333333333 ) );margin-right: 4%;\"><div class=\"fusion-column-wrapper fusion-flex-column-wrapper-legacy\"><style type=\"text\/css\">.fusion-faqs-wrapper #accordian-1 .fusion-panel { border-color:#e0dede; }.fusion-faqs-wrapper #accordian-1 .fusion-panel:hover{ border-color: #e0dede; }.fusion-accordian #accordian-1 .panel-title a .fa-fusion-box:before{ font-size: 13px;width: 13px;}.fusion-accordian #accordian-1 .panel-title a .fa-fusion-box{ color: #ffffff;}.fusion-accordian  #accordian-1 .panel-title a{font-family:'Trebuchet MS', Helvetica, sans-serif;font-style:normal;font-weight:400;}.fusion-accordian  #accordian-1 .panel-title a:not(:hover){}.fusion-accordian  #accordian-1 .toggle-content{font-family:\"Average Sans\";font-style:normal;font-weight:400;}.fusion-accordian #accordian-1 .fa-fusion-box { background-color: #333333 !important;border-color: #333333 !important;}.fusion-accordian #accordian-1 .panel-title a:hover,.fusion-accordian #accordian-1 .panel-title a.hover { color: #ed1c24;}.fusion-faq-shortcode .fusion-accordian #accordian-1 .fusion-toggle-boxed-mode:hover .panel-title a { color: #ed1c24;}.fusion-accordian #accordian-1 .panel-title .active .fa-fusion-box,.fusion-accordian #accordian-1 .panel-title a:hover .fa-fusion-box,.fusion-accordian #accordian-1 .panel-title a.hover .fa-fusion-box { background-color: #ed1c24!important;border-color: #ed1c24!important;}<\/style><div class=\"fusion-faq-shortcode\" style=\"\"><div class=\"fusion-faqs-wrapper\"><div class=\"accordian fusion-accordian\"><div class=\"panel-group \" id=\"accordian-1\"><div class=\"fusion-panel panel-default fusion-faq-post fusion-faq-post-6320 \"><span class=\"entry-title rich-snippet-hidden\">El vendedor de OEM me dice que al comprar una de sus bater\u00edas, se invalidar\u00e1 la garant\u00eda de mi equipo. \u00bfPueden hacer eso?<\/span><span class=\"vcard rich-snippet-hidden\"><span class=\"fn\"><a href=\"https:\/\/gtspower.com\/es\/author\/mmuccini\/\" title=\"Entradas de mmuccini\" rel=\"author\">mmuccini<\/a><\/span><\/span><span class=\"updated rich-snippet-hidden\">2018-01-15T15:13:07-05:00<\/span><div class=\"panel-heading\"><h4 id=\"faq_1-6320\" class=\"panel-title toggle\"><a data-toggle=\"collapse\" class=\"collapsed\" data-parent=\"#accordian-1\" data-target=\"#collapse-1-6320\" href=\"#collapse-1-6320\" aria-expanded=\"false\"><div class=\"fusion-toggle-icon-wrapper\"><div class=\"fusion-toggle-icon-wrapper-main\"><div class=\"fusion-toggle-icon-wrapper-sub\"><i class=\"fa-fusion-box active-icon awb-icon-minus\" aria-hidden=\"true\"><\/i><i class=\"fa-fusion-box inactive-icon awb-icon-plus\" aria-hidden=\"true\"><\/i><\/div><\/div><\/div><div class=\"fusion-toggle-heading\">El vendedor de OEM me dice que al comprar una de sus bater\u00edas, se invalidar\u00e1 la garant\u00eda de mi equipo. \u00bfPueden hacer eso?<\/div><\/a><\/h4><\/div><div id=\"collapse-1-6320\" aria-labelledby=\"faq_1-6320\" class=\"panel-collapse collapse\"><div class=\"panel-body toggle-content post-content\"><p>No. En los \u00faltimos a\u00f1os hemos escuchado a un gran n\u00famero de vendedores de varios fabricantes de equipos originales (OEM) asegurar que el uso de cualquier bater\u00eda distinta a la del OEM causar\u00e1 la invalidaci\u00f3n de la garant\u00eda del dispositivo. Esto no solamente es ilegal bajo las leyes de los Estados Unidos y de Europa, sino que tambi\u00e9n viola directamente la propia pol\u00edtica del OEM. Por ejemplo, Motorola\/ Symbol Technologies trat\u00f3 este tema en su Bolet\u00edn de Marketing de Productos N\u00b0 1114, donde afirma expl\u00edcitamente que:<\/p>\n<p>\u00abEs esencial que comprenda que la garant\u00eda de sus clientes no se invalida autom\u00e1ticamente debido a que el cliente adquiri\u00f3 una bater\u00eda de un tercero. No podemos decir ni insinuar eso. Adem\u00e1s, no puede afirmar que un producto de un tercero da\u00f1ar\u00e1 el dispositivo, perjudicar\u00e1 su desempe\u00f1o o causar\u00e1 problemas de seguridad a menos que el \u00e1rea Legal de Symbol le haya notificado la existencia de pruebas que sostengan dichas declaraciones. Las falsas afirmaciones sobre la calidad, seguridad o desempe\u00f1o de un producto competitivo podr\u00e1 exponer a la empresa a acciones legales.\u00bb<\/p>\n<p>Presione aqu\u00ed para m\u00e1s informaci\u00f3n. Si tienes alguna pregunta acerca de las leyes antimonopolio en los Estados Unidos o si sientes que tu empresa ha sido amenazada, puedes contactar a la Divisi\u00f3n Antimonopolio del Departamento de Justicia al 888-647-3258 o visitar su p\u00e1gina web: www.usdoj.gov\/atr<\/p>\n<\/div><\/div><\/div><div class=\"fusion-panel panel-default fusion-faq-post fusion-faq-post-6319 \"><span class=\"entry-title rich-snippet-hidden\">\u00bfQu\u00e9 sucede si algo sale mal con la bater\u00eda?<\/span><span class=\"vcard rich-snippet-hidden\"><span class=\"fn\"><a href=\"https:\/\/gtspower.com\/es\/author\/mmuccini\/\" title=\"Entradas de mmuccini\" rel=\"author\">mmuccini<\/a><\/span><\/span><span class=\"updated rich-snippet-hidden\">2018-01-15T15:11:59-05:00<\/span><div class=\"panel-heading\"><h4 id=\"faq_1-6319\" class=\"panel-title toggle\"><a data-toggle=\"collapse\" class=\"collapsed\" data-parent=\"#accordian-1\" data-target=\"#collapse-1-6319\" href=\"#collapse-1-6319\" aria-expanded=\"false\"><div class=\"fusion-toggle-icon-wrapper\"><div class=\"fusion-toggle-icon-wrapper-main\"><div class=\"fusion-toggle-icon-wrapper-sub\"><i class=\"fa-fusion-box active-icon awb-icon-minus\" aria-hidden=\"true\"><\/i><i class=\"fa-fusion-box inactive-icon awb-icon-plus\" aria-hidden=\"true\"><\/i><\/div><\/div><\/div><div class=\"fusion-toggle-heading\">\u00bfQu\u00e9 sucede si algo sale mal con la bater\u00eda?<\/div><\/a><\/h4><\/div><div id=\"collapse-1-6319\" aria-labelledby=\"faq_1-6319\" class=\"panel-collapse collapse\"><div class=\"panel-body toggle-content post-content\"><p><a href=\"https:\/\/www.gtspower.com\/es\/quienes-somos\/recursos\/garantia\/\">Nuestra garant\u00eda<\/a> es la mejor en la industria. Como ver\u00e1s, cubre a la bater\u00eda por hasta dos a\u00f1os. Adem\u00e1s, aunque es muy poco probable que un paquete de bater\u00edas provoque cualquier tipo de da\u00f1os, nuestra garant\u00eda te da la tranquilidad de que repararemos o reemplazaremos, sin ning\u00fan costo, cualquier dispositivo que haya sufrido cualquier tipo de da\u00f1o como consecuencia del uso de las bater\u00edas GTS.<\/p>\n<p>Algunos OEM han adoptado la postura de que los clientes S\u00d3LO deben utilizar bater\u00edas de OEM y defienden su postura al afirmar que s\u00f3lo sus bater\u00edas han sido espec\u00edficamente dise\u00f1adas o probadas para su uso en sus dispositivos.<\/p>\n<p>Esto es lo mismo a que Ford diga que no puedes utilizar una bater\u00eda de Die Hard en uno de sus veh\u00edculos. Algunos OEM intentan generar miedo al sugerir que el dispositivo podr\u00eda da\u00f1arse al utilizar alguna bater\u00eda GTS. Durante los \u00faltimos 10 a\u00f1os, hemos suministrado bater\u00edas a empresas del listado Fortune 100, al gobierno de los Estados Unidos y a First Responders en los Estados Unidos, adem\u00e1s de muchos otros clientes y nunca ha sufrido da\u00f1os ning\u00fan dispositivo por utilizar una de nuestras bater\u00edas.<\/p>\n<\/div><\/div><\/div><div class=\"fusion-panel panel-default fusion-faq-post fusion-faq-post-6318 \"><span class=\"entry-title rich-snippet-hidden\">\u00bfMis bater\u00edas necesitan estar certificadas o aparecer en la lista de Underwriters Laboratories (UL)?<\/span><span class=\"vcard rich-snippet-hidden\"><span class=\"fn\"><a href=\"https:\/\/gtspower.com\/es\/author\/mmuccini\/\" title=\"Entradas de mmuccini\" rel=\"author\">mmuccini<\/a><\/span><\/span><span class=\"updated rich-snippet-hidden\">2018-01-15T15:10:36-05:00<\/span><div class=\"panel-heading\"><h4 id=\"faq_1-6318\" class=\"panel-title toggle\"><a data-toggle=\"collapse\" class=\"collapsed\" data-parent=\"#accordian-1\" data-target=\"#collapse-1-6318\" href=\"#collapse-1-6318\" aria-expanded=\"false\"><div class=\"fusion-toggle-icon-wrapper\"><div class=\"fusion-toggle-icon-wrapper-main\"><div class=\"fusion-toggle-icon-wrapper-sub\"><i class=\"fa-fusion-box active-icon awb-icon-minus\" aria-hidden=\"true\"><\/i><i class=\"fa-fusion-box inactive-icon awb-icon-plus\" aria-hidden=\"true\"><\/i><\/div><\/div><\/div><div class=\"fusion-toggle-heading\">\u00bfMis bater\u00edas necesitan estar certificadas o aparecer en la lista de Underwriters Laboratories (UL)?<\/div><\/a><\/h4><\/div><div id=\"collapse-1-6318\" aria-labelledby=\"faq_1-6318\" class=\"panel-collapse collapse\"><div class=\"panel-body toggle-content post-content\"><p>No. Recientemente algunos OEM han comenzado a argumentar que las bater\u00edas deben estar certificadas por UL como una barrera artificial para proteger su venta de bater\u00edas. No es necesario que los paquetes de bater\u00edas se encuentren en la lista de UL y la mayor\u00eda de los OEM no lo hace. No es porque la seguridad les sea indiferente sino porque es innecesario, costoso y requiere mucho tiempo. Por ejemplo, aunque Motorola enlist\u00f3 algunas de sus bater\u00edas para sus computadoras port\u00e1tiles m\u00e1s nuevas, pr\u00e1cticamente ninguno de los radios bidireccionales importantes de Motorola se encuentran en la lista de UL. Por lo tanto, cualquier insinuaci\u00f3n por parte de un OEM de que los productos enlistados en UL ser\u00e1n invalidados o que los accesorios no enlistados son inseguros es falsa. Adem\u00e1s, nuestra aseguradora ha afirmado que esto es no es m\u00e1s que un mito y que nunca ha visto esto en la industria. <a style=\"font-style: inherit; font-weight: inherit;\" href=\"https:\/\/www.gtspower.com\/wp-content\/uploads\/pdf\/warranty-myths-14-02-11.pdf\">Presiona aqu\u00ed para m\u00e1s detalles<\/a>.<\/p>\n<\/div><\/div><\/div><div class=\"fusion-panel panel-default fusion-faq-post fusion-faq-post-6316 \"><span class=\"entry-title rich-snippet-hidden\">Algunas de sus bater\u00edas est\u00e1n en la lista de UL, \u00bfpor qu\u00e9 no todas?<\/span><span class=\"vcard rich-snippet-hidden\"><span class=\"fn\"><a href=\"https:\/\/gtspower.com\/es\/author\/mmuccini\/\" title=\"Entradas de mmuccini\" rel=\"author\">mmuccini<\/a><\/span><\/span><span class=\"updated rich-snippet-hidden\">2018-01-15T15:08:09-05:00<\/span><div class=\"panel-heading\"><h4 id=\"faq_1-6316\" class=\"panel-title toggle\"><a data-toggle=\"collapse\" class=\"collapsed\" data-parent=\"#accordian-1\" data-target=\"#collapse-1-6316\" href=\"#collapse-1-6316\" aria-expanded=\"false\"><div class=\"fusion-toggle-icon-wrapper\"><div class=\"fusion-toggle-icon-wrapper-main\"><div class=\"fusion-toggle-icon-wrapper-sub\"><i class=\"fa-fusion-box active-icon awb-icon-minus\" aria-hidden=\"true\"><\/i><i class=\"fa-fusion-box inactive-icon awb-icon-plus\" aria-hidden=\"true\"><\/i><\/div><\/div><\/div><div class=\"fusion-toggle-heading\">Algunas de sus bater\u00edas est\u00e1n en la lista de UL, \u00bfpor qu\u00e9 no todas?<\/div><\/a><\/h4><\/div><div id=\"collapse-1-6316\" aria-labelledby=\"faq_1-6316\" class=\"panel-collapse collapse\"><div class=\"panel-body toggle-content post-content\"><p>Decidimos incluir una selecci\u00f3n de nuestras bater\u00edas en la lista de UL para probar que nuestras bater\u00edas cumplen e incluso superan los est\u00e1ndares impuestos por la UL. No es necesario que las bater\u00edas est\u00e9n en la lista de la UL y, adem\u00e1s, existen otros est\u00e1ndares, como la prueba DOT de las Naciones Unidas y las especificaciones NEMA, que son m\u00e1s importantes para las bater\u00edas.<\/p>\n<\/div><\/div><\/div><div class=\"fusion-panel panel-default fusion-faq-post fusion-faq-post-6314 \"><span class=\"entry-title rich-snippet-hidden\">\u00bfPuedo hacer que el OEM certifique que es seguro utilizar bater\u00edas  GTS?<\/span><span class=\"vcard rich-snippet-hidden\"><span class=\"fn\"><a href=\"https:\/\/gtspower.com\/es\/author\/mmuccini\/\" title=\"Entradas de mmuccini\" rel=\"author\">mmuccini<\/a><\/span><\/span><span class=\"updated rich-snippet-hidden\">2018-01-15T15:06:58-05:00<\/span><div class=\"panel-heading\"><h4 id=\"faq_1-6314\" class=\"panel-title toggle\"><a data-toggle=\"collapse\" class=\"collapsed\" data-parent=\"#accordian-1\" data-target=\"#collapse-1-6314\" href=\"#collapse-1-6314\" aria-expanded=\"false\"><div class=\"fusion-toggle-icon-wrapper\"><div class=\"fusion-toggle-icon-wrapper-main\"><div class=\"fusion-toggle-icon-wrapper-sub\"><i class=\"fa-fusion-box active-icon awb-icon-minus\" aria-hidden=\"true\"><\/i><i class=\"fa-fusion-box inactive-icon awb-icon-plus\" aria-hidden=\"true\"><\/i><\/div><\/div><\/div><div class=\"fusion-toggle-heading\">\u00bfPuedo hacer que el OEM certifique que es seguro utilizar bater\u00edas  GTS?<\/div><\/a><\/h4><\/div><div id=\"collapse-1-6314\" aria-labelledby=\"faq_1-6314\" class=\"panel-collapse collapse\"><div class=\"panel-body toggle-content post-content\"><p>Hemos realizado numerosos esfuerzos ante la solicitud de nuestros clientes para que distintos OEM aprueben el uso de nuestras bater\u00edas en sus dispositivos. Lamentablemente, no lo hemos logrado. Las bater\u00edas se han convertido en un rentable centro de ganancias para muchos OEM que se niegan a poner en riesgo sus ganancias al autorizar a un competidor.<\/p>\n<\/div><\/div><\/div><div class=\"fusion-panel panel-default fusion-faq-post fusion-faq-post-6310 \"><span class=\"entry-title rich-snippet-hidden\">\u00bfHay alg\u00fan conflicto con el C\u00f3digo Nacional de Electricidad?<\/span><span class=\"vcard rich-snippet-hidden\"><span class=\"fn\"><a href=\"https:\/\/gtspower.com\/es\/author\/mmuccini\/\" title=\"Entradas de mmuccini\" rel=\"author\">mmuccini<\/a><\/span><\/span><span class=\"updated rich-snippet-hidden\">2018-01-15T14:55:51-05:00<\/span><div class=\"panel-heading\"><h4 id=\"faq_1-6310\" class=\"panel-title toggle\"><a data-toggle=\"collapse\" class=\"collapsed\" data-parent=\"#accordian-1\" data-target=\"#collapse-1-6310\" href=\"#collapse-1-6310\" aria-expanded=\"false\"><div class=\"fusion-toggle-icon-wrapper\"><div class=\"fusion-toggle-icon-wrapper-main\"><div class=\"fusion-toggle-icon-wrapper-sub\"><i class=\"fa-fusion-box active-icon awb-icon-minus\" aria-hidden=\"true\"><\/i><i class=\"fa-fusion-box inactive-icon awb-icon-plus\" aria-hidden=\"true\"><\/i><\/div><\/div><\/div><div class=\"fusion-toggle-heading\">\u00bfHay alg\u00fan conflicto con el C\u00f3digo Nacional de Electricidad?<\/div><\/a><\/h4><\/div><div id=\"collapse-1-6310\" aria-labelledby=\"faq_1-6310\" class=\"panel-collapse collapse\"><div class=\"panel-body toggle-content post-content\"><p>No. Algunos fabricantes de equipos originales han insinuado que sus clientes deben respetar el C\u00f3digo Nacional de Electricidad y el c\u00f3digo de la Asociaci\u00f3n Nacional de Protecci\u00f3n contra el Fuego. Esta es otra barrera artificial y anticompetitiva. Hemos confirmado con la asociaci\u00f3n y con inspectores de construcci\u00f3n que el c\u00f3digo de electricidad de los Estados Unidos y tambi\u00e9n la normativa estatal cubren \u00abtodo lo que se encuentra por detr\u00e1s del enchufe de la pared\u00bb. La normativa est\u00e1ndar para equipos de tecnolog\u00eda inform\u00e1tica se encuentra establecida en el art\u00edculo 645 del C\u00f3digo Nacional de Electricidad. Estas normas ni siquiera incluyen bater\u00edas o esc\u00e1neres\/ computadoras port\u00e1tiles alimentadas por bater\u00edas.<\/p>\n<\/div><\/div><\/div><div class=\"fusion-panel panel-default fusion-faq-post fusion-faq-post-6308 \"><span class=\"entry-title rich-snippet-hidden\">El vendedor del OEM me advirti\u00f3 que tendr\u00e9 todo tipo de problemas, entre ellos de seguridad, sindicales y de seguro, si utilizo bater\u00edas GTS.<\/span><span class=\"vcard rich-snippet-hidden\"><span class=\"fn\"><a href=\"https:\/\/gtspower.com\/es\/author\/mmuccini\/\" title=\"Entradas de mmuccini\" rel=\"author\">mmuccini<\/a><\/span><\/span><span class=\"updated rich-snippet-hidden\">2018-01-15T14:54:16-05:00<\/span><div class=\"panel-heading\"><h4 id=\"faq_1-6308\" class=\"panel-title toggle\"><a data-toggle=\"collapse\" class=\"collapsed\" data-parent=\"#accordian-1\" data-target=\"#collapse-1-6308\" href=\"#collapse-1-6308\" aria-expanded=\"false\"><div class=\"fusion-toggle-icon-wrapper\"><div class=\"fusion-toggle-icon-wrapper-main\"><div class=\"fusion-toggle-icon-wrapper-sub\"><i class=\"fa-fusion-box active-icon awb-icon-minus\" aria-hidden=\"true\"><\/i><i class=\"fa-fusion-box inactive-icon awb-icon-plus\" aria-hidden=\"true\"><\/i><\/div><\/div><\/div><div class=\"fusion-toggle-heading\">El vendedor del OEM me advirti\u00f3 que tendr\u00e9 todo tipo de problemas, entre ellos de seguridad, sindicales y de seguro, si utilizo bater\u00edas GTS.<\/div><\/a><\/h4><\/div><div id=\"collapse-1-6308\" aria-labelledby=\"faq_1-6308\" class=\"panel-collapse collapse\"><div class=\"panel-body toggle-content post-content\"><p>Eso no es verdad. Nos sorprende lo rid\u00edculas que son algunas de las advertencias que han recibido nuestros clientes. Van desde afirmaciones infundadas que sostienen que solamente los productos de fabricantes de equipos originales (OEM) son seguros, hasta afirmaciones de que los clientes podr\u00edan tener conflictos de relaciones laborales con los sindicatos o que las empresas aseguradoras podr\u00edan denegar la cobertura. Estas son nuevamente t\u00e1cticas intimidatorias, sin ninguna base o fundamento. <a href=\"https:\/\/www.gtspower.com\/wp-content\/uploads\/pdf\/warranty-myths-14-02-11.pdf\">Presiona aqu\u00ed para m\u00e1s detalles<\/a>.<\/p>\n<\/div><\/div><\/div><\/div><\/div><\/div><\/div><div class=\"fusion-clearfix\"><\/div><\/div><\/div><div class=\"fusion-layout-column fusion_builder_column fusion-builder-column-2 fusion_builder_column_1_6 1_6 fusion-one-sixth fusion-column-last\" style=\"--awb-bg-size:cover;width:16.666666666667%;width:calc(16.666666666667% - ( ( 4% ) * 0.16666666666667 ) );\"><div class=\"fusion-column-wrapper fusion-flex-column-wrapper-legacy\"><div class=\"fusion-text fusion-text-1\"><h3><a href=\"https:\/\/gtspower.com\/es\/quienes-somos\/recursos\/\">Resources<\/a>:<\/h3>\n<\/div><ul style=\"--awb-size:13px;--awb-iconcolor:#ed1c24;--awb-line-height:22.1px;--awb-icon-width:22.1px;--awb-icon-height:22.1px;--awb-icon-margin:9.1px;--awb-content-margin:31.2px;\" class=\"fusion-checklist fusion-checklist-1 fusion-checklist-default type-icons\"><li class=\"fusion-li-item\" style=\"\"><span class=\"icon-wrapper circle-no\"><i class=\"fusion-li-icon fa fa-arrow-circle-right\" aria-hidden=\"true\"><\/i><\/span><div class=\"fusion-li-item-content\">\n<p><a class=\"CMSListMenuLink\" href=\"https:\/\/gtspower.com\/es\/quienes-somos\/recursos\/preguntas-frecuentes-sobre-baterias\/\">Preguntas Frecuentes sobre bater\u00edas<\/a><\/p>\n<\/div><\/li><li class=\"fusion-li-item\" style=\"\"><span class=\"icon-wrapper circle-no\"><i class=\"fusion-li-icon fa fa-arrow-circle-right\" aria-hidden=\"true\"><\/i><\/span><div class=\"fusion-li-item-content\">\n<p><a class=\"CMSListMenuLink\" href=\"https:\/\/gtspower.com\/es\/quienes-somos\/recursos\/recomendaciones-sobre-el-uso-de-baterias\/\">Recomendaciones sobre el Uso de Bater\u00edas<\/a><\/p>\n<\/div><\/li><li class=\"fusion-li-item\" style=\"\"><span class=\"icon-wrapper circle-no\"><i class=\"fusion-li-icon fa fa-arrow-circle-right\" aria-hidden=\"true\"><\/i><\/span><div class=\"fusion-li-item-content\">\n<p><a class=\"CMSListMenuLink\" href=\"https:\/\/gtspower.com\/es\/quienes-somos\/recursos\/videos\/\">Videos<\/a><\/p>\n<\/div><\/li><li class=\"fusion-li-item\" style=\"\"><span class=\"icon-wrapper circle-no\"><i class=\"fusion-li-icon fa fa-arrow-circle-right\" aria-hidden=\"true\"><\/i><\/span><div class=\"fusion-li-item-content\">\n<p><a class=\"CMSListMenuLink\" href=\"https:\/\/gtspower.com\/es\/quienes-somos\/recursos\/garantia\/\">Garant\u00eda<\/a><\/p>\n<\/div><\/li><li class=\"fusion-li-item\" style=\"\"><span class=\"icon-wrapper circle-no\"><i class=\"fusion-li-icon fa fa-arrow-circle-right\" aria-hidden=\"true\"><\/i><\/span><div class=\"fusion-li-item-content\">\n<p><a class=\"CMSListMenuLink\" href=\"https:\/\/gtspower.com\/rma\/bc-returns\/\">Autorizaci\u00f3n para Devoluci\u00f3n de Mercader\u00eda<\/a><\/p>\n<\/div><\/li><li class=\"fusion-li-item\" style=\"\"><span class=\"icon-wrapper circle-no\"><i class=\"fusion-li-icon fa fa-arrow-circle-right\" aria-hidden=\"true\"><\/i><\/span><div class=\"fusion-li-item-content\">\n<p>Recycling<\/p>\n<\/div><\/li><li class=\"fusion-li-item\" style=\"\"><span class=\"icon-wrapper circle-no\"><i class=\"fusion-li-icon fa fa-arrow-circle-right\" aria-hidden=\"true\"><\/i><\/span><div class=\"fusion-li-item-content\">\n<p><a class=\"CMSListMenuLink\" href=\"https:\/\/gtspower.com\/es\/quienes-somos\/recursos\/manuals\/\">Manuales<\/a><\/p>\n<\/div><\/li><\/ul><div class=\"fusion-clearfix\"><\/div><\/div><\/div><\/div><\/div>\n","protected":false},"excerpt":{"rendered":"","protected":false},"author":1,"featured_media":0,"parent":4275,"menu_order":0,"comment_status":"closed","ping_status":"closed","template":"","meta":{"footnotes":""},"class_list":["post-4263","page","type-page","status-publish","hentry"],"_links":{"self":[{"href":"https:\/\/gtspower.com\/es\/wp-json\/wp\/v2\/pages\/4263","targetHints":{"allow":["GET"]}}],"collection":[{"href":"https:\/\/gtspower.com\/es\/wp-json\/wp\/v2\/pages"}],"about":[{"href":"https:\/\/gtspower.com\/es\/wp-json\/wp\/v2\/types\/page"}],"author":[{"embeddable":true,"href":"https:\/\/gtspower.com\/es\/wp-json\/wp\/v2\/users\/1"}],"replies":[{"embeddable":true,"href":"https:\/\/gtspower.com\/es\/wp-json\/wp\/v2\/comments?post=4263"}],"version-history":[{"count":6,"href":"https:\/\/gtspower.com\/es\/wp-json\/wp\/v2\/pages\/4263\/revisions"}],"predecessor-version":[{"id":121957,"href":"https:\/\/gtspower.com\/es\/wp-json\/wp\/v2\/pages\/4263\/revisions\/121957"}],"up":[{"embeddable":true,"href":"https:\/\/gtspower.com\/es\/wp-json\/wp\/v2\/pages\/4275"}],"wp:attachment":[{"href":"https:\/\/gtspower.com\/es\/wp-json\/wp\/v2\/media?parent=4263"}],"curies":[{"name":"wp","href":"https:\/\/api.w.org\/{rel}","templated":true}]}}