{"id":4261,"date":"2017-11-10T04:32:20","date_gmt":"2017-11-10T04:32:20","guid":{"rendered":"http:\/\/gtspower.online\/?page_id=4261"},"modified":"2021-03-16T16:39:54","modified_gmt":"2021-03-16T20:39:54","slug":"recomendaciones-sobre-el-uso-de-baterias","status":"publish","type":"page","link":"https:\/\/gtspower.com\/es\/quienes-somos\/recursos\/recomendaciones-sobre-el-uso-de-baterias\/","title":{"rendered":"Recomendaciones sobre el Uso de Bater\u00edas"},"content":{"rendered":"<p><div class=\"fusion-fullwidth fullwidth-box fusion-builder-row-1 nonhundred-percent-fullwidth non-hundred-percent-height-scrolling\" style=\"--awb-border-radius-top-left:0px;--awb-border-radius-top-right:0px;--awb-border-radius-bottom-right:0px;--awb-border-radius-bottom-left:0px;--awb-padding-top:20px;--awb-padding-bottom:20px;--awb-flex-wrap:wrap;\" ><div class=\"fusion-builder-row fusion-row\"><div class=\"fusion-layout-column fusion_builder_column fusion-builder-column-0 fusion_builder_column_1_1 1_1 fusion-one-full fusion-column-first fusion-column-last\" style=\"--awb-bg-size:cover;\"><div class=\"fusion-column-wrapper fusion-flex-column-wrapper-legacy\"><div class=\"fusion-title title fusion-title-1 fusion-title-text fusion-title-size-one\" style=\"--awb-margin-top-small:10px;--awb-margin-right-small:0px;--awb-margin-bottom-small:10px;--awb-margin-left-small:0px;\"><h1 class=\"fusion-title-heading title-heading-left fusion-responsive-typography-calculated\" style=\"margin:0;--fontSize:34;line-height:1.4;\">Recomendaciones sobre el Uso de Bater\u00edas<\/h1><span class=\"awb-title-spacer\"><\/span><div class=\"title-sep-container\"><div class=\"title-sep sep-double sep-solid\" style=\"border-color:#e0dede;\"><\/div><\/div><\/div><div class=\"fusion-clearfix\"><\/div><\/div><\/div><div class=\"fusion-layout-column fusion_builder_column fusion-builder-column-1 fusion_builder_column_3_4 3_4 fusion-three-fourth fusion-column-first\" style=\"--awb-bg-size:cover;width:75%;width:calc(75% - ( ( 4% ) * 0.75 ) );margin-right: 4%;\"><div class=\"fusion-column-wrapper fusion-flex-column-wrapper-legacy\"><div class=\"fusion-text fusion-text-1\"><h3>Para algunos fabricantes, las bater\u00edas son un elemento adicional. To some manufacturers, batteries are an afterthought. En Global Technology Systems (\u201cGTS\u201d), entendemos que tu inversi\u00f3n en tel\u00e9fonos celulares es productiva \u00fanicamente al grado en que lo son las bater\u00edas que los alimentan.<\/h3>\n<p><img decoding=\"async\" class=\"size-full wp-image-511 alignleft\" src=\"https:\/\/www.gtspower.com\/wp-content\/uploads\/images\/batteries.png\" alt=\"batteries\" width=\"210\" height=\"109\" srcset=\"https:\/\/gtspower.com\/wp-content\/uploads\/images\/batteries-200x104.png 200w, https:\/\/gtspower.com\/wp-content\/uploads\/images\/batteries.png 210w\" sizes=\"(max-width: 210px) 100vw, 210px\" \/>Nuestros dedicados ingenieros en bater\u00edas est\u00e1n comprometidos a desarrollar y fabricar las bater\u00edas con mayor capacidad y fiabilidad disponibles en el mercado en la actualidad. Nuestras bater\u00edas estan respaldadas por una garant\u00eda de 12 meses l\u00edder en la industria.<\/p>\n<\/div><div class=\"fusion-clearfix\"><\/div><\/div><\/div><div class=\"fusion-layout-column fusion_builder_column fusion-builder-column-2 fusion_builder_column_1_4 1_4 fusion-one-fourth fusion-column-last\" style=\"--awb-bg-size:cover;width:25%;width:calc(25% - ( ( 4% ) * 0.25 ) );\"><div class=\"fusion-column-wrapper fusion-flex-column-wrapper-legacy\"><div class=\"fusion-text fusion-text-2\"><h3><a href=\"https:\/\/gtspower.com\/es\/quienes-somos\/recursos\/\">Resources<\/a>:<\/h3>\n<\/div><ul style=\"--awb-size:13px;--awb-iconcolor:#ed1c24;--awb-line-height:22.1px;--awb-icon-width:22.1px;--awb-icon-height:22.1px;--awb-icon-margin:9.1px;--awb-content-margin:31.2px;\" class=\"fusion-checklist fusion-checklist-1 fusion-checklist-default type-icons\"><li class=\"fusion-li-item\" style=\"\"><span class=\"icon-wrapper circle-no\"><i class=\"fusion-li-icon fa fa-arrow-circle-right\" aria-hidden=\"true\"><\/i><\/span><div class=\"fusion-li-item-content\">\n<p><a class=\"CMSListMenuLink\" href=\"https:\/\/gtspower.com\/es\/quienes-somos\/recursos\/preguntas-frecuentes-sobre-baterias\/\">Preguntas Frecuentes sobre Bater\u00edas<\/a><\/p>\n<\/div><\/li><li class=\"fusion-li-item\" style=\"\"><span class=\"icon-wrapper circle-no\"><i class=\"fusion-li-icon fa fa-arrow-circle-right\" aria-hidden=\"true\"><\/i><\/span><div class=\"fusion-li-item-content\">\n<p><a class=\"CMSListMenuLink\" href=\"https:\/\/gtspower.com\/es\/quienes-somos\/recursos\/recomendaciones-sobre-el-uso-de-baterias\/\">Recomendaciones sobre el Uso de Bater\u00edas<\/a><\/p>\n<\/div><\/li><li class=\"fusion-li-item\" style=\"\"><span class=\"icon-wrapper circle-no\"><i class=\"fusion-li-icon fa fa-arrow-circle-right\" aria-hidden=\"true\"><\/i><\/span><div class=\"fusion-li-item-content\">\n<p><a class=\"CMSListMenuLink\" href=\"https:\/\/gtspower.com\/es\/quienes-somos\/recursos\/videos\/\">V\u00eddeos<\/a><\/p>\n<\/div><\/li><li class=\"fusion-li-item\" style=\"\"><span class=\"icon-wrapper circle-no\"><i class=\"fusion-li-icon fa fa-arrow-circle-right\" aria-hidden=\"true\"><\/i><\/span><div class=\"fusion-li-item-content\">\n<p><a class=\"CMSListMenuLink\" href=\"https:\/\/gtspower.com\/es\/quienes-somos\/recursos\/garantia\/\">Garant\u00eda<\/a><\/p>\n<\/div><\/li><li class=\"fusion-li-item\" style=\"\"><span class=\"icon-wrapper circle-no\"><i class=\"fusion-li-icon fa fa-arrow-circle-right\" aria-hidden=\"true\"><\/i><\/span><div class=\"fusion-li-item-content\">\n<p><a class=\"CMSListMenuLink\" href=\"https:\/\/gtspower.com\/rma\/bc-returns\/\">Autorizaci\u00f3n para la Devoluci\u00f3n de Productos<\/a><\/p>\n<\/div><\/li><li class=\"fusion-li-item\" style=\"\"><span class=\"icon-wrapper circle-no\"><i class=\"fusion-li-icon fa fa-arrow-circle-right\" aria-hidden=\"true\"><\/i><\/span><div class=\"fusion-li-item-content\">\n<p>Reciclaje<\/p>\n<\/div><\/li><li class=\"fusion-li-item\" style=\"\"><span class=\"icon-wrapper circle-no\"><i class=\"fusion-li-icon fa fa-arrow-circle-right\" aria-hidden=\"true\"><\/i><\/span><div class=\"fusion-li-item-content\">\n<p><a class=\"CMSListMenuLink\" href=\"https:\/\/gtspower.com\/es\/quienes-somos\/recursos\/manuals\/\">Manuales<\/a><\/p>\n<\/div><\/li><\/ul><div class=\"fusion-clearfix\"><\/div><\/div><\/div><\/div><\/div><div class=\"fusion-fullwidth fullwidth-box fusion-builder-row-2 nonhundred-percent-fullwidth non-hundred-percent-height-scrolling\" style=\"--awb-border-radius-top-left:0px;--awb-border-radius-top-right:0px;--awb-border-radius-bottom-right:0px;--awb-border-radius-bottom-left:0px;--awb-padding-top:0px;--awb-padding-bottom:20px;--awb-margin-top:0px;--awb-background-color:rgba(219,219,219,0.93);--awb-flex-wrap:wrap;\" ><div class=\"fusion-builder-row fusion-row\"><div class=\"fusion-layout-column fusion_builder_column fusion-builder-column-3 fusion_builder_column_1_1 1_1 fusion-one-full fusion-column-first fusion-column-last\" style=\"--awb-bg-size:cover;\"><div class=\"fusion-column-wrapper fusion-flex-column-wrapper-legacy\"><div class=\"fusion-section-separator section-separator triangle fusion-section-separator-1\" style=\"--awb-border-bottom:1px solid #f6f6f6;--awb-spacer-height:1px;--awb-svg-margin-left:0;--awb-svg-margin-right:0;--awb-icon-color:#ffffff;\"><div class=\"fusion-section-separator-svg\"><div class=\"divider-candy-arrow bottom\" style=\"top:0px;border-top-color: #f6f6f6;\"><\/div><div class=\"divider-candy bottom\" style=\"bottom:-21px;border-bottom:1px solid #f6f6f6;border-left:1px solid #f6f6f6;\"><\/div><\/div><div class=\"fusion-section-separator-spacer\"><div class=\"fusion-section-separator-spacer-height\"><\/div><\/div><\/div><div class=\"fusion-clearfix\"><\/div><\/div><\/div><\/div><\/div><div class=\"fusion-fullwidth fullwidth-box fusion-builder-row-3 nonhundred-percent-fullwidth non-hundred-percent-height-scrolling\" style=\"--awb-border-radius-top-left:0px;--awb-border-radius-top-right:0px;--awb-border-radius-bottom-right:0px;--awb-border-radius-bottom-left:0px;--awb-padding-top:50px;--awb-padding-bottom:20px;--awb-background-color:rgba(219,219,219,0.93);--awb-flex-wrap:wrap;\" ><div class=\"fusion-builder-row fusion-row\"><div class=\"fusion-layout-column fusion_builder_column fusion-builder-column-4 fusion_builder_column_1_1 1_1 fusion-one-full fusion-column-first fusion-column-last\" style=\"--awb-bg-size:cover;\"><div class=\"fusion-column-wrapper fusion-flex-column-wrapper-legacy\"><div class=\"fusion-text fusion-text-3\"><h2 style=\"text-align: center;\">Pautas sobre el Uso de Bater\u00edas<\/h2>\n<\/div><div class=\"fusion-clearfix\"><\/div><\/div><\/div><div class=\"fusion-layout-column fusion_builder_column fusion-builder-column-5 fusion_builder_column_1_6 1_6 fusion-one-sixth fusion-column-first\" style=\"--awb-bg-size:cover;width:16.666666666667%;width:calc(16.666666666667% - ( ( 4% + 4% ) * 0.16666666666667 ) );margin-right: 4%;\"><div class=\"fusion-column-wrapper fusion-flex-column-wrapper-legacy\"><div class=\"fusion-testimonials classic awb-speech-bubble-show fusion-testimonials-1\" style=\"--awb-textcolor:#747474;--awb-backgroundcolor:#f6f6f6;--awb-testimonial-border-style:solid;--awb-testimonial-border-color:var(--awb-color3);--awb-border-top-left-radius:0px;--awb-border-top-right-radius:0px;--awb-border-bottom-left-radius:0px;--awb-border-bottom-right-radius:0px;--testimonial-border-width-top:0px;--testimonial-border-width-right:0px;--testimonial-border-width-bottom:0px;--testimonial-border-width-left:0px;\" data-random=\"0\" data-speed=\"4000\"><div class=\"reviews\"><div class=\"review active-testimonial no-avatar\"><blockquote><div class=\"awb-quote\"><div class=\"awb-quote-content\">\n<p><strong>Using higher capacity batteries necessitates\u00a0fewer charges thus allowing a longer useful battery life.<\/strong><\/p>\n<\/div><\/div><span class=\"awb-triangle\"><\/span><\/blockquote><div class=\"author\"><span class=\"company-name\"><\/span><\/div><\/div><\/div><\/div><div class=\"fusion-clearfix\"><\/div><\/div><\/div><div class=\"fusion-layout-column fusion_builder_column fusion-builder-column-6 fusion_builder_column_2_3 2_3 fusion-two-third\" style=\"--awb-bg-size:cover;width:66.666666666667%;width:calc(66.666666666667% - ( ( 4% + 4% ) * 0.66666666666667 ) );margin-right: 4%;\"><div class=\"fusion-column-wrapper fusion-flex-column-wrapper-legacy\"><div class=\"fusion-text fusion-text-4\"><h3>Para ayudarte a optimizar tus bater\u00edas de GTS y mejorar tus niveles de productividad, hemos redactado las siguientes Pautas sobre el uso de bater\u00edas.<\/h3>\n<ul>\n<li style=\"padding-bottom: 10px;\"><span style=\"color: #000000;\"><span style=\"color: #000000;\"><b>Rastrea<\/b><\/span><b style=\"color: #000000;\">\u00a0la fecha de compra y edad de sus bater\u00edas. <\/b><span style=\"color: #000000;\">\u00a0Te recomendamos identificar tus bater\u00edas de GTS con adhesivos de color seg\u00fan su fecha de adquisici\u00f3n. Esto le ayudar\u00e1 a determinar por cu\u00e1nto\u00a0tiempo lleva funcionando\u00a0una bater\u00eda cuando llegue el momento de reemplazarlas. Al seguir este procedimiento, podr\u00e1 garantizar que sus bater\u00edas sean reemplazadas antes de que pierdan productividad.\u00a0<\/span><\/span><\/li>\n<li style=\"padding-bottom: 10px;\"><strong style=\"color: #000000;\">Etiqueta cada dispositivo con su propio n\u00famero.<\/strong><\/li>\n<li style=\"padding-bottom: 10px;\"><span style=\"color: #000000;\"><strong>Etiqueta cada cargador de bater\u00eda y puerto de carga (si es aplicable) con el mismo n\u00famero que corresponde al dispositivo asociado.\u00a0<\/strong>Cuando recibas tu bater\u00eda de GTS y la codifiques por color, asegurate de que est\u00e9n etiquetados con el mismo n\u00famero que corresponde al dispositivo y su cargador.<\/span><\/li>\n<li style=\"padding-bottom: 10px;\"><span style=\"color: #000000;\"><strong>Reemplaza tus bater\u00edas en el momento oportuno.<\/strong>\u00a0Recomendamos reemplazar la bater\u00eda cada 18 meses para usuarios con patrones de uso promedio (por ejemplo, turnos de 8 horas en un entorno minorista). Recomendamos reemplazar la bater\u00eda cada 12 meses para usuarios con patrones de uso entre moderado y alto (por ejemplo, entornos mayoristas en los que se las utiliza 24 horas al d\u00eda, los 7 d\u00edas de la semana).<\/span><\/li>\n<li style=\"padding-bottom: 10px;\"><span style=\"color: #000000;\"><strong>Always have 1-2 charged spare batteries for each of your devices.<\/strong> This will ensure you avoid costly downtime. Make sure your spare batteries are labeled as outlined in Battery Usage Guidelines 1 and 2.<\/span><\/li>\n<li style=\"padding-bottom: 10px;\"><span style=\"color: #000000;\"><span style=\"color: #000000;\"><b>Mant\u00e9n<\/b><\/span><b style=\"color: #000000;\">\u00a0limpias las superficies de contacto de tus bater\u00edas.<\/b><span style=\"color: #000000;\">\u00a0Los puntos de contacto sucios son una de las principales fuentes de problemas de carga. Para mantener un rendimiento \u00f3ptimo de la bater\u00eda, limpia suavemente los contactos con un pa\u00f1o suave regularmente.<\/span><\/span><\/li>\n<\/ul>\n<p><span style=\"color: #000000;\">El tiempo de carga var\u00eda de una bater\u00eda a otra, seg\u00fan su capacidad y cargador. Recomendamos cargar sus bater\u00edas toda la noche antes de su primer uso.<\/span><\/p>\n<\/div><div class=\"fusion-clearfix\"><\/div><\/div><\/div><div class=\"fusion-layout-column fusion_builder_column fusion-builder-column-7 fusion_builder_column_1_6 1_6 fusion-one-sixth fusion-column-last\" style=\"--awb-bg-size:cover;width:16.666666666667%;width:calc(16.666666666667% - ( ( 4% + 4% ) * 0.16666666666667 ) );\"><div class=\"fusion-column-wrapper fusion-flex-column-wrapper-legacy\"><div class=\"fusion-clearfix\"><\/div><\/div><\/div><\/div><\/div><div class=\"fusion-fullwidth fullwidth-box fusion-builder-row-4 nonhundred-percent-fullwidth non-hundred-percent-height-scrolling\" style=\"--awb-border-radius-top-left:0px;--awb-border-radius-top-right:0px;--awb-border-radius-bottom-right:0px;--awb-border-radius-bottom-left:0px;--awb-padding-top:50px;--awb-padding-bottom:20px;--awb-flex-wrap:wrap;\" ><div class=\"fusion-builder-row fusion-row\"><div class=\"fusion-layout-column fusion_builder_column fusion-builder-column-8 fusion_builder_column_1_1 1_1 fusion-one-full fusion-column-first fusion-column-last\" style=\"--awb-bg-size:cover;\"><div class=\"fusion-column-wrapper fusion-flex-column-wrapper-legacy\"><div class=\"fusion-text fusion-text-5\"><h2 style=\"text-align: center;\">Soluci\u00f3n de Problemas con las Bater\u00edas<\/h2>\n<\/div><div class=\"fusion-clearfix\"><\/div><\/div><\/div><div class=\"fusion-layout-column fusion_builder_column fusion-builder-column-9 fusion_builder_column_1_6 1_6 fusion-one-sixth fusion-column-first\" style=\"--awb-bg-size:cover;width:16.666666666667%;width:calc(16.666666666667% - ( ( 4% + 4% ) * 0.16666666666667 ) );margin-right: 4%;\"><div class=\"fusion-column-wrapper fusion-flex-column-wrapper-legacy\"><div class=\"fusion-clearfix\"><\/div><\/div><\/div><div class=\"fusion-layout-column fusion_builder_column fusion-builder-column-10 fusion_builder_column_2_3 2_3 fusion-two-third\" style=\"--awb-bg-size:cover;width:66.666666666667%;width:calc(66.666666666667% - ( ( 4% + 4% ) * 0.66666666666667 ) );margin-right: 4%;\"><div class=\"fusion-column-wrapper fusion-flex-column-wrapper-legacy\"><div class=\"fusion-text fusion-text-6\"><h3>Para ayudarte a optimizar tus bater\u00edas de GTS y mejorar tus niveles de productividad, hemos redactado las siguientes Pautas sobre el uso de bater\u00edas.<\/h3>\n<p><strong>Efecto Memoria y c\u00f3mo evitarlo: <\/strong>Las bater\u00edas de n\u00edquel pueden recordar cuanta descarga fue necesaria en descargas previas y mantener un \u00abEfecto Memoria\u00bb o \u00abDepresi\u00f3n de Voltaje\u00bb. La amplitud de la depresi\u00f3n de voltaje y su consecuente p\u00e9rdida de capacidad dependen de la profundidad de descarga. Mientras mayor sea el voltaje de la celda cuando termina la descarga y comienza la carga, m\u00e1s aparente ser\u00e1 la depresi\u00f3n de voltaje en el pr\u00f3ximo ciclo de descarga.<\/p>\n<p>Este fen\u00f3meno es reversible al colocar la bater\u00eda en un ciclo de \u00abreacondicionamiento\u00bb o \u00abmantenimiento\u00bb, que implica una descarga completa seguida de una carga completa. La qu\u00edmica de celdas basada en litio no presentan el fen\u00f3meno de Efecto Memoria.<\/p>\n<p><strong>Almacenamiento:<\/strong>\u00a0Para lograr un \u00f3ptimo desempe\u00f1o, conserva las bater\u00edas en un lugar seco con humedad moderada y sin gases corrosivos:<\/p>\n<ul>\n<li style=\"padding-bottom: 10px;\">Para mejores resultados, conserva las bater\u00edas de n\u00edquel completamente cargadas a temperatura ambiente o entre 0\u00b0C y 30\u00b0C (32\u00b0F y 86\u00b0F)<\/li>\n<li style=\"padding-bottom: 10px;\">Conserva las bater\u00edas de Iones de Litio o Pol\u00edmeros de Litio con un 30% de carga a temperatura ambiente o entre 0\u00b0C y 30\u00b0C (32\u00b0F y 86\u00b0F)<\/li>\n<\/ul>\n<\/div><div class=\"fusion-clearfix\"><\/div><\/div><\/div><div class=\"fusion-layout-column fusion_builder_column fusion-builder-column-11 fusion_builder_column_1_6 1_6 fusion-one-sixth fusion-column-last\" style=\"--awb-bg-size:cover;width:16.666666666667%;width:calc(16.666666666667% - ( ( 4% + 4% ) * 0.16666666666667 ) );\"><div class=\"fusion-column-wrapper fusion-flex-column-wrapper-legacy\"><div class=\"fusion-clearfix\"><\/div><\/div><\/div><\/div><\/div><div class=\"fusion-fullwidth fullwidth-box fusion-builder-row-5 nonhundred-percent-fullwidth non-hundred-percent-height-scrolling\" style=\"--awb-border-radius-top-left:0px;--awb-border-radius-top-right:0px;--awb-border-radius-bottom-right:0px;--awb-border-radius-bottom-left:0px;--awb-padding-top:0px;--awb-padding-bottom:20px;--awb-margin-top:0px;--awb-background-color:rgba(219,219,219,0.93);--awb-flex-wrap:wrap;\" ><div class=\"fusion-builder-row fusion-row\"><div class=\"fusion-layout-column fusion_builder_column fusion-builder-column-12 fusion_builder_column_1_1 1_1 fusion-one-full fusion-column-first fusion-column-last\" style=\"--awb-bg-size:cover;\"><div class=\"fusion-column-wrapper fusion-flex-column-wrapper-legacy\"><div class=\"fusion-section-separator section-separator triangle fusion-section-separator-2\" style=\"--awb-border-bottom:1px solid #f6f6f6;--awb-spacer-height:1px;--awb-svg-margin-left:0;--awb-svg-margin-right:0;--awb-icon-color:#ffffff;\"><div class=\"fusion-section-separator-svg\"><div class=\"divider-candy-arrow bottom\" style=\"top:0px;border-top-color: #f6f6f6;\"><\/div><div class=\"divider-candy bottom\" style=\"bottom:-21px;border-bottom:1px solid #f6f6f6;border-left:1px solid #f6f6f6;\"><\/div><\/div><div class=\"fusion-section-separator-spacer\"><div class=\"fusion-section-separator-spacer-height\"><\/div><\/div><\/div><div class=\"fusion-clearfix\"><\/div><\/div><\/div><\/div><\/div><div class=\"fusion-fullwidth fullwidth-box fusion-builder-row-6 nonhundred-percent-fullwidth non-hundred-percent-height-scrolling\" style=\"--awb-border-radius-top-left:0px;--awb-border-radius-top-right:0px;--awb-border-radius-bottom-right:0px;--awb-border-radius-bottom-left:0px;--awb-padding-top:50px;--awb-padding-bottom:20px;--awb-background-color:rgba(219,219,219,0.93);--awb-flex-wrap:wrap;\" ><div class=\"fusion-builder-row fusion-row\"><div class=\"fusion-layout-column fusion_builder_column fusion-builder-column-13 fusion_builder_column_1_1 1_1 fusion-one-full fusion-column-first fusion-column-last\" style=\"--awb-bg-size:cover;\"><div class=\"fusion-column-wrapper fusion-flex-column-wrapper-legacy\"><div class=\"fusion-text fusion-text-7\"><h2 style=\"text-align: center;\">Eliminaci\u00f3n de las Bater\u00edas<\/h2>\n<\/div><div class=\"fusion-clearfix\"><\/div><\/div><\/div><div class=\"fusion-layout-column fusion_builder_column fusion-builder-column-14 fusion_builder_column_1_6 1_6 fusion-one-sixth fusion-column-first\" style=\"--awb-bg-size:cover;width:16.666666666667%;width:calc(16.666666666667% - ( ( 4% + 4% + 4% ) * 0.16666666666667 ) );margin-right: 4%;\"><div class=\"fusion-column-wrapper fusion-flex-column-wrapper-legacy\"><div class=\"fusion-clearfix\"><\/div><\/div><\/div><div class=\"fusion-layout-column fusion_builder_column fusion-builder-column-15 fusion_builder_column_1_6 1_6 fusion-one-sixth\" style=\"--awb-bg-size:cover;width:16.666666666667%;width:calc(16.666666666667% - ( ( 4% + 4% + 4% ) * 0.16666666666667 ) );margin-right: 4%;\"><div class=\"fusion-column-wrapper fusion-flex-column-wrapper-legacy\"><div class=\"fusion-text fusion-text-8\"><\/div><div class=\"fusion-text fusion-text-9\"><p><img decoding=\"async\" class=\"alignnone size-full wp-image-520\" src=\"https:\/\/www.gtspower.com\/wp-content\/uploads\/images\/image-call2recycle.gif\" alt=\"\" width=\"360\" height=\"71\" \/><\/p>\n<\/div><div class=\"fusion-clearfix\"><\/div><\/div><\/div><div class=\"fusion-layout-column fusion_builder_column fusion-builder-column-16 fusion_builder_column_1_2 1_2 fusion-one-half\" style=\"--awb-bg-size:cover;width:50%;width:calc(50% - ( ( 4% + 4% + 4% ) * 0.5 ) );margin-right: 4%;\"><div class=\"fusion-column-wrapper fusion-flex-column-wrapper-legacy\"><div class=\"fusion-text fusion-text-10\"><p><span style=\"color: #000000;\">Cuando tus bater\u00edas ya no puedan prestar una carga apropiada, su adecuada eliminaci\u00f3n resulta esencial. Global Technology Systems, Inc. se compromete a mantener la sostenibilidad del medio ambiente. Hemos dise\u00f1ado un programa que garantiza que todas las bater\u00edas sean desechadas de conformidad con todas las normas locales, estatales y federales. Para mayor informaci\u00f3n, visite nuestra\u00a0p\u00e1gina sobre reciclaje.\u00a0<\/span><\/p>\n<\/div><div class=\"fusion-clearfix\"><\/div><\/div><\/div><div class=\"fusion-layout-column fusion_builder_column fusion-builder-column-17 fusion_builder_column_1_6 1_6 fusion-one-sixth fusion-column-last\" style=\"--awb-bg-size:cover;width:16.666666666667%;width:calc(16.666666666667% - ( ( 4% + 4% + 4% ) * 0.16666666666667 ) );\"><div class=\"fusion-column-wrapper fusion-flex-column-wrapper-legacy\"><div class=\"fusion-clearfix\"><\/div><\/div><\/div><\/div><\/div><\/p>\n","protected":false},"excerpt":{"rendered":"","protected":false},"author":1,"featured_media":0,"parent":4275,"menu_order":0,"comment_status":"closed","ping_status":"closed","template":"100-width.php","meta":{"footnotes":""},"class_list":["post-4261","page","type-page","status-publish","hentry"],"_links":{"self":[{"href":"https:\/\/gtspower.com\/es\/wp-json\/wp\/v2\/pages\/4261","targetHints":{"allow":["GET"]}}],"collection":[{"href":"https:\/\/gtspower.com\/es\/wp-json\/wp\/v2\/pages"}],"about":[{"href":"https:\/\/gtspower.com\/es\/wp-json\/wp\/v2\/types\/page"}],"author":[{"embeddable":true,"href":"https:\/\/gtspower.com\/es\/wp-json\/wp\/v2\/users\/1"}],"replies":[{"embeddable":true,"href":"https:\/\/gtspower.com\/es\/wp-json\/wp\/v2\/comments?post=4261"}],"version-history":[{"count":6,"href":"https:\/\/gtspower.com\/es\/wp-json\/wp\/v2\/pages\/4261\/revisions"}],"predecessor-version":[{"id":121958,"href":"https:\/\/gtspower.com\/es\/wp-json\/wp\/v2\/pages\/4261\/revisions\/121958"}],"up":[{"embeddable":true,"href":"https:\/\/gtspower.com\/es\/wp-json\/wp\/v2\/pages\/4275"}],"wp:attachment":[{"href":"https:\/\/gtspower.com\/es\/wp-json\/wp\/v2\/media?parent=4261"}],"curies":[{"name":"wp","href":"https:\/\/api.w.org\/{rel}","templated":true}]}}