{"id":4233,"date":"2017-11-07T23:37:40","date_gmt":"2017-11-07T23:37:40","guid":{"rendered":"http:\/\/gtspower.online\/?page_id=4233"},"modified":"2018-01-20T01:40:04","modified_gmt":"2018-01-20T01:40:04","slug":"responsabilidad-corporativa","status":"publish","type":"page","link":"https:\/\/gtspower.com\/es\/quienes-somos\/responsabilidad-corporativa\/","title":{"rendered":"Responsabilidad Corporativa"},"content":{"rendered":"<div class=\"fusion-fullwidth fullwidth-box fusion-builder-row-1 nonhundred-percent-fullwidth non-hundred-percent-height-scrolling\" style=\"--awb-border-radius-top-left:0px;--awb-border-radius-top-right:0px;--awb-border-radius-bottom-right:0px;--awb-border-radius-bottom-left:0px;--awb-padding-top:20px;--awb-padding-bottom:20px;--awb-flex-wrap:wrap;\" ><div class=\"fusion-builder-row fusion-row\"><div class=\"fusion-layout-column fusion_builder_column fusion-builder-column-0 fusion_builder_column_1_1 1_1 fusion-one-full fusion-column-first fusion-column-last\" style=\"--awb-bg-size:cover;\"><div class=\"fusion-column-wrapper fusion-flex-column-wrapper-legacy\"><div class=\"fusion-title title fusion-title-1 fusion-title-text fusion-title-size-one\" style=\"--awb-margin-top-small:10px;--awb-margin-right-small:0px;--awb-margin-bottom-small:10px;--awb-margin-left-small:0px;\"><h1 class=\"fusion-title-heading title-heading-left fusion-responsive-typography-calculated\" style=\"margin:0;--fontSize:34;line-height:1.4;\">Responsabilidad Corporativa<\/h1><span class=\"awb-title-spacer\"><\/span><div class=\"title-sep-container\"><div class=\"title-sep sep-double sep-solid\" style=\"border-color:#e0dede;\"><\/div><\/div><\/div><div class=\"fusion-clearfix\"><\/div><\/div><\/div><div class=\"fusion-layout-column fusion_builder_column fusion-builder-column-1 fusion_builder_column_1_6 1_6 fusion-one-sixth fusion-column-first\" style=\"--awb-bg-size:cover;width:16.666666666667%;width:calc(16.666666666667% - ( ( 4% + 4% ) * 0.16666666666667 ) );margin-right: 4%;\"><div class=\"fusion-column-wrapper fusion-flex-column-wrapper-legacy\"><div class=\"fusion-clearfix\"><\/div><\/div><\/div><div class=\"fusion-layout-column fusion_builder_column fusion-builder-column-2 fusion_builder_column_2_3 2_3 fusion-two-third\" style=\"--awb-bg-size:cover;width:66.666666666667%;width:calc(66.666666666667% - ( ( 4% + 4% ) * 0.66666666666667 ) );margin-right: 4%;\"><div class=\"fusion-column-wrapper fusion-flex-column-wrapper-legacy\"><div class=\"fusion-text fusion-text-1\"><h3>Apoyo a comunidades locales<\/h3>\n<p>El esp\u00edritu de filantrop\u00eda forma parte de nuestra filosof\u00eda corporativa aqu\u00ed en GTS. Creemos firmemente en ofrecer ayuda a terceros. Participamos en programas de extensi\u00f3n en las comunidades afectadas por desastres naturales, prestando asistencia al personal de auxilio local en tiempos de crisis. Tambi\u00e9n apoyamos a organizaciones dedicadas a varios programas sociales y sanitarios.<\/p>\n<h3>Responsabilidad ambiental y esfuerzos de sostenibilidad<\/h3>\n<p>GTS tiene el compromiso de ofrecerle un programa de administraci\u00f3n de energ\u00eda ecol\u00f3gicamente sostenible a las empresas. Comenzamos por trabajar con proveedores que tambi\u00e9n est\u00e9n comprometidos con el medio ambiente, empresas como GE, Sanyo y Texas Instruments. Nuestro proceso de fabricaci\u00f3n utiliza materiales reciclados, cuando resultara viable, y est\u00e1 dise\u00f1ado para minimizar los residuos. Adem\u00e1s, nuestros productos son distribuidos en embalaje ecol\u00f3gico.<\/p>\n<p>La importancia que le damos a la calidad trae como resultado productos m\u00e1s duraderos que necesitaran menos reemplazos en la vida \u00fatil de los dispositivos de nuestros clientes. Trabajamos en estrecha colaboraci\u00f3n con nuestros clientes para ayudarlos a deshacerse de sus bater\u00edas al final de su vida \u00fatil. Dise\u00f1amos programas en colaboraci\u00f3n con Rechargeable Battery Recycling Corporation para que nuestros clientes puedan desechar las bater\u00edas usadas de manera adecuada. Estas bater\u00edas son luego procesadas utilizando un proceso de recuperaci\u00f3n t\u00e9rmica que recupera los metales (n\u00edquel, hierro, cadmio, plomo y cobalto) de las bater\u00edas y los prepara para que sean utilizados en nuevos productos tales como nuevas bater\u00edas y acero inoxidable.<\/p>\n<p>El reciclaje no solo evita que los residuos vayan a parar a los basurales sino que tambi\u00e9n garantiza que est\u00e9s desechando tus bater\u00edas conforme a las normas locales, estatales y federales.<\/p>\n<\/div><div class=\"fusion-clearfix\"><\/div><\/div><\/div><div class=\"fusion-layout-column fusion_builder_column fusion-builder-column-3 fusion_builder_column_1_6 1_6 fusion-one-sixth fusion-column-last\" style=\"--awb-bg-size:cover;width:16.666666666667%;width:calc(16.666666666667% - ( ( 4% + 4% ) * 0.16666666666667 ) );\"><div class=\"fusion-column-wrapper fusion-flex-column-wrapper-legacy\"><div class=\"fusion-clearfix\"><\/div><\/div><\/div><\/div><\/div>\n","protected":false},"excerpt":{"rendered":"","protected":false},"author":1,"featured_media":0,"parent":4217,"menu_order":0,"comment_status":"closed","ping_status":"closed","template":"100-width.php","meta":{"footnotes":""},"class_list":["post-4233","page","type-page","status-publish","hentry"],"_links":{"self":[{"href":"https:\/\/gtspower.com\/es\/wp-json\/wp\/v2\/pages\/4233","targetHints":{"allow":["GET"]}}],"collection":[{"href":"https:\/\/gtspower.com\/es\/wp-json\/wp\/v2\/pages"}],"about":[{"href":"https:\/\/gtspower.com\/es\/wp-json\/wp\/v2\/types\/page"}],"author":[{"embeddable":true,"href":"https:\/\/gtspower.com\/es\/wp-json\/wp\/v2\/users\/1"}],"replies":[{"embeddable":true,"href":"https:\/\/gtspower.com\/es\/wp-json\/wp\/v2\/comments?post=4233"}],"version-history":[{"count":6,"href":"https:\/\/gtspower.com\/es\/wp-json\/wp\/v2\/pages\/4233\/revisions"}],"predecessor-version":[{"id":6432,"href":"https:\/\/gtspower.com\/es\/wp-json\/wp\/v2\/pages\/4233\/revisions\/6432"}],"up":[{"embeddable":true,"href":"https:\/\/gtspower.com\/es\/wp-json\/wp\/v2\/pages\/4217"}],"wp:attachment":[{"href":"https:\/\/gtspower.com\/es\/wp-json\/wp\/v2\/media?parent=4233"}],"curies":[{"name":"wp","href":"https:\/\/api.w.org\/{rel}","templated":true}]}}