{"id":4229,"date":"2017-11-04T23:50:51","date_gmt":"2017-11-04T23:50:51","guid":{"rendered":"http:\/\/gtspower.online\/?page_id=4229"},"modified":"2017-11-04T23:50:51","modified_gmt":"2017-11-04T23:50:51","slug":"directions","status":"publish","type":"page","link":"https:\/\/gtspower.com\/es\/quienes-somos\/contactanos\/directions\/","title":{"rendered":"directions"},"content":{"rendered":"<div class=\"fusion-fullwidth fullwidth-box fusion-builder-row-1 nonhundred-percent-fullwidth non-hundred-percent-height-scrolling\" style=\"--awb-border-radius-top-left:0px;--awb-border-radius-top-right:0px;--awb-border-radius-bottom-right:0px;--awb-border-radius-bottom-left:0px;--awb-padding-top:20px;--awb-padding-bottom:20px;--awb-flex-wrap:wrap;\" ><div class=\"fusion-builder-row fusion-row\"><div class=\"fusion-layout-column fusion_builder_column fusion-builder-column-0 fusion_builder_column_1_1 1_1 fusion-one-full fusion-column-first fusion-column-last\" style=\"--awb-bg-size:cover;\"><div class=\"fusion-column-wrapper fusion-flex-column-wrapper-legacy\"><div class=\"fusion-title title fusion-title-1 fusion-title-text fusion-title-size-one\" style=\"--awb-margin-top-small:10px;--awb-margin-right-small:0px;--awb-margin-bottom-small:10px;--awb-margin-left-small:0px;\"><h1 class=\"fusion-title-heading title-heading-left fusion-responsive-typography-calculated\" style=\"margin:0;--fontSize:34;line-height:1.4;\">Directions<\/h1><span class=\"awb-title-spacer\"><\/span><div class=\"title-sep-container\"><div class=\"title-sep sep-double sep-solid\" style=\"border-color:#e0dede;\"><\/div><\/div><\/div><div class=\"fusion-clearfix\"><\/div><\/div><\/div><div class=\"fusion-layout-column fusion_builder_column fusion-builder-column-1 fusion_builder_column_1_6 1_6 fusion-one-sixth fusion-column-first\" style=\"--awb-bg-size:cover;width:16.666666666667%;width:calc(16.666666666667% - ( ( 4% + 4% ) * 0.16666666666667 ) );margin-right: 4%;\"><div class=\"fusion-column-wrapper fusion-flex-column-wrapper-legacy\"><div class=\"fusion-clearfix\"><\/div><\/div><\/div><div class=\"fusion-layout-column fusion_builder_column fusion-builder-column-2 fusion_builder_column_2_3 2_3 fusion-two-third\" style=\"--awb-bg-size:cover;width:66.666666666667%;width:calc(66.666666666667% - ( ( 4% + 4% ) * 0.66666666666667 ) );margin-right: 4%;\"><div class=\"fusion-column-wrapper fusion-flex-column-wrapper-legacy\"><div class=\"fusion-text fusion-text-1\"><h3>Indicaciones para llegar a Global Technology Systems desde el este:<\/h3>\n<p><strong>Mass Pike<\/strong><br \/>\nToma la Mass Pike West hasta la salida 13 \u00abNatick \/ Framingham\u00bb. Tome la salida de la ruta 30 &#8211; salida 13 &#8211; hacia \u00abNatick \/ Framingham\u00bb. Nuestra instalaci\u00f3n de Framingham es la construcci\u00f3n de seis pisos de acero y vidrio a tu derecha. Despu\u00e9s de las casetas, gire a la derecha en la ruta 30 oeste hacia \u00abFramingham\u00bb. Incorp\u00f3rate a Cochituate Road \/ SR-30. Toma la primera a la derecha en el sem\u00e1foro en Burr Street. Desde Burr Street, toma la primera a la derecha en la entrada de MEDITECH \u00abCorporate Center\u00bb. Gira a la izquierda antes de la fuente \/ patio y estaci\u00f3nate en el nivel inferior del estacionamiento. GTS est\u00e1 ubicada en el ala este, que al mirar el edificio desde la derecha est\u00e1 en el lado izquierdo. GTS est\u00e1 ubicada en el 4to piso.<\/p>\n<p><strong>Route 9<\/strong><br \/>\nToma la ruta 9 oeste. Despu\u00e9s de aproximadamente 8 millas de la ruta 128, toma la salida de Speen Street, Mass Pike. Contin\u00faa por la calle Speen siguiendo las se\u00f1ales hacia Mass Pike. Gire a la izquierda en la ruta 30 oeste (pasa por la rampa de entrada Mass Pike). Toma la primera a la derecha en el sem\u00e1foro en Burr Street. Desde Burr Street, toma la primera a la derecha en la entrada de MEDITECH \u00abCorporate Center\u00bb. Gira a la izquierda antes de la fuente \/ patio y estaci\u00f3nate en el nivel inferior del estacionamiento. GTS est\u00e1 ubicada en el ala este, que al mirar el edificio desde la derecha est\u00e1 en el lado izquierdo. GTS est\u00e1 ubicada en el 4to piso.<\/p>\n<p><strong>Route 30<\/strong><br \/>\nDespu\u00e9s de pasar por debajo del puente Mass Pike, el edificio Framingham aparecer\u00e1 a su derecha. En el siguiente sem\u00e1foro, gire a la derecha en Burr Street. Desde Burr Street, tome la primera a la derecha en la entrada de MEDITECH \u00abCorporate Center\u00bb. Gira a la izquierda antes de la fuente \/ patio y estaci\u00f3nate en el nivel inferior del estacionamiento. GTS est\u00e1 ubicada en el ala este, que al mirar el edificio desde la derecha est\u00e1 en el lado izquierdo. GTS est\u00e1 ubicada en el 4to piso.<\/p>\n<h3>Indicaciones para llegar a Global Technology Systems desde el oeste:<\/h3>\n<p><strong>Mass Pike<\/strong><br \/>\nToma la Mass Pike East hasta la salida 13 \u00abNatick \/ Framingham\u00bb. Toma la salida de la ruta 30 &#8211; salida 13 &#8211; hacia \u00abNatick \/ Framingham\u00bb. Nuestra instalaci\u00f3n de Framingham es la construcci\u00f3n de seis pisos de acero y vidrio a tu derecha. Despu\u00e9s de las casetas, gira a la derecha en la ruta 30 oeste hacia \u00abFramingham\u00bb. Incorp\u00f3rate a Cochituate Road \/ SR-30. Toma la primera a la derecha en el sem\u00e1foro en Burr Street. Desde Burr Street, toma la primera a la derecha en la entrada de MEDITECH \u00abCorporate Center\u00bb. Gira a la izquierda antes de la fuente \/ patio y estaci\u00f3nate en el nivel inferior del estacionamiento. GTS est\u00e1 ubicado en el ala este, que al mirar el edificio desde la derecha est\u00e1 en el lado izquierdo. GTS est\u00e1 ubicada en el 4to piso.<\/p>\n<p><strong>Route 9<\/strong><br \/>\nToma la ruta 9 este hacia Boston. Gira a la derecha en Concord Street y gira a la derecha para mantenerte en Concord Street. Conduzca 0.4 millas y gire ligeramente a la derecha en Cochituate Road. Gira a la izquierda en Burr Street. Desde Burr Street, toma la primera a la derecha en el sem\u00e1foro en Burr Street. Desde Burr Street, toma la primera a la derecha en la entrada de MEDITECH \u00abCorporate Center\u00bb. Gira a la izquierda antes de la fuente \/ patio y estaci\u00f3nate en el nivel inferior del estacionamiento. GTS est\u00e1 ubicado en el ala este, que al mirar el edificio desde la derecha est\u00e1 en el lado izquierdo. GTS est\u00e1 ubicada en el 4to piso.<\/p>\n<p><strong>Route 30<\/strong><br \/>\nDir\u00edgete hacia el este por la ruta 30, gira a la izquierda en Burr Street. Desde Burr Street, toma la primera a la derecha en la entrada de MEDITECH \u00abCorporate Center\u00bb. Gira a la izquierda antes de la fuente \/ patio y estaci\u00f3nate en el nivel inferior del estacionamiento. GTS est\u00e1 ubicado en el ala este, que al mirar el edificio desde la derecha est\u00e1 en el lado izquierdo. GTS est\u00e1 ubicada en el 4to piso.<\/p>\n<\/div><div class=\"fusion-clearfix\"><\/div><\/div><\/div><div class=\"fusion-layout-column fusion_builder_column fusion-builder-column-3 fusion_builder_column_1_6 1_6 fusion-one-sixth fusion-column-last\" style=\"--awb-bg-size:cover;width:16.666666666667%;width:calc(16.666666666667% - ( ( 4% + 4% ) * 0.16666666666667 ) );\"><div class=\"fusion-column-wrapper fusion-flex-column-wrapper-legacy\"><div class=\"fusion-clearfix\"><\/div><\/div><\/div><\/div><\/div>\n","protected":false},"excerpt":{"rendered":"","protected":false},"author":1,"featured_media":0,"parent":5375,"menu_order":0,"comment_status":"closed","ping_status":"closed","template":"","meta":{"footnotes":""},"class_list":["post-4229","page","type-page","status-publish","hentry"],"_links":{"self":[{"href":"https:\/\/gtspower.com\/es\/wp-json\/wp\/v2\/pages\/4229","targetHints":{"allow":["GET"]}}],"collection":[{"href":"https:\/\/gtspower.com\/es\/wp-json\/wp\/v2\/pages"}],"about":[{"href":"https:\/\/gtspower.com\/es\/wp-json\/wp\/v2\/types\/page"}],"author":[{"embeddable":true,"href":"https:\/\/gtspower.com\/es\/wp-json\/wp\/v2\/users\/1"}],"replies":[{"embeddable":true,"href":"https:\/\/gtspower.com\/es\/wp-json\/wp\/v2\/comments?post=4229"}],"version-history":[{"count":3,"href":"https:\/\/gtspower.com\/es\/wp-json\/wp\/v2\/pages\/4229\/revisions"}],"predecessor-version":[{"id":4356,"href":"https:\/\/gtspower.com\/es\/wp-json\/wp\/v2\/pages\/4229\/revisions\/4356"}],"up":[{"embeddable":true,"href":"https:\/\/gtspower.com\/es\/wp-json\/wp\/v2\/pages\/5375"}],"wp:attachment":[{"href":"https:\/\/gtspower.com\/es\/wp-json\/wp\/v2\/media?parent=4229"}],"curies":[{"name":"wp","href":"https:\/\/api.w.org\/{rel}","templated":true}]}}