{"id":4223,"date":"2017-11-08T16:50:15","date_gmt":"2017-11-08T16:50:15","guid":{"rendered":"http:\/\/gtspower.online\/?page_id=4223"},"modified":"2025-08-19T19:53:07","modified_gmt":"2025-08-19T23:53:07","slug":"equipo-ejecutivo","status":"publish","type":"page","link":"https:\/\/gtspower.com\/es\/quienes-somos\/equipo-ejecutivo\/","title":{"rendered":"Equipo Ejecutivo"},"content":{"rendered":"<p><div class=\"fusion-fullwidth fullwidth-box fusion-builder-row-1 nonhundred-percent-fullwidth non-hundred-percent-height-scrolling\" style=\"--awb-border-radius-top-left:0px;--awb-border-radius-top-right:0px;--awb-border-radius-bottom-right:0px;--awb-border-radius-bottom-left:0px;--awb-padding-top:20px;--awb-padding-bottom:0px;--awb-flex-wrap:wrap;\" ><div class=\"fusion-builder-row fusion-row\"><div class=\"fusion-layout-column fusion_builder_column fusion-builder-column-0 fusion_builder_column_1_1 1_1 fusion-one-full fusion-column-first fusion-column-last\" style=\"--awb-bg-size:cover;\"><div class=\"fusion-column-wrapper fusion-flex-column-wrapper-legacy\"><div class=\"fusion-title title fusion-title-1 fusion-title-text fusion-title-size-one\" style=\"--awb-margin-top-small:10px;--awb-margin-right-small:0px;--awb-margin-bottom-small:10px;--awb-margin-left-small:0px;\"><h1 class=\"fusion-title-heading title-heading-left fusion-responsive-typography-calculated\" style=\"margin:0;--fontSize:34;line-height:1.4;\">Equipo Ejecutivo<\/h1><span class=\"awb-title-spacer\"><\/span><div class=\"title-sep-container\"><div class=\"title-sep sep-double sep-solid\" style=\"border-color:#e0dede;\"><\/div><\/div><\/div><div class=\"fusion-clearfix\"><\/div><\/div><\/div><\/div><\/div><div class=\"fusion-fullwidth fullwidth-box fusion-builder-row-2 nonhundred-percent-fullwidth non-hundred-percent-height-scrolling\" style=\"--awb-border-radius-top-left:0px;--awb-border-radius-top-right:0px;--awb-border-radius-bottom-right:0px;--awb-border-radius-bottom-left:0px;--awb-padding-top:20px;--awb-padding-right:10%;--awb-padding-bottom:20px;--awb-padding-left:10%;--awb-flex-wrap:wrap;\" ><div class=\"fusion-builder-row fusion-row\"><div class=\"fusion-layout-column fusion_builder_column fusion-builder-column-1 fusion_builder_column_1_3 1_3 fusion-one-third fusion-column-first\" style=\"--awb-bg-size:cover;width:33.333333333333%;width:calc(33.333333333333% - ( ( 4% ) * 0.33333333333333 ) );margin-right: 4%;\"><div class=\"fusion-column-wrapper fusion-flex-column-wrapper-legacy\"><div class=\"fusion-text fusion-text-1\"><p><img decoding=\"async\" class=\"alignright wp-image-3871\" src=\"https:\/\/www.gtspower.com\/wp-content\/uploads\/images\/headshots\/LarryMurrayGTS-500-300x300.png\" alt=\"\" width=\"250\" height=\"250\" \/><\/p>\n<\/div><div class=\"fusion-clearfix\"><\/div><\/div><\/div><div class=\"fusion-layout-column fusion_builder_column fusion-builder-column-2 fusion_builder_column_2_3 2_3 fusion-two-third fusion-column-last\" style=\"--awb-padding-top:12px;--awb-bg-size:cover;width:66.666666666667%;width:calc(66.666666666667% - ( ( 4% ) * 0.66666666666667 ) );\"><div class=\"fusion-column-wrapper fusion-flex-column-wrapper-legacy\"><div class=\"fusion-text fusion-text-2\"><p><div class=\"alignright\"><div class=\"fusion-social-links fusion-social-links-1\" style=\"--awb-margin-top:0px;--awb-margin-right:0px;--awb-margin-bottom:0px;--awb-margin-left:0px;--awb-alignment:right;--awb-box-border-top:0px;--awb-box-border-right:0px;--awb-box-border-bottom:0px;--awb-box-border-left:0px;--awb-icon-colors-hover:rgba(190,189,189,0.8);--awb-box-colors-hover:rgba(232,232,232,0.8);--awb-box-border-color:var(--awb-color3);--awb-box-border-color-hover:var(--awb-color4);\"><div class=\"fusion-social-networks color-type-custom\"><div class=\"fusion-social-networks-wrapper\"><a class=\"fusion-social-network-icon fusion-tooltip fusion-linkedin awb-icon-linkedin\" style=\"color:#bebdbd;font-size:16px;\" data-placement=\"top\" data-title=\"LinkedIn\" data-toggle=\"tooltip\" title=\"LinkedIn\" aria-label=\"linkedin\" target=\"_blank\" rel=\"noopener noreferrer\" href=\"https:\/\/www.linkedin.com\/in\/larry-murray-%E7%89%9F-%E7%91%9E-%E9%82%81-4b941b21\/\"><\/a><\/div><\/div><\/div><\/div><div class=\"fusion-text fusion-text-2\"><\/div><\/p>\n<p><span style=\"font-size: 22px;\">Larry Murray<\/span><br \/>\n<em>Presidente y Director Ejecutivo<\/em><\/p>\n<p><strong>Larry Murray<\/strong>\u00a0es el Presidente y Director Ejecutivo de Global Technology Systems. Larry conduce a la empresa hacia un continuo liderazgo tecnol\u00f3gico y expansi\u00f3n global. Tiene m\u00e1s de 30 a\u00f1os de experiencia como Director Ejecutivo en empresas tecnol\u00f3gicas. Tambi\u00e9n sirvi\u00f3 como oficial en el Ejercito de los Estados Unidos en el sudeste asi\u00e1tico. Larry fund\u00f3 GTS para responder a la necesidades de bater\u00edas m\u00e1s livianas, seguras y econ\u00f3micas para aplicaciones industriales y gubernamentales. A lo largo de su carrera, trabaj\u00f3 en un importante laboratorio de investigaci\u00f3n, obtuvo experiencia de campo en el \u00e1mbito militar y, mientras trabajaba en la industria aeron\u00e1utica y espacial, vio de primera mano c\u00f3mo los l\u00edmites energ\u00e9ticos de las bater\u00edas imped\u00edan los prometedores avances tecnol\u00f3gicos. En el contexto de la creciente dependencia de la movilidad para la mano de obra de hoy en d\u00eda, encontr\u00f3 una gran oportunidad de mercado en las bater\u00edas de \u00faltima tecnolog\u00eda. Murray cuenta con un t\u00edtulo en Ingenier\u00eda Industrial, un Doctorado en Derecho de la Universidad de Boston y licencia de piloto comercial. Tambi\u00e9n est\u00e1 certificado para ejercer como abogado en Massachusetts.<\/p>\n<\/div><div class=\"fusion-text fusion-text-4\"><\/div><div class=\"fusion-clearfix\"><\/div><\/div><\/div><\/div><div class=\"fusion-builder-row fusion-row\"><\/div><\/div><div class=\"fusion-fullwidth fullwidth-box fusion-builder-row-3 nonhundred-percent-fullwidth non-hundred-percent-height-scrolling\" style=\"--awb-border-radius-top-left:0px;--awb-border-radius-top-right:0px;--awb-border-radius-bottom-right:0px;--awb-border-radius-bottom-left:0px;--awb-flex-wrap:wrap;\" ><\/div><div class=\"fusion-fullwidth fullwidth-box fusion-builder-row-4 nonhundred-percent-fullwidth non-hundred-percent-height-scrolling\" style=\"--awb-border-radius-top-left:0px;--awb-border-radius-top-right:0px;--awb-border-radius-bottom-right:0px;--awb-border-radius-bottom-left:0px;--awb-padding-top:20px;--awb-padding-right:10%;--awb-padding-bottom:20px;--awb-padding-left:10%;--awb-background-color:#efefef;--awb-flex-wrap:wrap;\" ><div class=\"fusion-builder-row fusion-row\"><div class=\"fusion-layout-column fusion_builder_column fusion-builder-column-3 fusion_builder_column_1_3 1_3 fusion-one-third fusion-column-first\" style=\"--awb-bg-size:cover;width:33.333333333333%;width:calc(33.333333333333% - ( ( 4% ) * 0.33333333333333 ) );margin-right: 4%;\"><div class=\"fusion-column-wrapper fusion-flex-column-wrapper-legacy\"><div class=\"fusion-text fusion-text-5\"><p><img decoding=\"async\" class=\"alignright wp-image-2099\" src=\"https:\/\/www.gtspower.com\/wp-content\/uploads\/images\/headshots\/Lou-Marchany-300.jpg\" alt=\"Lou Marchany\" width=\"250\" height=\"250\" srcset=\"https:\/\/gtspower.com\/wp-content\/uploads\/images\/headshots\/Lou-Marchany-300-66x66.jpg 66w, https:\/\/gtspower.com\/wp-content\/uploads\/images\/headshots\/Lou-Marchany-300-150x150.jpg 150w, https:\/\/gtspower.com\/wp-content\/uploads\/images\/headshots\/Lou-Marchany-300-200x200.jpg 200w, https:\/\/gtspower.com\/wp-content\/uploads\/images\/headshots\/Lou-Marchany-300.jpg 300w\" sizes=\"(max-width: 250px) 100vw, 250px\" \/><\/p>\n<\/div><div class=\"fusion-clearfix\"><\/div><\/div><\/div><div class=\"fusion-layout-column fusion_builder_column fusion-builder-column-4 fusion_builder_column_2_3 2_3 fusion-two-third fusion-column-last\" style=\"--awb-padding-top:12px;--awb-bg-size:cover;width:66.666666666667%;width:calc(66.666666666667% - ( ( 4% ) * 0.66666666666667 ) );\"><div class=\"fusion-column-wrapper fusion-flex-column-wrapper-legacy\"><div class=\"fusion-text fusion-text-6\"><div class=\"alignright\"><div class=\"fusion-social-links fusion-social-links-2\" style=\"--awb-margin-top:0px;--awb-margin-right:0px;--awb-margin-bottom:0px;--awb-margin-left:0px;--awb-alignment:right;--awb-box-border-top:0px;--awb-box-border-right:0px;--awb-box-border-bottom:0px;--awb-box-border-left:0px;--awb-icon-colors-hover:rgba(190,189,189,0.8);--awb-box-colors-hover:rgba(232,232,232,0.8);--awb-box-border-color:var(--awb-color3);--awb-box-border-color-hover:var(--awb-color4);\"><div class=\"fusion-social-networks color-type-custom\"><div class=\"fusion-social-networks-wrapper\"><a class=\"fusion-social-network-icon fusion-tooltip fusion-linkedin awb-icon-linkedin\" style=\"color:#bebdbd;font-size:16px;\" data-placement=\"top\" data-title=\"LinkedIn\" data-toggle=\"tooltip\" title=\"LinkedIn\" aria-label=\"linkedin\" target=\"_blank\" rel=\"noopener noreferrer\" href=\"https:\/\/www.linkedin.com\/in\/lou-marchany-16040523\"><\/a><\/div><\/div><\/div><\/div>\n<p><span style=\"font-size: 22px;\">Lou Marchany<\/span><br \/>\n<em>Vicepresidente y Director Financiero\u00a0<\/em><\/p>\n<p>Lou Marchany aporta m\u00e1s de 20 a\u00f1os de experiencia en negocios estrat\u00e9gicos, liderazgo financiero y administraci\u00f3n general a Global Technology Systems. Lou ha sido alto ejecutivo en empresas de tecnolog\u00eda, especialmente en mercados verticales Business-to-Business (B2B), que comprenden software, servicios telecomunicaciones y dispositivos m\u00e9dicos y m\u00f3viles. La experiencia directa de Lou va desde empresas en fase inicial a empresas p\u00fablicas con gran capitalizaci\u00f3n burs\u00e1til. Lou tiene una\u00a0Maestr\u00eda en Administraci\u00f3n de Empresas y una Licenciatura en Administraci\u00f3n de la Universidad de Bentley.<\/p>\n<\/div><div class=\"fusion-clearfix\"><\/div><\/div><\/div><\/div><\/div><\/p>\n","protected":false},"excerpt":{"rendered":"","protected":false},"author":1,"featured_media":0,"parent":4217,"menu_order":0,"comment_status":"closed","ping_status":"closed","template":"100-width.php","meta":{"footnotes":""},"class_list":["post-4223","page","type-page","status-publish","hentry"],"_links":{"self":[{"href":"https:\/\/gtspower.com\/es\/wp-json\/wp\/v2\/pages\/4223","targetHints":{"allow":["GET"]}}],"collection":[{"href":"https:\/\/gtspower.com\/es\/wp-json\/wp\/v2\/pages"}],"about":[{"href":"https:\/\/gtspower.com\/es\/wp-json\/wp\/v2\/types\/page"}],"author":[{"embeddable":true,"href":"https:\/\/gtspower.com\/es\/wp-json\/wp\/v2\/users\/1"}],"replies":[{"embeddable":true,"href":"https:\/\/gtspower.com\/es\/wp-json\/wp\/v2\/comments?post=4223"}],"version-history":[{"count":14,"href":"https:\/\/gtspower.com\/es\/wp-json\/wp\/v2\/pages\/4223\/revisions"}],"predecessor-version":[{"id":150723,"href":"https:\/\/gtspower.com\/es\/wp-json\/wp\/v2\/pages\/4223\/revisions\/150723"}],"up":[{"embeddable":true,"href":"https:\/\/gtspower.com\/es\/wp-json\/wp\/v2\/pages\/4217"}],"wp:attachment":[{"href":"https:\/\/gtspower.com\/es\/wp-json\/wp\/v2\/media?parent=4223"}],"curies":[{"name":"wp","href":"https:\/\/api.w.org\/{rel}","templated":true}]}}